{"id":40257,"date":"2025-02-12T16:00:06","date_gmt":"2025-02-12T15:00:06","guid":{"rendered":"https:\/\/distribution.audio-technica.eu\/es-es\/?post_type=product&#038;p=40257"},"modified":"2025-02-11T15:08:23","modified_gmt":"2025-02-11T14:08:23","slug":"tx18s","status":"publish","type":"product","link":"https:\/\/distribution.audio-technica.eu\/es-es\/productos\/tx18s\/","title":{"rendered":"TX18S"},"content":{"rendered":"<h2>TX18S<\/h2>\n<h3>Subgrave autoamplificado de 18\u201d, 900W, con DSP<\/h3>\n<p>El TX18S ofrece mucho m\u00e1s que un potente sonido. Esta unidad puede manejar graves profundos y proyectarlos en cualquier recinto de grandes dimensiones, discoteca, templo o sala de conciertos con una claridad y matices impecables. Los DJ y m\u00fasicos que tienen que llevar su propio equipo de un lugar a otro se alegrar\u00e1n: el TX18S no solo est\u00e1 optimizado para la portabilidad, sino que tambi\u00e9n est\u00e1 dise\u00f1ado para integrarse perfectamente en casi cualquier configuraci\u00f3n de audio en cualquier cantidad de entornos y salas. Aquellos que buscan instalar el TX18S como un elemento permanente de su restaurante, bar, cafeter\u00eda, gimnasio o lugar de celebraci\u00f3n se sentir\u00e1n aliviados de lo f\u00e1cil que es usar esta unidad. Los controles son simples pero efectivos, lo que garantiza una respuesta de gama baja impresionante independientemente de sus conocimientos t\u00e9cnicos o experiencia en audio.<\/p>\n<p>Gracias a un altavoz de 18 pulgadas con una bobina de 3 pulgadas, el TX18S puede manejar las frecuencias graves profundas y matizadas que se pierden con demasiada frecuencia cuando se utilizan altavoces de gama completa est\u00e1ndar. El potente amplificador integrado de 900 W viene equipado con circuitos y protecci\u00f3n contra sobrecarga que garantizar\u00e1n que sus graves sean limpios y claros incluso a todo volumen.<\/p>\n<p>Una de las caracter\u00edsticas m\u00e1s potentes del TX18S son sus dos modos de ecualizaci\u00f3n para m\u00fasica y para directo, y los filtros de paso bajo seleccionables. Esto permite a los usuarios cambiar la respuesta de frecuencia de los subwoofers para integrarlos sin problemas con cualquier altavoz junto al que se utilice y donde se reproduzca la m\u00fasica. Estos par\u00e1metros simplificados y sencillos cambian el ecualizador para que se adapte a su entorno con solo pulsar un bot\u00f3n, en lugar de tener que lidiar con controles complicados.<\/p>\n<p>El TX18S est\u00e1 dise\u00f1ado para soportar un uso intensivo. La carcasa del subgrave est\u00e1 hecha de tablero de fibra que es duradero, no produce resonancias y realmente mejora las cualidades ac\u00fasticas inherentes de la unidad. Adem\u00e1s, este subgrave y todos los dem\u00e1s productos de la serie TX est\u00e1n dise\u00f1ados y ajustados en los Estados Unidos.<\/p>\n<ul>\n<li>Amplificador de potencia de 450W RMS \/ 900W pico, ultra eficiente, Clase D<\/li>\n<li>Altavoz de alta salida de 18\u201d con bobina de 3\u201d<\/li>\n<li>EQ y protecci\u00f3n basada en DSP<\/li>\n<li>Modos de ecualizaci\u00f3n para reproducci\u00f3n de m\u00fasica y material en directo<\/li>\n<li>Filtro pasa bajos seleccionable (80Hz \/ 100Hz \/ 120Hz)<\/li>\n<li>Inversi\u00f3n de polaridad<\/li>\n<li>2 entradas de l\u00ednea combo XLR + 1\/4\u201d<\/li>\n<li>2 salidas de l\u00ednea balanceada a trav\u00e9s de conector XLR<\/li>\n<li>Dise\u00f1o con puerto, rejilla totalmente met\u00e1lica para ofrecer la m\u00e1xima protecci\u00f3n<\/li>\n<li>Gabinete de MDF resistente, con puerto frontal reforzado internamente y z\u00f3calo para m\u00e1stil de 36 mm<\/li>\n<li>El acabado anti salpicaduras conserva una apariencia elegante incluso con un uso intensivo<\/li>\n<li>Asas laterales<\/li>\n<\/ul>\n<p>&nbsp;<\/p>\n<p><strong>Aplicaciones<\/strong><\/p>\n<ul>\n<li>Espacios de tama\u00f1o medio o grande<\/li>\n<li>Salas de ensayo<\/li>\n<li>Bares o discotecas<\/li>\n<li>Gimnasios<\/li>\n<\/ul>\n","protected":false},"excerpt":{"rendered":"<h3>Subgrave autoamplificado de 18\u201d, 900W, con DSP<\/h3>\n<ul>\n<li>Amplificador de potencia de 450W RMS \/ 900W pico clase D<\/li>\n<li>Potente altavoz de 18\u201d con bobina de 3\u201d<\/li>\n<li>EQ y protecci\u00f3n basada en DSP<\/li>\n<li>Filtro pasa bajos seleccionable (80Hz \/ 100Hz \/ 120Hz)<\/li>\n<li>Inversi\u00f3n de polaridad<\/li>\n<\/ul>\n<p>&nbsp;<\/p>\n","protected":false},"featured_media":40259,"template":"","meta":{"_acf_changed":false},"product_brand":[],"product_cat":[1336,1343,1344,1325,2499],"product_tag":[],"class_list":{"0":"post-40257","1":"product","2":"type-product","3":"status-publish","4":"has-post-thumbnail","6":"product_cat-recintos-acusticos","7":"product_cat-autoamplificados","8":"product_cat-subgraves","9":"product_cat-por-series-alto-professional","10":"product_cat-serie-tx-subs","12":"first","13":"instock","14":"shipping-taxable","15":"product-type-simple"},"acf":[],"yoast_head":"<!-- This site is optimized with the Yoast SEO plugin v27.1.1 - https:\/\/yoast.com\/product\/yoast-seo-wordpress\/ -->\n<title>TX18S - Audio-Technica Iberia<\/title>\n<meta name=\"robots\" content=\"index, follow, max-snippet:-1, max-image-preview:large, max-video-preview:-1\" \/>\n<link rel=\"canonical\" href=\"https:\/\/distribution.audio-technica.eu\/es-es\/productos\/tx18s\/\" \/>\n<meta property=\"og:locale\" content=\"es_ES\" \/>\n<meta property=\"og:type\" content=\"article\" \/>\n<meta property=\"og:title\" content=\"TX18S - Audio-Technica Iberia\" \/>\n<meta property=\"og:description\" content=\"Subgrave autoamplificado de 18\u201d, 900W, con DSP   Amplificador de potencia de 450W RMS \/ 900W pico clase D  Potente altavoz de 18\u201d con bobina de 3\u201d  EQ y protecci\u00f3n basada en DSP  Filtro pasa bajos seleccionable (80Hz \/ 100Hz \/ 120Hz)  Inversi\u00f3n de polaridad  &nbsp;\" \/>\n<meta property=\"og:url\" content=\"https:\/\/distribution.audio-technica.eu\/es-es\/productos\/tx18s\/\" \/>\n<meta property=\"og:site_name\" content=\"Audio-Technica Iberia\" \/>\n<meta property=\"og:image\" content=\"https:\/\/distribution.audio-technica.eu\/app\/uploads\/sites\/2\/Alto-TX18s-1024x1024.jpg\" \/>\n\t<meta property=\"og:image:width\" content=\"1024\" \/>\n\t<meta property=\"og:image:height\" content=\"1024\" \/>\n\t<meta property=\"og:image:type\" content=\"image\/jpeg\" \/>\n<meta name=\"twitter:card\" content=\"summary_large_image\" \/>\n<meta name=\"twitter:label1\" content=\"Tiempo de lectura\" \/>\n\t<meta name=\"twitter:data1\" content=\"3 minutos\" \/>\n<script type=\"application\/ld+json\" class=\"yoast-schema-graph\">{\"@context\":\"https:\/\/schema.org\",\"@graph\":[{\"@type\":\"WebPage\",\"@id\":\"https:\/\/distribution.audio-technica.eu\/es-es\/productos\/tx18s\/\",\"url\":\"https:\/\/distribution.audio-technica.eu\/es-es\/productos\/tx18s\/\",\"name\":\"TX18S - Audio-Technica Iberia\",\"isPartOf\":{\"@id\":\"https:\/\/distribution.audio-technica.eu\/es-es\/#website\"},\"primaryImageOfPage\":{\"@id\":\"https:\/\/distribution.audio-technica.eu\/es-es\/productos\/tx18s\/#primaryimage\"},\"image\":{\"@id\":\"https:\/\/distribution.audio-technica.eu\/es-es\/productos\/tx18s\/#primaryimage\"},\"thumbnailUrl\":\"\/app\/uploads\/sites\/2\/Alto-TX18s.jpg\",\"datePublished\":\"2025-02-12T15:00:06+00:00\",\"breadcrumb\":{\"@id\":\"https:\/\/distribution.audio-technica.eu\/es-es\/productos\/tx18s\/#breadcrumb\"},\"inLanguage\":\"es\",\"potentialAction\":[{\"@type\":\"ReadAction\",\"target\":[\"https:\/\/distribution.audio-technica.eu\/es-es\/productos\/tx18s\/\"]}]},{\"@type\":\"ImageObject\",\"inLanguage\":\"es\",\"@id\":\"https:\/\/distribution.audio-technica.eu\/es-es\/productos\/tx18s\/#primaryimage\",\"url\":\"\/app\/uploads\/sites\/2\/Alto-TX18s.jpg\",\"contentUrl\":\"\/app\/uploads\/sites\/2\/Alto-TX18s.jpg\",\"width\":2000,\"height\":2000},{\"@type\":\"BreadcrumbList\",\"@id\":\"https:\/\/distribution.audio-technica.eu\/es-es\/productos\/tx18s\/#breadcrumb\",\"itemListElement\":[{\"@type\":\"ListItem\",\"position\":1,\"name\":\"Products\",\"item\":\"https:\/\/distribution.audio-technica.eu\/es-es\/\"},{\"@type\":\"ListItem\",\"position\":2,\"name\":\"Productos\",\"item\":\"https:\/\/distribution.audio-technica.eu\/es-es\/productos\/\"},{\"@type\":\"ListItem\",\"position\":3,\"name\":\"TX18S\"}]},{\"@type\":\"WebSite\",\"@id\":\"https:\/\/distribution.audio-technica.eu\/es-es\/#website\",\"url\":\"https:\/\/distribution.audio-technica.eu\/es-es\/\",\"name\":\"Audio-Technica Iberia\",\"description\":\"Distribuci\u00f3n\",\"potentialAction\":[{\"@type\":\"SearchAction\",\"target\":{\"@type\":\"EntryPoint\",\"urlTemplate\":\"https:\/\/distribution.audio-technica.eu\/es-es\/?s={search_term_string}\"},\"query-input\":{\"@type\":\"PropertyValueSpecification\",\"valueRequired\":true,\"valueName\":\"search_term_string\"}}],\"inLanguage\":\"es\"}]}<\/script>\n<!-- \/ Yoast SEO plugin. -->","yoast_head_json":{"title":"TX18S - Audio-Technica Iberia","robots":{"index":"index","follow":"follow","max-snippet":"max-snippet:-1","max-image-preview":"max-image-preview:large","max-video-preview":"max-video-preview:-1"},"canonical":"https:\/\/distribution.audio-technica.eu\/es-es\/productos\/tx18s\/","og_locale":"es_ES","og_type":"article","og_title":"TX18S - Audio-Technica Iberia","og_description":"Subgrave autoamplificado de 18\u201d, 900W, con DSP   Amplificador de potencia de 450W RMS \/ 900W pico clase D  Potente altavoz de 18\u201d con bobina de 3\u201d  EQ y protecci\u00f3n basada en DSP  Filtro pasa bajos seleccionable (80Hz \/ 100Hz \/ 120Hz)  Inversi\u00f3n de polaridad  &nbsp;","og_url":"https:\/\/distribution.audio-technica.eu\/es-es\/productos\/tx18s\/","og_site_name":"Audio-Technica Iberia","og_image":[{"width":1024,"height":1024,"url":"https:\/\/distribution.audio-technica.eu\/app\/uploads\/sites\/2\/Alto-TX18s-1024x1024.jpg","type":"image\/jpeg"}],"twitter_card":"summary_large_image","twitter_misc":{"Tiempo de lectura":"3 minutos"},"schema":{"@context":"https:\/\/schema.org","@graph":[{"@type":"WebPage","@id":"https:\/\/distribution.audio-technica.eu\/es-es\/productos\/tx18s\/","url":"https:\/\/distribution.audio-technica.eu\/es-es\/productos\/tx18s\/","name":"TX18S - Audio-Technica Iberia","isPartOf":{"@id":"https:\/\/distribution.audio-technica.eu\/es-es\/#website"},"primaryImageOfPage":{"@id":"https:\/\/distribution.audio-technica.eu\/es-es\/productos\/tx18s\/#primaryimage"},"image":{"@id":"https:\/\/distribution.audio-technica.eu\/es-es\/productos\/tx18s\/#primaryimage"},"thumbnailUrl":"\/app\/uploads\/sites\/2\/Alto-TX18s.jpg","datePublished":"2025-02-12T15:00:06+00:00","breadcrumb":{"@id":"https:\/\/distribution.audio-technica.eu\/es-es\/productos\/tx18s\/#breadcrumb"},"inLanguage":"es","potentialAction":[{"@type":"ReadAction","target":["https:\/\/distribution.audio-technica.eu\/es-es\/productos\/tx18s\/"]}]},{"@type":"ImageObject","inLanguage":"es","@id":"https:\/\/distribution.audio-technica.eu\/es-es\/productos\/tx18s\/#primaryimage","url":"\/app\/uploads\/sites\/2\/Alto-TX18s.jpg","contentUrl":"\/app\/uploads\/sites\/2\/Alto-TX18s.jpg","width":2000,"height":2000},{"@type":"BreadcrumbList","@id":"https:\/\/distribution.audio-technica.eu\/es-es\/productos\/tx18s\/#breadcrumb","itemListElement":[{"@type":"ListItem","position":1,"name":"Products","item":"https:\/\/distribution.audio-technica.eu\/es-es\/"},{"@type":"ListItem","position":2,"name":"Productos","item":"https:\/\/distribution.audio-technica.eu\/es-es\/productos\/"},{"@type":"ListItem","position":3,"name":"TX18S"}]},{"@type":"WebSite","@id":"https:\/\/distribution.audio-technica.eu\/es-es\/#website","url":"https:\/\/distribution.audio-technica.eu\/es-es\/","name":"Audio-Technica Iberia","description":"Distribuci\u00f3n","potentialAction":[{"@type":"SearchAction","target":{"@type":"EntryPoint","urlTemplate":"https:\/\/distribution.audio-technica.eu\/es-es\/?s={search_term_string}"},"query-input":{"@type":"PropertyValueSpecification","valueRequired":true,"valueName":"search_term_string"}}],"inLanguage":"es"}]}},"_links":{"self":[{"href":"https:\/\/distribution.audio-technica.eu\/es-es\/wp-json\/wp\/v2\/product\/40257","targetHints":{"allow":["GET"]}}],"collection":[{"href":"https:\/\/distribution.audio-technica.eu\/es-es\/wp-json\/wp\/v2\/product"}],"about":[{"href":"https:\/\/distribution.audio-technica.eu\/es-es\/wp-json\/wp\/v2\/types\/product"}],"wp:featuredmedia":[{"embeddable":true,"href":"https:\/\/distribution.audio-technica.eu\/es-es\/wp-json\/wp\/v2\/media\/40259"}],"wp:attachment":[{"href":"https:\/\/distribution.audio-technica.eu\/es-es\/wp-json\/wp\/v2\/media?parent=40257"}],"wp:term":[{"taxonomy":"product_brand","embeddable":true,"href":"https:\/\/distribution.audio-technica.eu\/es-es\/wp-json\/wp\/v2\/product_brand?post=40257"},{"taxonomy":"product_cat","embeddable":true,"href":"https:\/\/distribution.audio-technica.eu\/es-es\/wp-json\/wp\/v2\/product_cat?post=40257"},{"taxonomy":"product_tag","embeddable":true,"href":"https:\/\/distribution.audio-technica.eu\/es-es\/wp-json\/wp\/v2\/product_tag?post=40257"}],"curies":[{"name":"wp","href":"https:\/\/api.w.org\/{rel}","templated":true}]}}