{"id":40302,"date":"2025-02-19T14:15:06","date_gmt":"2025-02-19T13:15:06","guid":{"rendered":"https:\/\/distribution.audio-technica.eu\/es-es\/?post_type=product&#038;p=40302"},"modified":"2025-02-19T14:24:57","modified_gmt":"2025-02-19T13:24:57","slug":"sheran-loopers-busker-special-edition","status":"publish","type":"product","link":"https:\/\/distribution.audio-technica.eu\/es-es\/productos\/sheran-loopers-busker-special-edition\/","title":{"rendered":"Sheeran Loopers &#8211; Busker SE"},"content":{"rendered":"<h2>Sheeran Loopers &#8211; Busker SE<\/h2>\n<h3>PA port\u00e1til compacta con bater\u00eda y Bluetooth de edici\u00f3n especial<\/h3>\n<p>El Sheeran Loopers Busker Special Edition ofrece un sonido impecable y una c\u00f3moda portabilidad para artistas de todos los g\u00e9neros, niveles y trayectorias profesionales.<\/p>\n<p>Dise\u00f1ado para m\u00fasicos que buscan cautivar al p\u00fablico en espacios p\u00fablicos, este altavoz todo en uno no s\u00f3lo transmitir\u00e1 su actuaci\u00f3n con precisi\u00f3n y potencia, sino que tambi\u00e9n prescindir\u00e1 de un voluminoso arsenal de equipos, ofreci\u00e9ndo la m\u00e1xima movilidad y flexibilidad a la hora de actuar.<\/p>\n<p>Aunque la carrera de Ed Sheeran le ha llevado de trabajar en las estaciones de tren brit\u00e1nicas a agotar las entradas de estadios de todo el mundo, hay un hilo conductor universal con el que cualquier artista apasionado puede identificarse: compartir su m\u00fasica con el mundo, en cualquier lugar y en cualquier momento. A veces, para que esa chispa arda con la m\u00e1xima intensidad, se necesitan las herramientas adecuadas. Gracias a sus numerosas capacidades sonoras y a su dise\u00f1o ligero, el Sheeran Loopers Busker Special Edition ofrece a los m\u00fasicos callejeros el regalo de estresarse menos y tocar m\u00e1s.<\/p>\n<p><strong>Potente y port\u00e1til<\/strong><\/p>\n<p>Gracias a sus 200 W de potencia sonora bruta, el Sheeran Loopers Busker Special Edition proporciona el m\u00e1s alto grado de reproducci\u00f3n de audio en altavoces port\u00e1tiles. El procesamiento DSP y el mezclador de 3 canales integrado permiten a los usuarios ajustar su sonido en directo con precisi\u00f3n profesional. Adem\u00e1s, el Busker tiene modos individuales que acomodar\u00e1n la salida de sonido dependiendo de c\u00f3mo se oriente el dispositivo para su actuaci\u00f3n &#8211; estilo monitor en posiciones vertical y horizontal o convenientemente montado en un m\u00e1stil sobre un tr\u00edpode o subwoofer.<\/p>\n<p><strong>Prestaciones en la calle con calidad de estudio<\/strong><\/p>\n<p>Atr\u00e1s quedaron los d\u00edas de tener que sacrificar la calidad de sonido en un entorno en directo, el Busker cuenta con un mezclador integrado de tres canales con Alesis FX integrado que ofrece una reverberaci\u00f3n con calidad de estudio, delay, modulaci\u00f3n y mucho m\u00e1s.<\/p>\n<p><strong>Estilo y dise\u00f1o<\/strong><\/p>\n<p>Cuando se trata de la apariencia, el Sheeran Loopers Busker Special Edition es un destacado en su categor\u00eda. Gracias a una llamativa rejilla gris titanio y la ic\u00f3nica insignia Sheeran Infinity, esta PA es tan elegante como capaz.<\/p>\n<p><strong>Conectividad Bluetooth<\/strong><\/p>\n<p>Bluetooth 5.0 ofrece un sinf\u00edn de posibilidades: reproduce pistas de acompa\u00f1amiento desde el servicio de streaming preferido, conecta un segundo Busker para monitorizaci\u00f3n est\u00e9reo e incluso controla la mezcla y el ecualizador desde un dispositivo m\u00f3vil.<\/p>\n<p><strong>La app Alto Pro<\/strong><\/p>\n<p>No hay necesidad de agacharse y ajustar la configuraci\u00f3n durante la actuaci\u00f3n, la aplicaci\u00f3n Alto Pro para iOS y Android permite controlar los par\u00e1metros del Busker directamente desde un dispositivo m\u00f3vil.<\/p>\n<p><strong>Worksation completa port\u00e1til y aut\u00f3noma<\/strong><\/p>\n<p>Combina el Busker con el Sheeran Looper+ y domina el escenario como Ed Sheeran. Con este equipo altamente intuitivo, f\u00e1cil de usar y totalmente alimentado por bater\u00eda, nunca ha sido tan f\u00e1cil hacer una actuaci\u00f3n en cualquier lugar y en cualquier momento.<\/p>\n<p>&nbsp;<\/p>\n<ul>\n<li>200W de potente sonido port\u00e1til, con un altavoz de graves de 6,5\u201d y una unidad de agudos de 1\u201d<\/li>\n<li>Mezclador de 3 canales integrado, que incluye FX Alesis<\/li>\n<li>2 entradas combo XLR\/TRS (para micros, instrumentos y fuentes con nivel de l\u00ednea)<\/li>\n<li>Entrada AUX de 1\/8&#8243; para dispositivos sin Bluetooth<\/li>\n<li>Streaming Bluetooth de m\u00fasica directamente desde un dispositivo<\/li>\n<li>Es posible enlazar de forma inal\u00e1mbrica, v\u00eda Bluetooth, dos unidades Busker para reproducci\u00f3n est\u00e9reo<\/li>\n<li>App Alto gratuita (iOS\/Android) para configuraci\u00f3n y control remoto<\/li>\n<li>Salida de l\u00ednea XLR<\/li>\n<li>Flexible colocaci\u00f3n horizontal o vertical para monitorizaci\u00f3n<\/li>\n<li>Puede usarse de forma aut\u00f3noma o en un m\u00e1stil con un altavoz DSP, para un sonido procesado<\/li>\n<li>Modo Battery Eco para aumentar el tiempo de funcionamiento hasta 24 horas<\/li>\n<li>Dise\u00f1o compacto y ligero que facilita su transporte<\/li>\n<\/ul>\n<p>&nbsp;<\/p>\n","protected":false},"excerpt":{"rendered":"<h3>PA port\u00e1til compacta con bater\u00eda y Bluetooth de edici\u00f3n especial<\/h3>\n<ul>\n<li>200W de potente sonido port\u00e1til, con un woofer de 6,5&#8243; y un tweeter de 1&#8243;<\/li>\n<li>Modo Battery Eco para aumentar el tiempo de funcionamiento hasta 24 horas<\/li>\n<li>Dise\u00f1o compacto y ligero que facilita su transporte<\/li>\n<li>App Alto gratuita (iOS\/Android) para configuraci\u00f3n y control remoto<\/li>\n<li>Streaming Bluetooth de m\u00fasica directamente desde un dispositivo<\/li>\n<li>Mezclador de 3 canales integrado, que incluye FX Alesis<\/li>\n<\/ul>\n<p>&nbsp;<\/p>\n","protected":false},"featured_media":40303,"template":"","meta":{"_acf_changed":false},"product_brand":[],"product_cat":[1336,1337],"product_tag":[],"class_list":{"0":"post-40302","1":"product","2":"type-product","3":"status-publish","4":"has-post-thumbnail","6":"product_cat-recintos-acusticos","7":"product_cat-combos-auto-amplificados","9":"first","10":"instock","11":"featured","12":"shipping-taxable","13":"product-type-simple"},"acf":[],"yoast_head":"<!-- This site is optimized with the Yoast SEO plugin v27.1.1 - https:\/\/yoast.com\/product\/yoast-seo-wordpress\/ -->\n<title>Sheeran Loopers - Busker SE - Audio-Technica Iberia<\/title>\n<meta name=\"robots\" content=\"index, follow, max-snippet:-1, max-image-preview:large, max-video-preview:-1\" \/>\n<link rel=\"canonical\" href=\"https:\/\/distribution.audio-technica.eu\/es-es\/productos\/sheran-loopers-busker-special-edition\/\" \/>\n<meta property=\"og:locale\" content=\"es_ES\" \/>\n<meta property=\"og:type\" content=\"article\" \/>\n<meta property=\"og:title\" content=\"Sheeran Loopers - Busker SE - Audio-Technica Iberia\" \/>\n<meta property=\"og:description\" content=\"PA port\u00e1til compacta con bater\u00eda y Bluetooth de edici\u00f3n especial   200W de potente sonido port\u00e1til, con un woofer de 6,5&quot; y un tweeter de 1&quot;  Modo Battery Eco para aumentar el tiempo de funcionamiento hasta 24 horas  Dise\u00f1o compacto y ligero que facilita su transporte  App Alto gratuita (iOS\/Android) para configuraci\u00f3n y control remoto  Streaming Bluetooth de m\u00fasica directamente desde un dispositivo  Mezclador de 3 canales integrado, que incluye FX Alesis  &nbsp;\" \/>\n<meta property=\"og:url\" content=\"https:\/\/distribution.audio-technica.eu\/es-es\/productos\/sheran-loopers-busker-special-edition\/\" \/>\n<meta property=\"og:site_name\" content=\"Audio-Technica Iberia\" \/>\n<meta property=\"article:modified_time\" content=\"2025-02-19T13:24:57+00:00\" \/>\n<meta property=\"og:image\" content=\"https:\/\/distribution.audio-technica.eu\/app\/uploads\/sites\/2\/Alto-Sheeran-Busker.jpg\" \/>\n\t<meta property=\"og:image:width\" content=\"1054\" \/>\n\t<meta property=\"og:image:height\" content=\"1054\" \/>\n\t<meta property=\"og:image:type\" content=\"image\/jpeg\" \/>\n<meta name=\"twitter:card\" content=\"summary_large_image\" \/>\n<meta name=\"twitter:label1\" content=\"Tiempo de lectura\" \/>\n\t<meta name=\"twitter:data1\" content=\"4 minutos\" \/>\n<script type=\"application\/ld+json\" class=\"yoast-schema-graph\">{\"@context\":\"https:\/\/schema.org\",\"@graph\":[{\"@type\":\"WebPage\",\"@id\":\"https:\/\/distribution.audio-technica.eu\/es-es\/productos\/sheran-loopers-busker-special-edition\/\",\"url\":\"https:\/\/distribution.audio-technica.eu\/es-es\/productos\/sheran-loopers-busker-special-edition\/\",\"name\":\"Sheeran Loopers - Busker SE - Audio-Technica Iberia\",\"isPartOf\":{\"@id\":\"https:\/\/distribution.audio-technica.eu\/es-es\/#website\"},\"primaryImageOfPage\":{\"@id\":\"https:\/\/distribution.audio-technica.eu\/es-es\/productos\/sheran-loopers-busker-special-edition\/#primaryimage\"},\"image\":{\"@id\":\"https:\/\/distribution.audio-technica.eu\/es-es\/productos\/sheran-loopers-busker-special-edition\/#primaryimage\"},\"thumbnailUrl\":\"\/app\/uploads\/sites\/2\/Alto-Sheeran-Busker.jpg\",\"datePublished\":\"2025-02-19T13:15:06+00:00\",\"dateModified\":\"2025-02-19T13:24:57+00:00\",\"breadcrumb\":{\"@id\":\"https:\/\/distribution.audio-technica.eu\/es-es\/productos\/sheran-loopers-busker-special-edition\/#breadcrumb\"},\"inLanguage\":\"es\",\"potentialAction\":[{\"@type\":\"ReadAction\",\"target\":[\"https:\/\/distribution.audio-technica.eu\/es-es\/productos\/sheran-loopers-busker-special-edition\/\"]}]},{\"@type\":\"ImageObject\",\"inLanguage\":\"es\",\"@id\":\"https:\/\/distribution.audio-technica.eu\/es-es\/productos\/sheran-loopers-busker-special-edition\/#primaryimage\",\"url\":\"\/app\/uploads\/sites\/2\/Alto-Sheeran-Busker.jpg\",\"contentUrl\":\"\/app\/uploads\/sites\/2\/Alto-Sheeran-Busker.jpg\",\"width\":1054,\"height\":1054},{\"@type\":\"BreadcrumbList\",\"@id\":\"https:\/\/distribution.audio-technica.eu\/es-es\/productos\/sheran-loopers-busker-special-edition\/#breadcrumb\",\"itemListElement\":[{\"@type\":\"ListItem\",\"position\":1,\"name\":\"Products\",\"item\":\"https:\/\/distribution.audio-technica.eu\/es-es\/\"},{\"@type\":\"ListItem\",\"position\":2,\"name\":\"Productos\",\"item\":\"https:\/\/distribution.audio-technica.eu\/es-es\/productos\/\"},{\"@type\":\"ListItem\",\"position\":3,\"name\":\"Sheeran Loopers &#8211; Busker SE\"}]},{\"@type\":\"WebSite\",\"@id\":\"https:\/\/distribution.audio-technica.eu\/es-es\/#website\",\"url\":\"https:\/\/distribution.audio-technica.eu\/es-es\/\",\"name\":\"Audio-Technica Iberia\",\"description\":\"Distribuci\u00f3n\",\"potentialAction\":[{\"@type\":\"SearchAction\",\"target\":{\"@type\":\"EntryPoint\",\"urlTemplate\":\"https:\/\/distribution.audio-technica.eu\/es-es\/?s={search_term_string}\"},\"query-input\":{\"@type\":\"PropertyValueSpecification\",\"valueRequired\":true,\"valueName\":\"search_term_string\"}}],\"inLanguage\":\"es\"}]}<\/script>\n<!-- \/ Yoast SEO plugin. -->","yoast_head_json":{"title":"Sheeran Loopers - Busker SE - Audio-Technica Iberia","robots":{"index":"index","follow":"follow","max-snippet":"max-snippet:-1","max-image-preview":"max-image-preview:large","max-video-preview":"max-video-preview:-1"},"canonical":"https:\/\/distribution.audio-technica.eu\/es-es\/productos\/sheran-loopers-busker-special-edition\/","og_locale":"es_ES","og_type":"article","og_title":"Sheeran Loopers - Busker SE - Audio-Technica Iberia","og_description":"PA port\u00e1til compacta con bater\u00eda y Bluetooth de edici\u00f3n especial   200W de potente sonido port\u00e1til, con un woofer de 6,5\" y un tweeter de 1\"  Modo Battery Eco para aumentar el tiempo de funcionamiento hasta 24 horas  Dise\u00f1o compacto y ligero que facilita su transporte  App Alto gratuita (iOS\/Android) para configuraci\u00f3n y control remoto  Streaming Bluetooth de m\u00fasica directamente desde un dispositivo  Mezclador de 3 canales integrado, que incluye FX Alesis  &nbsp;","og_url":"https:\/\/distribution.audio-technica.eu\/es-es\/productos\/sheran-loopers-busker-special-edition\/","og_site_name":"Audio-Technica Iberia","article_modified_time":"2025-02-19T13:24:57+00:00","og_image":[{"width":1054,"height":1054,"url":"https:\/\/distribution.audio-technica.eu\/app\/uploads\/sites\/2\/Alto-Sheeran-Busker.jpg","type":"image\/jpeg"}],"twitter_card":"summary_large_image","twitter_misc":{"Tiempo de lectura":"4 minutos"},"schema":{"@context":"https:\/\/schema.org","@graph":[{"@type":"WebPage","@id":"https:\/\/distribution.audio-technica.eu\/es-es\/productos\/sheran-loopers-busker-special-edition\/","url":"https:\/\/distribution.audio-technica.eu\/es-es\/productos\/sheran-loopers-busker-special-edition\/","name":"Sheeran Loopers - Busker SE - Audio-Technica Iberia","isPartOf":{"@id":"https:\/\/distribution.audio-technica.eu\/es-es\/#website"},"primaryImageOfPage":{"@id":"https:\/\/distribution.audio-technica.eu\/es-es\/productos\/sheran-loopers-busker-special-edition\/#primaryimage"},"image":{"@id":"https:\/\/distribution.audio-technica.eu\/es-es\/productos\/sheran-loopers-busker-special-edition\/#primaryimage"},"thumbnailUrl":"\/app\/uploads\/sites\/2\/Alto-Sheeran-Busker.jpg","datePublished":"2025-02-19T13:15:06+00:00","dateModified":"2025-02-19T13:24:57+00:00","breadcrumb":{"@id":"https:\/\/distribution.audio-technica.eu\/es-es\/productos\/sheran-loopers-busker-special-edition\/#breadcrumb"},"inLanguage":"es","potentialAction":[{"@type":"ReadAction","target":["https:\/\/distribution.audio-technica.eu\/es-es\/productos\/sheran-loopers-busker-special-edition\/"]}]},{"@type":"ImageObject","inLanguage":"es","@id":"https:\/\/distribution.audio-technica.eu\/es-es\/productos\/sheran-loopers-busker-special-edition\/#primaryimage","url":"\/app\/uploads\/sites\/2\/Alto-Sheeran-Busker.jpg","contentUrl":"\/app\/uploads\/sites\/2\/Alto-Sheeran-Busker.jpg","width":1054,"height":1054},{"@type":"BreadcrumbList","@id":"https:\/\/distribution.audio-technica.eu\/es-es\/productos\/sheran-loopers-busker-special-edition\/#breadcrumb","itemListElement":[{"@type":"ListItem","position":1,"name":"Products","item":"https:\/\/distribution.audio-technica.eu\/es-es\/"},{"@type":"ListItem","position":2,"name":"Productos","item":"https:\/\/distribution.audio-technica.eu\/es-es\/productos\/"},{"@type":"ListItem","position":3,"name":"Sheeran Loopers &#8211; Busker SE"}]},{"@type":"WebSite","@id":"https:\/\/distribution.audio-technica.eu\/es-es\/#website","url":"https:\/\/distribution.audio-technica.eu\/es-es\/","name":"Audio-Technica Iberia","description":"Distribuci\u00f3n","potentialAction":[{"@type":"SearchAction","target":{"@type":"EntryPoint","urlTemplate":"https:\/\/distribution.audio-technica.eu\/es-es\/?s={search_term_string}"},"query-input":{"@type":"PropertyValueSpecification","valueRequired":true,"valueName":"search_term_string"}}],"inLanguage":"es"}]}},"_links":{"self":[{"href":"https:\/\/distribution.audio-technica.eu\/es-es\/wp-json\/wp\/v2\/product\/40302","targetHints":{"allow":["GET"]}}],"collection":[{"href":"https:\/\/distribution.audio-technica.eu\/es-es\/wp-json\/wp\/v2\/product"}],"about":[{"href":"https:\/\/distribution.audio-technica.eu\/es-es\/wp-json\/wp\/v2\/types\/product"}],"wp:featuredmedia":[{"embeddable":true,"href":"https:\/\/distribution.audio-technica.eu\/es-es\/wp-json\/wp\/v2\/media\/40303"}],"wp:attachment":[{"href":"https:\/\/distribution.audio-technica.eu\/es-es\/wp-json\/wp\/v2\/media?parent=40302"}],"wp:term":[{"taxonomy":"product_brand","embeddable":true,"href":"https:\/\/distribution.audio-technica.eu\/es-es\/wp-json\/wp\/v2\/product_brand?post=40302"},{"taxonomy":"product_cat","embeddable":true,"href":"https:\/\/distribution.audio-technica.eu\/es-es\/wp-json\/wp\/v2\/product_cat?post=40302"},{"taxonomy":"product_tag","embeddable":true,"href":"https:\/\/distribution.audio-technica.eu\/es-es\/wp-json\/wp\/v2\/product_tag?post=40302"}],"curies":[{"name":"wp","href":"https:\/\/api.w.org\/{rel}","templated":true}]}}