{"id":40343,"date":"2025-02-27T10:43:51","date_gmt":"2025-02-27T09:43:51","guid":{"rendered":"https:\/\/distribution.audio-technica.eu\/es-es\/?post_type=product&#038;p=40343"},"modified":"2026-02-19T14:47:19","modified_gmt":"2026-02-19T13:47:19","slug":"id48","status":"publish","type":"product","link":"https:\/\/distribution.audio-technica.eu\/es-es\/productos\/id48\/","title":{"rendered":"iD48"},"content":{"rendered":"<h2>iD48<\/h2>\n<h3><strong>Interface de audio 24 entradas | 32 salidas<\/strong><\/h3>\n<p>M\u00e1s grande, mejor y m\u00e1s potente que nunca, iD48 es el interface USB insignia de la gama iD, dise\u00f1ada para productores e ingenieros. Equipada con ocho previos de micr\u00f3fono de consola Audient, tecnolog\u00eda de conversi\u00f3n ESS de 32 bits de \u00faltima generaci\u00f3n y el nuevo sistema de inserci\u00f3n anal\u00f3gica conmutable, el <strong>i<\/strong>D48 combina de forma impecable un rendimiento sonoro excepcional con una gran facilidad de uso. A esto se suman funciones profesionales imprescindibles como la expansi\u00f3n v\u00eda ADAT y el control de monitores personalizable, lo que convierte al iD48 en la herramienta perfecta para transformar tu estudio.<\/p>\n<p>&nbsp;<\/p>\n<h5>8 preamplificadores microf\u00f3nicos de consola Audient<\/h5>\n<p>Suena mejor que nunca con el previo de micr\u00f3fono de consola Audient. Con 68\u202fdB de ganancia, un nivel de ruido ultrabajo y baja distorsi\u00f3n, adem\u00e1s de un toque del caracter\u00edstico calor anal\u00f3gico cl\u00e1sico, los ocho previos de micr\u00f3fono de consola Audient incorporados al iD48 garantizan una captura limpia, precisa y fiel a la fuente de audio.<\/p>\n<p><strong>\u00bfC\u00f3mo suena?<\/strong><br \/>\nEl previo de micr\u00f3fono de Audient es un dise\u00f1o realizado con amplificadores operacionales de alta calidad totalmente discretos, que ofrece una reproducci\u00f3n limpia, precisa y detallada de la fuente sonora.<\/p>\n<p><strong>Eso s\u00ed que es silencioso<br \/>\n<\/strong>Con un nivel de ruido 30.000 veces inferior al nivel de la se\u00f1al, tus grabaciones se capturar\u00e1n con una claridad asombrosa.<\/p>\n<p><strong>Preamplificadores de micr\u00f3fono anal\u00f3gicos reales<br \/>\n<\/strong>Es exactamente el mismo dise\u00f1o de circuito de previo de micr\u00f3fono totalmente anal\u00f3gico y discreto que se encuentra en nuestra reconocida consola de grabaci\u00f3n ASP8024-HE. <strong>Sin emulaciones, sin imitaciones, solo aut\u00e9nticos previos de consola anal\u00f3gica en tu estudio.<\/strong><\/p>\n<p><strong>\u00a0<\/strong><strong>\u00a0<\/strong><\/p>\n<h5>Avanzada tecnolog\u00eda de conversi\u00f3n de 32-bit<\/h5>\n<p>Utilizando tecnolog\u00eda de conversi\u00f3n DAC ESS de 32 bits para minimizar la p\u00e9rdida de calidad y maximizar el rendimiento durante la conversi\u00f3n, el iD48 le garantiza un sonido m\u00e1s limpio, claro y preciso que nunca. Y con una gama din\u00e1mica de 126,5\u202fdB, podr\u00e1s escuchar mejor los detalles m\u00e1s sutiles e identificar problemas con mayor rapidez, lo que facilita obtener resultados listos para publicaci\u00f3n.<\/p>\n<ul>\n<li>Gama din\u00e1mica de 126,5 dB (DAC)<\/li>\n<li>Gama din\u00e1mica de 120 dB (ADC)<\/li>\n<\/ul>\n<p>&nbsp;<\/p>\n<h5>Expansi\u00f3n con entradas y salidas digitales<\/h5>\n<p>Haz m\u00e1s f\u00e1ciles las sesiones m\u00e1s exigentes y prepara tu estudio para el futuro con las conexiones de entrada y salida \u00f3ptica incluidas en iD48. Compatible con ADAT y SPDIF, el iD48 te permite ampliar tus entradas y salidas a\u00f1adiendo hasta 16 canales de previos de micr\u00f3fono externos a tu configuraci\u00f3n.<\/p>\n<p>&nbsp;<\/p>\n<h5>8 inserciones balanceadas para integraci\u00f3n de equipos externos<\/h5>\n<p>Mediante conexiones D-Sub, el iD48 ofrece ocho inserciones totalmente balanceadas, permiti\u00e9ndote integrar tus efectos externos favoritos antes de la conversi\u00f3n, lo que te proporciona la ruta de se\u00f1al m\u00e1s limpia posible. Perfecto para mezclas por stems y regrabaciones finales (print-backs).<\/p>\n<p><strong>Direccionamiento de inserciones conmutable<br \/>\n<\/strong>Y por primera vez, el direccionamiento de inserciones conmutable del iD48 te permite seleccionar qu\u00e9 fuente alimenta la ruta hacia el conversor A\/D. Esto te da la opci\u00f3n de enviar, canal por canal, el previo de micr\u00f3fono Audient o una salida del DAW a tu equipo externo, sin necesidad de conectar o desconectar cables.<\/p>\n<ul>\n<li>Graba con efectos hardware<\/li>\n<li>Mezcla con efectos hardware<\/li>\n<li>Graba con un preamplificador externo<\/li>\n<\/ul>\n<p>Adem\u00e1s, para los usuarios que deseen grabar con previos de micr\u00f3fono anal\u00f3gicos externos, las entradas Return del iD48 permiten omitir el previo de micr\u00f3fono Audient, ofreciendo una ruta de conversi\u00f3n s\u00faper limpia y directa para la grabaci\u00f3n.<\/p>\n<p>&nbsp;<\/p>\n<h5>Control avanzado de la monitorizaci\u00f3n<\/h5>\n<p>iD48 no solo destaca como un potente interface de audio USB-C, sino que tambi\u00e9n ofrece todo lo que necesitas para disponer de un control de monitorizaci\u00f3n con calidad de estudio.<\/p>\n<p><strong>Salidas para auriculares<br \/>\n<\/strong>Mezcla con total confianza usando cualquiera de los dos amplificadores de auriculares est\u00e9reo independientes y de calidad profesional incluidos en el iD48, que ofrecen una gama din\u00e1mica de 124\u202fdB y la potencia suficiente para manejar auriculares de hasta 600 ohmios.<\/p>\n<p><strong>Salidas para altavoces<br \/>\n<\/strong>Conecta, escucha y referencia tus mezclas a trav\u00e9s de las salidas de altavoces Main y Alt.<\/p>\n<p>Tambi\u00e9n puedes utilizar las salidas de l\u00ednea adicionales para enviar audio a un amplificador de auriculares externo y distribuirlo a los artistas.<\/p>\n<p><strong>Control Talkback<br \/>\n<\/strong>Aprovecha la innovadora tecnolog\u00eda de talkback del iD48, que te permite utilizar un micr\u00f3fono USB o el micr\u00f3fono integrado de tu ordenador como micr\u00f3fono espec\u00edfico para talkback, liberando as\u00ed valiosos previos de micr\u00f3fono para la grabaci\u00f3n.<\/p>\n<p><strong>Control de monitores definido por el usuario<br \/>\n<\/strong>Los botones de funci\u00f3n configurables te permiten asignar cualquiera de las potentes funciones de monitorizaci\u00f3n del iD48, como selecci\u00f3n de altavoces, Dim o suma en mono, a los dos botones f\u00edsicos espec\u00edficos de funci\u00f3n.<\/p>\n<p>&nbsp;<\/p>\n<h5>Software mezclador de latencia ultra baja<\/h5>\n<p>Optimizado para ofrecer la m\u00e1xima velocidad, el iD Mixer es el mejor aliado de tu productividad. Configura r\u00e1pidamente monitorizaci\u00f3n directa con latencia ultrabaja, crea hasta cuatro mezclas est\u00e9reo de monitorizaci\u00f3n, guarda presets de configuraci\u00f3n y ajusta el direccionamiento avanzado, todo desde una aplicaci\u00f3n f\u00e1cil de usar.<\/p>\n<p>&nbsp;<\/p>\n<h5>2 entradas JFET para instrumento<\/h5>\n<p>Dise\u00f1adas para replicar la etapa de entrada de un amplificador a v\u00e1lvulas cl\u00e1sico, las dos entradas JFET para instrumento, extremadamente ricas en arm\u00f3nicos, del iD48 te ofrecen la base sonora perfecta para tus guitarras o bajos, antes de pasar por tus simuladores de amplificador.<\/p>\n<p>&nbsp;<\/p>\n<h5>Dise\u00f1ado para durar<\/h5>\n<p>Con poco m\u00e1s de 44\u202fcm de ancho, una construcci\u00f3n totalmente met\u00e1lica y orejas de rack desmontables, el iD48 est\u00e1 dise\u00f1ado para resistir el uso diario, ya sea en el estudio o frente al desgaste del transporte. Estable, fiable y listo para todo.<\/p>\n<p><strong>Conectividad USB<br \/>\n<\/strong>Conectado a trav\u00e9s de una conexi\u00f3n USB de alta velocidad, el iD48 ofrece monitorizaci\u00f3n con latencia ultrabaja y un comportamiento s\u00f3lido y estable de controladores, tanto en macOS como en Windows.<\/p>\n<p><strong>Incre\u00edblemente silencioso<br \/>\n<\/strong>Un dise\u00f1o sin ventilador permite que el iD48 funcione con un silencio pr\u00e1cticamente total, sin importar las exigencias del trabajo. Perfecto para cualquier entorno de estudio.<\/p>\n<p>&nbsp;<\/p>\n<h5>Software y plug-ins gratuitos<\/h5>\n<p>Con un paquete gratuito de software creativo que incluye Cubase LE, junto con plugins e instrumentos virtuales l\u00edderes del sector, puedes empezar a grabar nada m\u00e1s abrir la caja.<\/p>\n<p>&nbsp;<\/p>\n<h5>3 a\u00f1os de garant\u00eda<\/h5>\n<p>Todos nuestros productos incluyen una garant\u00eda limitada de tres a\u00f1os que te garantiza adem\u00e1s la protecci\u00f3n y la tranquilidad al elegir Audient.<\/p>\n<p>&nbsp;<\/p>\n<ul>\n<li>Avanzados conversores AD\/DA de 32 bit<\/li>\n<li>24 entradas\n<ul>\n<li>8 preamplificadores de micr\u00f3fono de consola Audient<\/li>\n<li>Controles +48V, Pad, +10dB Boost, Inversi\u00f3n de Polaridad y HPF<\/li>\n<li>8 inserciones balanceadas conmutables (env\u00edos + retornos)<\/li>\n<li>2 entradas JFET para instrumento<\/li>\n<li>2 entradas digitales (ADAT + S\/PDIF)<\/li>\n<li>Entrada Word Clock<\/li>\n<\/ul>\n<\/li>\n<li>32 salidas (24 salidas simult\u00e1neas sobre USB)\n<ul>\n<li>Salidas altavoces Main y Alt<\/li>\n<li>2 salidas para auriculares<\/li>\n<li>2 salidas digitales (ADAT + S\/PDIF)<\/li>\n<li>Salida Word Clock<\/li>\n<\/ul>\n<\/li>\n<li>Monitorizaci\u00f3n\n<ul>\n<li>Software mezclador de ultra baja latencia<\/li>\n<li>Retorno de audio<\/li>\n<li>Controles espec\u00edficos para altavoce Alt y Talkback<\/li>\n<li>2 teclas de funci\u00f3n definible por el usuario<\/li>\n<\/ul>\n<\/li>\n<li>Modo Aut\u00f3nomo<\/li>\n<li>Conmutador On\/Off<\/li>\n<li>Compatible USB 2.0 (24 entradas \/ 24 salidas)<\/li>\n<li>24bit\/96kHz<\/li>\n<li>Orejas de rack desmontables (incluidas)<\/li>\n<li>Dise\u00f1o totalmente met\u00e1lico<\/li>\n<li>Software y Plugins gratuitos<\/li>\n<\/ul>\n<p>&nbsp;<\/p>\n<p>&nbsp;<\/p>\n","protected":false},"excerpt":{"rendered":"<h3><strong>Interface de audio 24 entradas | 32 salidas<\/strong><\/h3>\n<ul class=\"summary\">\n<li>8 preamplificadores microf\u00f3nicos de consola Audient (24bit | 96kHz)<\/li>\n<li>8 inserciones balanceadas<\/li>\n<li>2 salidas para auriculares (Soporta hasta 600 Ohms)<\/li>\n<li>2 entradas JFET para instrumentos<\/li>\n<li>12 salidas de l\u00ednea<\/li>\n<li>16 entradas + salidas digitales<\/li>\n<li>Gama din\u00e1mica de 126,5 dB<\/li>\n<li>Ganancia del preamplificador microf\u00f3nico de 68 dB<\/li>\n<li>Compatible macOS + Windows<\/li>\n<li>24bit\/96kHz<\/li>\n<li>Compatible USB2.0<\/li>\n<\/ul>\n","protected":false},"featured_media":40346,"template":"","meta":{"_acf_changed":false},"product_brand":[],"product_cat":[1316,1313,1317],"product_tag":[],"class_list":{"0":"post-40343","1":"product","2":"type-product","3":"status-publish","4":"has-post-thumbnail","6":"product_cat-interfaces-de-audio","7":"product_cat-por-series-audient","8":"product_cat-serie-id","9":"product_series-serie-id","11":"first","12":"instock","13":"featured","14":"shipping-taxable","15":"product-type-simple"},"acf":[],"yoast_head":"<!-- This site is optimized with the Yoast SEO plugin v27.1.1 - https:\/\/yoast.com\/product\/yoast-seo-wordpress\/ -->\n<title>iD48 - Audio-Technica Iberia<\/title>\n<meta name=\"robots\" content=\"index, follow, max-snippet:-1, max-image-preview:large, max-video-preview:-1\" \/>\n<link rel=\"canonical\" href=\"https:\/\/distribution.audio-technica.eu\/es-es\/productos\/id48\/\" \/>\n<meta property=\"og:locale\" content=\"es_ES\" \/>\n<meta property=\"og:type\" content=\"article\" \/>\n<meta property=\"og:title\" content=\"iD48 - Audio-Technica Iberia\" \/>\n<meta property=\"og:description\" content=\"Interface de audio 24 entradas | 32 salidas   8 preamplificadores microf\u00f3nicos de consola Audient (24bit | 96kHz)  8 inserciones balanceadas  2 salidas para auriculares (Soporta hasta 600 Ohms)  2 entradas JFET para instrumentos  12 salidas de l\u00ednea  16 entradas + salidas digitales  Gama din\u00e1mica de 126,5 dB  Ganancia del preamplificador microf\u00f3nico de 68 dB  Compatible macOS + Windows  24bit\/96kHz  Compatible USB2.0\" \/>\n<meta property=\"og:url\" content=\"https:\/\/distribution.audio-technica.eu\/es-es\/productos\/id48\/\" \/>\n<meta property=\"og:site_name\" content=\"Audio-Technica Iberia\" \/>\n<meta property=\"article:modified_time\" content=\"2026-02-19T13:47:19+00:00\" \/>\n<meta property=\"og:image\" content=\"https:\/\/distribution.audio-technica.eu\/app\/uploads\/sites\/2\/Audient-iD48.jpg\" \/>\n\t<meta property=\"og:image:width\" content=\"2000\" \/>\n\t<meta property=\"og:image:height\" content=\"2000\" \/>\n\t<meta property=\"og:image:type\" content=\"image\/jpeg\" \/>\n<meta name=\"twitter:card\" content=\"summary_large_image\" \/>\n<meta name=\"twitter:label1\" content=\"Tiempo de lectura\" \/>\n\t<meta name=\"twitter:data1\" content=\"6 minutos\" \/>\n<script type=\"application\/ld+json\" class=\"yoast-schema-graph\">{\"@context\":\"https:\/\/schema.org\",\"@graph\":[{\"@type\":\"WebPage\",\"@id\":\"https:\/\/distribution.audio-technica.eu\/es-es\/productos\/id48\/\",\"url\":\"https:\/\/distribution.audio-technica.eu\/es-es\/productos\/id48\/\",\"name\":\"iD48 - Audio-Technica Iberia\",\"isPartOf\":{\"@id\":\"https:\/\/distribution.audio-technica.eu\/es-es\/#website\"},\"primaryImageOfPage\":{\"@id\":\"https:\/\/distribution.audio-technica.eu\/es-es\/productos\/id48\/#primaryimage\"},\"image\":{\"@id\":\"https:\/\/distribution.audio-technica.eu\/es-es\/productos\/id48\/#primaryimage\"},\"thumbnailUrl\":\"\/app\/uploads\/sites\/2\/Audient-iD48.jpg\",\"datePublished\":\"2025-02-27T09:43:51+00:00\",\"dateModified\":\"2026-02-19T13:47:19+00:00\",\"breadcrumb\":{\"@id\":\"https:\/\/distribution.audio-technica.eu\/es-es\/productos\/id48\/#breadcrumb\"},\"inLanguage\":\"es\",\"potentialAction\":[{\"@type\":\"ReadAction\",\"target\":[\"https:\/\/distribution.audio-technica.eu\/es-es\/productos\/id48\/\"]}]},{\"@type\":\"ImageObject\",\"inLanguage\":\"es\",\"@id\":\"https:\/\/distribution.audio-technica.eu\/es-es\/productos\/id48\/#primaryimage\",\"url\":\"\/app\/uploads\/sites\/2\/Audient-iD48.jpg\",\"contentUrl\":\"\/app\/uploads\/sites\/2\/Audient-iD48.jpg\",\"width\":2000,\"height\":2000},{\"@type\":\"BreadcrumbList\",\"@id\":\"https:\/\/distribution.audio-technica.eu\/es-es\/productos\/id48\/#breadcrumb\",\"itemListElement\":[{\"@type\":\"ListItem\",\"position\":1,\"name\":\"Products\",\"item\":\"https:\/\/distribution.audio-technica.eu\/es-es\/\"},{\"@type\":\"ListItem\",\"position\":2,\"name\":\"Productos\",\"item\":\"https:\/\/distribution.audio-technica.eu\/es-es\/productos\/\"},{\"@type\":\"ListItem\",\"position\":3,\"name\":\"iD48\"}]},{\"@type\":\"WebSite\",\"@id\":\"https:\/\/distribution.audio-technica.eu\/es-es\/#website\",\"url\":\"https:\/\/distribution.audio-technica.eu\/es-es\/\",\"name\":\"Audio-Technica Iberia\",\"description\":\"Distribuci\u00f3n\",\"potentialAction\":[{\"@type\":\"SearchAction\",\"target\":{\"@type\":\"EntryPoint\",\"urlTemplate\":\"https:\/\/distribution.audio-technica.eu\/es-es\/?s={search_term_string}\"},\"query-input\":{\"@type\":\"PropertyValueSpecification\",\"valueRequired\":true,\"valueName\":\"search_term_string\"}}],\"inLanguage\":\"es\"}]}<\/script>\n<!-- \/ Yoast SEO plugin. -->","yoast_head_json":{"title":"iD48 - Audio-Technica Iberia","robots":{"index":"index","follow":"follow","max-snippet":"max-snippet:-1","max-image-preview":"max-image-preview:large","max-video-preview":"max-video-preview:-1"},"canonical":"https:\/\/distribution.audio-technica.eu\/es-es\/productos\/id48\/","og_locale":"es_ES","og_type":"article","og_title":"iD48 - Audio-Technica Iberia","og_description":"Interface de audio 24 entradas | 32 salidas   8 preamplificadores microf\u00f3nicos de consola Audient (24bit | 96kHz)  8 inserciones balanceadas  2 salidas para auriculares (Soporta hasta 600 Ohms)  2 entradas JFET para instrumentos  12 salidas de l\u00ednea  16 entradas + salidas digitales  Gama din\u00e1mica de 126,5 dB  Ganancia del preamplificador microf\u00f3nico de 68 dB  Compatible macOS + Windows  24bit\/96kHz  Compatible USB2.0","og_url":"https:\/\/distribution.audio-technica.eu\/es-es\/productos\/id48\/","og_site_name":"Audio-Technica Iberia","article_modified_time":"2026-02-19T13:47:19+00:00","og_image":[{"width":2000,"height":2000,"url":"https:\/\/distribution.audio-technica.eu\/app\/uploads\/sites\/2\/Audient-iD48.jpg","type":"image\/jpeg"}],"twitter_card":"summary_large_image","twitter_misc":{"Tiempo de lectura":"6 minutos"},"schema":{"@context":"https:\/\/schema.org","@graph":[{"@type":"WebPage","@id":"https:\/\/distribution.audio-technica.eu\/es-es\/productos\/id48\/","url":"https:\/\/distribution.audio-technica.eu\/es-es\/productos\/id48\/","name":"iD48 - Audio-Technica Iberia","isPartOf":{"@id":"https:\/\/distribution.audio-technica.eu\/es-es\/#website"},"primaryImageOfPage":{"@id":"https:\/\/distribution.audio-technica.eu\/es-es\/productos\/id48\/#primaryimage"},"image":{"@id":"https:\/\/distribution.audio-technica.eu\/es-es\/productos\/id48\/#primaryimage"},"thumbnailUrl":"\/app\/uploads\/sites\/2\/Audient-iD48.jpg","datePublished":"2025-02-27T09:43:51+00:00","dateModified":"2026-02-19T13:47:19+00:00","breadcrumb":{"@id":"https:\/\/distribution.audio-technica.eu\/es-es\/productos\/id48\/#breadcrumb"},"inLanguage":"es","potentialAction":[{"@type":"ReadAction","target":["https:\/\/distribution.audio-technica.eu\/es-es\/productos\/id48\/"]}]},{"@type":"ImageObject","inLanguage":"es","@id":"https:\/\/distribution.audio-technica.eu\/es-es\/productos\/id48\/#primaryimage","url":"\/app\/uploads\/sites\/2\/Audient-iD48.jpg","contentUrl":"\/app\/uploads\/sites\/2\/Audient-iD48.jpg","width":2000,"height":2000},{"@type":"BreadcrumbList","@id":"https:\/\/distribution.audio-technica.eu\/es-es\/productos\/id48\/#breadcrumb","itemListElement":[{"@type":"ListItem","position":1,"name":"Products","item":"https:\/\/distribution.audio-technica.eu\/es-es\/"},{"@type":"ListItem","position":2,"name":"Productos","item":"https:\/\/distribution.audio-technica.eu\/es-es\/productos\/"},{"@type":"ListItem","position":3,"name":"iD48"}]},{"@type":"WebSite","@id":"https:\/\/distribution.audio-technica.eu\/es-es\/#website","url":"https:\/\/distribution.audio-technica.eu\/es-es\/","name":"Audio-Technica Iberia","description":"Distribuci\u00f3n","potentialAction":[{"@type":"SearchAction","target":{"@type":"EntryPoint","urlTemplate":"https:\/\/distribution.audio-technica.eu\/es-es\/?s={search_term_string}"},"query-input":{"@type":"PropertyValueSpecification","valueRequired":true,"valueName":"search_term_string"}}],"inLanguage":"es"}]}},"_links":{"self":[{"href":"https:\/\/distribution.audio-technica.eu\/es-es\/wp-json\/wp\/v2\/product\/40343","targetHints":{"allow":["GET"]}}],"collection":[{"href":"https:\/\/distribution.audio-technica.eu\/es-es\/wp-json\/wp\/v2\/product"}],"about":[{"href":"https:\/\/distribution.audio-technica.eu\/es-es\/wp-json\/wp\/v2\/types\/product"}],"wp:featuredmedia":[{"embeddable":true,"href":"https:\/\/distribution.audio-technica.eu\/es-es\/wp-json\/wp\/v2\/media\/40346"}],"wp:attachment":[{"href":"https:\/\/distribution.audio-technica.eu\/es-es\/wp-json\/wp\/v2\/media?parent=40343"}],"wp:term":[{"taxonomy":"product_brand","embeddable":true,"href":"https:\/\/distribution.audio-technica.eu\/es-es\/wp-json\/wp\/v2\/product_brand?post=40343"},{"taxonomy":"product_cat","embeddable":true,"href":"https:\/\/distribution.audio-technica.eu\/es-es\/wp-json\/wp\/v2\/product_cat?post=40343"},{"taxonomy":"product_tag","embeddable":true,"href":"https:\/\/distribution.audio-technica.eu\/es-es\/wp-json\/wp\/v2\/product_tag?post=40343"}],"curies":[{"name":"wp","href":"https:\/\/api.w.org\/{rel}","templated":true}]}}