{"id":40449,"date":"2025-03-21T08:52:32","date_gmt":"2025-03-21T07:52:32","guid":{"rendered":"https:\/\/distribution.audio-technica.eu\/es-es\/?post_type=product&#038;p=40449"},"modified":"2025-03-21T10:00:31","modified_gmt":"2025-03-21T09:00:31","slug":"ip4","status":"publish","type":"product","link":"https:\/\/distribution.audio-technica.eu\/es-es\/productos\/ip4\/","title":{"rendered":"IP4"},"content":{"rendered":"<h2>IP4<\/h2>\n<h3>Panel controlador con cuatro botones para montaje en pared<\/h3>\n<p>El IP4 es un sencillo panel controlador programable, de montaje en pared, que ofrece al usuario no t\u00e9cnico un control c\u00f3modo y f\u00e1cil a trav\u00e9s de 4 botones iluminados.<\/p>\n<p>Disponible en dos formatos distintos, destinados a los mercados de EE. UU. y UE\/Reino Unido, IP4 es compatible con las placas frontales Decora y MK Elements.<\/p>\n<p>IP4 est\u00e1 dise\u00f1ado pensando en el usuario que carece de conocimientos t\u00e9cnicos, al que permitir\u00e1 controlar el nivel de zona, la selecci\u00f3n de fuente, los enmudecimientos, el ajuste de nivel, la recuperaci\u00f3n de escenas\/presets y m\u00e1s.<\/p>\n<p>Se adapta autom\u00e1ticamente el firmware a los dispositivos conectados para facilitar la instalaci\u00f3n y el mantenimiento del sistema.<\/p>\n<p>IP4 interact\u00faa con el sistema de mezcla AHM, Avantis o dLive a trav\u00e9s de conexiones de red TCP\/IP est\u00e1ndar y se puede conectar en red con otros controladores, ordenadores y dispositivos de terceros utilizando una infraestructura Ethernet est\u00e1ndar.<\/p>\n<p>Los controles y funciones del IP4 se configuran mediante el software AHM System Manager, Avantis Director o dLive Director (PC o Mac), o mediante un mezclador Avantis o dLive Surface.<\/p>\n<ul>\n<li>Cuatro botones iluminados configurables<\/li>\n<li>Control de selecci\u00f3n de fuente, mutes, control de nivel o recuperaci\u00f3n de presets<\/li>\n<li>Interface con sistemas AHM a trav\u00e9s de TCP\/IP<\/li>\n<li>Alimentado a trav\u00e9s de PoE<\/li>\n<li>Montaje en pared o base<\/li>\n<li>Dos variantes disponibles: UE\/Reino Unido (compatible MK Elements) y EE. UU. (Compatible Decora)<\/li>\n<li>Placa frontal no incluida (se puede pedir por separado para la variante de la UE)<\/li>\n<\/ul>\n<p>&nbsp;<\/p>\n","protected":false},"excerpt":{"rendered":"<h3>Panel controlador con cuatro botones para montaje en pared<\/h3>\n<ul class=\"summary\">\n<li>Cuatro botones iluminados configurables<\/li>\n<li>Control de selecci\u00f3n de fuente, mutes, control de nivel o recuperaci\u00f3n de presets<\/li>\n<li>Interface con sistemas AHM a trav\u00e9s de TCP\/IP<\/li>\n<li>Puede ser utilizado por personal sin conocimientos t\u00e9cnicos<\/li>\n<li>Compatible TCP\/IP &amp; POE<\/li>\n<\/ul>\n","protected":false},"featured_media":40450,"template":"","meta":{"_acf_changed":false},"product_brand":[],"product_cat":[1501,2350,2184],"product_tag":[],"class_list":{"0":"post-40449","1":"product","2":"type-product","3":"status-publish","4":"has-post-thumbnail","6":"product_cat-paneles-de-control","7":"product_cat-serie-ip","8":"product_cat-serie-ahm","9":"product_series-serie-ip","11":"first","12":"instock","13":"shipping-taxable","14":"product-type-simple"},"acf":[],"yoast_head":"<!-- This site is optimized with the Yoast SEO plugin v27.1.1 - https:\/\/yoast.com\/product\/yoast-seo-wordpress\/ -->\n<title>IP4 - Audio-Technica Iberia<\/title>\n<meta name=\"robots\" content=\"index, follow, max-snippet:-1, max-image-preview:large, max-video-preview:-1\" \/>\n<link rel=\"canonical\" href=\"https:\/\/distribution.audio-technica.eu\/es-es\/productos\/ip4\/\" \/>\n<meta property=\"og:locale\" content=\"es_ES\" \/>\n<meta property=\"og:type\" content=\"article\" \/>\n<meta property=\"og:title\" content=\"IP4 - Audio-Technica Iberia\" \/>\n<meta property=\"og:description\" content=\"Panel controlador con cuatro botones para montaje en pared   Cuatro botones iluminados configurables  Control de selecci\u00f3n de fuente, mutes, control de nivel o recuperaci\u00f3n de presets  Interface con sistemas AHM a trav\u00e9s de TCP\/IP  Puede ser utilizado por personal sin conocimientos t\u00e9cnicos  Compatible TCP\/IP &amp; POE\" \/>\n<meta property=\"og:url\" content=\"https:\/\/distribution.audio-technica.eu\/es-es\/productos\/ip4\/\" \/>\n<meta property=\"og:site_name\" content=\"Audio-Technica Iberia\" \/>\n<meta property=\"article:modified_time\" content=\"2025-03-21T09:00:31+00:00\" \/>\n<meta property=\"og:image\" content=\"https:\/\/distribution.audio-technica.eu\/app\/uploads\/sites\/2\/AH-IP4-UK-Front-Shadow.jpg\" \/>\n\t<meta property=\"og:image:width\" content=\"2000\" \/>\n\t<meta property=\"og:image:height\" content=\"2000\" \/>\n\t<meta property=\"og:image:type\" content=\"image\/jpeg\" \/>\n<meta name=\"twitter:card\" content=\"summary_large_image\" \/>\n<meta name=\"twitter:label1\" content=\"Tiempo de lectura\" \/>\n\t<meta name=\"twitter:data1\" content=\"2 minutos\" \/>\n<script type=\"application\/ld+json\" class=\"yoast-schema-graph\">{\"@context\":\"https:\/\/schema.org\",\"@graph\":[{\"@type\":\"WebPage\",\"@id\":\"https:\/\/distribution.audio-technica.eu\/es-es\/productos\/ip4\/\",\"url\":\"https:\/\/distribution.audio-technica.eu\/es-es\/productos\/ip4\/\",\"name\":\"IP4 - Audio-Technica Iberia\",\"isPartOf\":{\"@id\":\"https:\/\/distribution.audio-technica.eu\/es-es\/#website\"},\"primaryImageOfPage\":{\"@id\":\"https:\/\/distribution.audio-technica.eu\/es-es\/productos\/ip4\/#primaryimage\"},\"image\":{\"@id\":\"https:\/\/distribution.audio-technica.eu\/es-es\/productos\/ip4\/#primaryimage\"},\"thumbnailUrl\":\"\/app\/uploads\/sites\/2\/AH-IP4-UK-Front-Shadow.jpg\",\"datePublished\":\"2025-03-21T07:52:32+00:00\",\"dateModified\":\"2025-03-21T09:00:31+00:00\",\"breadcrumb\":{\"@id\":\"https:\/\/distribution.audio-technica.eu\/es-es\/productos\/ip4\/#breadcrumb\"},\"inLanguage\":\"es\",\"potentialAction\":[{\"@type\":\"ReadAction\",\"target\":[\"https:\/\/distribution.audio-technica.eu\/es-es\/productos\/ip4\/\"]}]},{\"@type\":\"ImageObject\",\"inLanguage\":\"es\",\"@id\":\"https:\/\/distribution.audio-technica.eu\/es-es\/productos\/ip4\/#primaryimage\",\"url\":\"\/app\/uploads\/sites\/2\/AH-IP4-UK-Front-Shadow.jpg\",\"contentUrl\":\"\/app\/uploads\/sites\/2\/AH-IP4-UK-Front-Shadow.jpg\",\"width\":2000,\"height\":2000},{\"@type\":\"BreadcrumbList\",\"@id\":\"https:\/\/distribution.audio-technica.eu\/es-es\/productos\/ip4\/#breadcrumb\",\"itemListElement\":[{\"@type\":\"ListItem\",\"position\":1,\"name\":\"Products\",\"item\":\"https:\/\/distribution.audio-technica.eu\/es-es\/\"},{\"@type\":\"ListItem\",\"position\":2,\"name\":\"Productos\",\"item\":\"https:\/\/distribution.audio-technica.eu\/es-es\/productos\/\"},{\"@type\":\"ListItem\",\"position\":3,\"name\":\"IP4\"}]},{\"@type\":\"WebSite\",\"@id\":\"https:\/\/distribution.audio-technica.eu\/es-es\/#website\",\"url\":\"https:\/\/distribution.audio-technica.eu\/es-es\/\",\"name\":\"Audio-Technica Iberia\",\"description\":\"Distribuci\u00f3n\",\"potentialAction\":[{\"@type\":\"SearchAction\",\"target\":{\"@type\":\"EntryPoint\",\"urlTemplate\":\"https:\/\/distribution.audio-technica.eu\/es-es\/?s={search_term_string}\"},\"query-input\":{\"@type\":\"PropertyValueSpecification\",\"valueRequired\":true,\"valueName\":\"search_term_string\"}}],\"inLanguage\":\"es\"}]}<\/script>\n<!-- \/ Yoast SEO plugin. -->","yoast_head_json":{"title":"IP4 - Audio-Technica Iberia","robots":{"index":"index","follow":"follow","max-snippet":"max-snippet:-1","max-image-preview":"max-image-preview:large","max-video-preview":"max-video-preview:-1"},"canonical":"https:\/\/distribution.audio-technica.eu\/es-es\/productos\/ip4\/","og_locale":"es_ES","og_type":"article","og_title":"IP4 - Audio-Technica Iberia","og_description":"Panel controlador con cuatro botones para montaje en pared   Cuatro botones iluminados configurables  Control de selecci\u00f3n de fuente, mutes, control de nivel o recuperaci\u00f3n de presets  Interface con sistemas AHM a trav\u00e9s de TCP\/IP  Puede ser utilizado por personal sin conocimientos t\u00e9cnicos  Compatible TCP\/IP &amp; POE","og_url":"https:\/\/distribution.audio-technica.eu\/es-es\/productos\/ip4\/","og_site_name":"Audio-Technica Iberia","article_modified_time":"2025-03-21T09:00:31+00:00","og_image":[{"width":2000,"height":2000,"url":"https:\/\/distribution.audio-technica.eu\/app\/uploads\/sites\/2\/AH-IP4-UK-Front-Shadow.jpg","type":"image\/jpeg"}],"twitter_card":"summary_large_image","twitter_misc":{"Tiempo de lectura":"2 minutos"},"schema":{"@context":"https:\/\/schema.org","@graph":[{"@type":"WebPage","@id":"https:\/\/distribution.audio-technica.eu\/es-es\/productos\/ip4\/","url":"https:\/\/distribution.audio-technica.eu\/es-es\/productos\/ip4\/","name":"IP4 - Audio-Technica Iberia","isPartOf":{"@id":"https:\/\/distribution.audio-technica.eu\/es-es\/#website"},"primaryImageOfPage":{"@id":"https:\/\/distribution.audio-technica.eu\/es-es\/productos\/ip4\/#primaryimage"},"image":{"@id":"https:\/\/distribution.audio-technica.eu\/es-es\/productos\/ip4\/#primaryimage"},"thumbnailUrl":"\/app\/uploads\/sites\/2\/AH-IP4-UK-Front-Shadow.jpg","datePublished":"2025-03-21T07:52:32+00:00","dateModified":"2025-03-21T09:00:31+00:00","breadcrumb":{"@id":"https:\/\/distribution.audio-technica.eu\/es-es\/productos\/ip4\/#breadcrumb"},"inLanguage":"es","potentialAction":[{"@type":"ReadAction","target":["https:\/\/distribution.audio-technica.eu\/es-es\/productos\/ip4\/"]}]},{"@type":"ImageObject","inLanguage":"es","@id":"https:\/\/distribution.audio-technica.eu\/es-es\/productos\/ip4\/#primaryimage","url":"\/app\/uploads\/sites\/2\/AH-IP4-UK-Front-Shadow.jpg","contentUrl":"\/app\/uploads\/sites\/2\/AH-IP4-UK-Front-Shadow.jpg","width":2000,"height":2000},{"@type":"BreadcrumbList","@id":"https:\/\/distribution.audio-technica.eu\/es-es\/productos\/ip4\/#breadcrumb","itemListElement":[{"@type":"ListItem","position":1,"name":"Products","item":"https:\/\/distribution.audio-technica.eu\/es-es\/"},{"@type":"ListItem","position":2,"name":"Productos","item":"https:\/\/distribution.audio-technica.eu\/es-es\/productos\/"},{"@type":"ListItem","position":3,"name":"IP4"}]},{"@type":"WebSite","@id":"https:\/\/distribution.audio-technica.eu\/es-es\/#website","url":"https:\/\/distribution.audio-technica.eu\/es-es\/","name":"Audio-Technica Iberia","description":"Distribuci\u00f3n","potentialAction":[{"@type":"SearchAction","target":{"@type":"EntryPoint","urlTemplate":"https:\/\/distribution.audio-technica.eu\/es-es\/?s={search_term_string}"},"query-input":{"@type":"PropertyValueSpecification","valueRequired":true,"valueName":"search_term_string"}}],"inLanguage":"es"}]}},"_links":{"self":[{"href":"https:\/\/distribution.audio-technica.eu\/es-es\/wp-json\/wp\/v2\/product\/40449","targetHints":{"allow":["GET"]}}],"collection":[{"href":"https:\/\/distribution.audio-technica.eu\/es-es\/wp-json\/wp\/v2\/product"}],"about":[{"href":"https:\/\/distribution.audio-technica.eu\/es-es\/wp-json\/wp\/v2\/types\/product"}],"wp:featuredmedia":[{"embeddable":true,"href":"https:\/\/distribution.audio-technica.eu\/es-es\/wp-json\/wp\/v2\/media\/40450"}],"wp:attachment":[{"href":"https:\/\/distribution.audio-technica.eu\/es-es\/wp-json\/wp\/v2\/media?parent=40449"}],"wp:term":[{"taxonomy":"product_brand","embeddable":true,"href":"https:\/\/distribution.audio-technica.eu\/es-es\/wp-json\/wp\/v2\/product_brand?post=40449"},{"taxonomy":"product_cat","embeddable":true,"href":"https:\/\/distribution.audio-technica.eu\/es-es\/wp-json\/wp\/v2\/product_cat?post=40449"},{"taxonomy":"product_tag","embeddable":true,"href":"https:\/\/distribution.audio-technica.eu\/es-es\/wp-json\/wp\/v2\/product_tag?post=40449"}],"curies":[{"name":"wp","href":"https:\/\/api.w.org\/{rel}","templated":true}]}}