{"id":40768,"date":"2025-06-02T15:46:37","date_gmt":"2025-06-02T13:46:37","guid":{"rendered":"https:\/\/distribution.audio-technica.eu\/es-es\/?post_type=product&#038;p=40768"},"modified":"2026-02-19T14:58:08","modified_gmt":"2026-02-19T13:58:08","slug":"talk-8","status":"publish","type":"product","link":"https:\/\/distribution.audio-technica.eu\/es-es\/productos\/talk-8\/","title":{"rendered":"Talk 8"},"content":{"rendered":"<h2>Talk 8<\/h2>\n<h3>Estaci\u00f3n de avisos digital de 8 zonas<\/h3>\n<p>Talk 8 es una estaci\u00f3n de avisos digitales dise\u00f1ada para proporcionar una comunicaci\u00f3n clara y flexible para sistemas de audio comerciales de m\u00faltiples zonas. Ofrece todo lo necesario para garantizar una comunicaci\u00f3n precisa y fiable en todas las zonas, lo que la convierte en una parte esencial de un sistema de sonido comercial eficiente y de alta calidad.<\/p>\n<p>La estaci\u00f3n de avisos cuenta con un bot\u00f3n TALK retroiluminado con opciones de enclavamiento y no enclavamiento, una se\u00f1al ac\u00fastica de preanuncio opcional y seis botones de reproducci\u00f3n de mensajes instant\u00e1neos para una reproducci\u00f3n r\u00e1pida. A trav\u00e9s de WebApp, cualquier contenido almacenado en los 4 GB de memoria disponibles se puede asignar a botones de reproducci\u00f3n o programar para reproducci\u00f3n autom\u00e1tica como parte de una rutina horaria del d\u00eda. Talk 8 se integra f\u00e1cilmente con el ecosistema Optimal Audio, incluido el soporte para hasta dos estaciones de b\u00fasqueda digitales que funcionan en combinaci\u00f3n con los controladores de zona.<\/p>\n<p>Talk 8 tiene un dise\u00f1o robusto y pesado con opciones de montaje estandarizadas para una integraci\u00f3n sencilla con una variedad de soportes y soportes. La alimentaci\u00f3n se suministra a trav\u00e9s de un conector RJ45 con traba desde el puerto de localizaci\u00f3n del controlador de zona, y se incluye conectividad USB-C para actualizaciones de firmware y carga de archivos de audio.<\/p>\n<p>Suministrado con un micr\u00f3fono de flexo din\u00e1mico de ajuste seguro, Mic 1, Talk 8 garantiza un sonido de audio profesional y un funcionamiento perfecto en cualquier espacio comercial.<\/p>\n<p>&nbsp;<\/p>\n<p><strong>Caracter\u00edsticas Principales<\/strong><\/p>\n<ul>\n<li>Dise\u00f1o de sobremesa robusto y comenzado<\/li>\n<li>Seguridad y opciones de montaje estandarizadas<\/li>\n<li>Avisos en zonas individuales y m\u00faltiples<\/li>\n<li>6 botones de reproducci\u00f3n instant\u00e1nea de mensajes prestablecidos<\/li>\n<li>Programaci\u00f3n de rutinas en la aplicaci\u00f3n web para la reproducci\u00f3n autom\u00e1tica de mensajes<\/li>\n<li>Alimentaci\u00f3n mediante conector RJ45 con bloqueo desde Zone Controller<\/li>\n<li>Interfaz USB-C para cargar archivos de audio a una memoria de 4 GB<\/li>\n<li>Se suministra con micr\u00f3fono flexo de fijaci\u00f3n segura (Mic 1)<\/li>\n<\/ul>\n<p>&nbsp;<\/p>\n<p><strong>Aplicaciones<\/strong><\/p>\n<p>Tiendas, restaurantes, oficinas, hoteles, centros educativos, templos, gimnasios<\/p>\n","protected":false},"excerpt":{"rendered":"<h3>Estaci\u00f3n de avisos digital de 8 zonas<\/h3>\n<ul>\n<li>Dise\u00f1o de sobremesa robusto y comenzado<\/li>\n<li>Seguridad y opciones de montaje estandarizadas<\/li>\n<li>Avisos en zonas individuales y m\u00faltiples<\/li>\n<li>6 botones de reproducci\u00f3n instant\u00e1nea de mensajes prestablecidos<\/li>\n<li>Programaci\u00f3n de rutinas en la aplicaci\u00f3n web para la reproducci\u00f3n autom\u00e1tica de mensajes<\/li>\n<li>Alimentaci\u00f3n mediante conector RJ45 con bloqueo desde Zone Controller<\/li>\n<li>Interfaz USB-C para cargar archivos de audio a una memoria de 4 GB<\/li>\n<li>Se suministra con micr\u00f3fono flexo de fijaci\u00f3n segura (Mic 1)<\/li>\n<\/ul>\n<p>&nbsp;<\/p>\n","protected":false},"featured_media":40758,"template":"","meta":{"_acf_changed":false},"product_brand":[],"product_cat":[2278],"product_tag":[],"class_list":{"0":"post-40768","1":"product","2":"type-product","3":"status-publish","4":"has-post-thumbnail","6":"product_cat-controladores-optimal-audio","8":"first","9":"instock","10":"featured","11":"shipping-taxable","12":"product-type-simple"},"acf":[],"yoast_head":"<!-- This site is optimized with the Yoast SEO plugin v27.1.1 - https:\/\/yoast.com\/product\/yoast-seo-wordpress\/ -->\n<title>Talk 8 - Audio-Technica Iberia<\/title>\n<meta name=\"robots\" content=\"index, follow, max-snippet:-1, max-image-preview:large, max-video-preview:-1\" \/>\n<link rel=\"canonical\" href=\"https:\/\/distribution.audio-technica.eu\/es-es\/productos\/talk-8\/\" \/>\n<meta property=\"og:locale\" content=\"es_ES\" \/>\n<meta property=\"og:type\" content=\"article\" \/>\n<meta property=\"og:title\" content=\"Talk 8 - Audio-Technica Iberia\" \/>\n<meta property=\"og:description\" content=\"Estaci\u00f3n de avisos digital de 8 zonas   Dise\u00f1o de sobremesa robusto y comenzado  Seguridad y opciones de montaje estandarizadas  Avisos en zonas individuales y m\u00faltiples  6 botones de reproducci\u00f3n instant\u00e1nea de mensajes prestablecidos  Programaci\u00f3n de rutinas en la aplicaci\u00f3n web para la reproducci\u00f3n autom\u00e1tica de mensajes  Alimentaci\u00f3n mediante conector RJ45 con bloqueo desde Zone Controller  Interfaz USB-C para cargar archivos de audio a una memoria de 4 GB  Se suministra con micr\u00f3fono flexo de fijaci\u00f3n segura (Mic 1)  &nbsp;\" \/>\n<meta property=\"og:url\" content=\"https:\/\/distribution.audio-technica.eu\/es-es\/productos\/talk-8\/\" \/>\n<meta property=\"og:site_name\" content=\"Audio-Technica Iberia\" \/>\n<meta property=\"article:modified_time\" content=\"2026-02-19T13:58:08+00:00\" \/>\n<meta property=\"og:image\" content=\"https:\/\/distribution.audio-technica.eu\/app\/uploads\/sites\/2\/OA-TALK-8-WITH-MIC-1-Angle.jpg\" \/>\n\t<meta property=\"og:image:width\" content=\"2000\" \/>\n\t<meta property=\"og:image:height\" content=\"2000\" \/>\n\t<meta property=\"og:image:type\" content=\"image\/jpeg\" \/>\n<meta name=\"twitter:card\" content=\"summary_large_image\" \/>\n<meta name=\"twitter:label1\" content=\"Tiempo de lectura\" \/>\n\t<meta name=\"twitter:data1\" content=\"2 minutos\" \/>\n<script type=\"application\/ld+json\" class=\"yoast-schema-graph\">{\"@context\":\"https:\/\/schema.org\",\"@graph\":[{\"@type\":\"WebPage\",\"@id\":\"https:\/\/distribution.audio-technica.eu\/es-es\/productos\/talk-8\/\",\"url\":\"https:\/\/distribution.audio-technica.eu\/es-es\/productos\/talk-8\/\",\"name\":\"Talk 8 - Audio-Technica Iberia\",\"isPartOf\":{\"@id\":\"https:\/\/distribution.audio-technica.eu\/es-es\/#website\"},\"primaryImageOfPage\":{\"@id\":\"https:\/\/distribution.audio-technica.eu\/es-es\/productos\/talk-8\/#primaryimage\"},\"image\":{\"@id\":\"https:\/\/distribution.audio-technica.eu\/es-es\/productos\/talk-8\/#primaryimage\"},\"thumbnailUrl\":\"\/app\/uploads\/sites\/2\/OA-TALK-8-WITH-MIC-1-Angle.jpg\",\"datePublished\":\"2025-06-02T13:46:37+00:00\",\"dateModified\":\"2026-02-19T13:58:08+00:00\",\"breadcrumb\":{\"@id\":\"https:\/\/distribution.audio-technica.eu\/es-es\/productos\/talk-8\/#breadcrumb\"},\"inLanguage\":\"es\",\"potentialAction\":[{\"@type\":\"ReadAction\",\"target\":[\"https:\/\/distribution.audio-technica.eu\/es-es\/productos\/talk-8\/\"]}]},{\"@type\":\"ImageObject\",\"inLanguage\":\"es\",\"@id\":\"https:\/\/distribution.audio-technica.eu\/es-es\/productos\/talk-8\/#primaryimage\",\"url\":\"\/app\/uploads\/sites\/2\/OA-TALK-8-WITH-MIC-1-Angle.jpg\",\"contentUrl\":\"\/app\/uploads\/sites\/2\/OA-TALK-8-WITH-MIC-1-Angle.jpg\",\"width\":2000,\"height\":2000},{\"@type\":\"BreadcrumbList\",\"@id\":\"https:\/\/distribution.audio-technica.eu\/es-es\/productos\/talk-8\/#breadcrumb\",\"itemListElement\":[{\"@type\":\"ListItem\",\"position\":1,\"name\":\"Products\",\"item\":\"https:\/\/distribution.audio-technica.eu\/es-es\/\"},{\"@type\":\"ListItem\",\"position\":2,\"name\":\"Productos\",\"item\":\"https:\/\/distribution.audio-technica.eu\/es-es\/productos\/\"},{\"@type\":\"ListItem\",\"position\":3,\"name\":\"Talk 8\"}]},{\"@type\":\"WebSite\",\"@id\":\"https:\/\/distribution.audio-technica.eu\/es-es\/#website\",\"url\":\"https:\/\/distribution.audio-technica.eu\/es-es\/\",\"name\":\"Audio-Technica Iberia\",\"description\":\"Distribuci\u00f3n\",\"potentialAction\":[{\"@type\":\"SearchAction\",\"target\":{\"@type\":\"EntryPoint\",\"urlTemplate\":\"https:\/\/distribution.audio-technica.eu\/es-es\/?s={search_term_string}\"},\"query-input\":{\"@type\":\"PropertyValueSpecification\",\"valueRequired\":true,\"valueName\":\"search_term_string\"}}],\"inLanguage\":\"es\"}]}<\/script>\n<!-- \/ Yoast SEO plugin. -->","yoast_head_json":{"title":"Talk 8 - Audio-Technica Iberia","robots":{"index":"index","follow":"follow","max-snippet":"max-snippet:-1","max-image-preview":"max-image-preview:large","max-video-preview":"max-video-preview:-1"},"canonical":"https:\/\/distribution.audio-technica.eu\/es-es\/productos\/talk-8\/","og_locale":"es_ES","og_type":"article","og_title":"Talk 8 - Audio-Technica Iberia","og_description":"Estaci\u00f3n de avisos digital de 8 zonas   Dise\u00f1o de sobremesa robusto y comenzado  Seguridad y opciones de montaje estandarizadas  Avisos en zonas individuales y m\u00faltiples  6 botones de reproducci\u00f3n instant\u00e1nea de mensajes prestablecidos  Programaci\u00f3n de rutinas en la aplicaci\u00f3n web para la reproducci\u00f3n autom\u00e1tica de mensajes  Alimentaci\u00f3n mediante conector RJ45 con bloqueo desde Zone Controller  Interfaz USB-C para cargar archivos de audio a una memoria de 4 GB  Se suministra con micr\u00f3fono flexo de fijaci\u00f3n segura (Mic 1)  &nbsp;","og_url":"https:\/\/distribution.audio-technica.eu\/es-es\/productos\/talk-8\/","og_site_name":"Audio-Technica Iberia","article_modified_time":"2026-02-19T13:58:08+00:00","og_image":[{"width":2000,"height":2000,"url":"https:\/\/distribution.audio-technica.eu\/app\/uploads\/sites\/2\/OA-TALK-8-WITH-MIC-1-Angle.jpg","type":"image\/jpeg"}],"twitter_card":"summary_large_image","twitter_misc":{"Tiempo de lectura":"2 minutos"},"schema":{"@context":"https:\/\/schema.org","@graph":[{"@type":"WebPage","@id":"https:\/\/distribution.audio-technica.eu\/es-es\/productos\/talk-8\/","url":"https:\/\/distribution.audio-technica.eu\/es-es\/productos\/talk-8\/","name":"Talk 8 - Audio-Technica Iberia","isPartOf":{"@id":"https:\/\/distribution.audio-technica.eu\/es-es\/#website"},"primaryImageOfPage":{"@id":"https:\/\/distribution.audio-technica.eu\/es-es\/productos\/talk-8\/#primaryimage"},"image":{"@id":"https:\/\/distribution.audio-technica.eu\/es-es\/productos\/talk-8\/#primaryimage"},"thumbnailUrl":"\/app\/uploads\/sites\/2\/OA-TALK-8-WITH-MIC-1-Angle.jpg","datePublished":"2025-06-02T13:46:37+00:00","dateModified":"2026-02-19T13:58:08+00:00","breadcrumb":{"@id":"https:\/\/distribution.audio-technica.eu\/es-es\/productos\/talk-8\/#breadcrumb"},"inLanguage":"es","potentialAction":[{"@type":"ReadAction","target":["https:\/\/distribution.audio-technica.eu\/es-es\/productos\/talk-8\/"]}]},{"@type":"ImageObject","inLanguage":"es","@id":"https:\/\/distribution.audio-technica.eu\/es-es\/productos\/talk-8\/#primaryimage","url":"\/app\/uploads\/sites\/2\/OA-TALK-8-WITH-MIC-1-Angle.jpg","contentUrl":"\/app\/uploads\/sites\/2\/OA-TALK-8-WITH-MIC-1-Angle.jpg","width":2000,"height":2000},{"@type":"BreadcrumbList","@id":"https:\/\/distribution.audio-technica.eu\/es-es\/productos\/talk-8\/#breadcrumb","itemListElement":[{"@type":"ListItem","position":1,"name":"Products","item":"https:\/\/distribution.audio-technica.eu\/es-es\/"},{"@type":"ListItem","position":2,"name":"Productos","item":"https:\/\/distribution.audio-technica.eu\/es-es\/productos\/"},{"@type":"ListItem","position":3,"name":"Talk 8"}]},{"@type":"WebSite","@id":"https:\/\/distribution.audio-technica.eu\/es-es\/#website","url":"https:\/\/distribution.audio-technica.eu\/es-es\/","name":"Audio-Technica Iberia","description":"Distribuci\u00f3n","potentialAction":[{"@type":"SearchAction","target":{"@type":"EntryPoint","urlTemplate":"https:\/\/distribution.audio-technica.eu\/es-es\/?s={search_term_string}"},"query-input":{"@type":"PropertyValueSpecification","valueRequired":true,"valueName":"search_term_string"}}],"inLanguage":"es"}]}},"_links":{"self":[{"href":"https:\/\/distribution.audio-technica.eu\/es-es\/wp-json\/wp\/v2\/product\/40768","targetHints":{"allow":["GET"]}}],"collection":[{"href":"https:\/\/distribution.audio-technica.eu\/es-es\/wp-json\/wp\/v2\/product"}],"about":[{"href":"https:\/\/distribution.audio-technica.eu\/es-es\/wp-json\/wp\/v2\/types\/product"}],"wp:featuredmedia":[{"embeddable":true,"href":"https:\/\/distribution.audio-technica.eu\/es-es\/wp-json\/wp\/v2\/media\/40758"}],"wp:attachment":[{"href":"https:\/\/distribution.audio-technica.eu\/es-es\/wp-json\/wp\/v2\/media?parent=40768"}],"wp:term":[{"taxonomy":"product_brand","embeddable":true,"href":"https:\/\/distribution.audio-technica.eu\/es-es\/wp-json\/wp\/v2\/product_brand?post=40768"},{"taxonomy":"product_cat","embeddable":true,"href":"https:\/\/distribution.audio-technica.eu\/es-es\/wp-json\/wp\/v2\/product_cat?post=40768"},{"taxonomy":"product_tag","embeddable":true,"href":"https:\/\/distribution.audio-technica.eu\/es-es\/wp-json\/wp\/v2\/product_tag?post=40768"}],"curies":[{"name":"wp","href":"https:\/\/api.w.org\/{rel}","templated":true}]}}