{"id":40769,"date":"2025-06-02T15:48:00","date_gmt":"2025-06-02T13:48:00","guid":{"rendered":"https:\/\/distribution.audio-technica.eu\/es-es\/?post_type=product&#038;p=40769"},"modified":"2026-02-19T15:03:05","modified_gmt":"2026-02-19T14:03:05","slug":"zonepad-8","status":"publish","type":"product","link":"https:\/\/distribution.audio-technica.eu\/es-es\/productos\/zonepad-8\/","title":{"rendered":"ZonePad 8"},"content":{"rendered":"<h2>ZonePad 8<\/h2>\n<h3>Controlador de 8 zonas con pantalla t\u00e1ctil, para montaje en pared<\/h3>\n<p>ZonePad 8 es un elegante controlador de pantalla t\u00e1ctil, dise\u00f1ado para ser montado en pared, que ofrece a los usuarios un acceso claro e intuitivo a los controles de hasta ocho zonas dentro de un sistema de audio comercial Optimal Audio.<\/p>\n<p>Con una atractiva pantalla t\u00e1ctil IPS de 8 pulgadas y un panel t\u00e1ctil capacitivo de vidrio templado, ZonePad 8 ofrece una interfaz sofisticada y f\u00e1cil de usar, que brinda a los usuarios la capacidad de operar sistemas de audio complejos sin esfuerzo.<\/p>\n<p>ZonePad 8 permite una f\u00e1cil selecci\u00f3n y control de volumen de fuentes de reproducci\u00f3n y micr\u00f3fonos en ocho zonas desde una posici\u00f3n central, lo que lo hace ideal para entornos comerciales din\u00e1micos. Su integraci\u00f3n perfecta con los controladores de zona Optimal Audio, el potente procesador de cuatro n\u00facleos y el dise\u00f1o seguro garantizan un control fiable y receptivo adaptado a las necesidades \u00fanicas de cualquier lugar.<\/p>\n<p>La alimentaci\u00f3n se suministra a trav\u00e9s de un conector RJ45 con bloqueo desde el puerto ZonePad del controlador de zonas. Para los lugares donde el instalador no puede pasar cables, el ZonePad 8 se puede alimentar de forma remota y conectar a un controlador de zonas a trav\u00e9s de Wi-Fi utilizando el accesorio opcional.<\/p>\n<p>&nbsp;<\/p>\n<p><strong>Caracter\u00edsticas Principales<\/strong><\/p>\n<ul>\n<li>Panel t\u00e1ctil de vidrio templado de 8 pulgadas<\/li>\n<li>Duradero y resistente a los impactos<\/li>\n<li>F\u00e1cil instalaci\u00f3n<\/li>\n<li>Auto detecci\u00f3n de controladores de zona<\/li>\n<li>Flexibles opciones de montaje<\/li>\n<\/ul>\n<p>&nbsp;<\/p>\n<p><strong>Aplicaciones<\/strong><\/p>\n<p>Caf\u00e9s, bares\/restaurantes, comercios, salas para banquetes, hoteles, educaci\u00f3n, templos, oficinas corporativas, museos, gimnasios, residencial<\/p>\n","protected":false},"excerpt":{"rendered":"<h3>Controlador de 8 zonas con pantalla t\u00e1ctil, para montaje en pared<\/h3>\n<ul>\n<li>Panel t\u00e1ctil de vidrio templado de 8 pulgadas<\/li>\n<li>Duradero y resistente a los impactos<\/li>\n<li>F\u00e1cil instalaci\u00f3n<\/li>\n<li>Auto detecci\u00f3n de controladores de zona<\/li>\n<li>Flexibles opciones de montaje<\/li>\n<\/ul>\n<p>&nbsp;<\/p>\n","protected":false},"featured_media":40765,"template":"","meta":{"_acf_changed":false},"product_brand":[],"product_cat":[2278,2281,2283],"product_tag":[],"class_list":{"0":"post-40769","1":"product","2":"type-product","3":"status-publish","4":"has-post-thumbnail","6":"product_cat-controladores-optimal-audio","7":"product_cat-por-series-optimal-audio","8":"product_cat-serie-zonepad","10":"first","11":"instock","12":"featured","13":"shipping-taxable","14":"product-type-simple"},"acf":[],"yoast_head":"<!-- This site is optimized with the Yoast SEO plugin v27.1.1 - https:\/\/yoast.com\/product\/yoast-seo-wordpress\/ -->\n<title>ZonePad 8 - Audio-Technica Iberia<\/title>\n<meta name=\"robots\" content=\"index, follow, max-snippet:-1, max-image-preview:large, max-video-preview:-1\" \/>\n<link rel=\"canonical\" href=\"https:\/\/distribution.audio-technica.eu\/es-es\/productos\/zonepad-8\/\" \/>\n<meta property=\"og:locale\" content=\"es_ES\" \/>\n<meta property=\"og:type\" content=\"article\" \/>\n<meta property=\"og:title\" content=\"ZonePad 8 - Audio-Technica Iberia\" \/>\n<meta property=\"og:description\" content=\"Controlador de 8 zonas con pantalla t\u00e1ctil, para montaje en pared   Panel t\u00e1ctil de vidrio templado de 8 pulgadas  Duradero y resistente a los impactos  F\u00e1cil instalaci\u00f3n  Auto detecci\u00f3n de controladores de zona  Flexibles opciones de montaje  &nbsp;\" \/>\n<meta property=\"og:url\" content=\"https:\/\/distribution.audio-technica.eu\/es-es\/productos\/zonepad-8\/\" \/>\n<meta property=\"og:site_name\" content=\"Audio-Technica Iberia\" \/>\n<meta property=\"article:modified_time\" content=\"2026-02-19T14:03:05+00:00\" \/>\n<meta property=\"og:image\" content=\"https:\/\/distribution.audio-technica.eu\/app\/uploads\/sites\/2\/OA_ZONEPAD_8_V2.jpg\" \/>\n\t<meta property=\"og:image:width\" content=\"2000\" \/>\n\t<meta property=\"og:image:height\" content=\"2000\" \/>\n\t<meta property=\"og:image:type\" content=\"image\/jpeg\" \/>\n<meta name=\"twitter:card\" content=\"summary_large_image\" \/>\n<meta name=\"twitter:label1\" content=\"Tiempo de lectura\" \/>\n\t<meta name=\"twitter:data1\" content=\"2 minutos\" \/>\n<script type=\"application\/ld+json\" class=\"yoast-schema-graph\">{\"@context\":\"https:\/\/schema.org\",\"@graph\":[{\"@type\":\"WebPage\",\"@id\":\"https:\/\/distribution.audio-technica.eu\/es-es\/productos\/zonepad-8\/\",\"url\":\"https:\/\/distribution.audio-technica.eu\/es-es\/productos\/zonepad-8\/\",\"name\":\"ZonePad 8 - Audio-Technica Iberia\",\"isPartOf\":{\"@id\":\"https:\/\/distribution.audio-technica.eu\/es-es\/#website\"},\"primaryImageOfPage\":{\"@id\":\"https:\/\/distribution.audio-technica.eu\/es-es\/productos\/zonepad-8\/#primaryimage\"},\"image\":{\"@id\":\"https:\/\/distribution.audio-technica.eu\/es-es\/productos\/zonepad-8\/#primaryimage\"},\"thumbnailUrl\":\"\/app\/uploads\/sites\/2\/OA_ZONEPAD_8_V2.jpg\",\"datePublished\":\"2025-06-02T13:48:00+00:00\",\"dateModified\":\"2026-02-19T14:03:05+00:00\",\"breadcrumb\":{\"@id\":\"https:\/\/distribution.audio-technica.eu\/es-es\/productos\/zonepad-8\/#breadcrumb\"},\"inLanguage\":\"es\",\"potentialAction\":[{\"@type\":\"ReadAction\",\"target\":[\"https:\/\/distribution.audio-technica.eu\/es-es\/productos\/zonepad-8\/\"]}]},{\"@type\":\"ImageObject\",\"inLanguage\":\"es\",\"@id\":\"https:\/\/distribution.audio-technica.eu\/es-es\/productos\/zonepad-8\/#primaryimage\",\"url\":\"\/app\/uploads\/sites\/2\/OA_ZONEPAD_8_V2.jpg\",\"contentUrl\":\"\/app\/uploads\/sites\/2\/OA_ZONEPAD_8_V2.jpg\",\"width\":2000,\"height\":2000},{\"@type\":\"BreadcrumbList\",\"@id\":\"https:\/\/distribution.audio-technica.eu\/es-es\/productos\/zonepad-8\/#breadcrumb\",\"itemListElement\":[{\"@type\":\"ListItem\",\"position\":1,\"name\":\"Products\",\"item\":\"https:\/\/distribution.audio-technica.eu\/es-es\/\"},{\"@type\":\"ListItem\",\"position\":2,\"name\":\"Productos\",\"item\":\"https:\/\/distribution.audio-technica.eu\/es-es\/productos\/\"},{\"@type\":\"ListItem\",\"position\":3,\"name\":\"ZonePad 8\"}]},{\"@type\":\"WebSite\",\"@id\":\"https:\/\/distribution.audio-technica.eu\/es-es\/#website\",\"url\":\"https:\/\/distribution.audio-technica.eu\/es-es\/\",\"name\":\"Audio-Technica Iberia\",\"description\":\"Distribuci\u00f3n\",\"potentialAction\":[{\"@type\":\"SearchAction\",\"target\":{\"@type\":\"EntryPoint\",\"urlTemplate\":\"https:\/\/distribution.audio-technica.eu\/es-es\/?s={search_term_string}\"},\"query-input\":{\"@type\":\"PropertyValueSpecification\",\"valueRequired\":true,\"valueName\":\"search_term_string\"}}],\"inLanguage\":\"es\"}]}<\/script>\n<!-- \/ Yoast SEO plugin. -->","yoast_head_json":{"title":"ZonePad 8 - Audio-Technica Iberia","robots":{"index":"index","follow":"follow","max-snippet":"max-snippet:-1","max-image-preview":"max-image-preview:large","max-video-preview":"max-video-preview:-1"},"canonical":"https:\/\/distribution.audio-technica.eu\/es-es\/productos\/zonepad-8\/","og_locale":"es_ES","og_type":"article","og_title":"ZonePad 8 - Audio-Technica Iberia","og_description":"Controlador de 8 zonas con pantalla t\u00e1ctil, para montaje en pared   Panel t\u00e1ctil de vidrio templado de 8 pulgadas  Duradero y resistente a los impactos  F\u00e1cil instalaci\u00f3n  Auto detecci\u00f3n de controladores de zona  Flexibles opciones de montaje  &nbsp;","og_url":"https:\/\/distribution.audio-technica.eu\/es-es\/productos\/zonepad-8\/","og_site_name":"Audio-Technica Iberia","article_modified_time":"2026-02-19T14:03:05+00:00","og_image":[{"width":2000,"height":2000,"url":"https:\/\/distribution.audio-technica.eu\/app\/uploads\/sites\/2\/OA_ZONEPAD_8_V2.jpg","type":"image\/jpeg"}],"twitter_card":"summary_large_image","twitter_misc":{"Tiempo de lectura":"2 minutos"},"schema":{"@context":"https:\/\/schema.org","@graph":[{"@type":"WebPage","@id":"https:\/\/distribution.audio-technica.eu\/es-es\/productos\/zonepad-8\/","url":"https:\/\/distribution.audio-technica.eu\/es-es\/productos\/zonepad-8\/","name":"ZonePad 8 - Audio-Technica Iberia","isPartOf":{"@id":"https:\/\/distribution.audio-technica.eu\/es-es\/#website"},"primaryImageOfPage":{"@id":"https:\/\/distribution.audio-technica.eu\/es-es\/productos\/zonepad-8\/#primaryimage"},"image":{"@id":"https:\/\/distribution.audio-technica.eu\/es-es\/productos\/zonepad-8\/#primaryimage"},"thumbnailUrl":"\/app\/uploads\/sites\/2\/OA_ZONEPAD_8_V2.jpg","datePublished":"2025-06-02T13:48:00+00:00","dateModified":"2026-02-19T14:03:05+00:00","breadcrumb":{"@id":"https:\/\/distribution.audio-technica.eu\/es-es\/productos\/zonepad-8\/#breadcrumb"},"inLanguage":"es","potentialAction":[{"@type":"ReadAction","target":["https:\/\/distribution.audio-technica.eu\/es-es\/productos\/zonepad-8\/"]}]},{"@type":"ImageObject","inLanguage":"es","@id":"https:\/\/distribution.audio-technica.eu\/es-es\/productos\/zonepad-8\/#primaryimage","url":"\/app\/uploads\/sites\/2\/OA_ZONEPAD_8_V2.jpg","contentUrl":"\/app\/uploads\/sites\/2\/OA_ZONEPAD_8_V2.jpg","width":2000,"height":2000},{"@type":"BreadcrumbList","@id":"https:\/\/distribution.audio-technica.eu\/es-es\/productos\/zonepad-8\/#breadcrumb","itemListElement":[{"@type":"ListItem","position":1,"name":"Products","item":"https:\/\/distribution.audio-technica.eu\/es-es\/"},{"@type":"ListItem","position":2,"name":"Productos","item":"https:\/\/distribution.audio-technica.eu\/es-es\/productos\/"},{"@type":"ListItem","position":3,"name":"ZonePad 8"}]},{"@type":"WebSite","@id":"https:\/\/distribution.audio-technica.eu\/es-es\/#website","url":"https:\/\/distribution.audio-technica.eu\/es-es\/","name":"Audio-Technica Iberia","description":"Distribuci\u00f3n","potentialAction":[{"@type":"SearchAction","target":{"@type":"EntryPoint","urlTemplate":"https:\/\/distribution.audio-technica.eu\/es-es\/?s={search_term_string}"},"query-input":{"@type":"PropertyValueSpecification","valueRequired":true,"valueName":"search_term_string"}}],"inLanguage":"es"}]}},"_links":{"self":[{"href":"https:\/\/distribution.audio-technica.eu\/es-es\/wp-json\/wp\/v2\/product\/40769","targetHints":{"allow":["GET"]}}],"collection":[{"href":"https:\/\/distribution.audio-technica.eu\/es-es\/wp-json\/wp\/v2\/product"}],"about":[{"href":"https:\/\/distribution.audio-technica.eu\/es-es\/wp-json\/wp\/v2\/types\/product"}],"wp:featuredmedia":[{"embeddable":true,"href":"https:\/\/distribution.audio-technica.eu\/es-es\/wp-json\/wp\/v2\/media\/40765"}],"wp:attachment":[{"href":"https:\/\/distribution.audio-technica.eu\/es-es\/wp-json\/wp\/v2\/media?parent=40769"}],"wp:term":[{"taxonomy":"product_brand","embeddable":true,"href":"https:\/\/distribution.audio-technica.eu\/es-es\/wp-json\/wp\/v2\/product_brand?post=40769"},{"taxonomy":"product_cat","embeddable":true,"href":"https:\/\/distribution.audio-technica.eu\/es-es\/wp-json\/wp\/v2\/product_cat?post=40769"},{"taxonomy":"product_tag","embeddable":true,"href":"https:\/\/distribution.audio-technica.eu\/es-es\/wp-json\/wp\/v2\/product_tag?post=40769"}],"curies":[{"name":"wp","href":"https:\/\/api.w.org\/{rel}","templated":true}]}}