{"id":40996,"date":"2025-07-17T15:19:16","date_gmt":"2025-07-17T13:19:16","guid":{"rendered":"https:\/\/distribution.audio-technica.eu\/es-es\/?post_type=product&#038;p=40996"},"modified":"2026-02-19T14:24:03","modified_gmt":"2026-02-19T13:24:03","slug":"blackline-q8","status":"publish","type":"product","link":"https:\/\/distribution.audio-technica.eu\/es-es\/productos\/blackline-q8\/","title":{"rendered":"Blackline Q8"},"content":{"rendered":"<h2>Blackline Q8<\/h2>\n<h3>Recinto pasivo compacto port\u00e1til de 2 v\u00edas, 8&#8243;<\/h3>\n<p>El Blackline Q8 es un altavoz pasivo de dos v\u00edas ultra compacto, que incorpora un altavoz de graves de 8\u201d (200 mm) con bobina m\u00f3vil de 2\u201d (50 mm) y un motor de compresi\u00f3n de agudos con salida de 1\u201d (25 mm) y c\u00fapula de 1\u201d (25 mm). Dispone de una bocina de Dispersi\u00f3n Diferencial que proporciona una cobertura m\u00e1s amplia y uniforme, la cual puede girarse f\u00e1cilmente para orientaci\u00f3n horizontal o vertical, seg\u00fan las necesidades de instalaci\u00f3n. A pesar de su reducido tama\u00f1o, el Q8 ofrece unas prestaciones impresionantes, alcanzando un SPL pico de 121 dB (127 dB con factor de cresta 4).<\/p>\n<p>Como altavoz aut\u00f3nomo, el Blackline Q8 ofrece una versatilidad excepcional en una amplia variedad de aplicaciones profesionales, que abarcan desde refuerzo sonoro distribuido y lugares de culto, hasta eventos audiovisuales, funciones de front-fill o in-fill, e incluso como monitor de escenario compacto.<\/p>\n<p>Cuando se combina con un subgrave BlacklineQ, se convierte en un sistema sencillo pero potente, ideal tanto para uso port\u00e1til como para instalaciones fijas que requieran una soluci\u00f3n discreta, capaz de ofrecer un sonido impecable en distancias de cobertura cortas a medias.<\/p>\n<p>El Q8 est\u00e1 fabricado en contrachapado resistente y acabado con pintura negra texturizada de larga duraci\u00f3n. Dispone de una rejilla de acero fijada mediante tornillos, inserciones M6 para soportes de pared, inserciones M8 para yugos o suspensi\u00f3n mediante c\u00e1ncamos, y un alojamiento para m\u00e1stil con tapa extra\u00edble, que permite mantener un dise\u00f1o depurado en aplicaciones de instalaci\u00f3n.<\/p>\n<p>Se recomienda utilizar este sistema pasivo de dos v\u00edas y gama completa con un procesador y un amplificador, o con una unidad combinada de amplificador y procesador, como por ejemplo un procesador DX junto con un amplificador VIA, o un amplificador iKON con procesador integrado.<\/p>\n<p>&nbsp;<\/p>\n<p><strong>Aplicaciones<\/strong><\/p>\n<ul>\n<li>Refuerzo sonoro port\u00e1til<\/li>\n<li>Monitorizaci\u00f3n esc\u00e9nica discreta<\/li>\n<li>Salas de m\u00fasica en directo<\/li>\n<li>Eventos corporativos<\/li>\n<li>Bares y restaurantes<\/li>\n<li>Discotecas<\/li>\n<li>Lugares de culto<\/li>\n<\/ul>\n<p>&nbsp;<\/p>\n","protected":false},"excerpt":{"rendered":"<h3>Recinto pasivo compacto port\u00e1til de 2 v\u00edas, 8&#8243;<\/h3>\n<ul>\n<li>Sistema 2 v\u00edas pasivo ultra compacto<\/li>\n<li>Recinto sim\u00e9trico y multifac\u00e9tico de contrachapado<\/li>\n<li>SPL pico de 121 dB<\/li>\n<li>Bocina de dispersi\u00f3n diferencial orientable por el usuario<\/li>\n<li>Dispersi\u00f3n: 90\u00b0\u2013110\u00b0 horizontal \u00d7 50\u00b0 vertical<\/li>\n<li>Orientaci\u00f3n vertical y horizontal<\/li>\n<li>Impedancia nominal de 8\u03a9<\/li>\n<\/ul>\n<p>&nbsp;<\/p>\n","protected":false},"featured_media":40997,"template":"","meta":{"_acf_changed":false},"product_brand":[],"product_cat":[2083,2089,2084,2097,2085,2507],"product_tag":[],"class_list":{"0":"post-40996","1":"product","2":"type-product","3":"status-publish","4":"has-post-thumbnail","6":"product_cat-sistemas-sonido-directo","7":"product_cat-pasivos-portatiles","8":"product_cat-sistemas-instalacion","9":"product_cat-pasivos-fuente-puntual","10":"product_cat-por-series-martin-audio","11":"product_cat-serie-blackline-q","12":"product_series-sefrie-blackline-q","14":"first","15":"instock","16":"shipping-taxable","17":"product-type-simple"},"acf":[],"yoast_head":"<!-- This site is optimized with the Yoast SEO plugin v27.1.1 - https:\/\/yoast.com\/product\/yoast-seo-wordpress\/ -->\n<title>Blackline Q8 - Audio-Technica Iberia<\/title>\n<meta name=\"robots\" content=\"index, follow, max-snippet:-1, max-image-preview:large, max-video-preview:-1\" \/>\n<link rel=\"canonical\" href=\"https:\/\/distribution.audio-technica.eu\/es-es\/productos\/blackline-q8\/\" \/>\n<meta property=\"og:locale\" content=\"es_ES\" \/>\n<meta property=\"og:type\" content=\"article\" \/>\n<meta property=\"og:title\" content=\"Blackline Q8 - Audio-Technica Iberia\" \/>\n<meta property=\"og:description\" content=\"Recinto pasivo compacto port\u00e1til de 2 v\u00edas, 8&quot;   Sistema 2 v\u00edas pasivo ultra compacto  Recinto sim\u00e9trico y multifac\u00e9tico de contrachapado  SPL pico de 121 dB  Bocina de dispersi\u00f3n diferencial orientable por el usuario  Dispersi\u00f3n: 90\u00b0\u2013110\u00b0 horizontal \u00d7 50\u00b0 vertical  Orientaci\u00f3n vertical y horizontal  Impedancia nominal de 8\u03a9  &nbsp;\" \/>\n<meta property=\"og:url\" content=\"https:\/\/distribution.audio-technica.eu\/es-es\/productos\/blackline-q8\/\" \/>\n<meta property=\"og:site_name\" content=\"Audio-Technica Iberia\" \/>\n<meta property=\"article:modified_time\" content=\"2026-02-19T13:24:03+00:00\" \/>\n<meta property=\"og:image\" content=\"https:\/\/distribution.audio-technica.eu\/app\/uploads\/sites\/2\/Q8-quarter.jpg\" \/>\n\t<meta property=\"og:image:width\" content=\"2000\" \/>\n\t<meta property=\"og:image:height\" content=\"2000\" \/>\n\t<meta property=\"og:image:type\" content=\"image\/jpeg\" \/>\n<meta name=\"twitter:card\" content=\"summary_large_image\" \/>\n<meta name=\"twitter:label1\" content=\"Tiempo de lectura\" \/>\n\t<meta name=\"twitter:data1\" content=\"2 minutos\" \/>\n<script type=\"application\/ld+json\" class=\"yoast-schema-graph\">{\"@context\":\"https:\/\/schema.org\",\"@graph\":[{\"@type\":\"WebPage\",\"@id\":\"https:\/\/distribution.audio-technica.eu\/es-es\/productos\/blackline-q8\/\",\"url\":\"https:\/\/distribution.audio-technica.eu\/es-es\/productos\/blackline-q8\/\",\"name\":\"Blackline Q8 - Audio-Technica Iberia\",\"isPartOf\":{\"@id\":\"https:\/\/distribution.audio-technica.eu\/es-es\/#website\"},\"primaryImageOfPage\":{\"@id\":\"https:\/\/distribution.audio-technica.eu\/es-es\/productos\/blackline-q8\/#primaryimage\"},\"image\":{\"@id\":\"https:\/\/distribution.audio-technica.eu\/es-es\/productos\/blackline-q8\/#primaryimage\"},\"thumbnailUrl\":\"\/app\/uploads\/sites\/2\/Q8-quarter.jpg\",\"datePublished\":\"2025-07-17T13:19:16+00:00\",\"dateModified\":\"2026-02-19T13:24:03+00:00\",\"breadcrumb\":{\"@id\":\"https:\/\/distribution.audio-technica.eu\/es-es\/productos\/blackline-q8\/#breadcrumb\"},\"inLanguage\":\"es\",\"potentialAction\":[{\"@type\":\"ReadAction\",\"target\":[\"https:\/\/distribution.audio-technica.eu\/es-es\/productos\/blackline-q8\/\"]}]},{\"@type\":\"ImageObject\",\"inLanguage\":\"es\",\"@id\":\"https:\/\/distribution.audio-technica.eu\/es-es\/productos\/blackline-q8\/#primaryimage\",\"url\":\"\/app\/uploads\/sites\/2\/Q8-quarter.jpg\",\"contentUrl\":\"\/app\/uploads\/sites\/2\/Q8-quarter.jpg\",\"width\":2000,\"height\":2000},{\"@type\":\"BreadcrumbList\",\"@id\":\"https:\/\/distribution.audio-technica.eu\/es-es\/productos\/blackline-q8\/#breadcrumb\",\"itemListElement\":[{\"@type\":\"ListItem\",\"position\":1,\"name\":\"Products\",\"item\":\"https:\/\/distribution.audio-technica.eu\/es-es\/\"},{\"@type\":\"ListItem\",\"position\":2,\"name\":\"Productos\",\"item\":\"https:\/\/distribution.audio-technica.eu\/es-es\/productos\/\"},{\"@type\":\"ListItem\",\"position\":3,\"name\":\"Blackline Q8\"}]},{\"@type\":\"WebSite\",\"@id\":\"https:\/\/distribution.audio-technica.eu\/es-es\/#website\",\"url\":\"https:\/\/distribution.audio-technica.eu\/es-es\/\",\"name\":\"Audio-Technica Iberia\",\"description\":\"Distribuci\u00f3n\",\"potentialAction\":[{\"@type\":\"SearchAction\",\"target\":{\"@type\":\"EntryPoint\",\"urlTemplate\":\"https:\/\/distribution.audio-technica.eu\/es-es\/?s={search_term_string}\"},\"query-input\":{\"@type\":\"PropertyValueSpecification\",\"valueRequired\":true,\"valueName\":\"search_term_string\"}}],\"inLanguage\":\"es\"}]}<\/script>\n<!-- \/ Yoast SEO plugin. -->","yoast_head_json":{"title":"Blackline Q8 - Audio-Technica Iberia","robots":{"index":"index","follow":"follow","max-snippet":"max-snippet:-1","max-image-preview":"max-image-preview:large","max-video-preview":"max-video-preview:-1"},"canonical":"https:\/\/distribution.audio-technica.eu\/es-es\/productos\/blackline-q8\/","og_locale":"es_ES","og_type":"article","og_title":"Blackline Q8 - Audio-Technica Iberia","og_description":"Recinto pasivo compacto port\u00e1til de 2 v\u00edas, 8\"   Sistema 2 v\u00edas pasivo ultra compacto  Recinto sim\u00e9trico y multifac\u00e9tico de contrachapado  SPL pico de 121 dB  Bocina de dispersi\u00f3n diferencial orientable por el usuario  Dispersi\u00f3n: 90\u00b0\u2013110\u00b0 horizontal \u00d7 50\u00b0 vertical  Orientaci\u00f3n vertical y horizontal  Impedancia nominal de 8\u03a9  &nbsp;","og_url":"https:\/\/distribution.audio-technica.eu\/es-es\/productos\/blackline-q8\/","og_site_name":"Audio-Technica Iberia","article_modified_time":"2026-02-19T13:24:03+00:00","og_image":[{"width":2000,"height":2000,"url":"https:\/\/distribution.audio-technica.eu\/app\/uploads\/sites\/2\/Q8-quarter.jpg","type":"image\/jpeg"}],"twitter_card":"summary_large_image","twitter_misc":{"Tiempo de lectura":"2 minutos"},"schema":{"@context":"https:\/\/schema.org","@graph":[{"@type":"WebPage","@id":"https:\/\/distribution.audio-technica.eu\/es-es\/productos\/blackline-q8\/","url":"https:\/\/distribution.audio-technica.eu\/es-es\/productos\/blackline-q8\/","name":"Blackline Q8 - Audio-Technica Iberia","isPartOf":{"@id":"https:\/\/distribution.audio-technica.eu\/es-es\/#website"},"primaryImageOfPage":{"@id":"https:\/\/distribution.audio-technica.eu\/es-es\/productos\/blackline-q8\/#primaryimage"},"image":{"@id":"https:\/\/distribution.audio-technica.eu\/es-es\/productos\/blackline-q8\/#primaryimage"},"thumbnailUrl":"\/app\/uploads\/sites\/2\/Q8-quarter.jpg","datePublished":"2025-07-17T13:19:16+00:00","dateModified":"2026-02-19T13:24:03+00:00","breadcrumb":{"@id":"https:\/\/distribution.audio-technica.eu\/es-es\/productos\/blackline-q8\/#breadcrumb"},"inLanguage":"es","potentialAction":[{"@type":"ReadAction","target":["https:\/\/distribution.audio-technica.eu\/es-es\/productos\/blackline-q8\/"]}]},{"@type":"ImageObject","inLanguage":"es","@id":"https:\/\/distribution.audio-technica.eu\/es-es\/productos\/blackline-q8\/#primaryimage","url":"\/app\/uploads\/sites\/2\/Q8-quarter.jpg","contentUrl":"\/app\/uploads\/sites\/2\/Q8-quarter.jpg","width":2000,"height":2000},{"@type":"BreadcrumbList","@id":"https:\/\/distribution.audio-technica.eu\/es-es\/productos\/blackline-q8\/#breadcrumb","itemListElement":[{"@type":"ListItem","position":1,"name":"Products","item":"https:\/\/distribution.audio-technica.eu\/es-es\/"},{"@type":"ListItem","position":2,"name":"Productos","item":"https:\/\/distribution.audio-technica.eu\/es-es\/productos\/"},{"@type":"ListItem","position":3,"name":"Blackline Q8"}]},{"@type":"WebSite","@id":"https:\/\/distribution.audio-technica.eu\/es-es\/#website","url":"https:\/\/distribution.audio-technica.eu\/es-es\/","name":"Audio-Technica Iberia","description":"Distribuci\u00f3n","potentialAction":[{"@type":"SearchAction","target":{"@type":"EntryPoint","urlTemplate":"https:\/\/distribution.audio-technica.eu\/es-es\/?s={search_term_string}"},"query-input":{"@type":"PropertyValueSpecification","valueRequired":true,"valueName":"search_term_string"}}],"inLanguage":"es"}]}},"_links":{"self":[{"href":"https:\/\/distribution.audio-technica.eu\/es-es\/wp-json\/wp\/v2\/product\/40996","targetHints":{"allow":["GET"]}}],"collection":[{"href":"https:\/\/distribution.audio-technica.eu\/es-es\/wp-json\/wp\/v2\/product"}],"about":[{"href":"https:\/\/distribution.audio-technica.eu\/es-es\/wp-json\/wp\/v2\/types\/product"}],"wp:featuredmedia":[{"embeddable":true,"href":"https:\/\/distribution.audio-technica.eu\/es-es\/wp-json\/wp\/v2\/media\/40997"}],"wp:attachment":[{"href":"https:\/\/distribution.audio-technica.eu\/es-es\/wp-json\/wp\/v2\/media?parent=40996"}],"wp:term":[{"taxonomy":"product_brand","embeddable":true,"href":"https:\/\/distribution.audio-technica.eu\/es-es\/wp-json\/wp\/v2\/product_brand?post=40996"},{"taxonomy":"product_cat","embeddable":true,"href":"https:\/\/distribution.audio-technica.eu\/es-es\/wp-json\/wp\/v2\/product_cat?post=40996"},{"taxonomy":"product_tag","embeddable":true,"href":"https:\/\/distribution.audio-technica.eu\/es-es\/wp-json\/wp\/v2\/product_tag?post=40996"}],"curies":[{"name":"wp","href":"https:\/\/api.w.org\/{rel}","templated":true}]}}