{"id":41006,"date":"2025-07-17T16:43:01","date_gmt":"2025-07-17T14:43:01","guid":{"rendered":"https:\/\/distribution.audio-technica.eu\/es-es\/?post_type=product&#038;p=41006"},"modified":"2026-02-19T14:33:21","modified_gmt":"2026-02-19T13:33:21","slug":"blackline-q10","status":"publish","type":"product","link":"https:\/\/distribution.audio-technica.eu\/es-es\/productos\/blackline-q10\/","title":{"rendered":"Blackline Q10"},"content":{"rendered":"<h2>Blackline Q10<\/h2>\n<h3>Recinto pasivo compacto port\u00e1til de 2 v\u00edas, 10&#8243;<\/h3>\n<p>Con un SPL pico de 125 dB (131 dB con un factor de cresta 4), el Blackline Q10 es un sistema de altavoz pasivo de dos v\u00edas, compacto pero de alto rendimiento. Incorpora un altavoz de graves de 10\u201d (250 mm) con bobina m\u00f3vil de 2,5\u201d (63 mm) y un motor de compresi\u00f3n de altas frecuencias con salida de 1\u201d (25 mm) y c\u00fapula de 1,4\u201d (36 mm). El sistema cuenta con una bocina de Dispersi\u00f3n Diferencial (Differential Dispersion), que proporciona una cobertura m\u00e1s amplia y uniforme, y que puede girarse f\u00e1cilmente para orientaci\u00f3n horizontal o vertical, en funci\u00f3n de los requisitos de instalaci\u00f3n.<\/p>\n<p>El Blackline Q10 ofrece una versatilidad excepcional en una amplia gama de aplicaciones profesionales, que incluyen desde refuerzo sonoro distribuido, lugares de culto y eventos audiovisuales, hasta funciones de front-fill o in-fill y uso como discreto monitor de escenario. Su alto rendimiento en t\u00e9rminos de presi\u00f3n sonora lo hace especialmente indicado para bares musicales y clubes que exigen niveles de sonido potentes en un recinto compacto.<\/p>\n<p>Cuando se combina con un subgrave de la Serie BlacklineQ, el Q10 se convierte en un sistema notablemente potente pero port\u00e1til, ideal para peque\u00f1as pistas de baile o aplicaciones de refuerzo sonoro en las que el espacio es limitado pero el rendimiento resulta fundamental.<\/p>\n<p>Fabricado en resistente contrachapado de madera y acabado con pintura negra texturizada de larga duraci\u00f3n, el Q10 dispone de una rejilla de acero fijada mediante tornillos, inserciones M8 para soportes de pared, yugos o suspensi\u00f3n mediante c\u00e1ncamos, y un alojamiento para m\u00e1stil con tapa extra\u00edble que permite mantener un dise\u00f1o depurado en aplicaciones de instalaci\u00f3n.<\/p>\n<p>Se recomienda utilizar este sistema pasivo de dos v\u00edas y gama completa en combinaci\u00f3n con un procesador y un amplificador, o bien con una unidad combinada de amplificador y procesador, como un procesador DX junto con un amplificador VIA, o un amplificador iKON con procesador integrado.<\/p>\n<p>&nbsp;<\/p>\n<p><strong>Aplicaciones<\/strong><\/p>\n<ul>\n<li>Refuerzo sonoro port\u00e1til<\/li>\n<li>Salas de m\u00fasica en directo<\/li>\n<li>Bares y restaurantes<\/li>\n<li>Clubs nocturnos<\/li>\n<li>Monitorizaci\u00f3n esc\u00e9nica discreta<\/li>\n<li>Eventos AV corporativos y conferencias<\/li>\n<li>Bodas y fiestas<\/li>\n<li>Relleno de PA principal<\/li>\n<li>Escenarios secundarios en festivales<\/li>\n<li>Lugares de culto, centros de ocio y establecimientos comerciales<\/li>\n<\/ul>\n<p>&nbsp;<\/p>\n<p>&nbsp;<\/p>\n","protected":false},"excerpt":{"rendered":"<h3>Recinto pasivo compacto port\u00e1til de 2 v\u00edas, 10&#8243;<\/h3>\n<ul>\n<li>Compacto sistema pasivo de 2 v\u00edas<\/li>\n<li>Recinto sim\u00e9trico y multifac\u00e9tico fabricado con madera contrachapada<\/li>\n<li>SPL pico de 125 dB<\/li>\n<li>Bocina de dispersi\u00f3n diferencial orientable por el usuario<\/li>\n<li>Dispersi\u00f3n: 90\u00b0\u2013110\u00b0 horizontal \u00d7 50\u00b0 vertical<\/li>\n<li>Orientaci\u00f3n vertical y horizontal<\/li>\n<li>Impedancia nominal de 8\u03a9<\/li>\n<li><\/li>\n<\/ul>\n","protected":false},"featured_media":41007,"template":"","meta":{"_acf_changed":false},"product_brand":[],"product_cat":[2083,2089,2084,2097,2085,2507],"product_tag":[],"class_list":{"0":"post-41006","1":"product","2":"type-product","3":"status-publish","4":"has-post-thumbnail","6":"product_cat-sistemas-sonido-directo","7":"product_cat-pasivos-portatiles","8":"product_cat-sistemas-instalacion","9":"product_cat-pasivos-fuente-puntual","10":"product_cat-por-series-martin-audio","11":"product_cat-serie-blackline-q","12":"product_series-sefrie-blackline-q","14":"first","15":"instock","16":"shipping-taxable","17":"product-type-simple"},"acf":[],"yoast_head":"<!-- This site is optimized with the Yoast SEO plugin v27.1.1 - https:\/\/yoast.com\/product\/yoast-seo-wordpress\/ -->\n<title>Blackline Q10 - Audio-Technica Iberia<\/title>\n<meta name=\"robots\" content=\"index, follow, max-snippet:-1, max-image-preview:large, max-video-preview:-1\" \/>\n<link rel=\"canonical\" href=\"https:\/\/distribution.audio-technica.eu\/es-es\/productos\/blackline-q10\/\" \/>\n<meta property=\"og:locale\" content=\"es_ES\" \/>\n<meta property=\"og:type\" content=\"article\" \/>\n<meta property=\"og:title\" content=\"Blackline Q10 - Audio-Technica Iberia\" \/>\n<meta property=\"og:description\" content=\"Recinto pasivo compacto port\u00e1til de 2 v\u00edas, 10&quot;   Compacto sistema pasivo de 2 v\u00edas  Recinto sim\u00e9trico y multifac\u00e9tico fabricado con madera contrachapada  SPL pico de 125 dB  Bocina de dispersi\u00f3n diferencial orientable por el usuario  Dispersi\u00f3n: 90\u00b0\u2013110\u00b0 horizontal \u00d7 50\u00b0 vertical  Orientaci\u00f3n vertical y horizontal  Impedancia nominal de 8\u03a9\" \/>\n<meta property=\"og:url\" content=\"https:\/\/distribution.audio-technica.eu\/es-es\/productos\/blackline-q10\/\" \/>\n<meta property=\"og:site_name\" content=\"Audio-Technica Iberia\" \/>\n<meta property=\"article:modified_time\" content=\"2026-02-19T13:33:21+00:00\" \/>\n<meta property=\"og:image\" content=\"https:\/\/distribution.audio-technica.eu\/app\/uploads\/sites\/2\/Q10-quarter.jpg\" \/>\n\t<meta property=\"og:image:width\" content=\"2000\" \/>\n\t<meta property=\"og:image:height\" content=\"2000\" \/>\n\t<meta property=\"og:image:type\" content=\"image\/jpeg\" \/>\n<meta name=\"twitter:card\" content=\"summary_large_image\" \/>\n<meta name=\"twitter:label1\" content=\"Tiempo de lectura\" \/>\n\t<meta name=\"twitter:data1\" content=\"2 minutos\" \/>\n<script type=\"application\/ld+json\" class=\"yoast-schema-graph\">{\"@context\":\"https:\/\/schema.org\",\"@graph\":[{\"@type\":\"WebPage\",\"@id\":\"https:\/\/distribution.audio-technica.eu\/es-es\/productos\/blackline-q10\/\",\"url\":\"https:\/\/distribution.audio-technica.eu\/es-es\/productos\/blackline-q10\/\",\"name\":\"Blackline Q10 - Audio-Technica Iberia\",\"isPartOf\":{\"@id\":\"https:\/\/distribution.audio-technica.eu\/es-es\/#website\"},\"primaryImageOfPage\":{\"@id\":\"https:\/\/distribution.audio-technica.eu\/es-es\/productos\/blackline-q10\/#primaryimage\"},\"image\":{\"@id\":\"https:\/\/distribution.audio-technica.eu\/es-es\/productos\/blackline-q10\/#primaryimage\"},\"thumbnailUrl\":\"\/app\/uploads\/sites\/2\/Q10-quarter.jpg\",\"datePublished\":\"2025-07-17T14:43:01+00:00\",\"dateModified\":\"2026-02-19T13:33:21+00:00\",\"breadcrumb\":{\"@id\":\"https:\/\/distribution.audio-technica.eu\/es-es\/productos\/blackline-q10\/#breadcrumb\"},\"inLanguage\":\"es\",\"potentialAction\":[{\"@type\":\"ReadAction\",\"target\":[\"https:\/\/distribution.audio-technica.eu\/es-es\/productos\/blackline-q10\/\"]}]},{\"@type\":\"ImageObject\",\"inLanguage\":\"es\",\"@id\":\"https:\/\/distribution.audio-technica.eu\/es-es\/productos\/blackline-q10\/#primaryimage\",\"url\":\"\/app\/uploads\/sites\/2\/Q10-quarter.jpg\",\"contentUrl\":\"\/app\/uploads\/sites\/2\/Q10-quarter.jpg\",\"width\":2000,\"height\":2000},{\"@type\":\"BreadcrumbList\",\"@id\":\"https:\/\/distribution.audio-technica.eu\/es-es\/productos\/blackline-q10\/#breadcrumb\",\"itemListElement\":[{\"@type\":\"ListItem\",\"position\":1,\"name\":\"Products\",\"item\":\"https:\/\/distribution.audio-technica.eu\/es-es\/\"},{\"@type\":\"ListItem\",\"position\":2,\"name\":\"Productos\",\"item\":\"https:\/\/distribution.audio-technica.eu\/es-es\/productos\/\"},{\"@type\":\"ListItem\",\"position\":3,\"name\":\"Blackline Q10\"}]},{\"@type\":\"WebSite\",\"@id\":\"https:\/\/distribution.audio-technica.eu\/es-es\/#website\",\"url\":\"https:\/\/distribution.audio-technica.eu\/es-es\/\",\"name\":\"Audio-Technica Iberia\",\"description\":\"Distribuci\u00f3n\",\"potentialAction\":[{\"@type\":\"SearchAction\",\"target\":{\"@type\":\"EntryPoint\",\"urlTemplate\":\"https:\/\/distribution.audio-technica.eu\/es-es\/?s={search_term_string}\"},\"query-input\":{\"@type\":\"PropertyValueSpecification\",\"valueRequired\":true,\"valueName\":\"search_term_string\"}}],\"inLanguage\":\"es\"}]}<\/script>\n<!-- \/ Yoast SEO plugin. -->","yoast_head_json":{"title":"Blackline Q10 - Audio-Technica Iberia","robots":{"index":"index","follow":"follow","max-snippet":"max-snippet:-1","max-image-preview":"max-image-preview:large","max-video-preview":"max-video-preview:-1"},"canonical":"https:\/\/distribution.audio-technica.eu\/es-es\/productos\/blackline-q10\/","og_locale":"es_ES","og_type":"article","og_title":"Blackline Q10 - Audio-Technica Iberia","og_description":"Recinto pasivo compacto port\u00e1til de 2 v\u00edas, 10\"   Compacto sistema pasivo de 2 v\u00edas  Recinto sim\u00e9trico y multifac\u00e9tico fabricado con madera contrachapada  SPL pico de 125 dB  Bocina de dispersi\u00f3n diferencial orientable por el usuario  Dispersi\u00f3n: 90\u00b0\u2013110\u00b0 horizontal \u00d7 50\u00b0 vertical  Orientaci\u00f3n vertical y horizontal  Impedancia nominal de 8\u03a9","og_url":"https:\/\/distribution.audio-technica.eu\/es-es\/productos\/blackline-q10\/","og_site_name":"Audio-Technica Iberia","article_modified_time":"2026-02-19T13:33:21+00:00","og_image":[{"width":2000,"height":2000,"url":"https:\/\/distribution.audio-technica.eu\/app\/uploads\/sites\/2\/Q10-quarter.jpg","type":"image\/jpeg"}],"twitter_card":"summary_large_image","twitter_misc":{"Tiempo de lectura":"2 minutos"},"schema":{"@context":"https:\/\/schema.org","@graph":[{"@type":"WebPage","@id":"https:\/\/distribution.audio-technica.eu\/es-es\/productos\/blackline-q10\/","url":"https:\/\/distribution.audio-technica.eu\/es-es\/productos\/blackline-q10\/","name":"Blackline Q10 - Audio-Technica Iberia","isPartOf":{"@id":"https:\/\/distribution.audio-technica.eu\/es-es\/#website"},"primaryImageOfPage":{"@id":"https:\/\/distribution.audio-technica.eu\/es-es\/productos\/blackline-q10\/#primaryimage"},"image":{"@id":"https:\/\/distribution.audio-technica.eu\/es-es\/productos\/blackline-q10\/#primaryimage"},"thumbnailUrl":"\/app\/uploads\/sites\/2\/Q10-quarter.jpg","datePublished":"2025-07-17T14:43:01+00:00","dateModified":"2026-02-19T13:33:21+00:00","breadcrumb":{"@id":"https:\/\/distribution.audio-technica.eu\/es-es\/productos\/blackline-q10\/#breadcrumb"},"inLanguage":"es","potentialAction":[{"@type":"ReadAction","target":["https:\/\/distribution.audio-technica.eu\/es-es\/productos\/blackline-q10\/"]}]},{"@type":"ImageObject","inLanguage":"es","@id":"https:\/\/distribution.audio-technica.eu\/es-es\/productos\/blackline-q10\/#primaryimage","url":"\/app\/uploads\/sites\/2\/Q10-quarter.jpg","contentUrl":"\/app\/uploads\/sites\/2\/Q10-quarter.jpg","width":2000,"height":2000},{"@type":"BreadcrumbList","@id":"https:\/\/distribution.audio-technica.eu\/es-es\/productos\/blackline-q10\/#breadcrumb","itemListElement":[{"@type":"ListItem","position":1,"name":"Products","item":"https:\/\/distribution.audio-technica.eu\/es-es\/"},{"@type":"ListItem","position":2,"name":"Productos","item":"https:\/\/distribution.audio-technica.eu\/es-es\/productos\/"},{"@type":"ListItem","position":3,"name":"Blackline Q10"}]},{"@type":"WebSite","@id":"https:\/\/distribution.audio-technica.eu\/es-es\/#website","url":"https:\/\/distribution.audio-technica.eu\/es-es\/","name":"Audio-Technica Iberia","description":"Distribuci\u00f3n","potentialAction":[{"@type":"SearchAction","target":{"@type":"EntryPoint","urlTemplate":"https:\/\/distribution.audio-technica.eu\/es-es\/?s={search_term_string}"},"query-input":{"@type":"PropertyValueSpecification","valueRequired":true,"valueName":"search_term_string"}}],"inLanguage":"es"}]}},"_links":{"self":[{"href":"https:\/\/distribution.audio-technica.eu\/es-es\/wp-json\/wp\/v2\/product\/41006","targetHints":{"allow":["GET"]}}],"collection":[{"href":"https:\/\/distribution.audio-technica.eu\/es-es\/wp-json\/wp\/v2\/product"}],"about":[{"href":"https:\/\/distribution.audio-technica.eu\/es-es\/wp-json\/wp\/v2\/types\/product"}],"wp:featuredmedia":[{"embeddable":true,"href":"https:\/\/distribution.audio-technica.eu\/es-es\/wp-json\/wp\/v2\/media\/41007"}],"wp:attachment":[{"href":"https:\/\/distribution.audio-technica.eu\/es-es\/wp-json\/wp\/v2\/media?parent=41006"}],"wp:term":[{"taxonomy":"product_brand","embeddable":true,"href":"https:\/\/distribution.audio-technica.eu\/es-es\/wp-json\/wp\/v2\/product_brand?post=41006"},{"taxonomy":"product_cat","embeddable":true,"href":"https:\/\/distribution.audio-technica.eu\/es-es\/wp-json\/wp\/v2\/product_cat?post=41006"},{"taxonomy":"product_tag","embeddable":true,"href":"https:\/\/distribution.audio-technica.eu\/es-es\/wp-json\/wp\/v2\/product_tag?post=41006"}],"curies":[{"name":"wp","href":"https:\/\/api.w.org\/{rel}","templated":true}]}}