{"id":41034,"date":"2025-07-17T16:58:43","date_gmt":"2025-07-17T14:58:43","guid":{"rendered":"https:\/\/distribution.audio-technica.eu\/es-es\/?post_type=product&#038;p=41034"},"modified":"2026-02-19T14:23:21","modified_gmt":"2026-02-19T13:23:21","slug":"blackline-q26","status":"publish","type":"product","link":"https:\/\/distribution.audio-technica.eu\/es-es\/productos\/blackline-q26\/","title":{"rendered":"Blackline Q26"},"content":{"rendered":"<h2>Blackline Q26<\/h2>\n<h3>Recinto pasivo port\u00e1til tipo columna de 2 v\u00edas con 2&#215;6&#8243;<\/h3>\n<p>Dise\u00f1ado para recintos en los que la claridad y el control son fundamentales, el Blackline Q26 es un compacto altavoz tipo columna que ofrece un SPL pico de 125 dB (131 dB con un factor de cresta 4), proporcionando una cobertura precisa desde un formato discreto.<\/p>\n<p>Puede funcionar como sistema aut\u00f3nomo o complementarse con el subgrave Blackline Q210, lo que lo hace igualmente adecuado para espacios esc\u00e9nicos, eventos corporativos y lugares de culto.<\/p>\n<p>El Q26 es una soluci\u00f3n ideal para empresas de alquiler que buscan refuerzo vocal elegante, con un ancho de banda ampliado y una musicalidad refinada, mientras que los instaladores se benefician de sus vers\u00e1tiles opciones de montaje.<\/p>\n<p>El Q26 incorpora dos altavoces de bajas frecuencias de 6\u201d (150 mm) con bobina m\u00f3vil de 1,5\u201d (38 mm) y un motor de compresi\u00f3n de altas frecuencias con salida de 1\u201d (25 mm) y c\u00fapula de 1\u201d (25 mm). Una trompeta de Dispersi\u00f3n Diferencial (Differential Dispersion) garantiza una cobertura amplia y uniforme.<\/p>\n<p>Dispone de un alojamiento para m\u00e1stil con tapa extra\u00edble que mantiene un dise\u00f1o depurado en aplicaciones de instalaci\u00f3n. Est\u00e1 acabado en pintura negra o blanca de gran resistencia.<\/p>\n<p>Dise\u00f1ado para ofrecer claridad y control, el Q44 se integra perfectamente en sistemas de mayor envergadura o funciona como soluci\u00f3n independiente all\u00ed donde la est\u00e9tica y el rendimiento son igualmente importantes.<\/p>\n<p>Se recomienda utilizar el Q26 con un procesador y un amplificador, o bien con una unidad combinada de amplificador y procesador, como un procesador DX junto con un amplificador VIA, o un amplificador iKON con procesador integrado.<\/p>\n<p>&nbsp;<\/p>\n<p><strong>Aplicaciones<\/strong><\/p>\n<ul>\n<li>Refuerzo sonoro port\u00e1til<\/li>\n<li>Bares y restaurantes<\/li>\n<li>Eventos audiovisuales corporativos y conferencias<\/li>\n<li>Bodas y fiestas<\/li>\n<li>Lugares de culto<\/li>\n<\/ul>\n<p>&nbsp;<\/p>\n<p>&nbsp;<\/p>\n<p>&nbsp;<\/p>\n<p>&nbsp;<\/p>\n<p>&nbsp;<\/p>\n","protected":false},"excerpt":{"rendered":"<h3>Recinto pasivo port\u00e1til tipo columna de 2 v\u00edas con 2&#215;6&#8243;<\/h3>\n<ul>\n<li>Sistema pasivo de dos v\u00edas compacto, ligero, port\u00e1til y con dise\u00f1o discreto<\/li>\n<li>SPL pico de 125 dB (131 dB con factor de cresta 4)<\/li>\n<li>Bocina de Dispersi\u00f3n Diferencial<\/li>\n<li>Dispersi\u00f3n: 100\u00b0\u2013120\u00b0 horizontal \u00d7 35\u00b0 vertical<\/li>\n<li>Impedancia nominal de 8 \u03a9<\/li>\n<li>Flexibles opciones de montaje mediante inserciones M8<\/li>\n<\/ul>\n<p>&nbsp;<\/p>\n<p>&nbsp;<\/p>\n<p>&nbsp;<\/p>\n","protected":false},"featured_media":41035,"template":"","meta":{"_acf_changed":false},"product_brand":[],"product_cat":[2083,2089,2084,2097,2085,2507],"product_tag":[],"class_list":{"0":"post-41034","1":"product","2":"type-product","3":"status-publish","4":"has-post-thumbnail","6":"product_cat-sistemas-sonido-directo","7":"product_cat-pasivos-portatiles","8":"product_cat-sistemas-instalacion","9":"product_cat-pasivos-fuente-puntual","10":"product_cat-por-series-martin-audio","11":"product_cat-serie-blackline-q","12":"product_series-sefrie-blackline-q","14":"first","15":"instock","16":"featured","17":"shipping-taxable","18":"product-type-simple"},"acf":[],"yoast_head":"<!-- This site is optimized with the Yoast SEO plugin v27.1.1 - https:\/\/yoast.com\/product\/yoast-seo-wordpress\/ -->\n<title>Blackline Q26 - Audio-Technica Iberia<\/title>\n<meta name=\"robots\" content=\"index, follow, max-snippet:-1, max-image-preview:large, max-video-preview:-1\" \/>\n<link rel=\"canonical\" href=\"https:\/\/distribution.audio-technica.eu\/es-es\/productos\/blackline-q26\/\" \/>\n<meta property=\"og:locale\" content=\"es_ES\" \/>\n<meta property=\"og:type\" content=\"article\" \/>\n<meta property=\"og:title\" content=\"Blackline Q26 - Audio-Technica Iberia\" \/>\n<meta property=\"og:description\" content=\"Recinto pasivo port\u00e1til tipo columna de 2 v\u00edas con 2x6&quot;   Sistema pasivo de dos v\u00edas compacto, ligero, port\u00e1til y con dise\u00f1o discreto  SPL pico de 125 dB (131 dB con factor de cresta 4)  Bocina de Dispersi\u00f3n Diferencial  Dispersi\u00f3n: 100\u00b0\u2013120\u00b0 horizontal \u00d7 35\u00b0 vertical  Impedancia nominal de 8 \u03a9  Flexibles opciones de montaje mediante inserciones M8  &nbsp;  &nbsp;  &nbsp;\" \/>\n<meta property=\"og:url\" content=\"https:\/\/distribution.audio-technica.eu\/es-es\/productos\/blackline-q26\/\" \/>\n<meta property=\"og:site_name\" content=\"Audio-Technica Iberia\" \/>\n<meta property=\"article:modified_time\" content=\"2026-02-19T13:23:21+00:00\" \/>\n<meta property=\"og:image\" content=\"https:\/\/distribution.audio-technica.eu\/app\/uploads\/sites\/2\/Q26-quarter.jpg\" \/>\n\t<meta property=\"og:image:width\" content=\"2000\" \/>\n\t<meta property=\"og:image:height\" content=\"2000\" \/>\n\t<meta property=\"og:image:type\" content=\"image\/jpeg\" \/>\n<meta name=\"twitter:card\" content=\"summary_large_image\" \/>\n<meta name=\"twitter:label1\" content=\"Tiempo de lectura\" \/>\n\t<meta name=\"twitter:data1\" content=\"2 minutos\" \/>\n<script type=\"application\/ld+json\" class=\"yoast-schema-graph\">{\"@context\":\"https:\/\/schema.org\",\"@graph\":[{\"@type\":\"WebPage\",\"@id\":\"https:\/\/distribution.audio-technica.eu\/es-es\/productos\/blackline-q26\/\",\"url\":\"https:\/\/distribution.audio-technica.eu\/es-es\/productos\/blackline-q26\/\",\"name\":\"Blackline Q26 - Audio-Technica Iberia\",\"isPartOf\":{\"@id\":\"https:\/\/distribution.audio-technica.eu\/es-es\/#website\"},\"primaryImageOfPage\":{\"@id\":\"https:\/\/distribution.audio-technica.eu\/es-es\/productos\/blackline-q26\/#primaryimage\"},\"image\":{\"@id\":\"https:\/\/distribution.audio-technica.eu\/es-es\/productos\/blackline-q26\/#primaryimage\"},\"thumbnailUrl\":\"\/app\/uploads\/sites\/2\/Q26-quarter.jpg\",\"datePublished\":\"2025-07-17T14:58:43+00:00\",\"dateModified\":\"2026-02-19T13:23:21+00:00\",\"breadcrumb\":{\"@id\":\"https:\/\/distribution.audio-technica.eu\/es-es\/productos\/blackline-q26\/#breadcrumb\"},\"inLanguage\":\"es\",\"potentialAction\":[{\"@type\":\"ReadAction\",\"target\":[\"https:\/\/distribution.audio-technica.eu\/es-es\/productos\/blackline-q26\/\"]}]},{\"@type\":\"ImageObject\",\"inLanguage\":\"es\",\"@id\":\"https:\/\/distribution.audio-technica.eu\/es-es\/productos\/blackline-q26\/#primaryimage\",\"url\":\"\/app\/uploads\/sites\/2\/Q26-quarter.jpg\",\"contentUrl\":\"\/app\/uploads\/sites\/2\/Q26-quarter.jpg\",\"width\":2000,\"height\":2000},{\"@type\":\"BreadcrumbList\",\"@id\":\"https:\/\/distribution.audio-technica.eu\/es-es\/productos\/blackline-q26\/#breadcrumb\",\"itemListElement\":[{\"@type\":\"ListItem\",\"position\":1,\"name\":\"Products\",\"item\":\"https:\/\/distribution.audio-technica.eu\/es-es\/\"},{\"@type\":\"ListItem\",\"position\":2,\"name\":\"Productos\",\"item\":\"https:\/\/distribution.audio-technica.eu\/es-es\/productos\/\"},{\"@type\":\"ListItem\",\"position\":3,\"name\":\"Blackline Q26\"}]},{\"@type\":\"WebSite\",\"@id\":\"https:\/\/distribution.audio-technica.eu\/es-es\/#website\",\"url\":\"https:\/\/distribution.audio-technica.eu\/es-es\/\",\"name\":\"Audio-Technica Iberia\",\"description\":\"Distribuci\u00f3n\",\"potentialAction\":[{\"@type\":\"SearchAction\",\"target\":{\"@type\":\"EntryPoint\",\"urlTemplate\":\"https:\/\/distribution.audio-technica.eu\/es-es\/?s={search_term_string}\"},\"query-input\":{\"@type\":\"PropertyValueSpecification\",\"valueRequired\":true,\"valueName\":\"search_term_string\"}}],\"inLanguage\":\"es\"}]}<\/script>\n<!-- \/ Yoast SEO plugin. -->","yoast_head_json":{"title":"Blackline Q26 - Audio-Technica Iberia","robots":{"index":"index","follow":"follow","max-snippet":"max-snippet:-1","max-image-preview":"max-image-preview:large","max-video-preview":"max-video-preview:-1"},"canonical":"https:\/\/distribution.audio-technica.eu\/es-es\/productos\/blackline-q26\/","og_locale":"es_ES","og_type":"article","og_title":"Blackline Q26 - Audio-Technica Iberia","og_description":"Recinto pasivo port\u00e1til tipo columna de 2 v\u00edas con 2x6\"   Sistema pasivo de dos v\u00edas compacto, ligero, port\u00e1til y con dise\u00f1o discreto  SPL pico de 125 dB (131 dB con factor de cresta 4)  Bocina de Dispersi\u00f3n Diferencial  Dispersi\u00f3n: 100\u00b0\u2013120\u00b0 horizontal \u00d7 35\u00b0 vertical  Impedancia nominal de 8 \u03a9  Flexibles opciones de montaje mediante inserciones M8  &nbsp;  &nbsp;  &nbsp;","og_url":"https:\/\/distribution.audio-technica.eu\/es-es\/productos\/blackline-q26\/","og_site_name":"Audio-Technica Iberia","article_modified_time":"2026-02-19T13:23:21+00:00","og_image":[{"width":2000,"height":2000,"url":"https:\/\/distribution.audio-technica.eu\/app\/uploads\/sites\/2\/Q26-quarter.jpg","type":"image\/jpeg"}],"twitter_card":"summary_large_image","twitter_misc":{"Tiempo de lectura":"2 minutos"},"schema":{"@context":"https:\/\/schema.org","@graph":[{"@type":"WebPage","@id":"https:\/\/distribution.audio-technica.eu\/es-es\/productos\/blackline-q26\/","url":"https:\/\/distribution.audio-technica.eu\/es-es\/productos\/blackline-q26\/","name":"Blackline Q26 - Audio-Technica Iberia","isPartOf":{"@id":"https:\/\/distribution.audio-technica.eu\/es-es\/#website"},"primaryImageOfPage":{"@id":"https:\/\/distribution.audio-technica.eu\/es-es\/productos\/blackline-q26\/#primaryimage"},"image":{"@id":"https:\/\/distribution.audio-technica.eu\/es-es\/productos\/blackline-q26\/#primaryimage"},"thumbnailUrl":"\/app\/uploads\/sites\/2\/Q26-quarter.jpg","datePublished":"2025-07-17T14:58:43+00:00","dateModified":"2026-02-19T13:23:21+00:00","breadcrumb":{"@id":"https:\/\/distribution.audio-technica.eu\/es-es\/productos\/blackline-q26\/#breadcrumb"},"inLanguage":"es","potentialAction":[{"@type":"ReadAction","target":["https:\/\/distribution.audio-technica.eu\/es-es\/productos\/blackline-q26\/"]}]},{"@type":"ImageObject","inLanguage":"es","@id":"https:\/\/distribution.audio-technica.eu\/es-es\/productos\/blackline-q26\/#primaryimage","url":"\/app\/uploads\/sites\/2\/Q26-quarter.jpg","contentUrl":"\/app\/uploads\/sites\/2\/Q26-quarter.jpg","width":2000,"height":2000},{"@type":"BreadcrumbList","@id":"https:\/\/distribution.audio-technica.eu\/es-es\/productos\/blackline-q26\/#breadcrumb","itemListElement":[{"@type":"ListItem","position":1,"name":"Products","item":"https:\/\/distribution.audio-technica.eu\/es-es\/"},{"@type":"ListItem","position":2,"name":"Productos","item":"https:\/\/distribution.audio-technica.eu\/es-es\/productos\/"},{"@type":"ListItem","position":3,"name":"Blackline Q26"}]},{"@type":"WebSite","@id":"https:\/\/distribution.audio-technica.eu\/es-es\/#website","url":"https:\/\/distribution.audio-technica.eu\/es-es\/","name":"Audio-Technica Iberia","description":"Distribuci\u00f3n","potentialAction":[{"@type":"SearchAction","target":{"@type":"EntryPoint","urlTemplate":"https:\/\/distribution.audio-technica.eu\/es-es\/?s={search_term_string}"},"query-input":{"@type":"PropertyValueSpecification","valueRequired":true,"valueName":"search_term_string"}}],"inLanguage":"es"}]}},"_links":{"self":[{"href":"https:\/\/distribution.audio-technica.eu\/es-es\/wp-json\/wp\/v2\/product\/41034","targetHints":{"allow":["GET"]}}],"collection":[{"href":"https:\/\/distribution.audio-technica.eu\/es-es\/wp-json\/wp\/v2\/product"}],"about":[{"href":"https:\/\/distribution.audio-technica.eu\/es-es\/wp-json\/wp\/v2\/types\/product"}],"wp:featuredmedia":[{"embeddable":true,"href":"https:\/\/distribution.audio-technica.eu\/es-es\/wp-json\/wp\/v2\/media\/41035"}],"wp:attachment":[{"href":"https:\/\/distribution.audio-technica.eu\/es-es\/wp-json\/wp\/v2\/media?parent=41034"}],"wp:term":[{"taxonomy":"product_brand","embeddable":true,"href":"https:\/\/distribution.audio-technica.eu\/es-es\/wp-json\/wp\/v2\/product_brand?post=41034"},{"taxonomy":"product_cat","embeddable":true,"href":"https:\/\/distribution.audio-technica.eu\/es-es\/wp-json\/wp\/v2\/product_cat?post=41034"},{"taxonomy":"product_tag","embeddable":true,"href":"https:\/\/distribution.audio-technica.eu\/es-es\/wp-json\/wp\/v2\/product_tag?post=41034"}],"curies":[{"name":"wp","href":"https:\/\/api.w.org\/{rel}","templated":true}]}}