{"id":41054,"date":"2025-07-17T17:07:57","date_gmt":"2025-07-17T15:07:57","guid":{"rendered":"https:\/\/distribution.audio-technica.eu\/es-es\/?post_type=product&#038;p=41054"},"modified":"2026-02-19T14:33:31","modified_gmt":"2026-02-19T13:33:31","slug":"blackline-q118","status":"publish","type":"product","link":"https:\/\/distribution.audio-technica.eu\/es-es\/productos\/blackline-q118\/","title":{"rendered":"Blackline Q118"},"content":{"rendered":"<h2>Blackline Q118<\/h2>\n<h3>Subgrave pasivo port\u00e1til de 18&#8243;<\/h3>\n<p>El Blackline Q118 es un subgrave compacto y de alto rendimiento, dise\u00f1ado para su uso con altavoces de gama completa de la Serie Blackline Q. Ampl\u00eda la respuesta en bajas frecuencias del sistema hasta los 38 Hz y ofrece un impacto excepcional, alcanzando un SPL pico de 130 dB (136 dB con un factor de cresta 4).<\/p>\n<p>El Q118 incorpora un altavoz de 18\u201d (460 mm) con bobina m\u00f3vil de 4\u201d (100 mm), alojado en un recinto de contrachapado resistente y acabado en pintura negra de larga duraci\u00f3n. Una rejilla de acero perforado, resistente a impactos, protege el altavoz, mientras que los puertos ranurados mejoran la eficiencia y minimizan la turbulencia del ruido.<\/p>\n<p>Dise\u00f1ado para una implementaci\u00f3n vers\u00e1til, el Q118 puede utilizarse de forma individual, apilado o suspendido mediante inserciones M10 integradas. Tambi\u00e9n incluye un alojamiento M20 de 1,4\u201d (35 mm) para m\u00e1stil, que permite una integraci\u00f3n perfecta con otros altavoces de la serie BlacklineQ. Dispone de dos salidas link de se\u00f1al: una situada en la parte superior y otra en la parte inferior del recinto cuando se coloca en posici\u00f3n vertical. Esto permite realizar conexiones de se\u00f1al flexibles, discretas y ordenadas hacia otros altavoces BlacklineQ, independientemente de la configuraci\u00f3n.<\/p>\n<p>Las asas ergon\u00f3micas laterales facilitan su manejo, mientras que las patas de goma en la base se alinean con hendiduras en la superficie superior para garantizar un apilado seguro y estable.<\/p>\n<p>Cuando se combina con sistemas de gama completa de la Serie BlacklineQ, las funciones de crossover y ecualizaci\u00f3n pueden gestionarse mediante los procesadores de sistema DX0.4, DX0.6 o DX4.0, o a trav\u00e9s del DSP integrado en un amplificador iKON.<\/p>\n<p>&nbsp;<\/p>\n<p><strong>Aplicaciones<\/strong><\/p>\n<ul>\n<li>Refuerzo sonoro port\u00e1til<\/li>\n<li>Salas de m\u00fasica en directo<\/li>\n<li>Bares y restaurantes<\/li>\n<li>Discotecas<\/li>\n<li>Eventos audiovisuales corporativos y conferencias<\/li>\n<li>Bodas y fiestas<\/li>\n<li>Escenarios secundarios en festivales<\/li>\n<li>Lugares de culto, centros de ocio y establecimientos comerciales<\/li>\n<\/ul>\n<p>&nbsp;<\/p>\n<p>&nbsp;<\/p>\n<p>&nbsp;<\/p>\n<p>&nbsp;<\/p>\n<p>&nbsp;<\/p>\n<p>&nbsp;<\/p>\n","protected":false},"excerpt":{"rendered":"<h3>Subgrave pasivo port\u00e1til de 18&#8243;<\/h3>\n<ul>\n<li>Subgrave compacto de radiaci\u00f3n directa<\/li>\n<li>1 altavoz de 18\u201d (460 mm) con bobina m\u00f3vil de 4\u201d (102 mm)<\/li>\n<li>SPL pico de 130 dB (136 dB con factor de cresta 4)<\/li>\n<li>Puertos ranurados para reducir el ruido del aire<\/li>\n<li>Rejilla de acero perforado<\/li>\n<li>Alojamiento para m\u00e1stil M20 \/ 1,4\u201d (35 mm)<\/li>\n<li>Impedancia nominal de 8 \u03a9<\/li>\n<li>Asas ergon\u00f3micas integradas<\/li>\n<li>Patas para funcionamiento en posici\u00f3n vertical u horizontal<\/li>\n<li>Hendiduras de encaje para apilado horizontal estable<\/li>\n<li>Inserciones M10 para suspensi\u00f3n<\/li>\n<\/ul>\n<p>&nbsp;<\/p>\n","protected":false},"featured_media":41055,"template":"","meta":{"_acf_changed":false},"product_brand":[],"product_cat":[2083,2089,2091,2084,2097,2100,2085,2507],"product_tag":[],"class_list":{"0":"post-41054","1":"product","2":"type-product","3":"status-publish","4":"has-post-thumbnail","6":"product_cat-sistemas-sonido-directo","7":"product_cat-pasivos-portatiles","8":"product_cat-subgraves-sistemas-sonido-directo","9":"product_cat-sistemas-instalacion","10":"product_cat-pasivos-fuente-puntual","11":"product_cat-subgraves-sistemas-instalacion","12":"product_cat-por-series-martin-audio","13":"product_cat-serie-blackline-q","14":"product_series-sefrie-blackline-q","16":"first","17":"instock","18":"shipping-taxable","19":"product-type-simple"},"acf":[],"yoast_head":"<!-- This site is optimized with the Yoast SEO plugin v27.1.1 - https:\/\/yoast.com\/product\/yoast-seo-wordpress\/ -->\n<title>Blackline Q118 - Audio-Technica Iberia<\/title>\n<meta name=\"robots\" content=\"index, follow, max-snippet:-1, max-image-preview:large, max-video-preview:-1\" \/>\n<link rel=\"canonical\" href=\"https:\/\/distribution.audio-technica.eu\/es-es\/productos\/blackline-q118\/\" \/>\n<meta property=\"og:locale\" content=\"es_ES\" \/>\n<meta property=\"og:type\" content=\"article\" \/>\n<meta property=\"og:title\" content=\"Blackline Q118 - Audio-Technica Iberia\" \/>\n<meta property=\"og:description\" content=\"Subgrave pasivo port\u00e1til de 18&quot;   Subgrave compacto de radiaci\u00f3n directa  1 altavoz de 18\u201d (460 mm) con bobina m\u00f3vil de 4\u201d (102 mm)  SPL pico de 130 dB (136 dB con factor de cresta 4)  Puertos ranurados para reducir el ruido del aire  Rejilla de acero perforado  Alojamiento para m\u00e1stil M20 \/ 1,4\u201d (35 mm)  Impedancia nominal de 8 \u03a9  Asas ergon\u00f3micas integradas  Patas para funcionamiento en posici\u00f3n vertical u horizontal  Hendiduras de encaje para apilado horizontal estable  Inserciones M10 para suspensi\u00f3n  &nbsp;\" \/>\n<meta property=\"og:url\" content=\"https:\/\/distribution.audio-technica.eu\/es-es\/productos\/blackline-q118\/\" \/>\n<meta property=\"og:site_name\" content=\"Audio-Technica Iberia\" \/>\n<meta property=\"article:modified_time\" content=\"2026-02-19T13:33:31+00:00\" \/>\n<meta property=\"og:image\" content=\"https:\/\/distribution.audio-technica.eu\/app\/uploads\/sites\/2\/Q118-quarter-grille-on.jpg\" \/>\n\t<meta property=\"og:image:width\" content=\"2000\" \/>\n\t<meta property=\"og:image:height\" content=\"2000\" \/>\n\t<meta property=\"og:image:type\" content=\"image\/jpeg\" \/>\n<meta name=\"twitter:card\" content=\"summary_large_image\" \/>\n<meta name=\"twitter:label1\" content=\"Tiempo de lectura\" \/>\n\t<meta name=\"twitter:data1\" content=\"2 minutos\" \/>\n<script type=\"application\/ld+json\" class=\"yoast-schema-graph\">{\"@context\":\"https:\/\/schema.org\",\"@graph\":[{\"@type\":\"WebPage\",\"@id\":\"https:\/\/distribution.audio-technica.eu\/es-es\/productos\/blackline-q118\/\",\"url\":\"https:\/\/distribution.audio-technica.eu\/es-es\/productos\/blackline-q118\/\",\"name\":\"Blackline Q118 - Audio-Technica Iberia\",\"isPartOf\":{\"@id\":\"https:\/\/distribution.audio-technica.eu\/es-es\/#website\"},\"primaryImageOfPage\":{\"@id\":\"https:\/\/distribution.audio-technica.eu\/es-es\/productos\/blackline-q118\/#primaryimage\"},\"image\":{\"@id\":\"https:\/\/distribution.audio-technica.eu\/es-es\/productos\/blackline-q118\/#primaryimage\"},\"thumbnailUrl\":\"\/app\/uploads\/sites\/2\/Q118-quarter-grille-on.jpg\",\"datePublished\":\"2025-07-17T15:07:57+00:00\",\"dateModified\":\"2026-02-19T13:33:31+00:00\",\"breadcrumb\":{\"@id\":\"https:\/\/distribution.audio-technica.eu\/es-es\/productos\/blackline-q118\/#breadcrumb\"},\"inLanguage\":\"es\",\"potentialAction\":[{\"@type\":\"ReadAction\",\"target\":[\"https:\/\/distribution.audio-technica.eu\/es-es\/productos\/blackline-q118\/\"]}]},{\"@type\":\"ImageObject\",\"inLanguage\":\"es\",\"@id\":\"https:\/\/distribution.audio-technica.eu\/es-es\/productos\/blackline-q118\/#primaryimage\",\"url\":\"\/app\/uploads\/sites\/2\/Q118-quarter-grille-on.jpg\",\"contentUrl\":\"\/app\/uploads\/sites\/2\/Q118-quarter-grille-on.jpg\",\"width\":2000,\"height\":2000},{\"@type\":\"BreadcrumbList\",\"@id\":\"https:\/\/distribution.audio-technica.eu\/es-es\/productos\/blackline-q118\/#breadcrumb\",\"itemListElement\":[{\"@type\":\"ListItem\",\"position\":1,\"name\":\"Products\",\"item\":\"https:\/\/distribution.audio-technica.eu\/es-es\/\"},{\"@type\":\"ListItem\",\"position\":2,\"name\":\"Productos\",\"item\":\"https:\/\/distribution.audio-technica.eu\/es-es\/productos\/\"},{\"@type\":\"ListItem\",\"position\":3,\"name\":\"Blackline Q118\"}]},{\"@type\":\"WebSite\",\"@id\":\"https:\/\/distribution.audio-technica.eu\/es-es\/#website\",\"url\":\"https:\/\/distribution.audio-technica.eu\/es-es\/\",\"name\":\"Audio-Technica Iberia\",\"description\":\"Distribuci\u00f3n\",\"potentialAction\":[{\"@type\":\"SearchAction\",\"target\":{\"@type\":\"EntryPoint\",\"urlTemplate\":\"https:\/\/distribution.audio-technica.eu\/es-es\/?s={search_term_string}\"},\"query-input\":{\"@type\":\"PropertyValueSpecification\",\"valueRequired\":true,\"valueName\":\"search_term_string\"}}],\"inLanguage\":\"es\"}]}<\/script>\n<!-- \/ Yoast SEO plugin. -->","yoast_head_json":{"title":"Blackline Q118 - Audio-Technica Iberia","robots":{"index":"index","follow":"follow","max-snippet":"max-snippet:-1","max-image-preview":"max-image-preview:large","max-video-preview":"max-video-preview:-1"},"canonical":"https:\/\/distribution.audio-technica.eu\/es-es\/productos\/blackline-q118\/","og_locale":"es_ES","og_type":"article","og_title":"Blackline Q118 - Audio-Technica Iberia","og_description":"Subgrave pasivo port\u00e1til de 18\"   Subgrave compacto de radiaci\u00f3n directa  1 altavoz de 18\u201d (460 mm) con bobina m\u00f3vil de 4\u201d (102 mm)  SPL pico de 130 dB (136 dB con factor de cresta 4)  Puertos ranurados para reducir el ruido del aire  Rejilla de acero perforado  Alojamiento para m\u00e1stil M20 \/ 1,4\u201d (35 mm)  Impedancia nominal de 8 \u03a9  Asas ergon\u00f3micas integradas  Patas para funcionamiento en posici\u00f3n vertical u horizontal  Hendiduras de encaje para apilado horizontal estable  Inserciones M10 para suspensi\u00f3n  &nbsp;","og_url":"https:\/\/distribution.audio-technica.eu\/es-es\/productos\/blackline-q118\/","og_site_name":"Audio-Technica Iberia","article_modified_time":"2026-02-19T13:33:31+00:00","og_image":[{"width":2000,"height":2000,"url":"https:\/\/distribution.audio-technica.eu\/app\/uploads\/sites\/2\/Q118-quarter-grille-on.jpg","type":"image\/jpeg"}],"twitter_card":"summary_large_image","twitter_misc":{"Tiempo de lectura":"2 minutos"},"schema":{"@context":"https:\/\/schema.org","@graph":[{"@type":"WebPage","@id":"https:\/\/distribution.audio-technica.eu\/es-es\/productos\/blackline-q118\/","url":"https:\/\/distribution.audio-technica.eu\/es-es\/productos\/blackline-q118\/","name":"Blackline Q118 - Audio-Technica Iberia","isPartOf":{"@id":"https:\/\/distribution.audio-technica.eu\/es-es\/#website"},"primaryImageOfPage":{"@id":"https:\/\/distribution.audio-technica.eu\/es-es\/productos\/blackline-q118\/#primaryimage"},"image":{"@id":"https:\/\/distribution.audio-technica.eu\/es-es\/productos\/blackline-q118\/#primaryimage"},"thumbnailUrl":"\/app\/uploads\/sites\/2\/Q118-quarter-grille-on.jpg","datePublished":"2025-07-17T15:07:57+00:00","dateModified":"2026-02-19T13:33:31+00:00","breadcrumb":{"@id":"https:\/\/distribution.audio-technica.eu\/es-es\/productos\/blackline-q118\/#breadcrumb"},"inLanguage":"es","potentialAction":[{"@type":"ReadAction","target":["https:\/\/distribution.audio-technica.eu\/es-es\/productos\/blackline-q118\/"]}]},{"@type":"ImageObject","inLanguage":"es","@id":"https:\/\/distribution.audio-technica.eu\/es-es\/productos\/blackline-q118\/#primaryimage","url":"\/app\/uploads\/sites\/2\/Q118-quarter-grille-on.jpg","contentUrl":"\/app\/uploads\/sites\/2\/Q118-quarter-grille-on.jpg","width":2000,"height":2000},{"@type":"BreadcrumbList","@id":"https:\/\/distribution.audio-technica.eu\/es-es\/productos\/blackline-q118\/#breadcrumb","itemListElement":[{"@type":"ListItem","position":1,"name":"Products","item":"https:\/\/distribution.audio-technica.eu\/es-es\/"},{"@type":"ListItem","position":2,"name":"Productos","item":"https:\/\/distribution.audio-technica.eu\/es-es\/productos\/"},{"@type":"ListItem","position":3,"name":"Blackline Q118"}]},{"@type":"WebSite","@id":"https:\/\/distribution.audio-technica.eu\/es-es\/#website","url":"https:\/\/distribution.audio-technica.eu\/es-es\/","name":"Audio-Technica Iberia","description":"Distribuci\u00f3n","potentialAction":[{"@type":"SearchAction","target":{"@type":"EntryPoint","urlTemplate":"https:\/\/distribution.audio-technica.eu\/es-es\/?s={search_term_string}"},"query-input":{"@type":"PropertyValueSpecification","valueRequired":true,"valueName":"search_term_string"}}],"inLanguage":"es"}]}},"_links":{"self":[{"href":"https:\/\/distribution.audio-technica.eu\/es-es\/wp-json\/wp\/v2\/product\/41054","targetHints":{"allow":["GET"]}}],"collection":[{"href":"https:\/\/distribution.audio-technica.eu\/es-es\/wp-json\/wp\/v2\/product"}],"about":[{"href":"https:\/\/distribution.audio-technica.eu\/es-es\/wp-json\/wp\/v2\/types\/product"}],"wp:featuredmedia":[{"embeddable":true,"href":"https:\/\/distribution.audio-technica.eu\/es-es\/wp-json\/wp\/v2\/media\/41055"}],"wp:attachment":[{"href":"https:\/\/distribution.audio-technica.eu\/es-es\/wp-json\/wp\/v2\/media?parent=41054"}],"wp:term":[{"taxonomy":"product_brand","embeddable":true,"href":"https:\/\/distribution.audio-technica.eu\/es-es\/wp-json\/wp\/v2\/product_brand?post=41054"},{"taxonomy":"product_cat","embeddable":true,"href":"https:\/\/distribution.audio-technica.eu\/es-es\/wp-json\/wp\/v2\/product_cat?post=41054"},{"taxonomy":"product_tag","embeddable":true,"href":"https:\/\/distribution.audio-technica.eu\/es-es\/wp-json\/wp\/v2\/product_tag?post=41054"}],"curies":[{"name":"wp","href":"https:\/\/api.w.org\/{rel}","templated":true}]}}