{"id":41070,"date":"2025-07-17T17:16:35","date_gmt":"2025-07-17T15:16:35","guid":{"rendered":"https:\/\/distribution.audio-technica.eu\/es-es\/?post_type=product&#038;p=41070"},"modified":"2026-02-19T14:21:51","modified_gmt":"2026-02-19T13:21:51","slug":"blackline-q218","status":"publish","type":"product","link":"https:\/\/distribution.audio-technica.eu\/es-es\/productos\/blackline-q218\/","title":{"rendered":"Blackline Q218"},"content":{"rendered":"<h2>Blackline Q218<\/h2>\n<h3>Subgrave port\u00e1til pasivo 2 x 18\u201d<\/h3>\n<p>El Blackline Q218 es un subgrave de alto rendimiento con doble altavoz, dise\u00f1ado para complementar a los altavoces de gama completa de la Serie BlacklineQ. Ampl\u00eda la respuesta en bajas frecuencias del sistema hasta los 38 Hz, ofreciendo un rendimiento de graves potente, con un SPL pico de 136 dB (142 dB con un factor de cresta 4), proporcionando un impacto excepcional en las bajas frecuencias.<\/p>\n<p>El Blackline Q218 incorpora dos altavoces de 18\u201d (460 mm) con bobinas m\u00f3viles de 4\u201d (100 mm), alojados en un recinto de contrachapado robusto y acabado en pintura negra de gran resistencia. Una rejilla de acero perforado, resistente a impactos, protege los altavoces, mientras que los puertos ranurados garantizan un flujo de aire eficiente y reducen la turbulencia, consiguiendo unas bajas frecuencias m\u00e1s limpias.<\/p>\n<p>Dise\u00f1ado para una instalaci\u00f3n flexible, el Q218 puede utilizarse de forma individual, apilado o suspendido mediante las inserciones M10 integradas. Incluye un alojamiento M20 de 1,4\u201d (35 mm) para m\u00e1stil, lo que permite una integraci\u00f3n perfecta con otros altavoces de la serie BlacklineQ. Dispone de dos salidas link de se\u00f1al: una situada en la parte superior y otra en la parte inferior del recinto cuando se coloca en posici\u00f3n vertical. Esto permite realizar conexiones de se\u00f1al flexibles, discretas y ordenadas hacia otros altavoces BlacklineQ, independientemente de la configuraci\u00f3n.<\/p>\n<p>Dos asas ergon\u00f3micas laterales facilitan su manipulaci\u00f3n, mientras que las patas de goma en la base se alinean con las hendiduras de la superficie superior para garantizar un apilado estable. Existe un kit de ruedas disponible como accesorio opcional.<\/p>\n<p>&nbsp;<\/p>\n<p><strong>Aplicaciones<\/strong><\/p>\n<ul>\n<li>Refuerzo sonoro port\u00e1til<\/li>\n<li>Salas de m\u00fasica en directo<\/li>\n<li>Bares y restaurantes<\/li>\n<li>Discotecas<\/li>\n<li>Eventos audiovisuales corporativos y conferencias<\/li>\n<\/ul>\n<p>&nbsp;<\/p>\n<p>&nbsp;<\/p>\n<p>&nbsp;<\/p>\n<p>&nbsp;<\/p>\n<p>&nbsp;<\/p>\n<p>&nbsp;<\/p>\n<p>&nbsp;<\/p>\n","protected":false},"excerpt":{"rendered":"<h3>Subgrave port\u00e1til pasivo 2 x 18\u201d<\/h3>\n<ul>\n<li>Subgrave de radiaci\u00f3n directa con doble altavoz<\/li>\n<li>2 altavoces de 18\u201d (460 mm) con bobinas m\u00f3viles de 4\u201d (102 mm)<\/li>\n<li>SPL pico de 136 dB (142 dB con factor de cresta 4)<\/li>\n<li>Recinto de contrachapado resistente<\/li>\n<li>Puertos ranurados para reducir el ruido del aire<\/li>\n<li>Rejilla de acero perforado<\/li>\n<li>Alojamiento para m\u00e1stil M20 \/ 1,4\u201d (35 mm)<\/li>\n<li>Impedancia nominal de 8 \u03a9<\/li>\n<li>Asas ergon\u00f3micas integradas<\/li>\n<li>Patas para funcionamiento en posici\u00f3n vertical u horizontal<\/li>\n<li>Hendiduras de encaje para apilado horizontal estable<\/li>\n<li>Inserciones M10 para suspensi\u00f3n<\/li>\n<\/ul>\n<p>&nbsp;<\/p>\n","protected":false},"featured_media":41071,"template":"","meta":{"_acf_changed":false},"product_brand":[],"product_cat":[2083,2089,2091,2084,2097,2100,2085,2507],"product_tag":[],"class_list":{"0":"post-41070","1":"product","2":"type-product","3":"status-publish","4":"has-post-thumbnail","6":"product_cat-sistemas-sonido-directo","7":"product_cat-pasivos-portatiles","8":"product_cat-subgraves-sistemas-sonido-directo","9":"product_cat-sistemas-instalacion","10":"product_cat-pasivos-fuente-puntual","11":"product_cat-subgraves-sistemas-instalacion","12":"product_cat-por-series-martin-audio","13":"product_cat-serie-blackline-q","14":"product_series-sefrie-blackline-q","16":"first","17":"instock","18":"shipping-taxable","19":"product-type-simple"},"acf":[],"yoast_head":"<!-- This site is optimized with the Yoast SEO plugin v27.1.1 - https:\/\/yoast.com\/product\/yoast-seo-wordpress\/ -->\n<title>Blackline Q218 - Audio-Technica Iberia<\/title>\n<meta name=\"robots\" content=\"index, follow, max-snippet:-1, max-image-preview:large, max-video-preview:-1\" \/>\n<link rel=\"canonical\" href=\"https:\/\/distribution.audio-technica.eu\/es-es\/productos\/blackline-q218\/\" \/>\n<meta property=\"og:locale\" content=\"es_ES\" \/>\n<meta property=\"og:type\" content=\"article\" \/>\n<meta property=\"og:title\" content=\"Blackline Q218 - Audio-Technica Iberia\" \/>\n<meta property=\"og:description\" content=\"Subgrave port\u00e1til pasivo 2 x 18\u201d   Subgrave de radiaci\u00f3n directa con doble altavoz  2 altavoces de 18\u201d (460 mm) con bobinas m\u00f3viles de 4\u201d (102 mm)  SPL pico de 136 dB (142 dB con factor de cresta 4)  Recinto de contrachapado resistente  Puertos ranurados para reducir el ruido del aire  Rejilla de acero perforado  Alojamiento para m\u00e1stil M20 \/ 1,4\u201d (35 mm)  Impedancia nominal de 8 \u03a9  Asas ergon\u00f3micas integradas  Patas para funcionamiento en posici\u00f3n vertical u horizontal  Hendiduras de encaje para apilado horizontal estable  Inserciones M10 para suspensi\u00f3n  &nbsp;\" \/>\n<meta property=\"og:url\" content=\"https:\/\/distribution.audio-technica.eu\/es-es\/productos\/blackline-q218\/\" \/>\n<meta property=\"og:site_name\" content=\"Audio-Technica Iberia\" \/>\n<meta property=\"article:modified_time\" content=\"2026-02-19T13:21:51+00:00\" \/>\n<meta property=\"og:image\" content=\"https:\/\/distribution.audio-technica.eu\/app\/uploads\/sites\/2\/Q218-quarter-1.jpg\" \/>\n\t<meta property=\"og:image:width\" content=\"2000\" \/>\n\t<meta property=\"og:image:height\" content=\"2000\" \/>\n\t<meta property=\"og:image:type\" content=\"image\/jpeg\" \/>\n<meta name=\"twitter:card\" content=\"summary_large_image\" \/>\n<meta name=\"twitter:label1\" content=\"Tiempo de lectura\" \/>\n\t<meta name=\"twitter:data1\" content=\"2 minutos\" \/>\n<script type=\"application\/ld+json\" class=\"yoast-schema-graph\">{\"@context\":\"https:\/\/schema.org\",\"@graph\":[{\"@type\":\"WebPage\",\"@id\":\"https:\/\/distribution.audio-technica.eu\/es-es\/productos\/blackline-q218\/\",\"url\":\"https:\/\/distribution.audio-technica.eu\/es-es\/productos\/blackline-q218\/\",\"name\":\"Blackline Q218 - Audio-Technica Iberia\",\"isPartOf\":{\"@id\":\"https:\/\/distribution.audio-technica.eu\/es-es\/#website\"},\"primaryImageOfPage\":{\"@id\":\"https:\/\/distribution.audio-technica.eu\/es-es\/productos\/blackline-q218\/#primaryimage\"},\"image\":{\"@id\":\"https:\/\/distribution.audio-technica.eu\/es-es\/productos\/blackline-q218\/#primaryimage\"},\"thumbnailUrl\":\"\/app\/uploads\/sites\/2\/Q218-quarter-1.jpg\",\"datePublished\":\"2025-07-17T15:16:35+00:00\",\"dateModified\":\"2026-02-19T13:21:51+00:00\",\"breadcrumb\":{\"@id\":\"https:\/\/distribution.audio-technica.eu\/es-es\/productos\/blackline-q218\/#breadcrumb\"},\"inLanguage\":\"es\",\"potentialAction\":[{\"@type\":\"ReadAction\",\"target\":[\"https:\/\/distribution.audio-technica.eu\/es-es\/productos\/blackline-q218\/\"]}]},{\"@type\":\"ImageObject\",\"inLanguage\":\"es\",\"@id\":\"https:\/\/distribution.audio-technica.eu\/es-es\/productos\/blackline-q218\/#primaryimage\",\"url\":\"\/app\/uploads\/sites\/2\/Q218-quarter-1.jpg\",\"contentUrl\":\"\/app\/uploads\/sites\/2\/Q218-quarter-1.jpg\",\"width\":2000,\"height\":2000},{\"@type\":\"BreadcrumbList\",\"@id\":\"https:\/\/distribution.audio-technica.eu\/es-es\/productos\/blackline-q218\/#breadcrumb\",\"itemListElement\":[{\"@type\":\"ListItem\",\"position\":1,\"name\":\"Products\",\"item\":\"https:\/\/distribution.audio-technica.eu\/es-es\/\"},{\"@type\":\"ListItem\",\"position\":2,\"name\":\"Productos\",\"item\":\"https:\/\/distribution.audio-technica.eu\/es-es\/productos\/\"},{\"@type\":\"ListItem\",\"position\":3,\"name\":\"Blackline Q218\"}]},{\"@type\":\"WebSite\",\"@id\":\"https:\/\/distribution.audio-technica.eu\/es-es\/#website\",\"url\":\"https:\/\/distribution.audio-technica.eu\/es-es\/\",\"name\":\"Audio-Technica Iberia\",\"description\":\"Distribuci\u00f3n\",\"potentialAction\":[{\"@type\":\"SearchAction\",\"target\":{\"@type\":\"EntryPoint\",\"urlTemplate\":\"https:\/\/distribution.audio-technica.eu\/es-es\/?s={search_term_string}\"},\"query-input\":{\"@type\":\"PropertyValueSpecification\",\"valueRequired\":true,\"valueName\":\"search_term_string\"}}],\"inLanguage\":\"es\"}]}<\/script>\n<!-- \/ Yoast SEO plugin. -->","yoast_head_json":{"title":"Blackline Q218 - Audio-Technica Iberia","robots":{"index":"index","follow":"follow","max-snippet":"max-snippet:-1","max-image-preview":"max-image-preview:large","max-video-preview":"max-video-preview:-1"},"canonical":"https:\/\/distribution.audio-technica.eu\/es-es\/productos\/blackline-q218\/","og_locale":"es_ES","og_type":"article","og_title":"Blackline Q218 - Audio-Technica Iberia","og_description":"Subgrave port\u00e1til pasivo 2 x 18\u201d   Subgrave de radiaci\u00f3n directa con doble altavoz  2 altavoces de 18\u201d (460 mm) con bobinas m\u00f3viles de 4\u201d (102 mm)  SPL pico de 136 dB (142 dB con factor de cresta 4)  Recinto de contrachapado resistente  Puertos ranurados para reducir el ruido del aire  Rejilla de acero perforado  Alojamiento para m\u00e1stil M20 \/ 1,4\u201d (35 mm)  Impedancia nominal de 8 \u03a9  Asas ergon\u00f3micas integradas  Patas para funcionamiento en posici\u00f3n vertical u horizontal  Hendiduras de encaje para apilado horizontal estable  Inserciones M10 para suspensi\u00f3n  &nbsp;","og_url":"https:\/\/distribution.audio-technica.eu\/es-es\/productos\/blackline-q218\/","og_site_name":"Audio-Technica Iberia","article_modified_time":"2026-02-19T13:21:51+00:00","og_image":[{"width":2000,"height":2000,"url":"https:\/\/distribution.audio-technica.eu\/app\/uploads\/sites\/2\/Q218-quarter-1.jpg","type":"image\/jpeg"}],"twitter_card":"summary_large_image","twitter_misc":{"Tiempo de lectura":"2 minutos"},"schema":{"@context":"https:\/\/schema.org","@graph":[{"@type":"WebPage","@id":"https:\/\/distribution.audio-technica.eu\/es-es\/productos\/blackline-q218\/","url":"https:\/\/distribution.audio-technica.eu\/es-es\/productos\/blackline-q218\/","name":"Blackline Q218 - Audio-Technica Iberia","isPartOf":{"@id":"https:\/\/distribution.audio-technica.eu\/es-es\/#website"},"primaryImageOfPage":{"@id":"https:\/\/distribution.audio-technica.eu\/es-es\/productos\/blackline-q218\/#primaryimage"},"image":{"@id":"https:\/\/distribution.audio-technica.eu\/es-es\/productos\/blackline-q218\/#primaryimage"},"thumbnailUrl":"\/app\/uploads\/sites\/2\/Q218-quarter-1.jpg","datePublished":"2025-07-17T15:16:35+00:00","dateModified":"2026-02-19T13:21:51+00:00","breadcrumb":{"@id":"https:\/\/distribution.audio-technica.eu\/es-es\/productos\/blackline-q218\/#breadcrumb"},"inLanguage":"es","potentialAction":[{"@type":"ReadAction","target":["https:\/\/distribution.audio-technica.eu\/es-es\/productos\/blackline-q218\/"]}]},{"@type":"ImageObject","inLanguage":"es","@id":"https:\/\/distribution.audio-technica.eu\/es-es\/productos\/blackline-q218\/#primaryimage","url":"\/app\/uploads\/sites\/2\/Q218-quarter-1.jpg","contentUrl":"\/app\/uploads\/sites\/2\/Q218-quarter-1.jpg","width":2000,"height":2000},{"@type":"BreadcrumbList","@id":"https:\/\/distribution.audio-technica.eu\/es-es\/productos\/blackline-q218\/#breadcrumb","itemListElement":[{"@type":"ListItem","position":1,"name":"Products","item":"https:\/\/distribution.audio-technica.eu\/es-es\/"},{"@type":"ListItem","position":2,"name":"Productos","item":"https:\/\/distribution.audio-technica.eu\/es-es\/productos\/"},{"@type":"ListItem","position":3,"name":"Blackline Q218"}]},{"@type":"WebSite","@id":"https:\/\/distribution.audio-technica.eu\/es-es\/#website","url":"https:\/\/distribution.audio-technica.eu\/es-es\/","name":"Audio-Technica Iberia","description":"Distribuci\u00f3n","potentialAction":[{"@type":"SearchAction","target":{"@type":"EntryPoint","urlTemplate":"https:\/\/distribution.audio-technica.eu\/es-es\/?s={search_term_string}"},"query-input":{"@type":"PropertyValueSpecification","valueRequired":true,"valueName":"search_term_string"}}],"inLanguage":"es"}]}},"_links":{"self":[{"href":"https:\/\/distribution.audio-technica.eu\/es-es\/wp-json\/wp\/v2\/product\/41070","targetHints":{"allow":["GET"]}}],"collection":[{"href":"https:\/\/distribution.audio-technica.eu\/es-es\/wp-json\/wp\/v2\/product"}],"about":[{"href":"https:\/\/distribution.audio-technica.eu\/es-es\/wp-json\/wp\/v2\/types\/product"}],"wp:featuredmedia":[{"embeddable":true,"href":"https:\/\/distribution.audio-technica.eu\/es-es\/wp-json\/wp\/v2\/media\/41071"}],"wp:attachment":[{"href":"https:\/\/distribution.audio-technica.eu\/es-es\/wp-json\/wp\/v2\/media?parent=41070"}],"wp:term":[{"taxonomy":"product_brand","embeddable":true,"href":"https:\/\/distribution.audio-technica.eu\/es-es\/wp-json\/wp\/v2\/product_brand?post=41070"},{"taxonomy":"product_cat","embeddable":true,"href":"https:\/\/distribution.audio-technica.eu\/es-es\/wp-json\/wp\/v2\/product_cat?post=41070"},{"taxonomy":"product_tag","embeddable":true,"href":"https:\/\/distribution.audio-technica.eu\/es-es\/wp-json\/wp\/v2\/product_tag?post=41070"}],"curies":[{"name":"wp","href":"https:\/\/api.w.org\/{rel}","templated":true}]}}