{"id":41231,"date":"2025-08-28T16:20:25","date_gmt":"2025-08-28T14:20:25","guid":{"rendered":"https:\/\/distribution.audio-technica.eu\/es-es\/?post_type=product&#038;p=41231"},"modified":"2025-08-28T17:29:41","modified_gmt":"2025-08-28T15:29:41","slug":"ts108c","status":"publish","type":"product","link":"https:\/\/distribution.audio-technica.eu\/es-es\/productos\/ts108c\/","title":{"rendered":"TS108C"},"content":{"rendered":"<h2>TS108C<\/h2>\n<h3>Altavoz de columna compacto 2 v\u00edas de 8&#8243;<\/h3>\n<p>El Alto Professional TS108C es un altavoz compacto de columna array todo en uno para PA, dise\u00f1ado para ofrecer un sonido claro y envolvente en cualquier sala, sin la complejidad de los altavoces tradicionales de caja.<\/p>\n<p>Esta nueva incorporaci\u00f3n a la serie de altavoces profesionales Alto Professional TrueSonic ofrece hasta 600 W de sonido cristalino en una estilizada y port\u00e1til torre, lo que convierte al TS108C en la soluci\u00f3n ideal para m\u00fasicos en directo, DJs y espacios que buscan un sonido de altas prestaciones en un formato reducido.<\/p>\n<p>Ya sea para ser utilizado de forma individual o en pareja para ampliar la cobertura sonora, dispone de un subwoofer de 8 pulgadas integrado, un mezclador digital de tres canales con efectos de reverberaci\u00f3n y transmisi\u00f3n Bluetooth, constituyendo una soluci\u00f3n pr\u00e1ctica y completa para actuaciones en vivo y todo tipo de eventos. Todo ello permite que el usuario pueda conectar, encender y comenzar a reproducir de manera r\u00e1pida y sencilla<\/p>\n<p>Los cuatro modos DSP de aplicaci\u00f3n espec\u00edfica del TS108C (Normal, Live, DJ y Custom) le permiten seleccionar f\u00e1cilmente el perfil sonoro adecuado para cualquier estilo musical y entorno en directo, con solo pulsar un bot\u00f3n.<\/p>\n<p>Tanto si se trata de una actuaci\u00f3n en solitario en un peque\u00f1o caf\u00e9, de dirigir una intensa clase de \u2018spinning\u2019 en el gimnasio o de amenizar una boda con 200 invitados, el TS108C facilita la configuraci\u00f3n y los ajustes de sonido en tiempo real gracias a sus controles de mezclador intuitivos y r\u00e1pidos. Adem\u00e1s, los usuarios pueden afinar o modificar a\u00fan m\u00e1s su sonido mediante Bluetooth utilizando la aplicaci\u00f3n Alto Pro incluida, asegurando as\u00ed un flujo de trabajo c\u00f3modo y sin interrupciones.<\/p>\n<p>Resistente, preparado para ser transportado f\u00e1cilmente y suministrado con su bolsa de transporte, este altavoz est\u00e1 dise\u00f1ado para moverse y ha sido construido para durar. El avanzado dise\u00f1o de columna array del TS108C proyecta el sonido con gran alcance y amplitud (cobertura de 120\u00b0), ofreciendo una claridad cristalina para garantizar una experiencia de escucha \u00f3ptima en cualquier ocasi\u00f3n.<\/p>\n<ul>\n<li>Amplificadores Clase D de 600 W de pico y 300W RMS (200W LF + 100W HF)<\/li>\n<li>Subgrave de 8 pulgadas + array en columna de 6 transductores de 2.75\u201d<\/li>\n<li>Amplia cobertura de 120\u00b0 x 30\u00b0<\/li>\n<li>Procesado DSP de precisi\u00f3n con funciones de protecci\u00f3n<\/li>\n<li>Cuatro modos DSP de aplicaci\u00f3n espec\u00edfica que permiten seleccionar f\u00e1cilmente el perfil sonoro adecuado para cualquier aplicaci\u00f3n<\/li>\n<li>Mezclador integrado de 3 canales con entradas combinadas XLR\/TRS dobles<\/li>\n<li>Ecualizaci\u00f3n de 2 bandas por canal con reverberaci\u00f3n para modelar f\u00e1cilmente el sonido de las se\u00f1ales de entrada.<\/li>\n<li>Salida de mezcla XLR balanceada que permite la conexi\u00f3n en cadena con otra unidad.<\/li>\n<li>Streaming Bluetooth desde las apps de m\u00fasica m\u00e1s populares<\/li>\n<li>Conexi\u00f3n Bluetooth TWS para vincular altavoces en est\u00e9reo de forma inal\u00e1mbrica.<\/li>\n<li>Control inal\u00e1mbrico utilizando la App Alto Pro<\/li>\n<li>Incluye bolsa de hombro para transportar c\u00f3modamente el elemento de columna.<\/li>\n<\/ul>\n<p>&nbsp;<\/p>\n","protected":false},"excerpt":{"rendered":"<h3>Altavoz de columna compacto 2 v\u00edas de 8&#8243;<\/h3>\n<ul class=\"summary\">\n<li>Amplificadores Clase D con potencia de pico de 600 W, y 300 W RMS (200 W LF + 100 W HF)<\/li>\n<li>Subgrave 8\u201d + columna array de 6 x 2.75\u201d<\/li>\n<li>Amplia cobertura de 120\u00b0 x 30\u00b0<\/li>\n<li>Procesado DSP de precisi\u00f3n con funciones de protecci\u00f3n<\/li>\n<li>Cuatro modos DSP de aplicaci\u00f3n espec\u00edfica que permiten seleccionar f\u00e1cilmente el perfil sonoro adecuado para cualquier aplicaci\u00f3n<\/li>\n<li>Mezclador 3 canales incorporado<\/li>\n<li>Bluetooth para streaming y enlace en est\u00e9reo de altavoces<\/li>\n<li>Control inal\u00e1mbrico con la App Alto Pro<\/li>\n<\/ul>\n<p>&nbsp;<\/p>\n","protected":false},"featured_media":41245,"template":"","meta":{"_acf_changed":false},"product_brand":[],"product_cat":[1336,1343,1325,2510],"product_tag":[],"class_list":{"0":"post-41231","1":"product","2":"type-product","3":"status-publish","4":"has-post-thumbnail","6":"product_cat-recintos-acusticos","7":"product_cat-autoamplificados","8":"product_cat-por-series-alto-professional","9":"product_cat-serie-tsc","10":"product_series-serie-tsc","12":"first","13":"instock","14":"shipping-taxable","15":"product-type-simple"},"acf":[],"yoast_head":"<!-- This site is optimized with the Yoast SEO plugin v27.1.1 - https:\/\/yoast.com\/product\/yoast-seo-wordpress\/ -->\n<title>TS108C - Audio-Technica Iberia<\/title>\n<meta name=\"robots\" content=\"index, follow, max-snippet:-1, max-image-preview:large, max-video-preview:-1\" \/>\n<link rel=\"canonical\" href=\"https:\/\/distribution.audio-technica.eu\/es-es\/productos\/ts108c\/\" \/>\n<meta property=\"og:locale\" content=\"es_ES\" \/>\n<meta property=\"og:type\" content=\"article\" \/>\n<meta property=\"og:title\" content=\"TS108C - Audio-Technica Iberia\" \/>\n<meta property=\"og:description\" content=\"Altavoz de columna compacto 2 v\u00edas de 8&quot;   Amplificadores Clase D con potencia de pico de 600 W, y 300 W RMS (200 W LF + 100 W HF)  Subgrave 8\u201d + columna array de 6 x 2.75\u201d  Amplia cobertura de 120\u00b0 x 30\u00b0  Procesado DSP de precisi\u00f3n con funciones de protecci\u00f3n  Cuatro modos DSP de aplicaci\u00f3n espec\u00edfica que permiten seleccionar f\u00e1cilmente el perfil sonoro adecuado para cualquier aplicaci\u00f3n  Mezclador 3 canales incorporado  Bluetooth para streaming y enlace en est\u00e9reo de altavoces  Control inal\u00e1mbrico con la App Alto Pro  &nbsp;\" \/>\n<meta property=\"og:url\" content=\"https:\/\/distribution.audio-technica.eu\/es-es\/productos\/ts108c\/\" \/>\n<meta property=\"og:site_name\" content=\"Audio-Technica Iberia\" \/>\n<meta property=\"article:modified_time\" content=\"2025-08-28T15:29:41+00:00\" \/>\n<meta property=\"og:image\" content=\"https:\/\/distribution.audio-technica.eu\/app\/uploads\/sites\/2\/Alto-TS108C-FRONT-HIRES.jpg\" \/>\n\t<meta property=\"og:image:width\" content=\"2000\" \/>\n\t<meta property=\"og:image:height\" content=\"2000\" \/>\n\t<meta property=\"og:image:type\" content=\"image\/jpeg\" \/>\n<meta name=\"twitter:card\" content=\"summary_large_image\" \/>\n<meta name=\"twitter:label1\" content=\"Tiempo de lectura\" \/>\n\t<meta name=\"twitter:data1\" content=\"3 minutos\" \/>\n<script type=\"application\/ld+json\" class=\"yoast-schema-graph\">{\"@context\":\"https:\/\/schema.org\",\"@graph\":[{\"@type\":\"WebPage\",\"@id\":\"https:\/\/distribution.audio-technica.eu\/es-es\/productos\/ts108c\/\",\"url\":\"https:\/\/distribution.audio-technica.eu\/es-es\/productos\/ts108c\/\",\"name\":\"TS108C - Audio-Technica Iberia\",\"isPartOf\":{\"@id\":\"https:\/\/distribution.audio-technica.eu\/es-es\/#website\"},\"primaryImageOfPage\":{\"@id\":\"https:\/\/distribution.audio-technica.eu\/es-es\/productos\/ts108c\/#primaryimage\"},\"image\":{\"@id\":\"https:\/\/distribution.audio-technica.eu\/es-es\/productos\/ts108c\/#primaryimage\"},\"thumbnailUrl\":\"\/app\/uploads\/sites\/2\/Alto-TS108C-FRONT-HIRES.jpg\",\"datePublished\":\"2025-08-28T14:20:25+00:00\",\"dateModified\":\"2025-08-28T15:29:41+00:00\",\"breadcrumb\":{\"@id\":\"https:\/\/distribution.audio-technica.eu\/es-es\/productos\/ts108c\/#breadcrumb\"},\"inLanguage\":\"es\",\"potentialAction\":[{\"@type\":\"ReadAction\",\"target\":[\"https:\/\/distribution.audio-technica.eu\/es-es\/productos\/ts108c\/\"]}]},{\"@type\":\"ImageObject\",\"inLanguage\":\"es\",\"@id\":\"https:\/\/distribution.audio-technica.eu\/es-es\/productos\/ts108c\/#primaryimage\",\"url\":\"\/app\/uploads\/sites\/2\/Alto-TS108C-FRONT-HIRES.jpg\",\"contentUrl\":\"\/app\/uploads\/sites\/2\/Alto-TS108C-FRONT-HIRES.jpg\",\"width\":2000,\"height\":2000},{\"@type\":\"BreadcrumbList\",\"@id\":\"https:\/\/distribution.audio-technica.eu\/es-es\/productos\/ts108c\/#breadcrumb\",\"itemListElement\":[{\"@type\":\"ListItem\",\"position\":1,\"name\":\"Products\",\"item\":\"https:\/\/distribution.audio-technica.eu\/es-es\/\"},{\"@type\":\"ListItem\",\"position\":2,\"name\":\"Productos\",\"item\":\"https:\/\/distribution.audio-technica.eu\/es-es\/productos\/\"},{\"@type\":\"ListItem\",\"position\":3,\"name\":\"TS108C\"}]},{\"@type\":\"WebSite\",\"@id\":\"https:\/\/distribution.audio-technica.eu\/es-es\/#website\",\"url\":\"https:\/\/distribution.audio-technica.eu\/es-es\/\",\"name\":\"Audio-Technica Iberia\",\"description\":\"Distribuci\u00f3n\",\"potentialAction\":[{\"@type\":\"SearchAction\",\"target\":{\"@type\":\"EntryPoint\",\"urlTemplate\":\"https:\/\/distribution.audio-technica.eu\/es-es\/?s={search_term_string}\"},\"query-input\":{\"@type\":\"PropertyValueSpecification\",\"valueRequired\":true,\"valueName\":\"search_term_string\"}}],\"inLanguage\":\"es\"}]}<\/script>\n<!-- \/ Yoast SEO plugin. -->","yoast_head_json":{"title":"TS108C - Audio-Technica Iberia","robots":{"index":"index","follow":"follow","max-snippet":"max-snippet:-1","max-image-preview":"max-image-preview:large","max-video-preview":"max-video-preview:-1"},"canonical":"https:\/\/distribution.audio-technica.eu\/es-es\/productos\/ts108c\/","og_locale":"es_ES","og_type":"article","og_title":"TS108C - Audio-Technica Iberia","og_description":"Altavoz de columna compacto 2 v\u00edas de 8\"   Amplificadores Clase D con potencia de pico de 600 W, y 300 W RMS (200 W LF + 100 W HF)  Subgrave 8\u201d + columna array de 6 x 2.75\u201d  Amplia cobertura de 120\u00b0 x 30\u00b0  Procesado DSP de precisi\u00f3n con funciones de protecci\u00f3n  Cuatro modos DSP de aplicaci\u00f3n espec\u00edfica que permiten seleccionar f\u00e1cilmente el perfil sonoro adecuado para cualquier aplicaci\u00f3n  Mezclador 3 canales incorporado  Bluetooth para streaming y enlace en est\u00e9reo de altavoces  Control inal\u00e1mbrico con la App Alto Pro  &nbsp;","og_url":"https:\/\/distribution.audio-technica.eu\/es-es\/productos\/ts108c\/","og_site_name":"Audio-Technica Iberia","article_modified_time":"2025-08-28T15:29:41+00:00","og_image":[{"width":2000,"height":2000,"url":"https:\/\/distribution.audio-technica.eu\/app\/uploads\/sites\/2\/Alto-TS108C-FRONT-HIRES.jpg","type":"image\/jpeg"}],"twitter_card":"summary_large_image","twitter_misc":{"Tiempo de lectura":"3 minutos"},"schema":{"@context":"https:\/\/schema.org","@graph":[{"@type":"WebPage","@id":"https:\/\/distribution.audio-technica.eu\/es-es\/productos\/ts108c\/","url":"https:\/\/distribution.audio-technica.eu\/es-es\/productos\/ts108c\/","name":"TS108C - Audio-Technica Iberia","isPartOf":{"@id":"https:\/\/distribution.audio-technica.eu\/es-es\/#website"},"primaryImageOfPage":{"@id":"https:\/\/distribution.audio-technica.eu\/es-es\/productos\/ts108c\/#primaryimage"},"image":{"@id":"https:\/\/distribution.audio-technica.eu\/es-es\/productos\/ts108c\/#primaryimage"},"thumbnailUrl":"\/app\/uploads\/sites\/2\/Alto-TS108C-FRONT-HIRES.jpg","datePublished":"2025-08-28T14:20:25+00:00","dateModified":"2025-08-28T15:29:41+00:00","breadcrumb":{"@id":"https:\/\/distribution.audio-technica.eu\/es-es\/productos\/ts108c\/#breadcrumb"},"inLanguage":"es","potentialAction":[{"@type":"ReadAction","target":["https:\/\/distribution.audio-technica.eu\/es-es\/productos\/ts108c\/"]}]},{"@type":"ImageObject","inLanguage":"es","@id":"https:\/\/distribution.audio-technica.eu\/es-es\/productos\/ts108c\/#primaryimage","url":"\/app\/uploads\/sites\/2\/Alto-TS108C-FRONT-HIRES.jpg","contentUrl":"\/app\/uploads\/sites\/2\/Alto-TS108C-FRONT-HIRES.jpg","width":2000,"height":2000},{"@type":"BreadcrumbList","@id":"https:\/\/distribution.audio-technica.eu\/es-es\/productos\/ts108c\/#breadcrumb","itemListElement":[{"@type":"ListItem","position":1,"name":"Products","item":"https:\/\/distribution.audio-technica.eu\/es-es\/"},{"@type":"ListItem","position":2,"name":"Productos","item":"https:\/\/distribution.audio-technica.eu\/es-es\/productos\/"},{"@type":"ListItem","position":3,"name":"TS108C"}]},{"@type":"WebSite","@id":"https:\/\/distribution.audio-technica.eu\/es-es\/#website","url":"https:\/\/distribution.audio-technica.eu\/es-es\/","name":"Audio-Technica Iberia","description":"Distribuci\u00f3n","potentialAction":[{"@type":"SearchAction","target":{"@type":"EntryPoint","urlTemplate":"https:\/\/distribution.audio-technica.eu\/es-es\/?s={search_term_string}"},"query-input":{"@type":"PropertyValueSpecification","valueRequired":true,"valueName":"search_term_string"}}],"inLanguage":"es"}]}},"_links":{"self":[{"href":"https:\/\/distribution.audio-technica.eu\/es-es\/wp-json\/wp\/v2\/product\/41231","targetHints":{"allow":["GET"]}}],"collection":[{"href":"https:\/\/distribution.audio-technica.eu\/es-es\/wp-json\/wp\/v2\/product"}],"about":[{"href":"https:\/\/distribution.audio-technica.eu\/es-es\/wp-json\/wp\/v2\/types\/product"}],"wp:featuredmedia":[{"embeddable":true,"href":"https:\/\/distribution.audio-technica.eu\/es-es\/wp-json\/wp\/v2\/media\/41245"}],"wp:attachment":[{"href":"https:\/\/distribution.audio-technica.eu\/es-es\/wp-json\/wp\/v2\/media?parent=41231"}],"wp:term":[{"taxonomy":"product_brand","embeddable":true,"href":"https:\/\/distribution.audio-technica.eu\/es-es\/wp-json\/wp\/v2\/product_brand?post=41231"},{"taxonomy":"product_cat","embeddable":true,"href":"https:\/\/distribution.audio-technica.eu\/es-es\/wp-json\/wp\/v2\/product_cat?post=41231"},{"taxonomy":"product_tag","embeddable":true,"href":"https:\/\/distribution.audio-technica.eu\/es-es\/wp-json\/wp\/v2\/product_tag?post=41231"}],"curies":[{"name":"wp","href":"https:\/\/api.w.org\/{rel}","templated":true}]}}