{"id":41232,"date":"2025-08-28T16:27:08","date_gmt":"2025-08-28T14:27:08","guid":{"rendered":"https:\/\/distribution.audio-technica.eu\/es-es\/?post_type=product&#038;p=41232"},"modified":"2025-08-28T17:30:09","modified_gmt":"2025-08-28T15:30:09","slug":"ts112c","status":"publish","type":"product","link":"https:\/\/distribution.audio-technica.eu\/es-es\/productos\/ts112c\/","title":{"rendered":"TS112C"},"content":{"rendered":"<h2>TS112C<\/h2>\n<h3>Altavoz de columna compacto 2 v\u00edas de 12&#8243;<\/h3>\n<p>El Alto Professional TS112C es un altavoz compacto de columna array todo en uno para PA, dise\u00f1ado para ofrecer un sonido de alta presi\u00f3n capaz de llenar cualquier sala, y ofreciendo la facilidad de uso y portabilidad en la que pueden confiar int\u00e9rpretes, empresas y organizadores de eventos.<\/p>\n<p>Con hasta 1200 W de sonido cristalino concentrados en una columna compacta, esta nueva incorporaci\u00f3n a la serie de altavoces profesionales Alto Professional TrueSonic es la elecci\u00f3n perfecta para m\u00fasicos en directo, DJs, fitness, restaurantes y otros espacios que necesitan audio de nivel profesional en un formato que ahorre espacio. El TS112C incorpora un subgrave de 12 pulgadas, un mezclador digital de cinco canales con reverberaci\u00f3n y transmisi\u00f3n por Bluetooth, lo que permite conectar, encender y comenzar a reproducir de manera r\u00e1pida y sencilla.<\/p>\n<p>Ya sea en un bar abarrotado, en una clase de entrenamiento de alta intensidad o en un sal\u00f3n o restaurante m\u00e1s amplio, el TS112C se adapta con total facilidad. Sus controles de mezclador intuitivos y el DSP gestionado mediante aplicaci\u00f3n permiten ajustar c\u00f3modamente la configuraci\u00f3n de audio ideal desde cualquier punto de la sala utilizando la aplicaci\u00f3n Alto Pro.<\/p>\n<p>Dise\u00f1ado para un uso m\u00f3vil, el TS112C incorpora un resistente recinto, una s\u00f3lida columna modular y una bolsa de transporte incluida que facilita el montaje, desmontaje y traslado. Su avanzado dise\u00f1o de columna array proporciona una cobertura amplia y uniforme, garantizando que el sonido llegue a cada rinc\u00f3n de la sala tal y como debe escucharse.<\/p>\n<ul>\n<li>Amplificadores Clase D con potencia de pico de 1200 W, y 600 W RMS (400 W LF + 200 W HF)<\/li>\n<li>Subgrave 12\u201d + columna array de 8 x 2.75\u201d<\/li>\n<li>Amplia cobertura de 120\u00b0 x 30\u00b0<\/li>\n<li>Procesado DSP de precisi\u00f3n con funciones de protecci\u00f3n<\/li>\n<li>Mezclador incorporado de 5 canales con dos entradas combo y procesado de reverberaci\u00f3n.<\/li>\n<li>EQ de 2 bandas por canal<\/li>\n<li>Cuatro modos DSP de aplicaci\u00f3n espec\u00edfica que permiten seleccionar f\u00e1cilmente el perfil sonoro adecuado para cualquier aplicaci\u00f3n<\/li>\n<li>Salida Mix a trav\u00e9s de conector XLR balanceado<\/li>\n<li>Streaming Bluetooth desde las apps de m\u00fasica m\u00e1s populares<\/li>\n<li>Conexi\u00f3n Bluetooth TWS para vincular altavoces en est\u00e9reo de forma inal\u00e1mbrica<\/li>\n<li>Control inal\u00e1mbrico utilizando la App Alto Pro<\/li>\n<li>Incluye bolsa de hombro para transportar c\u00f3modamente el elemento de columna.<\/li>\n<\/ul>\n<p>&nbsp;<\/p>\n<p>&nbsp;<\/p>\n","protected":false},"excerpt":{"rendered":"<h3>Altavoz de columna compacto 2 v\u00edas de 12&#8243;<\/h3>\n<ul class=\"summary\">\n<li>Amplificadores Clase D con potencia de pico de 1200 W, y 600 W RMS (400 W LF + 200 W HF)<\/li>\n<li>Subgrave 12\u201d + columna array de 8 x 2.75\u201d<\/li>\n<li>Amplia cobertura de 120\u00b0 x 30\u00b0<\/li>\n<li>Procesado DSP de precisi\u00f3n con funciones de protecci\u00f3n<\/li>\n<li>Cuatro modos DSP de aplicaci\u00f3n espec\u00edfica que permiten seleccionar f\u00e1cilmente el perfil sonoro adecuado para cualquier aplicaci\u00f3n<\/li>\n<li>Mezclador de 5 canales incorporado<\/li>\n<li>Bluetooth para streaming y enlace en est\u00e9reo de altavoces<\/li>\n<li>Control inal\u00e1mbrico con la App Alto Pro<\/li>\n<\/ul>\n<p>&nbsp;<\/p>\n","protected":false},"featured_media":41233,"template":"","meta":{"_acf_changed":false},"product_brand":[],"product_cat":[1336,1343,1325,2510],"product_tag":[],"class_list":{"0":"post-41232","1":"product","2":"type-product","3":"status-publish","4":"has-post-thumbnail","6":"product_cat-recintos-acusticos","7":"product_cat-autoamplificados","8":"product_cat-por-series-alto-professional","9":"product_cat-serie-tsc","10":"product_series-serie-tsc","12":"first","13":"instock","14":"featured","15":"shipping-taxable","16":"product-type-simple"},"acf":[],"yoast_head":"<!-- This site is optimized with the Yoast SEO plugin v27.1.1 - https:\/\/yoast.com\/product\/yoast-seo-wordpress\/ -->\n<title>TS112C - Audio-Technica Iberia<\/title>\n<meta name=\"robots\" content=\"index, follow, max-snippet:-1, max-image-preview:large, max-video-preview:-1\" \/>\n<link rel=\"canonical\" href=\"https:\/\/distribution.audio-technica.eu\/es-es\/productos\/ts112c\/\" \/>\n<meta property=\"og:locale\" content=\"es_ES\" \/>\n<meta property=\"og:type\" content=\"article\" \/>\n<meta property=\"og:title\" content=\"TS112C - Audio-Technica Iberia\" \/>\n<meta property=\"og:description\" content=\"Altavoz de columna compacto 2 v\u00edas de 12&quot;   Amplificadores Clase D con potencia de pico de 1200 W, y 600 W RMS (400 W LF + 200 W HF)  Subgrave 12\u201d + columna array de 8 x 2.75\u201d  Amplia cobertura de 120\u00b0 x 30\u00b0  Procesado DSP de precisi\u00f3n con funciones de protecci\u00f3n  Cuatro modos DSP de aplicaci\u00f3n espec\u00edfica que permiten seleccionar f\u00e1cilmente el perfil sonoro adecuado para cualquier aplicaci\u00f3n  Mezclador de 5 canales incorporado  Bluetooth para streaming y enlace en est\u00e9reo de altavoces  Control inal\u00e1mbrico con la App Alto Pro  &nbsp;\" \/>\n<meta property=\"og:url\" content=\"https:\/\/distribution.audio-technica.eu\/es-es\/productos\/ts112c\/\" \/>\n<meta property=\"og:site_name\" content=\"Audio-Technica Iberia\" \/>\n<meta property=\"article:modified_time\" content=\"2025-08-28T15:30:09+00:00\" \/>\n<meta property=\"og:image\" content=\"https:\/\/distribution.audio-technica.eu\/app\/uploads\/sites\/2\/Alto-TS112C-FRONT-HIRES.jpg\" \/>\n\t<meta property=\"og:image:width\" content=\"2000\" \/>\n\t<meta property=\"og:image:height\" content=\"2000\" \/>\n\t<meta property=\"og:image:type\" content=\"image\/jpeg\" \/>\n<meta name=\"twitter:card\" content=\"summary_large_image\" \/>\n<meta name=\"twitter:label1\" content=\"Tiempo de lectura\" \/>\n\t<meta name=\"twitter:data1\" content=\"2 minutos\" \/>\n<script type=\"application\/ld+json\" class=\"yoast-schema-graph\">{\"@context\":\"https:\/\/schema.org\",\"@graph\":[{\"@type\":\"WebPage\",\"@id\":\"https:\/\/distribution.audio-technica.eu\/es-es\/productos\/ts112c\/\",\"url\":\"https:\/\/distribution.audio-technica.eu\/es-es\/productos\/ts112c\/\",\"name\":\"TS112C - Audio-Technica Iberia\",\"isPartOf\":{\"@id\":\"https:\/\/distribution.audio-technica.eu\/es-es\/#website\"},\"primaryImageOfPage\":{\"@id\":\"https:\/\/distribution.audio-technica.eu\/es-es\/productos\/ts112c\/#primaryimage\"},\"image\":{\"@id\":\"https:\/\/distribution.audio-technica.eu\/es-es\/productos\/ts112c\/#primaryimage\"},\"thumbnailUrl\":\"\/app\/uploads\/sites\/2\/Alto-TS112C-FRONT-HIRES.jpg\",\"datePublished\":\"2025-08-28T14:27:08+00:00\",\"dateModified\":\"2025-08-28T15:30:09+00:00\",\"breadcrumb\":{\"@id\":\"https:\/\/distribution.audio-technica.eu\/es-es\/productos\/ts112c\/#breadcrumb\"},\"inLanguage\":\"es\",\"potentialAction\":[{\"@type\":\"ReadAction\",\"target\":[\"https:\/\/distribution.audio-technica.eu\/es-es\/productos\/ts112c\/\"]}]},{\"@type\":\"ImageObject\",\"inLanguage\":\"es\",\"@id\":\"https:\/\/distribution.audio-technica.eu\/es-es\/productos\/ts112c\/#primaryimage\",\"url\":\"\/app\/uploads\/sites\/2\/Alto-TS112C-FRONT-HIRES.jpg\",\"contentUrl\":\"\/app\/uploads\/sites\/2\/Alto-TS112C-FRONT-HIRES.jpg\",\"width\":2000,\"height\":2000},{\"@type\":\"BreadcrumbList\",\"@id\":\"https:\/\/distribution.audio-technica.eu\/es-es\/productos\/ts112c\/#breadcrumb\",\"itemListElement\":[{\"@type\":\"ListItem\",\"position\":1,\"name\":\"Products\",\"item\":\"https:\/\/distribution.audio-technica.eu\/es-es\/\"},{\"@type\":\"ListItem\",\"position\":2,\"name\":\"Productos\",\"item\":\"https:\/\/distribution.audio-technica.eu\/es-es\/productos\/\"},{\"@type\":\"ListItem\",\"position\":3,\"name\":\"TS112C\"}]},{\"@type\":\"WebSite\",\"@id\":\"https:\/\/distribution.audio-technica.eu\/es-es\/#website\",\"url\":\"https:\/\/distribution.audio-technica.eu\/es-es\/\",\"name\":\"Audio-Technica Iberia\",\"description\":\"Distribuci\u00f3n\",\"potentialAction\":[{\"@type\":\"SearchAction\",\"target\":{\"@type\":\"EntryPoint\",\"urlTemplate\":\"https:\/\/distribution.audio-technica.eu\/es-es\/?s={search_term_string}\"},\"query-input\":{\"@type\":\"PropertyValueSpecification\",\"valueRequired\":true,\"valueName\":\"search_term_string\"}}],\"inLanguage\":\"es\"}]}<\/script>\n<!-- \/ Yoast SEO plugin. -->","yoast_head_json":{"title":"TS112C - Audio-Technica Iberia","robots":{"index":"index","follow":"follow","max-snippet":"max-snippet:-1","max-image-preview":"max-image-preview:large","max-video-preview":"max-video-preview:-1"},"canonical":"https:\/\/distribution.audio-technica.eu\/es-es\/productos\/ts112c\/","og_locale":"es_ES","og_type":"article","og_title":"TS112C - Audio-Technica Iberia","og_description":"Altavoz de columna compacto 2 v\u00edas de 12\"   Amplificadores Clase D con potencia de pico de 1200 W, y 600 W RMS (400 W LF + 200 W HF)  Subgrave 12\u201d + columna array de 8 x 2.75\u201d  Amplia cobertura de 120\u00b0 x 30\u00b0  Procesado DSP de precisi\u00f3n con funciones de protecci\u00f3n  Cuatro modos DSP de aplicaci\u00f3n espec\u00edfica que permiten seleccionar f\u00e1cilmente el perfil sonoro adecuado para cualquier aplicaci\u00f3n  Mezclador de 5 canales incorporado  Bluetooth para streaming y enlace en est\u00e9reo de altavoces  Control inal\u00e1mbrico con la App Alto Pro  &nbsp;","og_url":"https:\/\/distribution.audio-technica.eu\/es-es\/productos\/ts112c\/","og_site_name":"Audio-Technica Iberia","article_modified_time":"2025-08-28T15:30:09+00:00","og_image":[{"width":2000,"height":2000,"url":"https:\/\/distribution.audio-technica.eu\/app\/uploads\/sites\/2\/Alto-TS112C-FRONT-HIRES.jpg","type":"image\/jpeg"}],"twitter_card":"summary_large_image","twitter_misc":{"Tiempo de lectura":"2 minutos"},"schema":{"@context":"https:\/\/schema.org","@graph":[{"@type":"WebPage","@id":"https:\/\/distribution.audio-technica.eu\/es-es\/productos\/ts112c\/","url":"https:\/\/distribution.audio-technica.eu\/es-es\/productos\/ts112c\/","name":"TS112C - Audio-Technica Iberia","isPartOf":{"@id":"https:\/\/distribution.audio-technica.eu\/es-es\/#website"},"primaryImageOfPage":{"@id":"https:\/\/distribution.audio-technica.eu\/es-es\/productos\/ts112c\/#primaryimage"},"image":{"@id":"https:\/\/distribution.audio-technica.eu\/es-es\/productos\/ts112c\/#primaryimage"},"thumbnailUrl":"\/app\/uploads\/sites\/2\/Alto-TS112C-FRONT-HIRES.jpg","datePublished":"2025-08-28T14:27:08+00:00","dateModified":"2025-08-28T15:30:09+00:00","breadcrumb":{"@id":"https:\/\/distribution.audio-technica.eu\/es-es\/productos\/ts112c\/#breadcrumb"},"inLanguage":"es","potentialAction":[{"@type":"ReadAction","target":["https:\/\/distribution.audio-technica.eu\/es-es\/productos\/ts112c\/"]}]},{"@type":"ImageObject","inLanguage":"es","@id":"https:\/\/distribution.audio-technica.eu\/es-es\/productos\/ts112c\/#primaryimage","url":"\/app\/uploads\/sites\/2\/Alto-TS112C-FRONT-HIRES.jpg","contentUrl":"\/app\/uploads\/sites\/2\/Alto-TS112C-FRONT-HIRES.jpg","width":2000,"height":2000},{"@type":"BreadcrumbList","@id":"https:\/\/distribution.audio-technica.eu\/es-es\/productos\/ts112c\/#breadcrumb","itemListElement":[{"@type":"ListItem","position":1,"name":"Products","item":"https:\/\/distribution.audio-technica.eu\/es-es\/"},{"@type":"ListItem","position":2,"name":"Productos","item":"https:\/\/distribution.audio-technica.eu\/es-es\/productos\/"},{"@type":"ListItem","position":3,"name":"TS112C"}]},{"@type":"WebSite","@id":"https:\/\/distribution.audio-technica.eu\/es-es\/#website","url":"https:\/\/distribution.audio-technica.eu\/es-es\/","name":"Audio-Technica Iberia","description":"Distribuci\u00f3n","potentialAction":[{"@type":"SearchAction","target":{"@type":"EntryPoint","urlTemplate":"https:\/\/distribution.audio-technica.eu\/es-es\/?s={search_term_string}"},"query-input":{"@type":"PropertyValueSpecification","valueRequired":true,"valueName":"search_term_string"}}],"inLanguage":"es"}]}},"_links":{"self":[{"href":"https:\/\/distribution.audio-technica.eu\/es-es\/wp-json\/wp\/v2\/product\/41232","targetHints":{"allow":["GET"]}}],"collection":[{"href":"https:\/\/distribution.audio-technica.eu\/es-es\/wp-json\/wp\/v2\/product"}],"about":[{"href":"https:\/\/distribution.audio-technica.eu\/es-es\/wp-json\/wp\/v2\/types\/product"}],"wp:featuredmedia":[{"embeddable":true,"href":"https:\/\/distribution.audio-technica.eu\/es-es\/wp-json\/wp\/v2\/media\/41233"}],"wp:attachment":[{"href":"https:\/\/distribution.audio-technica.eu\/es-es\/wp-json\/wp\/v2\/media?parent=41232"}],"wp:term":[{"taxonomy":"product_brand","embeddable":true,"href":"https:\/\/distribution.audio-technica.eu\/es-es\/wp-json\/wp\/v2\/product_brand?post=41232"},{"taxonomy":"product_cat","embeddable":true,"href":"https:\/\/distribution.audio-technica.eu\/es-es\/wp-json\/wp\/v2\/product_cat?post=41232"},{"taxonomy":"product_tag","embeddable":true,"href":"https:\/\/distribution.audio-technica.eu\/es-es\/wp-json\/wp\/v2\/product_tag?post=41232"}],"curies":[{"name":"wp","href":"https:\/\/api.w.org\/{rel}","templated":true}]}}