{"id":41389,"date":"2025-09-30T19:00:22","date_gmt":"2025-09-30T17:00:22","guid":{"rendered":"https:\/\/distribution.audio-technica.eu\/es-es\/?post_type=product&#038;p=41389"},"modified":"2026-02-19T14:49:09","modified_gmt":"2026-02-19T13:49:09","slug":"oria-mini","status":"publish","type":"product","link":"https:\/\/distribution.audio-technica.eu\/es-es\/productos\/oria-mini\/","title":{"rendered":"ORIA Mini"},"content":{"rendered":"<h2>ORIA Mini<\/h2>\n<h3>Sistema de correcci\u00f3n ac\u00fastica de salas<\/h3>\n<p>ORIA Mini es un avanzado sistema de correcci\u00f3n ac\u00fastica de sala que se sit\u00faa entre el interface de audio y sus monitores, optimizando de inmediato la escucha en su estudio y aportando un impulso instant\u00e1neo al rendimiento.<\/p>\n<p>Gracias a la colaboraci\u00f3n entre Audient y Sonarworks, ORIA Mini ofrece una soluci\u00f3n de hardware dedicada que analiza y corrige las imperfecciones ac\u00fasticas de su sala en cuesti\u00f3n de minutos. De este modo, su estudio pasa de ser un entorno sujeto a ensayo y error a convertirse en un sistema de monitorizaci\u00f3n profesional, preciso y absolutamente fiable.<\/p>\n<p>Oria Mini es un sistema sofisticado, aunque f\u00e1cil de utilizar, que marca una clara diferencia. Impulsado por la tecnolog\u00eda de Sonarworks, ORIA Mini le permite medir y calibrar su sala con SoundID Reference, la soluci\u00f3n utilizada y avalada por m\u00e1s de 250.000 estudios en todo el mundo, desde productores dom\u00e9sticos hasta ingenieros galardonados con premios Grammy.<\/p>\n<p>Gracias a esta calibraci\u00f3n avanzada, podr\u00e1 mezclar con total confianza, escuchando su audio tal y como debe sonar, libre de las coloraciones introducidas por la ac\u00fastica de la sala, y tomando decisiones cr\u00edticas de mezcla con absoluta certeza.<\/p>\n<p>Dedicar horas a perfeccionar una mezcla para comprobar despu\u00e9s que se desmorona al reproducirse fuera del estudio es una realidad frustrante y demasiado com\u00fan para los creadores de m\u00fasica. El problema no est\u00e1 en su talento, sino en la sala. Cualquier espacio, desde un estudio casero hasta una instalaci\u00f3n profesional, introduce reflexiones no deseadas, resonancias e irregularidades de frecuencia que distorsionan lo que escucha el usuario. Esta interferencia ac\u00fastica convierte la escucha cr\u00edtica en un desaf\u00edo constante y da lugar a mezclas que no se traducen correctamente en el mundo real. ORIA Mini est\u00e1 dise\u00f1ado para resolver este problema de ra\u00edz.<\/p>\n<p>Impulsado por la tecnolog\u00eda de Sonarworks SoundID Reference, ORIA Mini permite medir y calibrar la sala sin necesidad de experiencia previa. Los perfiles de calibraci\u00f3n personalizados se cargan directamente en el procesador hardware dedicado de ORIA Mini, lo que garantiza una monitorizaci\u00f3n precisa, una respuesta en frecuencia plana y una fiabilidad absoluta, sin depender del software de ordenador. Con ello se eliminan la latencia, la sobrecarga de CPU y los posibles fallos de software. El sonido calibrado est\u00e1 siempre disponible, constante y listo para trabajar.<\/p>\n<p>Con ORIA Mini, el usuario puede simular diferentes entornos de escucha \u2014desde un equipo de coche hasta un sistema hi-fi de alta gama\u2014 e importarlos directamente al dispositivo para comprobar la traducci\u00f3n de sus mezclas sin salir de su estudio. Tambi\u00e9n es posible personalizar el rendimiento de sus monitores ajustando en tiempo real la curva objetivo y seleccionando manualmente la gama de frecuencias al que se aplicar\u00e1 la calibraci\u00f3n.<\/p>\n<p>Al ser un hardware dedicado, ORIA Mini supera las limitaciones de las soluciones basadas \u00fanicamente en software. Ofrece latencia ultrabaja para una sincronizaci\u00f3n perfecta, fiabilidad absoluta en cada sesi\u00f3n y un flujo de trabajo ininterrumpido, sin necesidad de recurrir a plug-ins en el bus m\u00e1ster de su DAW. Adem\u00e1s, el sonido calibrado se mantiene consistente en cualquier uso, ya sea durante una mezcla exigente o simplemente al escuchar m\u00fasica desde cualquier fuente.<\/p>\n<p>Su compatibilidad universal le permite integrarse sin esfuerzo en cualquier estudio. Se coloca entre el interface de audio y los monitores, mejorando de forma inmediata la precisi\u00f3n de la escucha, sin instalaciones complejas ni problemas de compatibilidad, y trabajando con el equipo que el usuario ya conoce y utiliza.<\/p>\n<p>La calibraci\u00f3n profesional nunca ha sido tan sencilla. En menos de 20 minutos puede medir su sala, crear perfiles personalizados, cargar hasta cuatro configuraciones diferentes en ORIA Mini y comenzar a trabajar con monitorizaci\u00f3n de alta resoluci\u00f3n a nivel de estudio. De esta forma, puede alternar f\u00e1cilmente entre distintas curvas objetivo y evaluar c\u00f3mo se traduce su mezcla en diferentes entornos, desde un tel\u00e9fono m\u00f3vil hasta un coche, todo ello con la comodidad de un simple cambio de perfil.<\/p>\n<p>El dispositivo integra tecnolog\u00eda avanzada de conversi\u00f3n AD\/DA de 32 bits, dise\u00f1ada para garantizar una transparencia absoluta en el procesado de se\u00f1al. Con una gama din\u00e1mica de 127 dB, permite detectar incluso los matices m\u00e1s sutiles y localizar problemas de mezcla con rapidez, ofreciendo la base necesaria para trabajar con total confianza y obtener resultados listos para publicaci\u00f3n.<\/p>\n<p>Adem\u00e1s de la calibraci\u00f3n autom\u00e1tica mediante Sonarworks, ORIA Mini incorpora un potente DSP interno que permite realizar ajustes manuales con software de medici\u00f3n como Smaart o RoomEQ Wizard. De esta forma, el usuario puede aplicar ecualizaci\u00f3n, gesti\u00f3n de graves, retardo y control de nivel por canal para afinar la respuesta ac\u00fastica con precisi\u00f3n. El ecualizador corrige problemas de sala y coloraciones no deseadas, el Bass Management optimiza la transici\u00f3n entre monitores principales y subwoofer, el retardo asegura la llegada sincronizada del sonido al punto de mezcla, y la funci\u00f3n de trim permite equilibrar el nivel de cada altavoz de forma individual.<\/p>\n<p>A pesar de su tama\u00f1o compacto, ORIA Mini ofrece un rendimiento sobresaliente y est\u00e1 concebido para integrarse de forma elegante en cualquier estudio u hogar. Port\u00e1til, robusto y altamente fiable, es mucho m\u00e1s que un accesorio: constituye una inversi\u00f3n en su flujo de trabajo, en la precisi\u00f3n de su monitorizaci\u00f3n y en la calidad final de sus mezclas. Con ORIA Mini dejar\u00e1 de luchar contra las limitaciones ac\u00fasticas de la sala y podr\u00e1, por fin, confiar plenamente en lo que escucha.<\/p>\n<p>&nbsp;<\/p>\n<ul>\n<li>Permite almacenar y seleccionar de forma inmediata hasta 4 perfiles Sonarworks en su DSP integrado<\/li>\n<li>Funciona con cualquier interface de audio o altavoces<\/li>\n<li>Soporta sistemas de altavoces de hasta 2.1.<\/li>\n<li>Avanzada tecnolog\u00eda de conversi\u00f3n de 32 bit<\/li>\n<li>Gama din\u00e1mica de 127 dB<\/li>\n<li>24bit \/ 96kHz<\/li>\n<li>Control remoto: Stream Deck + iPad<\/li>\n<li>Procesado de calibraci\u00f3n de sala integrado: EQ, Trim, Delay, Bass Management<\/li>\n<li>Conexiones\n<ul>\n<li>1 x entrada est\u00e9reo (TRS)<\/li>\n<li>1 x entrada digital (S\/PDIF)<\/li>\n<li>1 x salida para altavoces est\u00e9reo (TRS)<\/li>\n<li>1 x salida para subgrave (TRS)<\/li>\n<\/ul>\n<\/li>\n<li>Alimentado a trav\u00e9s de bus USB3.0<\/li>\n<li>Compatible MacOS y Windows<\/li>\n<li>El sistema incluye una unidad de hardware ORIA Mini y micr\u00f3fono de medici\u00f3n SoundID Reference<\/li>\n<\/ul>\n<p>&nbsp;<\/p>\n","protected":false},"excerpt":{"rendered":"<h3>Sistema de correcci\u00f3n ac\u00fastica de salas<\/h3>\n<ul>\n<li>Permite almacenar y seleccionar de forma inmediata hasta 4 perfiles Sonarworks en su DSP integrado<\/li>\n<li>Funciona con cualquier interface de audio o altavoces<\/li>\n<li>Soporta sistemas de altavoces de hasta 2.1.<\/li>\n<li>Avanzada tecnolog\u00eda de conversi\u00f3n de 32 bit<\/li>\n<li>Gama din\u00e1mica de 127 dB<\/li>\n<li>24bit \/ 96kHz<\/li>\n<li>Alimentado a trav\u00e9s de bus USB3.0<\/li>\n<li>Compatible MacOS y Windows<\/li>\n<li>El sistema incluye una unidad de hardware ORIA Mini y micr\u00f3fono de medici\u00f3n SoundID Reference<\/li>\n<\/ul>\n","protected":false},"featured_media":41390,"template":"","meta":{"_acf_changed":false},"product_brand":[],"product_cat":[1312],"product_tag":[],"class_list":{"0":"post-41389","1":"product","2":"type-product","3":"status-publish","4":"has-post-thumbnail","6":"product_cat-controladores-de-monitores","8":"first","9":"instock","10":"shipping-taxable","11":"product-type-simple"},"acf":[],"yoast_head":"<!-- This site is optimized with the Yoast SEO plugin v27.1.1 - https:\/\/yoast.com\/product\/yoast-seo-wordpress\/ -->\n<title>ORIA Mini - Audio-Technica Iberia<\/title>\n<meta name=\"robots\" content=\"index, follow, max-snippet:-1, max-image-preview:large, max-video-preview:-1\" \/>\n<link rel=\"canonical\" href=\"https:\/\/distribution.audio-technica.eu\/es-es\/productos\/oria-mini\/\" \/>\n<meta property=\"og:locale\" content=\"es_ES\" \/>\n<meta property=\"og:type\" content=\"article\" \/>\n<meta property=\"og:title\" content=\"ORIA Mini - Audio-Technica Iberia\" \/>\n<meta property=\"og:description\" content=\"Sistema de correcci\u00f3n ac\u00fastica de salas   Permite almacenar y seleccionar de forma inmediata hasta 4 perfiles Sonarworks en su DSP integrado  Funciona con cualquier interface de audio o altavoces  Soporta sistemas de altavoces de hasta 2.1.  Avanzada tecnolog\u00eda de conversi\u00f3n de 32 bit  Gama din\u00e1mica de 127 dB  24bit \/ 96kHz  Alimentado a trav\u00e9s de bus USB3.0  Compatible MacOS y Windows  El sistema incluye una unidad de hardware ORIA Mini y micr\u00f3fono de medici\u00f3n SoundID Reference\" \/>\n<meta property=\"og:url\" content=\"https:\/\/distribution.audio-technica.eu\/es-es\/productos\/oria-mini\/\" \/>\n<meta property=\"og:site_name\" content=\"Audio-Technica Iberia\" \/>\n<meta property=\"article:modified_time\" content=\"2026-02-19T13:49:09+00:00\" \/>\n<meta property=\"og:image\" content=\"https:\/\/distribution.audio-technica.eu\/app\/uploads\/sites\/2\/Audient-ORIA-mini-front.-mic-angled.jpg\" \/>\n\t<meta property=\"og:image:width\" content=\"2000\" \/>\n\t<meta property=\"og:image:height\" content=\"2000\" \/>\n\t<meta property=\"og:image:type\" content=\"image\/jpeg\" \/>\n<meta name=\"twitter:card\" content=\"summary_large_image\" \/>\n<meta name=\"twitter:label1\" content=\"Tiempo de lectura\" \/>\n\t<meta name=\"twitter:data1\" content=\"5 minutos\" \/>\n<script type=\"application\/ld+json\" class=\"yoast-schema-graph\">{\"@context\":\"https:\/\/schema.org\",\"@graph\":[{\"@type\":\"WebPage\",\"@id\":\"https:\/\/distribution.audio-technica.eu\/es-es\/productos\/oria-mini\/\",\"url\":\"https:\/\/distribution.audio-technica.eu\/es-es\/productos\/oria-mini\/\",\"name\":\"ORIA Mini - Audio-Technica Iberia\",\"isPartOf\":{\"@id\":\"https:\/\/distribution.audio-technica.eu\/es-es\/#website\"},\"primaryImageOfPage\":{\"@id\":\"https:\/\/distribution.audio-technica.eu\/es-es\/productos\/oria-mini\/#primaryimage\"},\"image\":{\"@id\":\"https:\/\/distribution.audio-technica.eu\/es-es\/productos\/oria-mini\/#primaryimage\"},\"thumbnailUrl\":\"\/app\/uploads\/sites\/2\/Audient-ORIA-mini-front.-mic-angled.jpg\",\"datePublished\":\"2025-09-30T17:00:22+00:00\",\"dateModified\":\"2026-02-19T13:49:09+00:00\",\"breadcrumb\":{\"@id\":\"https:\/\/distribution.audio-technica.eu\/es-es\/productos\/oria-mini\/#breadcrumb\"},\"inLanguage\":\"es\",\"potentialAction\":[{\"@type\":\"ReadAction\",\"target\":[\"https:\/\/distribution.audio-technica.eu\/es-es\/productos\/oria-mini\/\"]}]},{\"@type\":\"ImageObject\",\"inLanguage\":\"es\",\"@id\":\"https:\/\/distribution.audio-technica.eu\/es-es\/productos\/oria-mini\/#primaryimage\",\"url\":\"\/app\/uploads\/sites\/2\/Audient-ORIA-mini-front.-mic-angled.jpg\",\"contentUrl\":\"\/app\/uploads\/sites\/2\/Audient-ORIA-mini-front.-mic-angled.jpg\",\"width\":2000,\"height\":2000},{\"@type\":\"BreadcrumbList\",\"@id\":\"https:\/\/distribution.audio-technica.eu\/es-es\/productos\/oria-mini\/#breadcrumb\",\"itemListElement\":[{\"@type\":\"ListItem\",\"position\":1,\"name\":\"Products\",\"item\":\"https:\/\/distribution.audio-technica.eu\/es-es\/\"},{\"@type\":\"ListItem\",\"position\":2,\"name\":\"Productos\",\"item\":\"https:\/\/distribution.audio-technica.eu\/es-es\/productos\/\"},{\"@type\":\"ListItem\",\"position\":3,\"name\":\"ORIA Mini\"}]},{\"@type\":\"WebSite\",\"@id\":\"https:\/\/distribution.audio-technica.eu\/es-es\/#website\",\"url\":\"https:\/\/distribution.audio-technica.eu\/es-es\/\",\"name\":\"Audio-Technica Iberia\",\"description\":\"Distribuci\u00f3n\",\"potentialAction\":[{\"@type\":\"SearchAction\",\"target\":{\"@type\":\"EntryPoint\",\"urlTemplate\":\"https:\/\/distribution.audio-technica.eu\/es-es\/?s={search_term_string}\"},\"query-input\":{\"@type\":\"PropertyValueSpecification\",\"valueRequired\":true,\"valueName\":\"search_term_string\"}}],\"inLanguage\":\"es\"}]}<\/script>\n<!-- \/ Yoast SEO plugin. -->","yoast_head_json":{"title":"ORIA Mini - Audio-Technica Iberia","robots":{"index":"index","follow":"follow","max-snippet":"max-snippet:-1","max-image-preview":"max-image-preview:large","max-video-preview":"max-video-preview:-1"},"canonical":"https:\/\/distribution.audio-technica.eu\/es-es\/productos\/oria-mini\/","og_locale":"es_ES","og_type":"article","og_title":"ORIA Mini - Audio-Technica Iberia","og_description":"Sistema de correcci\u00f3n ac\u00fastica de salas   Permite almacenar y seleccionar de forma inmediata hasta 4 perfiles Sonarworks en su DSP integrado  Funciona con cualquier interface de audio o altavoces  Soporta sistemas de altavoces de hasta 2.1.  Avanzada tecnolog\u00eda de conversi\u00f3n de 32 bit  Gama din\u00e1mica de 127 dB  24bit \/ 96kHz  Alimentado a trav\u00e9s de bus USB3.0  Compatible MacOS y Windows  El sistema incluye una unidad de hardware ORIA Mini y micr\u00f3fono de medici\u00f3n SoundID Reference","og_url":"https:\/\/distribution.audio-technica.eu\/es-es\/productos\/oria-mini\/","og_site_name":"Audio-Technica Iberia","article_modified_time":"2026-02-19T13:49:09+00:00","og_image":[{"width":2000,"height":2000,"url":"https:\/\/distribution.audio-technica.eu\/app\/uploads\/sites\/2\/Audient-ORIA-mini-front.-mic-angled.jpg","type":"image\/jpeg"}],"twitter_card":"summary_large_image","twitter_misc":{"Tiempo de lectura":"5 minutos"},"schema":{"@context":"https:\/\/schema.org","@graph":[{"@type":"WebPage","@id":"https:\/\/distribution.audio-technica.eu\/es-es\/productos\/oria-mini\/","url":"https:\/\/distribution.audio-technica.eu\/es-es\/productos\/oria-mini\/","name":"ORIA Mini - Audio-Technica Iberia","isPartOf":{"@id":"https:\/\/distribution.audio-technica.eu\/es-es\/#website"},"primaryImageOfPage":{"@id":"https:\/\/distribution.audio-technica.eu\/es-es\/productos\/oria-mini\/#primaryimage"},"image":{"@id":"https:\/\/distribution.audio-technica.eu\/es-es\/productos\/oria-mini\/#primaryimage"},"thumbnailUrl":"\/app\/uploads\/sites\/2\/Audient-ORIA-mini-front.-mic-angled.jpg","datePublished":"2025-09-30T17:00:22+00:00","dateModified":"2026-02-19T13:49:09+00:00","breadcrumb":{"@id":"https:\/\/distribution.audio-technica.eu\/es-es\/productos\/oria-mini\/#breadcrumb"},"inLanguage":"es","potentialAction":[{"@type":"ReadAction","target":["https:\/\/distribution.audio-technica.eu\/es-es\/productos\/oria-mini\/"]}]},{"@type":"ImageObject","inLanguage":"es","@id":"https:\/\/distribution.audio-technica.eu\/es-es\/productos\/oria-mini\/#primaryimage","url":"\/app\/uploads\/sites\/2\/Audient-ORIA-mini-front.-mic-angled.jpg","contentUrl":"\/app\/uploads\/sites\/2\/Audient-ORIA-mini-front.-mic-angled.jpg","width":2000,"height":2000},{"@type":"BreadcrumbList","@id":"https:\/\/distribution.audio-technica.eu\/es-es\/productos\/oria-mini\/#breadcrumb","itemListElement":[{"@type":"ListItem","position":1,"name":"Products","item":"https:\/\/distribution.audio-technica.eu\/es-es\/"},{"@type":"ListItem","position":2,"name":"Productos","item":"https:\/\/distribution.audio-technica.eu\/es-es\/productos\/"},{"@type":"ListItem","position":3,"name":"ORIA Mini"}]},{"@type":"WebSite","@id":"https:\/\/distribution.audio-technica.eu\/es-es\/#website","url":"https:\/\/distribution.audio-technica.eu\/es-es\/","name":"Audio-Technica Iberia","description":"Distribuci\u00f3n","potentialAction":[{"@type":"SearchAction","target":{"@type":"EntryPoint","urlTemplate":"https:\/\/distribution.audio-technica.eu\/es-es\/?s={search_term_string}"},"query-input":{"@type":"PropertyValueSpecification","valueRequired":true,"valueName":"search_term_string"}}],"inLanguage":"es"}]}},"_links":{"self":[{"href":"https:\/\/distribution.audio-technica.eu\/es-es\/wp-json\/wp\/v2\/product\/41389","targetHints":{"allow":["GET"]}}],"collection":[{"href":"https:\/\/distribution.audio-technica.eu\/es-es\/wp-json\/wp\/v2\/product"}],"about":[{"href":"https:\/\/distribution.audio-technica.eu\/es-es\/wp-json\/wp\/v2\/types\/product"}],"wp:featuredmedia":[{"embeddable":true,"href":"https:\/\/distribution.audio-technica.eu\/es-es\/wp-json\/wp\/v2\/media\/41390"}],"wp:attachment":[{"href":"https:\/\/distribution.audio-technica.eu\/es-es\/wp-json\/wp\/v2\/media?parent=41389"}],"wp:term":[{"taxonomy":"product_brand","embeddable":true,"href":"https:\/\/distribution.audio-technica.eu\/es-es\/wp-json\/wp\/v2\/product_brand?post=41389"},{"taxonomy":"product_cat","embeddable":true,"href":"https:\/\/distribution.audio-technica.eu\/es-es\/wp-json\/wp\/v2\/product_cat?post=41389"},{"taxonomy":"product_tag","embeddable":true,"href":"https:\/\/distribution.audio-technica.eu\/es-es\/wp-json\/wp\/v2\/product_tag?post=41389"}],"curies":[{"name":"wp","href":"https:\/\/api.w.org\/{rel}","templated":true}]}}