{"id":41407,"date":"2025-09-30T17:00:10","date_gmt":"2025-09-30T15:00:10","guid":{"rendered":"https:\/\/distribution.audio-technica.eu\/es-es\/?post_type=product&#038;p=41407"},"modified":"2025-09-30T15:41:24","modified_gmt":"2025-09-30T13:41:24","slug":"8380a","status":"publish","type":"product","link":"https:\/\/distribution.audio-technica.eu\/es-es\/productos\/8380a\/","title":{"rendered":"8380A"},"content":{"rendered":"<h2>8380A<\/h2>\n<h3>Monitor principal de tres v\u00edas para campo medio con tecnolog\u00eda SAM\u2122<\/h3>\n<p>El 8380A forma parte de la familia Main Ones junto al modelo de mayor tama\u00f1o 8381A. Dise\u00f1ado para una imagen sonora precisa y una reproducci\u00f3n neutral, el 8380A es ideal para aplicaciones que requieren elevados niveles de presi\u00f3n sonora en salas de control de tama\u00f1o medio o grande, as\u00ed como en entornos de grabaci\u00f3n profesional, mezcla, masterizaci\u00f3n y audio dom\u00e9stico de alta gama.<\/p>\n<p>El 8380A ofrece una din\u00e1mica excepcional, un techo din\u00e1mico enorme, gran capacidad SPL y un nivel de ruido propio extremadamente bajo. Su reproducci\u00f3n precisa, con coherencia temporal, junto con un control de directividad inigualable, hacen que su potencia se acompa\u00f1e de una gran precisi\u00f3n. La estabilidad en la imagen est\u00e9reo y la coherencia de fase permiten sesiones de escucha prolongadas sin fatiga, incluso a distancias cortas. Los usuarios del 8380A disfrutan de una claridad constante y sin coloraciones, lo que les proporciona la confianza necesaria para confiar en cada detalle, a cualquier nivel de reproducci\u00f3n.<\/p>\n<p>Entre sus caracter\u00edsticas clave esenciales destacan la linealidad mejorada del puerto bass-reflex, con dos puertos frontales; el nuevo m\u00f3dulo de amplificaci\u00f3n integrado RAM-L2, que puede instalarse de forma remota en rack; las dimensiones externas id\u00e9nticas a los modelos 1038\/1238, lo que facilita su sustituci\u00f3n en aplicaciones existentes; y la disponibilidad del recinto en acabados negro o blanco.<\/p>\n<p>El sistema de transductores integra un woofer de 15\u201d junto con un conjunto coaxial de medios de 130 mm y agudos de 25 mm, un dise\u00f1o originalmente desarrollado para el modelo 8381A y adaptado al 8380A. Incorpora un altavoz de graves de alta linealidad y un sistema de cruce (croosover) sintonizado a 480 Hz y 2500 Hz. Ofrece puntos de corte en bajas frecuencias por debajo de 29 Hz y en altas frecuencias por encima de 40 kHz, con una excelente linealidad de \u00b11,5 dB en la gama de 35 Hz a 20 kHz.<\/p>\n<p>Entre las ventajas del dise\u00f1o coaxial destacan la capacidad del sistema de medios-agudos para ofrecer una imagen sonora precisa y estable, apoyada por un gran DCW que garantiza un car\u00e1cter sonoro extremadamente limpio fuera del eje. Todo ello se traduce en un sonido neutro en un \u00e1rea de escucha muy amplia, con una distancia m\u00ednima de escucha inferior a 1,3 metros.<\/p>\n<p>Los avances en el dise\u00f1o del puerto bass-reflex se traducen en una mayor linealidad que minimiza los ruidos de turbulencia (\u2018chuffing\u2019), mejora la respuesta y reduce la distorsi\u00f3n arm\u00f3nica en comparaci\u00f3n con el modelo 1238A. El puerto de alta linealidad asegura adem\u00e1s una reproducci\u00f3n de graves muy limpia incluso a niveles m\u00e1ximos, mientras que la disposici\u00f3n frontal de los puertos facilita las instalaciones empotradas tradicionales. Por \u00faltimo, el transductor MDC integrado en un amplio DCW enmascara ac\u00fasticamente las aberturas de los puertos bass-reflex en las frecuencias medias y altas.<\/p>\n<p>La m\u00e1xima coherencia temporal se garantiza gracias a una \u00f3ptima coincidencia de fase con los monitores de la Serie 8300, The Ones y The Main Ones, lo que permite obtener una imagen sonora precisa incluso en sistemas compuestos por una combinaci\u00f3n de productos.<\/p>\n<p>La salida con ecualizaci\u00f3n de retardo preserva los transitorios, mientras que la latencia desde la entrada del sistema hasta la salida de audio es extremadamente baja, de solo 2,8 ms con EPL desactivado, frente a los 5,1 ms del modelo 1238A.<\/p>\n<p>Adem\u00e1s, ofrece una precisi\u00f3n de fase dentro de \u00b135\u00b0 en la gama de 110 Hz a 20 kHz, con una variaci\u00f3n de retardo de grupo inferior a 1 ms (f &gt; 130 Hz), 5 ms (f &gt; 70 Hz) y 10 ms (f &gt; 50 Hz). Asimismo, se logra una reducci\u00f3n de 10 ms en el retardo a 40 Hz respecto al 1238A.<\/p>\n<p>La gama din\u00e1mica ilimitada del sistema se ve respaldada por el avanzado dise\u00f1o del amplificador RAM-L2, que garantiza un funcionamiento sin ruido en comparaci\u00f3n con el modelo 1238A. Su nivel de ruido propio es ultrabajo, de -2 dB SPL (16 \u00b5Pa a 1 metro), lo que permite acceder con total claridad a los detalles sonoros de bajo nivel. A ello se suman un m\u00e1ximo SPL de 122 dB con se\u00f1al senoidal de corta duraci\u00f3n y un nivel m\u00e1ximo sostenido de 115 dB SPL. Adem\u00e1s, la excelente linealidad en bajas frecuencias, fruto de un sistema bass-reflex altamente lineal y de un woofer de gran excursi\u00f3n, asegura una respuesta de graves limpia incluso a vol\u00famenes muy elevados.<\/p>\n<p>El amplificador de nuevo dise\u00f1o incorpora una arquitectura sin ventilador y libre de ruido.<\/p>\n<p>El m\u00f3dulo RAM-L2 conserva las mismas dimensiones que el RAM-L, pero cumple con las normativas m\u00e1s recientes de seguridad y compatibilidad electromagn\u00e9tica (EMC).<\/p>\n<p>Sus conexiones SPEAKON permiten una reubicaci\u00f3n sencilla y flexible del amplificador en instalaciones empotradas, mientras que la fuente de alimentaci\u00f3n conmutada (SMPS) admite un rango universal de tensi\u00f3n de red entre 100 y 240 VCA, 50\u201360 Hz.<\/p>\n<p>El sistema integra amplificadores en clase D para graves y medios (woofer 500 W + medios 250 W) y un amplificador en clase AB para agudos (tweeter 200 W). En cuanto a eficiencia, el consumo en reposo es de solo 21 W y en modo ISS (ahorro de energ\u00eda) se reduce a 2,2 W.<\/p>\n<p>La elecci\u00f3n sostenible se refleja en un dise\u00f1o concebido para ofrecer una larga vida \u00fatil, respaldado por el compromiso de soporte de Genelec, que garantiza servicio t\u00e9cnico y suministro de repuestos.<\/p>\n<p>El nuevo dise\u00f1o del amplificador RAM-L2 proporciona adem\u00e1s una excelente capacidad de mantenimiento, contribuyendo a prolongar la vida del sistema. Todo ello se combina con unos costes de funcionamiento reducidos, gracias a la compatibilidad total con el sistema de ahorro energ\u00e9tico ISS, el consumo m\u00ednimo en reposo y el ahorro adicional que aporta la integraci\u00f3n con el software de control GLM.<\/p>\n<p>&nbsp;<\/p>\n<ul>\n<li>Transductores: woofer de 15&#8243;, coaxial medios de 130 mm + agudos de 25 mm.<\/li>\n<li>Sistema coaxial de medios-agudos desarrollado originalmente para el 8381A y adaptado al 8380A<\/li>\n<li>Altavoz de graves de alta linealidad.<\/li>\n<li>Frecuencias crossover: 480 Hz, 2500 Hz<\/li>\n<li>Puntos de corte: LF &lt; 29 Hz, HF &gt; 40 kHz.<\/li>\n<li>Excelente linealidad: \u00b11,5 dB (35 Hz \u2013 20 kHz).<\/li>\n<li>Latencia muy baja desde la entrada del sistema hasta la salida de audio: 2,8 ms (EPL desactivado), en comparaci\u00f3n con 5,1 ms en el 1238A.<\/li>\n<li>Precisi\u00f3n de fase dentro de \u00b135\u00b0 (110 Hz \u2013 20 kHz).<\/li>\n<li>Variaci\u00f3n de retardo de grupo con EPL: &lt; 1 ms (f &gt; 130 Hz), &lt; 5 ms (f &gt; 70 Hz), &lt; 10 ms (f &gt; 50 Hz).<\/li>\n<li>10 ms menos de retardo a 40 Hz en comparaci\u00f3n con el 1238A<\/li>\n<li>La fuente de alimentaci\u00f3n conmutada (SMPS) admite voltaje de red universal (100\u2013240 VCA, 50\u201360 Hz).<\/li>\n<li>Amplificadores en clase D para graves y medios: (woofer 500 W + medios 250 W).<\/li>\n<li>Amplificador en clase AB para agudos (tweeter 200 W).<\/li>\n<li>Consumo en reposo: 21 W; Consumo en modo ISS (ahorro de energ\u00eda): 2,2 W.<\/li>\n<li>Dimensiones externas id\u00e9nticas a los modelos 1038\/1238, lo que facilita su sustituci\u00f3n en instalaciones existentes.<\/li>\n<li>Recinto disponible en acabados negro o blanco.<\/li>\n<\/ul>\n","protected":false},"excerpt":{"rendered":"<h3>Monitor principal de tres v\u00edas para campo medio con tecnolog\u00eda SAM\u2122<\/h3>\n<ul>\n<li>Linealidad mejorada del puerto bass-reflex, con dos puertos frontales.<\/li>\n<li>Nuevo m\u00f3dulo de amplificaci\u00f3n integrado RAM-L2, con posibilidad de instalaci\u00f3n remota en rack.<\/li>\n<li>Dimensiones externas id\u00e9nticas a los modelos 1038\/1238, lo que facilita su sustituci\u00f3n en aplicaciones existentes.<\/li>\n<li>Transductores: woofer de 15&#8243;, coaxial medios de 130 mm + agudos de 25 mm.<\/li>\n<li>Sistema coaxial de medios-agudos desarrollado originalmente para el 8381A y adaptado al 8380A<\/li>\n<li>Amplificadores en clase D para graves y medios: (woofer 500 W + medios 250 W).<\/li>\n<li>Amplificador en clase AB para agudos (tweeter 200 W).<\/li>\n<\/ul>\n","protected":false},"featured_media":41408,"template":"","meta":{"_acf_changed":false},"product_brand":[],"product_cat":[1394,1395,1396],"product_tag":[],"class_list":{"0":"post-41407","1":"product","2":"type-product","3":"status-publish","4":"has-post-thumbnail","6":"product_cat-monitores-de-estudio","7":"product_cat-por-series-genelec","8":"product_cat-serie-sam","9":"product_series-serie-sam","11":"first","12":"instock","13":"shipping-taxable","14":"product-type-simple"},"acf":[],"yoast_head":"<!-- This site is optimized with the Yoast SEO plugin v27.1.1 - https:\/\/yoast.com\/product\/yoast-seo-wordpress\/ -->\n<title>8380A - Audio-Technica Iberia<\/title>\n<meta name=\"robots\" content=\"index, follow, max-snippet:-1, max-image-preview:large, max-video-preview:-1\" \/>\n<link rel=\"canonical\" href=\"https:\/\/distribution.audio-technica.eu\/es-es\/productos\/8380a\/\" \/>\n<meta property=\"og:locale\" content=\"es_ES\" \/>\n<meta property=\"og:type\" content=\"article\" \/>\n<meta property=\"og:title\" content=\"8380A - Audio-Technica Iberia\" \/>\n<meta property=\"og:description\" content=\"Monitor principal de tres v\u00edas para campo medio con tecnolog\u00eda SAM\u2122   Linealidad mejorada del puerto bass-reflex, con dos puertos frontales.  Nuevo m\u00f3dulo de amplificaci\u00f3n integrado RAM-L2, con posibilidad de instalaci\u00f3n remota en rack.  Dimensiones externas id\u00e9nticas a los modelos 1038\/1238, lo que facilita su sustituci\u00f3n en aplicaciones existentes.  Transductores: woofer de 15&quot;, coaxial medios de 130 mm + agudos de 25 mm.  Sistema coaxial de medios-agudos desarrollado originalmente para el 8381A y adaptado al 8380A  Amplificadores en clase D para graves y medios: (woofer 500 W + medios 250 W).  Amplificador en clase AB para agudos (tweeter 200 W).\" \/>\n<meta property=\"og:url\" content=\"https:\/\/distribution.audio-technica.eu\/es-es\/productos\/8380a\/\" \/>\n<meta property=\"og:site_name\" content=\"Audio-Technica Iberia\" \/>\n<meta property=\"og:image\" content=\"https:\/\/distribution.audio-technica.eu\/app\/uploads\/sites\/2\/Genelec_8380_Black.jpg\" \/>\n\t<meta property=\"og:image:width\" content=\"2000\" \/>\n\t<meta property=\"og:image:height\" content=\"2000\" \/>\n\t<meta property=\"og:image:type\" content=\"image\/jpeg\" \/>\n<meta name=\"twitter:card\" content=\"summary_large_image\" \/>\n<meta name=\"twitter:label1\" content=\"Tiempo de lectura\" \/>\n\t<meta name=\"twitter:data1\" content=\"6 minutos\" \/>\n<script type=\"application\/ld+json\" class=\"yoast-schema-graph\">{\"@context\":\"https:\/\/schema.org\",\"@graph\":[{\"@type\":\"WebPage\",\"@id\":\"https:\/\/distribution.audio-technica.eu\/es-es\/productos\/8380a\/\",\"url\":\"https:\/\/distribution.audio-technica.eu\/es-es\/productos\/8380a\/\",\"name\":\"8380A - Audio-Technica Iberia\",\"isPartOf\":{\"@id\":\"https:\/\/distribution.audio-technica.eu\/es-es\/#website\"},\"primaryImageOfPage\":{\"@id\":\"https:\/\/distribution.audio-technica.eu\/es-es\/productos\/8380a\/#primaryimage\"},\"image\":{\"@id\":\"https:\/\/distribution.audio-technica.eu\/es-es\/productos\/8380a\/#primaryimage\"},\"thumbnailUrl\":\"\/app\/uploads\/sites\/2\/Genelec_8380_Black.jpg\",\"datePublished\":\"2025-09-30T15:00:10+00:00\",\"breadcrumb\":{\"@id\":\"https:\/\/distribution.audio-technica.eu\/es-es\/productos\/8380a\/#breadcrumb\"},\"inLanguage\":\"es\",\"potentialAction\":[{\"@type\":\"ReadAction\",\"target\":[\"https:\/\/distribution.audio-technica.eu\/es-es\/productos\/8380a\/\"]}]},{\"@type\":\"ImageObject\",\"inLanguage\":\"es\",\"@id\":\"https:\/\/distribution.audio-technica.eu\/es-es\/productos\/8380a\/#primaryimage\",\"url\":\"\/app\/uploads\/sites\/2\/Genelec_8380_Black.jpg\",\"contentUrl\":\"\/app\/uploads\/sites\/2\/Genelec_8380_Black.jpg\",\"width\":2000,\"height\":2000},{\"@type\":\"BreadcrumbList\",\"@id\":\"https:\/\/distribution.audio-technica.eu\/es-es\/productos\/8380a\/#breadcrumb\",\"itemListElement\":[{\"@type\":\"ListItem\",\"position\":1,\"name\":\"Products\",\"item\":\"https:\/\/distribution.audio-technica.eu\/es-es\/\"},{\"@type\":\"ListItem\",\"position\":2,\"name\":\"Productos\",\"item\":\"https:\/\/distribution.audio-technica.eu\/es-es\/productos\/\"},{\"@type\":\"ListItem\",\"position\":3,\"name\":\"8380A\"}]},{\"@type\":\"WebSite\",\"@id\":\"https:\/\/distribution.audio-technica.eu\/es-es\/#website\",\"url\":\"https:\/\/distribution.audio-technica.eu\/es-es\/\",\"name\":\"Audio-Technica Iberia\",\"description\":\"Distribuci\u00f3n\",\"potentialAction\":[{\"@type\":\"SearchAction\",\"target\":{\"@type\":\"EntryPoint\",\"urlTemplate\":\"https:\/\/distribution.audio-technica.eu\/es-es\/?s={search_term_string}\"},\"query-input\":{\"@type\":\"PropertyValueSpecification\",\"valueRequired\":true,\"valueName\":\"search_term_string\"}}],\"inLanguage\":\"es\"}]}<\/script>\n<!-- \/ Yoast SEO plugin. -->","yoast_head_json":{"title":"8380A - Audio-Technica Iberia","robots":{"index":"index","follow":"follow","max-snippet":"max-snippet:-1","max-image-preview":"max-image-preview:large","max-video-preview":"max-video-preview:-1"},"canonical":"https:\/\/distribution.audio-technica.eu\/es-es\/productos\/8380a\/","og_locale":"es_ES","og_type":"article","og_title":"8380A - Audio-Technica Iberia","og_description":"Monitor principal de tres v\u00edas para campo medio con tecnolog\u00eda SAM\u2122   Linealidad mejorada del puerto bass-reflex, con dos puertos frontales.  Nuevo m\u00f3dulo de amplificaci\u00f3n integrado RAM-L2, con posibilidad de instalaci\u00f3n remota en rack.  Dimensiones externas id\u00e9nticas a los modelos 1038\/1238, lo que facilita su sustituci\u00f3n en aplicaciones existentes.  Transductores: woofer de 15\", coaxial medios de 130 mm + agudos de 25 mm.  Sistema coaxial de medios-agudos desarrollado originalmente para el 8381A y adaptado al 8380A  Amplificadores en clase D para graves y medios: (woofer 500 W + medios 250 W).  Amplificador en clase AB para agudos (tweeter 200 W).","og_url":"https:\/\/distribution.audio-technica.eu\/es-es\/productos\/8380a\/","og_site_name":"Audio-Technica Iberia","og_image":[{"width":2000,"height":2000,"url":"https:\/\/distribution.audio-technica.eu\/app\/uploads\/sites\/2\/Genelec_8380_Black.jpg","type":"image\/jpeg"}],"twitter_card":"summary_large_image","twitter_misc":{"Tiempo de lectura":"6 minutos"},"schema":{"@context":"https:\/\/schema.org","@graph":[{"@type":"WebPage","@id":"https:\/\/distribution.audio-technica.eu\/es-es\/productos\/8380a\/","url":"https:\/\/distribution.audio-technica.eu\/es-es\/productos\/8380a\/","name":"8380A - Audio-Technica Iberia","isPartOf":{"@id":"https:\/\/distribution.audio-technica.eu\/es-es\/#website"},"primaryImageOfPage":{"@id":"https:\/\/distribution.audio-technica.eu\/es-es\/productos\/8380a\/#primaryimage"},"image":{"@id":"https:\/\/distribution.audio-technica.eu\/es-es\/productos\/8380a\/#primaryimage"},"thumbnailUrl":"\/app\/uploads\/sites\/2\/Genelec_8380_Black.jpg","datePublished":"2025-09-30T15:00:10+00:00","breadcrumb":{"@id":"https:\/\/distribution.audio-technica.eu\/es-es\/productos\/8380a\/#breadcrumb"},"inLanguage":"es","potentialAction":[{"@type":"ReadAction","target":["https:\/\/distribution.audio-technica.eu\/es-es\/productos\/8380a\/"]}]},{"@type":"ImageObject","inLanguage":"es","@id":"https:\/\/distribution.audio-technica.eu\/es-es\/productos\/8380a\/#primaryimage","url":"\/app\/uploads\/sites\/2\/Genelec_8380_Black.jpg","contentUrl":"\/app\/uploads\/sites\/2\/Genelec_8380_Black.jpg","width":2000,"height":2000},{"@type":"BreadcrumbList","@id":"https:\/\/distribution.audio-technica.eu\/es-es\/productos\/8380a\/#breadcrumb","itemListElement":[{"@type":"ListItem","position":1,"name":"Products","item":"https:\/\/distribution.audio-technica.eu\/es-es\/"},{"@type":"ListItem","position":2,"name":"Productos","item":"https:\/\/distribution.audio-technica.eu\/es-es\/productos\/"},{"@type":"ListItem","position":3,"name":"8380A"}]},{"@type":"WebSite","@id":"https:\/\/distribution.audio-technica.eu\/es-es\/#website","url":"https:\/\/distribution.audio-technica.eu\/es-es\/","name":"Audio-Technica Iberia","description":"Distribuci\u00f3n","potentialAction":[{"@type":"SearchAction","target":{"@type":"EntryPoint","urlTemplate":"https:\/\/distribution.audio-technica.eu\/es-es\/?s={search_term_string}"},"query-input":{"@type":"PropertyValueSpecification","valueRequired":true,"valueName":"search_term_string"}}],"inLanguage":"es"}]}},"_links":{"self":[{"href":"https:\/\/distribution.audio-technica.eu\/es-es\/wp-json\/wp\/v2\/product\/41407","targetHints":{"allow":["GET"]}}],"collection":[{"href":"https:\/\/distribution.audio-technica.eu\/es-es\/wp-json\/wp\/v2\/product"}],"about":[{"href":"https:\/\/distribution.audio-technica.eu\/es-es\/wp-json\/wp\/v2\/types\/product"}],"wp:featuredmedia":[{"embeddable":true,"href":"https:\/\/distribution.audio-technica.eu\/es-es\/wp-json\/wp\/v2\/media\/41408"}],"wp:attachment":[{"href":"https:\/\/distribution.audio-technica.eu\/es-es\/wp-json\/wp\/v2\/media?parent=41407"}],"wp:term":[{"taxonomy":"product_brand","embeddable":true,"href":"https:\/\/distribution.audio-technica.eu\/es-es\/wp-json\/wp\/v2\/product_brand?post=41407"},{"taxonomy":"product_cat","embeddable":true,"href":"https:\/\/distribution.audio-technica.eu\/es-es\/wp-json\/wp\/v2\/product_cat?post=41407"},{"taxonomy":"product_tag","embeddable":true,"href":"https:\/\/distribution.audio-technica.eu\/es-es\/wp-json\/wp\/v2\/product_tag?post=41407"}],"curies":[{"name":"wp","href":"https:\/\/api.w.org\/{rel}","templated":true}]}}