{"id":41474,"date":"2025-10-14T17:29:44","date_gmt":"2025-10-14T15:29:44","guid":{"rendered":"https:\/\/distribution.audio-technica.eu\/es-es\/?post_type=product&#038;p=41474"},"modified":"2025-10-14T17:51:19","modified_gmt":"2025-10-14T15:51:19","slug":"xone24","status":"publish","type":"product","link":"https:\/\/distribution.audio-technica.eu\/es-es\/productos\/xone24\/","title":{"rendered":"XONE:24"},"content":{"rendered":"<h2>XONE:24<\/h2>\n<h3>Mezclador anal\u00f3gico de 2+1 canales para DJ<\/h3>\n<p>Xone:24 es un mezclador totalmente anal\u00f3gico de 2+1 canales y formato compacto, dise\u00f1ado para DJs que valoran un sonido profesional y un control directo en configuraciones reducidas.<\/p>\n<p>Tanto si pinchas con vinilo, reproduces desde reproductores digitales o simplemente buscas un rendimiento anal\u00f3gico de alta calidad, el Xone:24 te ofrece un sonido con calidad de club en un equipo f\u00e1cil de utilizar.<\/p>\n<p>Dise\u00f1ado para espacios reducidos, configuraciones dom\u00e9sticas o sistemas m\u00f3viles, el Xone:24 incorpora las mismas herramientas esenciales presentes en los mezcladores insignia de la gama Xone \u2014incluyendo el filtro Xone y el mini InnoFADER\u2014 en un formato compacto y accesible. Tanto si est\u00e1s aprendiendo tu oficio, actuando en directo, escuchando en casa o creando en el estudio, el Xone:24 te ofrece una v\u00eda de acceso sin concesiones al universo Xone.<\/p>\n<p>En el coraz\u00f3n del Xone:24 se encuentra la ruta de se\u00f1al totalmente anal\u00f3gica, meticulosamente dise\u00f1ada para ofrecer la claridad, la calidez y la pegada que definen el sonido Xone.<\/p>\n<p>Un par de preamplificadores RIAA de alta ganancia y bajo ruido garantiza una reproducci\u00f3n fiel de las fuentes de vinilo, mientras que las entradas Fono\/L\u00ednea emparejadas permiten conmutar sin interrupciones entre giradiscos y reproductores digitales sin comprometer la estructura de ganancia.<\/p>\n<p>El ecualizador de 3 bandas con corte total te proporciona un control preciso y creativo para esculpir tu mezcla, desde la alternancia de l\u00edneas de bajo hasta transiciones expresivas.<\/p>\n<p>La base de todo ello es una suma anal\u00f3gica pura y cuidadosamente ajustada, que proporciona unos graves profundos y potentes junto con unos agudos abiertos y detallados, otorgando a sus mezclas ese sonido profesional y con cuerpo que solo puede lograrse en un mezclador anal\u00f3gico.<\/p>\n<p>El Xone:24 incorpora el ic\u00f3nico Xone:VCF para proporcionar un modelado sonoro creativo y preciso. Con modos de paso bajo y paso alto, barrido de frecuencia y el reconocido control de resonancia \u2014desde sutil hasta extremo\u2014, utiliza la misma topolog\u00eda de filtro presente en los mezcladores insignia de la serie Xone de Allen &amp; Heath.<\/p>\n<p>El Xone:24 incorpora el crossfader Mini innoFADER, reconocido por DJs de todo el mundo por su respuesta fluida y su durabilidad. Interruptores retroiluminados, una medici\u00f3n sensible y un completo conjunto de entradas y salidas completan un mezclador dise\u00f1ado para ofrecer un rendimiento fiable, sin importar d\u00f3nde se encuentre actuando.<\/p>\n<p>El Xone:24 incorpora un nuevo bucle de efectos Master Insert, que permite una integraci\u00f3n sencilla con procesadores externos mediante conexiones de env\u00edo\/retorno en el panel trasero, facilitando la incorporaci\u00f3n de los efectos hardware m\u00e1s utilizados en sus mezclas. En instalaciones, el Master Insert FX puede conectarse a procesadores din\u00e1micos, proporcionando control sobre la salida principal para necesidades de gesti\u00f3n del sistema o del entorno.<\/p>\n","protected":false},"excerpt":{"rendered":"<h3>Mezclador anal\u00f3gico de 2+1 canales para DJ<\/h3>\n<ul class=\"summary\">\n<li>Ofrece las mismas herramientas esenciales presentes en los modelos insignia de la gama Xone<\/li>\n<li>Ruta anal\u00f3gica de la se\u00f1al<\/li>\n<li>Preamplificador RIAA de bajo ruido y alta ganancia.<\/li>\n<li>Ecualizador de 3 bandas con corte total.<\/li>\n<li>Suma anal\u00f3gica pura y c\u00e1lida.<\/li>\n<li>Entradas Phono\/L\u00ednea emparejadas.<\/li>\n<li>Filtro cl\u00e1sico Xone:VCF (Voltage Controlled Filter).<\/li>\n<li>Crossfader Mini InnoFADER.<\/li>\n<li>Inserci\u00f3n m\u00e1ster \/ efectos conmutables.<\/li>\n<\/ul>\n<p>&nbsp;<\/p>\n","protected":false},"featured_media":41475,"template":"","meta":{"_acf_changed":false},"product_brand":[],"product_cat":[1507,1490,1508],"product_tag":[],"class_list":{"0":"post-41474","1":"product","2":"type-product","3":"status-publish","4":"has-post-thumbnail","6":"product_cat-mezcladores-dj-allen-heath","7":"product_cat-por-series-allen-heath","8":"product_cat-serie-xone","10":"first","11":"instock","12":"shipping-taxable","13":"product-type-simple"},"acf":[],"yoast_head":"<!-- This site is optimized with the Yoast SEO plugin v27.1.1 - https:\/\/yoast.com\/product\/yoast-seo-wordpress\/ -->\n<title>XONE:24 - Audio-Technica Iberia<\/title>\n<meta name=\"robots\" content=\"index, follow, max-snippet:-1, max-image-preview:large, max-video-preview:-1\" \/>\n<link rel=\"canonical\" href=\"https:\/\/distribution.audio-technica.eu\/es-es\/productos\/xone24\/\" \/>\n<meta property=\"og:locale\" content=\"es_ES\" \/>\n<meta property=\"og:type\" content=\"article\" \/>\n<meta property=\"og:title\" content=\"XONE:24 - Audio-Technica Iberia\" \/>\n<meta property=\"og:description\" content=\"Mezclador anal\u00f3gico de 2+1 canales para DJ   Ofrece las mismas herramientas esenciales presentes en los modelos insignia de la gama Xone  Ruta anal\u00f3gica de la se\u00f1al  Preamplificador RIAA de bajo ruido y alta ganancia.  Ecualizador de 3 bandas con corte total.  Suma anal\u00f3gica pura y c\u00e1lida.  Entradas Phono\/L\u00ednea emparejadas.  Filtro cl\u00e1sico Xone:VCF (Voltage Controlled Filter).  Crossfader Mini InnoFADER.  Inserci\u00f3n m\u00e1ster \/ efectos conmutables.  &nbsp;\" \/>\n<meta property=\"og:url\" content=\"https:\/\/distribution.audio-technica.eu\/es-es\/productos\/xone24\/\" \/>\n<meta property=\"og:site_name\" content=\"Audio-Technica Iberia\" \/>\n<meta property=\"article:modified_time\" content=\"2025-10-14T15:51:19+00:00\" \/>\n<meta property=\"og:image\" content=\"https:\/\/distribution.audio-technica.eu\/app\/uploads\/sites\/2\/AH-Xone-24-top.jpg\" \/>\n\t<meta property=\"og:image:width\" content=\"2000\" \/>\n\t<meta property=\"og:image:height\" content=\"2000\" \/>\n\t<meta property=\"og:image:type\" content=\"image\/jpeg\" \/>\n<meta name=\"twitter:card\" content=\"summary_large_image\" \/>\n<meta name=\"twitter:label1\" content=\"Tiempo de lectura\" \/>\n\t<meta name=\"twitter:data1\" content=\"3 minutos\" \/>\n<script type=\"application\/ld+json\" class=\"yoast-schema-graph\">{\"@context\":\"https:\/\/schema.org\",\"@graph\":[{\"@type\":\"WebPage\",\"@id\":\"https:\/\/distribution.audio-technica.eu\/es-es\/productos\/xone24\/\",\"url\":\"https:\/\/distribution.audio-technica.eu\/es-es\/productos\/xone24\/\",\"name\":\"XONE:24 - Audio-Technica Iberia\",\"isPartOf\":{\"@id\":\"https:\/\/distribution.audio-technica.eu\/es-es\/#website\"},\"primaryImageOfPage\":{\"@id\":\"https:\/\/distribution.audio-technica.eu\/es-es\/productos\/xone24\/#primaryimage\"},\"image\":{\"@id\":\"https:\/\/distribution.audio-technica.eu\/es-es\/productos\/xone24\/#primaryimage\"},\"thumbnailUrl\":\"\/app\/uploads\/sites\/2\/AH-Xone-24-top.jpg\",\"datePublished\":\"2025-10-14T15:29:44+00:00\",\"dateModified\":\"2025-10-14T15:51:19+00:00\",\"breadcrumb\":{\"@id\":\"https:\/\/distribution.audio-technica.eu\/es-es\/productos\/xone24\/#breadcrumb\"},\"inLanguage\":\"es\",\"potentialAction\":[{\"@type\":\"ReadAction\",\"target\":[\"https:\/\/distribution.audio-technica.eu\/es-es\/productos\/xone24\/\"]}]},{\"@type\":\"ImageObject\",\"inLanguage\":\"es\",\"@id\":\"https:\/\/distribution.audio-technica.eu\/es-es\/productos\/xone24\/#primaryimage\",\"url\":\"\/app\/uploads\/sites\/2\/AH-Xone-24-top.jpg\",\"contentUrl\":\"\/app\/uploads\/sites\/2\/AH-Xone-24-top.jpg\",\"width\":2000,\"height\":2000},{\"@type\":\"BreadcrumbList\",\"@id\":\"https:\/\/distribution.audio-technica.eu\/es-es\/productos\/xone24\/#breadcrumb\",\"itemListElement\":[{\"@type\":\"ListItem\",\"position\":1,\"name\":\"Products\",\"item\":\"https:\/\/distribution.audio-technica.eu\/es-es\/\"},{\"@type\":\"ListItem\",\"position\":2,\"name\":\"Productos\",\"item\":\"https:\/\/distribution.audio-technica.eu\/es-es\/productos\/\"},{\"@type\":\"ListItem\",\"position\":3,\"name\":\"XONE:24\"}]},{\"@type\":\"WebSite\",\"@id\":\"https:\/\/distribution.audio-technica.eu\/es-es\/#website\",\"url\":\"https:\/\/distribution.audio-technica.eu\/es-es\/\",\"name\":\"Audio-Technica Iberia\",\"description\":\"Distribuci\u00f3n\",\"potentialAction\":[{\"@type\":\"SearchAction\",\"target\":{\"@type\":\"EntryPoint\",\"urlTemplate\":\"https:\/\/distribution.audio-technica.eu\/es-es\/?s={search_term_string}\"},\"query-input\":{\"@type\":\"PropertyValueSpecification\",\"valueRequired\":true,\"valueName\":\"search_term_string\"}}],\"inLanguage\":\"es\"}]}<\/script>\n<!-- \/ Yoast SEO plugin. -->","yoast_head_json":{"title":"XONE:24 - Audio-Technica Iberia","robots":{"index":"index","follow":"follow","max-snippet":"max-snippet:-1","max-image-preview":"max-image-preview:large","max-video-preview":"max-video-preview:-1"},"canonical":"https:\/\/distribution.audio-technica.eu\/es-es\/productos\/xone24\/","og_locale":"es_ES","og_type":"article","og_title":"XONE:24 - Audio-Technica Iberia","og_description":"Mezclador anal\u00f3gico de 2+1 canales para DJ   Ofrece las mismas herramientas esenciales presentes en los modelos insignia de la gama Xone  Ruta anal\u00f3gica de la se\u00f1al  Preamplificador RIAA de bajo ruido y alta ganancia.  Ecualizador de 3 bandas con corte total.  Suma anal\u00f3gica pura y c\u00e1lida.  Entradas Phono\/L\u00ednea emparejadas.  Filtro cl\u00e1sico Xone:VCF (Voltage Controlled Filter).  Crossfader Mini InnoFADER.  Inserci\u00f3n m\u00e1ster \/ efectos conmutables.  &nbsp;","og_url":"https:\/\/distribution.audio-technica.eu\/es-es\/productos\/xone24\/","og_site_name":"Audio-Technica Iberia","article_modified_time":"2025-10-14T15:51:19+00:00","og_image":[{"width":2000,"height":2000,"url":"https:\/\/distribution.audio-technica.eu\/app\/uploads\/sites\/2\/AH-Xone-24-top.jpg","type":"image\/jpeg"}],"twitter_card":"summary_large_image","twitter_misc":{"Tiempo de lectura":"3 minutos"},"schema":{"@context":"https:\/\/schema.org","@graph":[{"@type":"WebPage","@id":"https:\/\/distribution.audio-technica.eu\/es-es\/productos\/xone24\/","url":"https:\/\/distribution.audio-technica.eu\/es-es\/productos\/xone24\/","name":"XONE:24 - Audio-Technica Iberia","isPartOf":{"@id":"https:\/\/distribution.audio-technica.eu\/es-es\/#website"},"primaryImageOfPage":{"@id":"https:\/\/distribution.audio-technica.eu\/es-es\/productos\/xone24\/#primaryimage"},"image":{"@id":"https:\/\/distribution.audio-technica.eu\/es-es\/productos\/xone24\/#primaryimage"},"thumbnailUrl":"\/app\/uploads\/sites\/2\/AH-Xone-24-top.jpg","datePublished":"2025-10-14T15:29:44+00:00","dateModified":"2025-10-14T15:51:19+00:00","breadcrumb":{"@id":"https:\/\/distribution.audio-technica.eu\/es-es\/productos\/xone24\/#breadcrumb"},"inLanguage":"es","potentialAction":[{"@type":"ReadAction","target":["https:\/\/distribution.audio-technica.eu\/es-es\/productos\/xone24\/"]}]},{"@type":"ImageObject","inLanguage":"es","@id":"https:\/\/distribution.audio-technica.eu\/es-es\/productos\/xone24\/#primaryimage","url":"\/app\/uploads\/sites\/2\/AH-Xone-24-top.jpg","contentUrl":"\/app\/uploads\/sites\/2\/AH-Xone-24-top.jpg","width":2000,"height":2000},{"@type":"BreadcrumbList","@id":"https:\/\/distribution.audio-technica.eu\/es-es\/productos\/xone24\/#breadcrumb","itemListElement":[{"@type":"ListItem","position":1,"name":"Products","item":"https:\/\/distribution.audio-technica.eu\/es-es\/"},{"@type":"ListItem","position":2,"name":"Productos","item":"https:\/\/distribution.audio-technica.eu\/es-es\/productos\/"},{"@type":"ListItem","position":3,"name":"XONE:24"}]},{"@type":"WebSite","@id":"https:\/\/distribution.audio-technica.eu\/es-es\/#website","url":"https:\/\/distribution.audio-technica.eu\/es-es\/","name":"Audio-Technica Iberia","description":"Distribuci\u00f3n","potentialAction":[{"@type":"SearchAction","target":{"@type":"EntryPoint","urlTemplate":"https:\/\/distribution.audio-technica.eu\/es-es\/?s={search_term_string}"},"query-input":{"@type":"PropertyValueSpecification","valueRequired":true,"valueName":"search_term_string"}}],"inLanguage":"es"}]}},"_links":{"self":[{"href":"https:\/\/distribution.audio-technica.eu\/es-es\/wp-json\/wp\/v2\/product\/41474","targetHints":{"allow":["GET"]}}],"collection":[{"href":"https:\/\/distribution.audio-technica.eu\/es-es\/wp-json\/wp\/v2\/product"}],"about":[{"href":"https:\/\/distribution.audio-technica.eu\/es-es\/wp-json\/wp\/v2\/types\/product"}],"wp:featuredmedia":[{"embeddable":true,"href":"https:\/\/distribution.audio-technica.eu\/es-es\/wp-json\/wp\/v2\/media\/41475"}],"wp:attachment":[{"href":"https:\/\/distribution.audio-technica.eu\/es-es\/wp-json\/wp\/v2\/media?parent=41474"}],"wp:term":[{"taxonomy":"product_brand","embeddable":true,"href":"https:\/\/distribution.audio-technica.eu\/es-es\/wp-json\/wp\/v2\/product_brand?post=41474"},{"taxonomy":"product_cat","embeddable":true,"href":"https:\/\/distribution.audio-technica.eu\/es-es\/wp-json\/wp\/v2\/product_cat?post=41474"},{"taxonomy":"product_tag","embeddable":true,"href":"https:\/\/distribution.audio-technica.eu\/es-es\/wp-json\/wp\/v2\/product_tag?post=41474"}],"curies":[{"name":"wp","href":"https:\/\/api.w.org\/{rel}","templated":true}]}}