{"id":41813,"date":"2025-12-30T15:18:10","date_gmt":"2025-12-30T14:18:10","guid":{"rendered":"https:\/\/distribution.audio-technica.eu\/es-es\/?post_type=product&#038;p=41813"},"modified":"2025-12-30T15:18:10","modified_gmt":"2025-12-30T14:18:10","slug":"tmd16","status":"publish","type":"product","link":"https:\/\/distribution.audio-technica.eu\/es-es\/productos\/tmd16\/","title":{"rendered":"TMD16"},"content":{"rendered":"<h2>TMD16<\/h2>\n<h3>Mezclador digital compacto de 16 canales con Bluetooth y USB<\/h3>\n<p>El nuevo mezclador digital TMD16 le permite llevar su sonido en directo al siguiente nivel<strong>.<\/strong> Con un vers\u00e1til motor de mezcla digital, codificadores con pulsaci\u00f3n t\u00e1ctil y efectos de estudio integrados, el TMD16 es una soluci\u00f3n simplificada para lograr un sonido en directo de alta calidad de forma constante.<\/p>\n<p>Desde salas de ensayo hasta peque\u00f1os recintos y espacios de culto, esta mesa de 16 canales ofrece un conjunto de prestaciones de alto nivel sin necesidad de navegar por men\u00fas complejos. Dispone de EQ param\u00e9trica, compresi\u00f3n y efectos de reverb\/delay, sin necesidad de tener que recurrir a equipos externos adicionales. Tanto si est\u00e1 acostumbrado a trabajar con una mesa anal\u00f3gica tradicional como si busca simplificar su sistema, TMD16 es la actualizaci\u00f3n perfecta gracias a su control t\u00e1ctil familiar, combinado con la potencia y flexibilidad de la mezcla digital.<\/p>\n<p>Dise\u00f1ada para los entornos m\u00e1s exigentes y un uso prolongado, TMD16 est\u00e1 construida con un resistente chasis met\u00e1lico. Junto a los botones retroiluminados, los codificadores t\u00e1ctiles con pulsaci\u00f3n y la pantalla en color de 7\u201d, su interface f\u00edsico ofrece la respuesta inmediata que aprecian tanto los t\u00e9cnicos experimentados como los novatos. Su compatibilidad USB plug-and-play facilita <em>streamings<\/em>, grabaciones est\u00e9reo y reproducci\u00f3n desde PC o Mac. El Bluetooth integrado permite transmitir audio sin esfuerzo y ajustar la mezcla de forma remota mediante la app Alto Mix Control.<\/p>\n<p>Una producci\u00f3n en directo puede implicar m\u00faltiples grupos, rutas de se\u00f1al complejas y herramientas de audio preparadas para que cada actuaci\u00f3n suene al m\u00e1ximo nivel. Para gestionar incluso las cargas de trabajo m\u00e1s exigentes, el motor de mezcla digital del TMD16 ofrece presets de escenas y t\u00e9cnicas de direccionamiento avanzadas, tales como subgrupos y rutas de se\u00f1al personalizadas.<\/p>\n<p>Esta consola de mezcla digital tambi\u00e9n incorpora funciones t\u00e1ctiles que aportan calidad de estudio en un mezclador para directo. Los previos digitales de micro se combinan con prestaciones por canal como EQ totalmente param\u00e9trica y compresores\/limitadores tanto en entradas como salidas, garantizando calidad de principio a fin. Y para un acabado a\u00fan m\u00e1s profesional, su motor de efectos incluye 16 reverbs, delays, chorus y m\u00e1s.<\/p>\n<p>La gesti\u00f3n de un espacio para m\u00fasica en directo o eventos exige soluciones constantes, y no siempre hay personal con experiencia en ingenier\u00eda de sonido. Este mezclador de 16 canales ofrece un control intuitivo y un formato simplificado que permite empezar a trabajar desde el primer momento. Tanto si usted mismo est\u00e1 a los mandos como si delega el sonido en otra persona de su equipo, los presets integrados del TMD16 facilitan que cualquiera pueda obtener una salida de audio con nivel profesional.<\/p>\n<p>Cada par\u00e1metro editable del TMD16 dispone de un control f\u00edsico en la superficie de la mesa, de modo que la informaci\u00f3n esencial est\u00e1 siempre presente y nunca se pierde entre m\u00faltiples men\u00fas o pantallas t\u00e1ctiles imprecisas. Con faders capacitivos de 100 mm, botones retroiluminados y codificadores dedicados, el control detallado est\u00e1 siempre al alcance de la mano, complementado por el claro feedback visual de la pantalla de 7\u201d.<\/p>\n<p>No se necesita equipo adicional: TMD16 est\u00e1 dise\u00f1ado para trabajar a diario. Este mezclador compacto es una soluci\u00f3n aut\u00f3noma que, adem\u00e1s, incorpora conectividad Bluetooth para una integraci\u00f3n fluida con la app Alto Pro Mix Control. Incluso si debe alejarse de la mesa por otras tareas, tendr\u00e1 acceso a faders, mutes y medidores de todos los canales, as\u00ed como a la carga y guardado de presets, todo desde una sola pantalla.<\/p>\n<p>El mezclador digital TMD 16 est\u00e1 preparado para los entornos reales. Fabricado con un robusto chasis met\u00e1lico, el TMD16 resiste golpes y ca\u00eddas propias de un espacio de trabajo concurrido. Gracias a sus faders t\u00e1ctiles duraderos, puede esperar un rendimiento fiable en todo momento y situaci\u00f3n.<\/p>\n<p>Para quienes necesitan un sonido en directo fiable, repetible y potente, TMD16 hace que mezclar resulte sencillo.<\/p>\n<p>&nbsp;<\/p>\n<ul>\n<li>Mezclador digital 16 x 12 E\/S<\/li>\n<li>10 preamplificadores microf\u00f3nicos digitales<\/li>\n<li>3 entradas de l\u00ednea est\u00e9reo<\/li>\n<li>EQ de 3 bandas totalmente param\u00e9trico y compresor en todas las entradas<\/li>\n<li>EQ gr\u00e1fico 7 bandas y compresor \/ limitador en todas las salidas<\/li>\n<li>Pantalla en color de 7 pulgadas, con 10 pulsadores codificadores espec\u00edficos retroiluminados<\/li>\n<li>Controles intuitivos y un dise\u00f1o claro, f\u00e1cil de usar y entender, sin necesidad de experiencia previa en audio profesional.<\/li>\n<li>FX con 16 reverbs, retardos y chorus. El motor de mezcla digital ofrece presets de escenas, direccionamiento avanzado, efectos de reverb\/delay y EQ y compresores\/limitadores en todas las entradas y salidas, proporcionando un sonido limpio y consistente en un formato compacto y sin procesadores externos.<\/li>\n<li>Control t\u00e1ctil y pr\u00e1ctico, que combina faders t\u00e1ctiles capacitivos de 100 mm, codificadores contextuales y una pantalla a color, permitiendo una mezcla r\u00e1pida con un feedback visual claro y sin necesidad de usar una tableta.<\/li>\n<li>La conectividad plug-and-play mediante USB y audio Bluetooth, adem\u00e1s del control Bluetooth, facilita <em>livestreams<\/em>, reproducci\u00f3n y ajustes remotos desde tel\u00e9fonos y ordenadores port\u00e1tiles.<\/li>\n<li>Se adapta desde salas de ensayo hasta recintos de mayor tama\u00f1o, gracias a sus subgrupos, monitorizaci\u00f3n flexible y recuperaci\u00f3n de escenas, permitiendo cambios r\u00e1pidos y sin estr\u00e9s.<\/li>\n<li>Su construcci\u00f3n preparada para el directo incluye un chasis met\u00e1lico y faders t\u00e1ctiles duraderos, garantizando un rendimiento fiable noche tras noche.<\/li>\n<li>Streaming de audio a trav\u00e9s de Bluetooth<\/li>\n<li>Interface de audio USB est\u00e9reo 2 x 2, con resoluci\u00f3n de @24-bit \/ 48kHZ<\/li>\n<li>Salidas principales a trav\u00e9s de XLR, 4 env\u00edos aux\/FX y 4 subgrupos<\/li>\n<li>Aplicaci\u00f3n Alto Pro Mix Control para iOS y Android v\u00eda Bluetooth<\/li>\n<li>Formato compacto (381 x 429,26 x 109,22 mm)<\/li>\n<li>Ligero y port\u00e1til (4,67 kg)<\/li>\n<\/ul>\n<p>&nbsp;<\/p>\n","protected":false},"excerpt":{"rendered":"<h3>Mezclador digital compacto de 16 canales con Bluetooth y USB<\/h3>\n<ul>\n<li>Mezclador digital 16 x 12 E\/S<\/li>\n<li>10 preamplificadores microf\u00f3nicos digitales<\/li>\n<li>3 entradas de l\u00ednea est\u00e9reo<\/li>\n<li>EQ de 3 bandas totalmente param\u00e9trico y compresor en todas las entradas<\/li>\n<li>Motor FX con 16 reverbs, retardos y chorus<\/li>\n<li>Pantalla en color de 7 pulgadas, con 10 pulsadores codificadores espec\u00edficos retroiluminados<\/li>\n<li>Faders t\u00e1ctiles capacitivos de 100 mm con indicadores LED<\/li>\n<li>Streaming de audio a trav\u00e9s de Bluetooth<\/li>\n<li>Interface de audio USB est\u00e9reo 2 x 2, con resoluci\u00f3n de @24-bit \/ 48kHZ<\/li>\n<\/ul>\n","protected":false},"featured_media":41821,"template":"","meta":{"_acf_changed":false},"product_brand":[],"product_cat":[1331,1332,1350],"product_tag":[],"class_list":{"0":"post-41813","1":"product","2":"type-product","3":"status-publish","4":"has-post-thumbnail","6":"product_cat-mesas-de-mezclas","7":"product_cat-mesas-de-mezclas-para-directo","8":"product_cat-mezcladores-compactos","10":"first","11":"instock","12":"shipping-taxable","13":"product-type-simple"},"acf":[],"yoast_head":"<!-- This site is optimized with the Yoast SEO plugin v27.1.1 - https:\/\/yoast.com\/product\/yoast-seo-wordpress\/ -->\n<title>TMD16 - Audio-Technica Iberia<\/title>\n<meta name=\"robots\" content=\"index, follow, max-snippet:-1, max-image-preview:large, max-video-preview:-1\" \/>\n<link rel=\"canonical\" href=\"https:\/\/distribution.audio-technica.eu\/es-es\/productos\/tmd16\/\" \/>\n<meta property=\"og:locale\" content=\"es_ES\" \/>\n<meta property=\"og:type\" content=\"article\" \/>\n<meta property=\"og:title\" content=\"TMD16 - Audio-Technica Iberia\" \/>\n<meta property=\"og:description\" content=\"Mezclador digital compacto de 16 canales con Bluetooth y USB   Mezclador digital 16 x 12 E\/S  10 preamplificadores microf\u00f3nicos digitales  3 entradas de l\u00ednea est\u00e9reo  EQ de 3 bandas totalmente param\u00e9trico y compresor en todas las entradas  Motor FX con 16 reverbs, retardos y chorus  Pantalla en color de 7 pulgadas, con 10 pulsadores codificadores espec\u00edficos retroiluminados  Faders t\u00e1ctiles capacitivos de 100 mm con indicadores LED  Streaming de audio a trav\u00e9s de Bluetooth  Interface de audio USB est\u00e9reo 2 x 2, con resoluci\u00f3n de @24-bit \/ 48kHZ\" \/>\n<meta property=\"og:url\" content=\"https:\/\/distribution.audio-technica.eu\/es-es\/productos\/tmd16\/\" \/>\n<meta property=\"og:site_name\" content=\"Audio-Technica Iberia\" \/>\n<meta property=\"og:image\" content=\"https:\/\/distribution.audio-technica.eu\/app\/uploads\/sites\/2\/Alto-TMD16.jpg\" \/>\n\t<meta property=\"og:image:width\" content=\"2000\" \/>\n\t<meta property=\"og:image:height\" content=\"2000\" \/>\n\t<meta property=\"og:image:type\" content=\"image\/jpeg\" \/>\n<meta name=\"twitter:card\" content=\"summary_large_image\" \/>\n<meta name=\"twitter:label1\" content=\"Tiempo de lectura\" \/>\n\t<meta name=\"twitter:data1\" content=\"5 minutos\" \/>\n<script type=\"application\/ld+json\" class=\"yoast-schema-graph\">{\"@context\":\"https:\/\/schema.org\",\"@graph\":[{\"@type\":\"WebPage\",\"@id\":\"https:\/\/distribution.audio-technica.eu\/es-es\/productos\/tmd16\/\",\"url\":\"https:\/\/distribution.audio-technica.eu\/es-es\/productos\/tmd16\/\",\"name\":\"TMD16 - Audio-Technica Iberia\",\"isPartOf\":{\"@id\":\"https:\/\/distribution.audio-technica.eu\/es-es\/#website\"},\"primaryImageOfPage\":{\"@id\":\"https:\/\/distribution.audio-technica.eu\/es-es\/productos\/tmd16\/#primaryimage\"},\"image\":{\"@id\":\"https:\/\/distribution.audio-technica.eu\/es-es\/productos\/tmd16\/#primaryimage\"},\"thumbnailUrl\":\"\/app\/uploads\/sites\/2\/Alto-TMD16.jpg\",\"datePublished\":\"2025-12-30T14:18:10+00:00\",\"breadcrumb\":{\"@id\":\"https:\/\/distribution.audio-technica.eu\/es-es\/productos\/tmd16\/#breadcrumb\"},\"inLanguage\":\"es\",\"potentialAction\":[{\"@type\":\"ReadAction\",\"target\":[\"https:\/\/distribution.audio-technica.eu\/es-es\/productos\/tmd16\/\"]}]},{\"@type\":\"ImageObject\",\"inLanguage\":\"es\",\"@id\":\"https:\/\/distribution.audio-technica.eu\/es-es\/productos\/tmd16\/#primaryimage\",\"url\":\"\/app\/uploads\/sites\/2\/Alto-TMD16.jpg\",\"contentUrl\":\"\/app\/uploads\/sites\/2\/Alto-TMD16.jpg\",\"width\":2000,\"height\":2000},{\"@type\":\"BreadcrumbList\",\"@id\":\"https:\/\/distribution.audio-technica.eu\/es-es\/productos\/tmd16\/#breadcrumb\",\"itemListElement\":[{\"@type\":\"ListItem\",\"position\":1,\"name\":\"Products\",\"item\":\"https:\/\/distribution.audio-technica.eu\/es-es\/\"},{\"@type\":\"ListItem\",\"position\":2,\"name\":\"Productos\",\"item\":\"https:\/\/distribution.audio-technica.eu\/es-es\/productos\/\"},{\"@type\":\"ListItem\",\"position\":3,\"name\":\"TMD16\"}]},{\"@type\":\"WebSite\",\"@id\":\"https:\/\/distribution.audio-technica.eu\/es-es\/#website\",\"url\":\"https:\/\/distribution.audio-technica.eu\/es-es\/\",\"name\":\"Audio-Technica Iberia\",\"description\":\"Distribuci\u00f3n\",\"potentialAction\":[{\"@type\":\"SearchAction\",\"target\":{\"@type\":\"EntryPoint\",\"urlTemplate\":\"https:\/\/distribution.audio-technica.eu\/es-es\/?s={search_term_string}\"},\"query-input\":{\"@type\":\"PropertyValueSpecification\",\"valueRequired\":true,\"valueName\":\"search_term_string\"}}],\"inLanguage\":\"es\"}]}<\/script>\n<!-- \/ Yoast SEO plugin. -->","yoast_head_json":{"title":"TMD16 - Audio-Technica Iberia","robots":{"index":"index","follow":"follow","max-snippet":"max-snippet:-1","max-image-preview":"max-image-preview:large","max-video-preview":"max-video-preview:-1"},"canonical":"https:\/\/distribution.audio-technica.eu\/es-es\/productos\/tmd16\/","og_locale":"es_ES","og_type":"article","og_title":"TMD16 - Audio-Technica Iberia","og_description":"Mezclador digital compacto de 16 canales con Bluetooth y USB   Mezclador digital 16 x 12 E\/S  10 preamplificadores microf\u00f3nicos digitales  3 entradas de l\u00ednea est\u00e9reo  EQ de 3 bandas totalmente param\u00e9trico y compresor en todas las entradas  Motor FX con 16 reverbs, retardos y chorus  Pantalla en color de 7 pulgadas, con 10 pulsadores codificadores espec\u00edficos retroiluminados  Faders t\u00e1ctiles capacitivos de 100 mm con indicadores LED  Streaming de audio a trav\u00e9s de Bluetooth  Interface de audio USB est\u00e9reo 2 x 2, con resoluci\u00f3n de @24-bit \/ 48kHZ","og_url":"https:\/\/distribution.audio-technica.eu\/es-es\/productos\/tmd16\/","og_site_name":"Audio-Technica Iberia","og_image":[{"width":2000,"height":2000,"url":"https:\/\/distribution.audio-technica.eu\/app\/uploads\/sites\/2\/Alto-TMD16.jpg","type":"image\/jpeg"}],"twitter_card":"summary_large_image","twitter_misc":{"Tiempo de lectura":"5 minutos"},"schema":{"@context":"https:\/\/schema.org","@graph":[{"@type":"WebPage","@id":"https:\/\/distribution.audio-technica.eu\/es-es\/productos\/tmd16\/","url":"https:\/\/distribution.audio-technica.eu\/es-es\/productos\/tmd16\/","name":"TMD16 - Audio-Technica Iberia","isPartOf":{"@id":"https:\/\/distribution.audio-technica.eu\/es-es\/#website"},"primaryImageOfPage":{"@id":"https:\/\/distribution.audio-technica.eu\/es-es\/productos\/tmd16\/#primaryimage"},"image":{"@id":"https:\/\/distribution.audio-technica.eu\/es-es\/productos\/tmd16\/#primaryimage"},"thumbnailUrl":"\/app\/uploads\/sites\/2\/Alto-TMD16.jpg","datePublished":"2025-12-30T14:18:10+00:00","breadcrumb":{"@id":"https:\/\/distribution.audio-technica.eu\/es-es\/productos\/tmd16\/#breadcrumb"},"inLanguage":"es","potentialAction":[{"@type":"ReadAction","target":["https:\/\/distribution.audio-technica.eu\/es-es\/productos\/tmd16\/"]}]},{"@type":"ImageObject","inLanguage":"es","@id":"https:\/\/distribution.audio-technica.eu\/es-es\/productos\/tmd16\/#primaryimage","url":"\/app\/uploads\/sites\/2\/Alto-TMD16.jpg","contentUrl":"\/app\/uploads\/sites\/2\/Alto-TMD16.jpg","width":2000,"height":2000},{"@type":"BreadcrumbList","@id":"https:\/\/distribution.audio-technica.eu\/es-es\/productos\/tmd16\/#breadcrumb","itemListElement":[{"@type":"ListItem","position":1,"name":"Products","item":"https:\/\/distribution.audio-technica.eu\/es-es\/"},{"@type":"ListItem","position":2,"name":"Productos","item":"https:\/\/distribution.audio-technica.eu\/es-es\/productos\/"},{"@type":"ListItem","position":3,"name":"TMD16"}]},{"@type":"WebSite","@id":"https:\/\/distribution.audio-technica.eu\/es-es\/#website","url":"https:\/\/distribution.audio-technica.eu\/es-es\/","name":"Audio-Technica Iberia","description":"Distribuci\u00f3n","potentialAction":[{"@type":"SearchAction","target":{"@type":"EntryPoint","urlTemplate":"https:\/\/distribution.audio-technica.eu\/es-es\/?s={search_term_string}"},"query-input":{"@type":"PropertyValueSpecification","valueRequired":true,"valueName":"search_term_string"}}],"inLanguage":"es"}]}},"_links":{"self":[{"href":"https:\/\/distribution.audio-technica.eu\/es-es\/wp-json\/wp\/v2\/product\/41813","targetHints":{"allow":["GET"]}}],"collection":[{"href":"https:\/\/distribution.audio-technica.eu\/es-es\/wp-json\/wp\/v2\/product"}],"about":[{"href":"https:\/\/distribution.audio-technica.eu\/es-es\/wp-json\/wp\/v2\/types\/product"}],"wp:featuredmedia":[{"embeddable":true,"href":"https:\/\/distribution.audio-technica.eu\/es-es\/wp-json\/wp\/v2\/media\/41821"}],"wp:attachment":[{"href":"https:\/\/distribution.audio-technica.eu\/es-es\/wp-json\/wp\/v2\/media?parent=41813"}],"wp:term":[{"taxonomy":"product_brand","embeddable":true,"href":"https:\/\/distribution.audio-technica.eu\/es-es\/wp-json\/wp\/v2\/product_brand?post=41813"},{"taxonomy":"product_cat","embeddable":true,"href":"https:\/\/distribution.audio-technica.eu\/es-es\/wp-json\/wp\/v2\/product_cat?post=41813"},{"taxonomy":"product_tag","embeddable":true,"href":"https:\/\/distribution.audio-technica.eu\/es-es\/wp-json\/wp\/v2\/product_tag?post=41813"}],"curies":[{"name":"wp","href":"https:\/\/api.w.org\/{rel}","templated":true}]}}