{"id":41965,"date":"2026-02-02T10:38:43","date_gmt":"2026-02-02T09:38:43","guid":{"rendered":"https:\/\/distribution.audio-technica.eu\/es-es\/?post_type=product&#038;p=41965"},"modified":"2026-02-02T10:38:43","modified_gmt":"2026-02-02T09:38:43","slug":"soundhub","status":"publish","type":"product","link":"https:\/\/distribution.audio-technica.eu\/es-es\/productos\/soundhub\/","title":{"rendered":"SoundHub"},"content":{"rendered":"<h2>SoundHub<\/h2>\n<h3>Procesador de audio espacial y control de espect\u00e1culos<\/h3>\n<p>TiMax SoundHub es el n\u00facleo del ecosistema TiMax, la plataforma de audio espacial m\u00e1s completa del mercado. Se trata de un procesador aut\u00f3nomo en formato rack que integra en una sola unidad audio inmersivo, espacializaci\u00f3n, localizaci\u00f3n precisa, procesado de sistema, show control y reproducci\u00f3n y edici\u00f3n de audio multipista.<\/p>\n<p>Dise\u00f1ado tanto para producciones en vivo como para instalaciones inmersivas permanentes, SoundHub permite posicionar y mover fuentes sonoras con absoluta precisi\u00f3n en espacios de cualquier tama\u00f1o o geometr\u00eda, garantizando una experiencia homog\u00e9nea y realista para todo el p\u00fablico.<\/p>\n<p>A diferencia de otras soluciones, TiMax SoundHub puede ejecutar espect\u00e1culos o instalaciones de forma completamente aut\u00f3noma, sin ordenadores conectados, funcionando de manera continua d\u00eda tras d\u00eda e incluso reinici\u00e1ndose autom\u00e1ticamente tras apagados programados.<\/p>\n<p>Los sistemas est\u00e9reo L\/R tradicionales ofrecen una experiencia \u00f3ptima solo a una parte del p\u00fablico. TiMax elimina esta limitaci\u00f3n mediante delay-mapping espacial, permitiendo localizar las fuentes sonoras de forma panor\u00e1mica y coherente para toda la audiencia.<\/p>\n<p>Gracias al sistema TiMax el sonido se alinea visualmente con la posici\u00f3n real del int\u00e9rprete en escena y se mejora notablemente la inteligibilidad y la fidelidad. \u00a0El ingeniero puede automatizar la localizaci\u00f3n mediante seguimiento de int\u00e9rpretes, liber\u00e1ndose para centrarse en la mezcla art\u00edstica.<\/p>\n<p>Mediante la incorporaci\u00f3n de altavoces adicionales y opcionales en altura, TiMax SoundHub permite crear sistemas 360\u00b0 completamente tridimensionales, donde los efectos y reverberaciones pueden desplazarse en tiempo real por todo el recinto, y se mantiene la localizaci\u00f3n frontal precisa junto con una inmersi\u00f3n total.<\/p>\n<p>Adem\u00e1s, el seguimiento de int\u00e9rpretes automatiza las producciones m\u00e1s complejas, ya que el o\u00eddo gu\u00eda a la vista, mejorando significativamente la inteligibilidad, se consigue mayor realismo, inmersi\u00f3n y conexi\u00f3n emocional, permitiendo percibir al actor, el instrumento y el espacio, no al altavoz.<\/p>\n<p>TiMax SoundHub ofrece un conjunto de herramientas flexibles para crear mezclas espaciales complejas y paisajes sonoros inmersivos \u00edntimos.<\/p>\n<p>El sistema convierte entradas en vivo y contenidos de audio (micr\u00f3fonos, consolas, servidores de reproducci\u00f3n) en objetos de audio. A partir de ah\u00ed, el sistema mapea el escenario, el espacio y el sistema de altavoces generando autom\u00e1ticamente, ya que permite posicionar y mover los objetos de audio entre estos puntos con precisi\u00f3n milim\u00e9trica<\/p>\n<p>En lugar de hacer un paneo convencional entre altavoces, TiMax ajusta autom\u00e1ticamente nivel y temporizaci\u00f3n de cada salida, haciendo que las voces e instrumentos parezcan provenir exactamente de su fuente visual real.<\/p>\n<p>El flujo de trabajo TiMax est\u00e1 dise\u00f1ado para ofrecer m\u00e1xima precisi\u00f3n espacial, rapidez operativa y total control creativo, combinando herramientas especializadas que trabajan de forma integrada dentro del ecosistema SoundHub.<\/p>\n<p><strong>TiMax PanSpace<\/strong> permite mapear un recinto en 3D, generando autom\u00e1ticamente puntos de referencia de Image Definition que sirven como base para posicionar y editar con precisi\u00f3n espacial voces, m\u00fasica, atm\u00f3sferas, paisajes sonoros y efectos.<\/p>\n<p>El procesado espacial que opera en segundo plano morf\u00e9a din\u00e1micamente los par\u00e1metros de la matriz de retardo y nivel, garantizando:<\/p>\n<ul>\n<li>Localizaci\u00f3n precisa de las fuentes sonoras<\/li>\n<li>Inmersi\u00f3n homog\u00e9nea para todo el p\u00fablico<\/li>\n<li>Coherencia audiovisual independientemente de la posici\u00f3n de escucha<\/li>\n<\/ul>\n<p>PanSpace se integra de forma nativa con TiMax TrackerD4, permitiendo la localizaci\u00f3n autom\u00e1tica de int\u00e9rpretes en movimiento sobre el escenario.<\/p>\n<p><strong>TiMax TimeLine <\/strong>se integra de forma exclusiva con PanSpace para programar, secuenciar y gestionar el tiempo de la espacializaci\u00f3n inmersiva y los cues de panoramizaci\u00f3n, mediante un flujo de trabajo visual intuitivo de estilo DAW.<\/p>\n<p>Sus funciones principales incluyen:<\/p>\n<ul>\n<li>Automatizaci\u00f3n de espacializaci\u00f3n y mezcla<\/li>\n<li>Compatibilidad con fuentes de audio externas o con el playback interno de 32 y 64 pistas<\/li>\n<li>Edici\u00f3n de archivos de audio, offset temporal y looping<\/li>\n<li>Asignaci\u00f3n de disparadores de cues entrantes<\/li>\n<li>Env\u00edo de eventos de show control sincronizados: MIDI, MTC, Follow-On, XML\/UDP y DateTime<\/li>\n<\/ul>\n<p>TimeLine convierte a SoundHub en un aut\u00e9ntico motor de control de espect\u00e1culos, capaz de coordinar audio, espacializaci\u00f3n y sistemas externos.<\/p>\n<p>TiMax Mixer es el centro neur\u00e1lgico de control y supervisi\u00f3n del sistema, proporcionando visibilidad total y control detallado sobre:<\/p>\n<ul>\n<li>Entradas, salidas y matriz de procesado<\/li>\n<li>Faders, matrices y medidores<\/li>\n<li>Ecualizaci\u00f3n, Solo, Mute y Link<\/li>\n<li>Grupos DCA anidados para control de m\u00faltiples fuentes y zonas<\/li>\n<\/ul>\n<p>El Mixer tambi\u00e9n aloja:<\/p>\n<ul>\n<li>La lista de Cues para gestionar eventos de espacializaci\u00f3n y playback<\/li>\n<li>Snapshots de par\u00e1metros del sistema y de cues en tiempo real<\/li>\n<li>Gesti\u00f3n de archivos de show y archivos de respaldo<\/li>\n<li>Exportaci\u00f3n e importaci\u00f3n de librer\u00edas de datos<\/li>\n<li>Utilidades y mantenimiento del sistema<\/li>\n<\/ul>\n<p>TiMax incorpora una implementaci\u00f3n<strong> OSC <\/strong>completa, incluyendo compatibilidad con el est\u00e1ndar ADM-OSC, lo que garantiza interoperabilidad directa con numerosas soluciones de control de terceros. Por ejemplo, ofrece compatibilidad directa con QLab, Space Controller y Nuendo.\u00a0 Adem\u00e1s, su diccionario OSC bidireccional permite integraciones avanzadas y personalizadas con consolas SSL, sistemas Atlas Show Control y Grapes 3D Audio Control. Esta arquitectura tambi\u00e9n potencia una integraci\u00f3n avanzada entre TiMax panLab y TiMax SoundHub, ampliando las posibilidades de control espacial externo.<\/p>\n<p><strong>Scaling Surfaces\u2122 <\/strong>es una tecnolog\u00eda exclusiva de TiMax que permite reescalar un archivo de show espacial completo desde un entorno de estudio a un auditorio real \u2014o entre recintos de distinto tama\u00f1o\u2014 con solo dos clics.<\/p>\n<p>Ofrece varias ventajas clave, como la traducci\u00f3n inmediata del trabajo de estudio al escenario, un ahorro significativo de tiempo en giras e instalaciones, el ajuste de tama\u00f1o, forma y altura del espacio en cualquier momento o la posibilidad de distribuir contenidos sin conocer previamente la escala exacta del sistema de reproducci\u00f3n.<\/p>\n<p>Los usuarios pueden incluso emplear m\u00faltiples Scaling Surfaces dentro de un mismo archivo, por ejemplo para tratar de forma independiente el escenario y el auditorio, redimension\u00e1ndolos seg\u00fan las necesidades del recinto.<\/p>\n<p>En definitiva, el sistema ofrece control total y flexibilidad creativa:<\/p>\n<ul>\n<li>Procesado espacial en tiempo real, independientemente del tama\u00f1o o forma del recinto<\/li>\n<li>Software intuitivo para Mac y PC con flujos de trabajo orientados a tareas<\/li>\n<li>Visibilidad y control total de todos los par\u00e1metros espaciales<\/li>\n<li>Capacidad para afrontar dise\u00f1os sonoros extremos o demandas creativas avanzadas<\/li>\n<\/ul>\n<p>Esta profundidad de control es uno de los principales factores que diferencian a TiMax SoundHub de otras soluciones del mercado.<\/p>\n","protected":false},"excerpt":{"rendered":"<h3>Procesador de audio espacial y control de espect\u00e1culos<\/h3>\n<ul>\n<li>Procesado de audio espacial basado en matriz din\u00e1mica de nivel y retardo<\/li>\n<li>Posicionamiento preciso de fuentes sonoras en 2D y 3D<\/li>\n<li>Gesti\u00f3n avanzada de objetos de audio con movimiento din\u00e1mico<\/li>\n<li>Automatizaci\u00f3n completa mediante cues y snapshots<\/li>\n<li>Reproducci\u00f3n y edici\u00f3n de audio multipista integrada<\/li>\n<li>Control de espect\u00e1culo y eventos (show control)<\/li>\n<li>Funcionamiento totalmente aut\u00f3nomo<\/li>\n<li>Compatible con cualquier marca de altavoces profesionales<\/li>\n<li>Gran versatilidad en el dise\u00f1o de sistemas de sonido<\/li>\n<\/ul>\n","protected":false},"featured_media":41986,"template":"","meta":{"_acf_changed":false},"product_brand":[],"product_cat":[2514],"product_tag":[],"class_list":{"0":"post-41965","1":"product","2":"type-product","3":"status-publish","4":"has-post-thumbnail","6":"product_cat-timax_series","8":"first","9":"instock","10":"shipping-taxable","11":"product-type-simple"},"acf":[],"yoast_head":"<!-- This site is optimized with the Yoast SEO plugin v27.1.1 - https:\/\/yoast.com\/product\/yoast-seo-wordpress\/ -->\n<title>SoundHub - Audio-Technica Iberia<\/title>\n<meta name=\"robots\" content=\"index, follow, max-snippet:-1, max-image-preview:large, max-video-preview:-1\" \/>\n<link rel=\"canonical\" href=\"https:\/\/distribution.audio-technica.eu\/es-es\/productos\/soundhub\/\" \/>\n<meta property=\"og:locale\" content=\"es_ES\" \/>\n<meta property=\"og:type\" content=\"article\" \/>\n<meta property=\"og:title\" content=\"SoundHub - Audio-Technica Iberia\" \/>\n<meta property=\"og:description\" content=\"Procesador de audio espacial y control de espect\u00e1culos   Procesado de audio espacial basado en matriz din\u00e1mica de nivel y retardo  Posicionamiento preciso de fuentes sonoras en 2D y 3D  Gesti\u00f3n avanzada de objetos de audio con movimiento din\u00e1mico  Automatizaci\u00f3n completa mediante cues y snapshots  Reproducci\u00f3n y edici\u00f3n de audio multipista integrada  Control de espect\u00e1culo y eventos (show control)  Funcionamiento totalmente aut\u00f3nomo  Compatible con cualquier marca de altavoces profesionales  Gran versatilidad en el dise\u00f1o de sistemas de sonido\" \/>\n<meta property=\"og:url\" content=\"https:\/\/distribution.audio-technica.eu\/es-es\/productos\/soundhub\/\" \/>\n<meta property=\"og:site_name\" content=\"Audio-Technica Iberia\" \/>\n<meta property=\"og:image\" content=\"https:\/\/distribution.audio-technica.eu\/app\/uploads\/sites\/2\/SoundHub.jpg\" \/>\n\t<meta property=\"og:image:width\" content=\"1500\" \/>\n\t<meta property=\"og:image:height\" content=\"1500\" \/>\n\t<meta property=\"og:image:type\" content=\"image\/jpeg\" \/>\n<meta name=\"twitter:card\" content=\"summary_large_image\" \/>\n<meta name=\"twitter:label1\" content=\"Tiempo de lectura\" \/>\n\t<meta name=\"twitter:data1\" content=\"5 minutos\" \/>\n<script type=\"application\/ld+json\" class=\"yoast-schema-graph\">{\"@context\":\"https:\/\/schema.org\",\"@graph\":[{\"@type\":\"WebPage\",\"@id\":\"https:\/\/distribution.audio-technica.eu\/es-es\/productos\/soundhub\/\",\"url\":\"https:\/\/distribution.audio-technica.eu\/es-es\/productos\/soundhub\/\",\"name\":\"SoundHub - Audio-Technica Iberia\",\"isPartOf\":{\"@id\":\"https:\/\/distribution.audio-technica.eu\/es-es\/#website\"},\"primaryImageOfPage\":{\"@id\":\"https:\/\/distribution.audio-technica.eu\/es-es\/productos\/soundhub\/#primaryimage\"},\"image\":{\"@id\":\"https:\/\/distribution.audio-technica.eu\/es-es\/productos\/soundhub\/#primaryimage\"},\"thumbnailUrl\":\"\/app\/uploads\/sites\/2\/SoundHub.jpg\",\"datePublished\":\"2026-02-02T09:38:43+00:00\",\"breadcrumb\":{\"@id\":\"https:\/\/distribution.audio-technica.eu\/es-es\/productos\/soundhub\/#breadcrumb\"},\"inLanguage\":\"es\",\"potentialAction\":[{\"@type\":\"ReadAction\",\"target\":[\"https:\/\/distribution.audio-technica.eu\/es-es\/productos\/soundhub\/\"]}]},{\"@type\":\"ImageObject\",\"inLanguage\":\"es\",\"@id\":\"https:\/\/distribution.audio-technica.eu\/es-es\/productos\/soundhub\/#primaryimage\",\"url\":\"\/app\/uploads\/sites\/2\/SoundHub.jpg\",\"contentUrl\":\"\/app\/uploads\/sites\/2\/SoundHub.jpg\",\"width\":1500,\"height\":1500},{\"@type\":\"BreadcrumbList\",\"@id\":\"https:\/\/distribution.audio-technica.eu\/es-es\/productos\/soundhub\/#breadcrumb\",\"itemListElement\":[{\"@type\":\"ListItem\",\"position\":1,\"name\":\"Products\",\"item\":\"https:\/\/distribution.audio-technica.eu\/es-es\/\"},{\"@type\":\"ListItem\",\"position\":2,\"name\":\"Productos\",\"item\":\"https:\/\/distribution.audio-technica.eu\/es-es\/productos\/\"},{\"@type\":\"ListItem\",\"position\":3,\"name\":\"SoundHub\"}]},{\"@type\":\"WebSite\",\"@id\":\"https:\/\/distribution.audio-technica.eu\/es-es\/#website\",\"url\":\"https:\/\/distribution.audio-technica.eu\/es-es\/\",\"name\":\"Audio-Technica Iberia\",\"description\":\"Distribuci\u00f3n\",\"potentialAction\":[{\"@type\":\"SearchAction\",\"target\":{\"@type\":\"EntryPoint\",\"urlTemplate\":\"https:\/\/distribution.audio-technica.eu\/es-es\/?s={search_term_string}\"},\"query-input\":{\"@type\":\"PropertyValueSpecification\",\"valueRequired\":true,\"valueName\":\"search_term_string\"}}],\"inLanguage\":\"es\"}]}<\/script>\n<!-- \/ Yoast SEO plugin. -->","yoast_head_json":{"title":"SoundHub - Audio-Technica Iberia","robots":{"index":"index","follow":"follow","max-snippet":"max-snippet:-1","max-image-preview":"max-image-preview:large","max-video-preview":"max-video-preview:-1"},"canonical":"https:\/\/distribution.audio-technica.eu\/es-es\/productos\/soundhub\/","og_locale":"es_ES","og_type":"article","og_title":"SoundHub - Audio-Technica Iberia","og_description":"Procesador de audio espacial y control de espect\u00e1culos   Procesado de audio espacial basado en matriz din\u00e1mica de nivel y retardo  Posicionamiento preciso de fuentes sonoras en 2D y 3D  Gesti\u00f3n avanzada de objetos de audio con movimiento din\u00e1mico  Automatizaci\u00f3n completa mediante cues y snapshots  Reproducci\u00f3n y edici\u00f3n de audio multipista integrada  Control de espect\u00e1culo y eventos (show control)  Funcionamiento totalmente aut\u00f3nomo  Compatible con cualquier marca de altavoces profesionales  Gran versatilidad en el dise\u00f1o de sistemas de sonido","og_url":"https:\/\/distribution.audio-technica.eu\/es-es\/productos\/soundhub\/","og_site_name":"Audio-Technica Iberia","og_image":[{"width":1500,"height":1500,"url":"https:\/\/distribution.audio-technica.eu\/app\/uploads\/sites\/2\/SoundHub.jpg","type":"image\/jpeg"}],"twitter_card":"summary_large_image","twitter_misc":{"Tiempo de lectura":"5 minutos"},"schema":{"@context":"https:\/\/schema.org","@graph":[{"@type":"WebPage","@id":"https:\/\/distribution.audio-technica.eu\/es-es\/productos\/soundhub\/","url":"https:\/\/distribution.audio-technica.eu\/es-es\/productos\/soundhub\/","name":"SoundHub - Audio-Technica Iberia","isPartOf":{"@id":"https:\/\/distribution.audio-technica.eu\/es-es\/#website"},"primaryImageOfPage":{"@id":"https:\/\/distribution.audio-technica.eu\/es-es\/productos\/soundhub\/#primaryimage"},"image":{"@id":"https:\/\/distribution.audio-technica.eu\/es-es\/productos\/soundhub\/#primaryimage"},"thumbnailUrl":"\/app\/uploads\/sites\/2\/SoundHub.jpg","datePublished":"2026-02-02T09:38:43+00:00","breadcrumb":{"@id":"https:\/\/distribution.audio-technica.eu\/es-es\/productos\/soundhub\/#breadcrumb"},"inLanguage":"es","potentialAction":[{"@type":"ReadAction","target":["https:\/\/distribution.audio-technica.eu\/es-es\/productos\/soundhub\/"]}]},{"@type":"ImageObject","inLanguage":"es","@id":"https:\/\/distribution.audio-technica.eu\/es-es\/productos\/soundhub\/#primaryimage","url":"\/app\/uploads\/sites\/2\/SoundHub.jpg","contentUrl":"\/app\/uploads\/sites\/2\/SoundHub.jpg","width":1500,"height":1500},{"@type":"BreadcrumbList","@id":"https:\/\/distribution.audio-technica.eu\/es-es\/productos\/soundhub\/#breadcrumb","itemListElement":[{"@type":"ListItem","position":1,"name":"Products","item":"https:\/\/distribution.audio-technica.eu\/es-es\/"},{"@type":"ListItem","position":2,"name":"Productos","item":"https:\/\/distribution.audio-technica.eu\/es-es\/productos\/"},{"@type":"ListItem","position":3,"name":"SoundHub"}]},{"@type":"WebSite","@id":"https:\/\/distribution.audio-technica.eu\/es-es\/#website","url":"https:\/\/distribution.audio-technica.eu\/es-es\/","name":"Audio-Technica Iberia","description":"Distribuci\u00f3n","potentialAction":[{"@type":"SearchAction","target":{"@type":"EntryPoint","urlTemplate":"https:\/\/distribution.audio-technica.eu\/es-es\/?s={search_term_string}"},"query-input":{"@type":"PropertyValueSpecification","valueRequired":true,"valueName":"search_term_string"}}],"inLanguage":"es"}]}},"_links":{"self":[{"href":"https:\/\/distribution.audio-technica.eu\/es-es\/wp-json\/wp\/v2\/product\/41965","targetHints":{"allow":["GET"]}}],"collection":[{"href":"https:\/\/distribution.audio-technica.eu\/es-es\/wp-json\/wp\/v2\/product"}],"about":[{"href":"https:\/\/distribution.audio-technica.eu\/es-es\/wp-json\/wp\/v2\/types\/product"}],"wp:featuredmedia":[{"embeddable":true,"href":"https:\/\/distribution.audio-technica.eu\/es-es\/wp-json\/wp\/v2\/media\/41986"}],"wp:attachment":[{"href":"https:\/\/distribution.audio-technica.eu\/es-es\/wp-json\/wp\/v2\/media?parent=41965"}],"wp:term":[{"taxonomy":"product_brand","embeddable":true,"href":"https:\/\/distribution.audio-technica.eu\/es-es\/wp-json\/wp\/v2\/product_brand?post=41965"},{"taxonomy":"product_cat","embeddable":true,"href":"https:\/\/distribution.audio-technica.eu\/es-es\/wp-json\/wp\/v2\/product_cat?post=41965"},{"taxonomy":"product_tag","embeddable":true,"href":"https:\/\/distribution.audio-technica.eu\/es-es\/wp-json\/wp\/v2\/product_tag?post=41965"}],"curies":[{"name":"wp","href":"https:\/\/api.w.org\/{rel}","templated":true}]}}