{"id":41973,"date":"2026-02-02T10:42:25","date_gmt":"2026-02-02T09:42:25","guid":{"rendered":"https:\/\/distribution.audio-technica.eu\/es-es\/?post_type=product&#038;p=41973"},"modified":"2026-02-02T10:46:14","modified_gmt":"2026-02-02T09:46:14","slug":"trackerd4","status":"publish","type":"product","link":"https:\/\/distribution.audio-technica.eu\/es-es\/productos\/trackerd4\/","title":{"rendered":"TrackerD4"},"content":{"rendered":"<h2>TrackerD4<\/h2>\n<h3>Sistema de seguimiento en tiempo real<\/h3>\n<p>TiMax TrackerD4 es un sistema de seguimiento (tracking) inal\u00e1mbrico que permite localizar int\u00e9rpretes u objetos en tiempo real dentro del espacio esc\u00e9nico. En combinaci\u00f3n con SoundHub, posibilita que el sonido siga autom\u00e1ticamente el movimiento del actor, garantizando coherencia audiovisual e inteligibilidad constante.<\/p>\n<p>TiMax TrackerD4 Precision Stagetracking libera la producci\u00f3n de eventos al automatizar el proceso de localizaci\u00f3n, permitiendo que dise\u00f1adores de sonido, iluminaci\u00f3n y v\u00eddeo se centren en la creatividad, y reduciendo dr\u00e1sticamente los tiempos y costes de ensayo al eliminar largos procesos de marcaje esc\u00e9nico y programaci\u00f3n manual de cues.<\/p>\n<p>Las tecnolog\u00edas TiMax Tracker han sido pioneras en la espacializaci\u00f3n de audio en directo y el control de medios durante m\u00e1s de una d\u00e9cada.<\/p>\n<p>El ecosistema TiMax TrackerD4 est\u00e1 compuesto por receptores RF TTd4 Sensor distribuidos alrededor del espacio, peque\u00f1os transmisores TTd4 Tags portados por los int\u00e9rpretes u otros sujetos m\u00f3viles, un PoE Timing Hub encargado de alimentar los sensores, sincronizarlos y recopilar los datos de seguimiento, y un Location Engine Server \u2014port\u00e1til o en formato rack\u2014 que gestiona el sistema y genera datos de control OSC o PosiStageNet para audio espacial en directo, medios y control de iluminaci\u00f3n.<\/p>\n<p>Al no utilizar tecnolog\u00eda infrarroja \u2014f\u00e1cilmente bloqueable y susceptible a interferencias causadas por iluminaci\u00f3n esc\u00e9nica o luz ambiental\u2014, TiMax TrackerD4 ofrece un funcionamiento m\u00e1s fiable y preciso, adem\u00e1s de una implementaci\u00f3n de tags m\u00e1s c\u00f3moda y fiable para los int\u00e9rpretes.<\/p>\n<p>TiMax TrackerD4 tambi\u00e9n se integra con m\u00f3dulos de terceros desarrollados en colaboraci\u00f3n con Stage Precision GmbH, lo que permite ampliar sus protocolos nativos 3D OSC y PosiStageNet para proporcionar control completo de iluminaci\u00f3n de producci\u00f3n, c\u00e1maras y sistemas multimedia, junto con los avanzados recursos de producci\u00f3n virtual de Stage Precision.<\/p>\n<p>El an\u00e1lisis del tracking de la se\u00f1al UWB de doble modo del TrackerD4 se distribuye entre los sensores y el Location Engine Server, aplic\u00e1ndose autom\u00e1ticamente correcci\u00f3n de errores y filtrado inteligentes para garantizar una localizaci\u00f3n estable y precisa.<\/p>\n<p>La aplicaci\u00f3n Location Engine permite una autocalibraci\u00f3n r\u00e1pida de los sensores, mapeando el espacio en 3D tras la introducci\u00f3n de unas pocas coordenadas XYZ.<\/p>\n<p>Dispone de herramientas de an\u00e1lisis integradas y avanzadas permiten el registro y la revisi\u00f3n de la calidad de servicio (QoS) para optimizar el rendimiento, algo especialmente cr\u00edtico en entornos RF cada vez m\u00e1s congestionados.<\/p>\n<p>Los datos de tracking en tiempo real generados por Location Engine se env\u00edan a la aplicaci\u00f3n Tracker Translate, encargada de la gesti\u00f3n de los tags y de la distribuci\u00f3n de datos de control mediante OSC o PosiStageNet hacia uno o varios sistemas perif\u00e9ricos, como TiMax SoundHub.<\/p>\n<p>Tracker Translate incluye grupos de tags Primario \/ Secundario \/ Terciario para sistemas de respaldo o cambios entre actos, junto con herramientas de Smoothing y Capture, configurables de forma global o individual, que permiten optimizar con precisi\u00f3n la estabilidad del tracking.<\/p>\n<p>Para que el seguimiento esc\u00e9nico sea consistente y alcance una precisi\u00f3n inferior a 10 cm, solo es necesario que dos sensores TTd4 tengan l\u00ednea de visi\u00f3n con un tag TTd4. Por este motivo, habitualmente se instalan seis u ocho sensores alrededor del espacio esc\u00e9nico, proporcionando una redundancia robusta.<\/p>\n<p>Tanto los tags como los sensores son completamente resistentes a la intemperie; de hecho, en m\u00e1s de una ocasi\u00f3n alg\u00fan tag TTd4 ha pasado por un ciclo completo de lavado y centrifugado de vestuario\u2026 y ha seguido funcionando sin problemas.<\/p>\n<p>Combinado con un ingenioso sistema de encendido\/apagado magn\u00e9tico, TiMax TrackerD4 resulta elegante, sencillo de desplegar y f\u00e1cil de gestionar, tanto en instalaciones permanentes como en producciones temporales.<\/p>\n<p>Es compatible con las plataformas de producci\u00f3n TiMax SoundHub, Soundscape, L-ISA, SpacemapGo, grandMA, disguise y ETC Eos, mediante interfaces OSC y PosiStageNet, Art-Net y sACN.<\/p>\n<p><strong>Aplicaciones<\/strong><\/p>\n<ul>\n<li>Teatro hablado<\/li>\n<li>Musicales con int\u00e9rpretes en movimiento<\/li>\n<li>Instalaciones interactivas<\/li>\n<li>Experiencias inmersivas para visitantes<\/li>\n<\/ul>\n","protected":false},"excerpt":{"rendered":"<h3>Sistema de seguimiento en tiempo real<\/h3>\n<ul>\n<li>Seguimiento inal\u00e1mbrico de alta precisi\u00f3n<\/li>\n<li>Localizaci\u00f3n continua en tiempo real<\/li>\n<li>Integraci\u00f3n nativa con SoundHub<\/li>\n<li>Reducci\u00f3n de mezcla manual en escena<\/li>\n<\/ul>\n","protected":false},"featured_media":41988,"template":"","meta":{"_acf_changed":false},"product_brand":[],"product_cat":[2514],"product_tag":[],"class_list":{"0":"post-41973","1":"product","2":"type-product","3":"status-publish","4":"has-post-thumbnail","6":"product_cat-timax_series","8":"first","9":"instock","10":"shipping-taxable","11":"product-type-simple"},"acf":[],"yoast_head":"<!-- This site is optimized with the Yoast SEO plugin v27.1.1 - https:\/\/yoast.com\/product\/yoast-seo-wordpress\/ -->\n<title>TrackerD4 - Audio-Technica Iberia<\/title>\n<meta name=\"robots\" content=\"index, follow, max-snippet:-1, max-image-preview:large, max-video-preview:-1\" \/>\n<link rel=\"canonical\" href=\"https:\/\/distribution.audio-technica.eu\/es-es\/productos\/trackerd4\/\" \/>\n<meta property=\"og:locale\" content=\"es_ES\" \/>\n<meta property=\"og:type\" content=\"article\" \/>\n<meta property=\"og:title\" content=\"TrackerD4 - Audio-Technica Iberia\" \/>\n<meta property=\"og:description\" content=\"Sistema de seguimiento en tiempo real   Seguimiento inal\u00e1mbrico de alta precisi\u00f3n  Localizaci\u00f3n continua en tiempo real  Integraci\u00f3n nativa con SoundHub  Reducci\u00f3n de mezcla manual en escena\" \/>\n<meta property=\"og:url\" content=\"https:\/\/distribution.audio-technica.eu\/es-es\/productos\/trackerd4\/\" \/>\n<meta property=\"og:site_name\" content=\"Audio-Technica Iberia\" \/>\n<meta property=\"article:modified_time\" content=\"2026-02-02T09:46:14+00:00\" \/>\n<meta property=\"og:image\" content=\"https:\/\/distribution.audio-technica.eu\/app\/uploads\/sites\/2\/Tracker-D4-cutout.jpg\" \/>\n\t<meta property=\"og:image:width\" content=\"1500\" \/>\n\t<meta property=\"og:image:height\" content=\"1125\" \/>\n\t<meta property=\"og:image:type\" content=\"image\/jpeg\" \/>\n<meta name=\"twitter:card\" content=\"summary_large_image\" \/>\n<meta name=\"twitter:label1\" content=\"Tiempo de lectura\" \/>\n\t<meta name=\"twitter:data1\" content=\"4 minutos\" \/>\n<script type=\"application\/ld+json\" class=\"yoast-schema-graph\">{\"@context\":\"https:\/\/schema.org\",\"@graph\":[{\"@type\":\"WebPage\",\"@id\":\"https:\/\/distribution.audio-technica.eu\/es-es\/productos\/trackerd4\/\",\"url\":\"https:\/\/distribution.audio-technica.eu\/es-es\/productos\/trackerd4\/\",\"name\":\"TrackerD4 - Audio-Technica Iberia\",\"isPartOf\":{\"@id\":\"https:\/\/distribution.audio-technica.eu\/es-es\/#website\"},\"primaryImageOfPage\":{\"@id\":\"https:\/\/distribution.audio-technica.eu\/es-es\/productos\/trackerd4\/#primaryimage\"},\"image\":{\"@id\":\"https:\/\/distribution.audio-technica.eu\/es-es\/productos\/trackerd4\/#primaryimage\"},\"thumbnailUrl\":\"\/app\/uploads\/sites\/2\/Tracker-D4-cutout.jpg\",\"datePublished\":\"2026-02-02T09:42:25+00:00\",\"dateModified\":\"2026-02-02T09:46:14+00:00\",\"breadcrumb\":{\"@id\":\"https:\/\/distribution.audio-technica.eu\/es-es\/productos\/trackerd4\/#breadcrumb\"},\"inLanguage\":\"es\",\"potentialAction\":[{\"@type\":\"ReadAction\",\"target\":[\"https:\/\/distribution.audio-technica.eu\/es-es\/productos\/trackerd4\/\"]}]},{\"@type\":\"ImageObject\",\"inLanguage\":\"es\",\"@id\":\"https:\/\/distribution.audio-technica.eu\/es-es\/productos\/trackerd4\/#primaryimage\",\"url\":\"\/app\/uploads\/sites\/2\/Tracker-D4-cutout.jpg\",\"contentUrl\":\"\/app\/uploads\/sites\/2\/Tracker-D4-cutout.jpg\",\"width\":1500,\"height\":1125},{\"@type\":\"BreadcrumbList\",\"@id\":\"https:\/\/distribution.audio-technica.eu\/es-es\/productos\/trackerd4\/#breadcrumb\",\"itemListElement\":[{\"@type\":\"ListItem\",\"position\":1,\"name\":\"Products\",\"item\":\"https:\/\/distribution.audio-technica.eu\/es-es\/\"},{\"@type\":\"ListItem\",\"position\":2,\"name\":\"Productos\",\"item\":\"https:\/\/distribution.audio-technica.eu\/es-es\/productos\/\"},{\"@type\":\"ListItem\",\"position\":3,\"name\":\"TrackerD4\"}]},{\"@type\":\"WebSite\",\"@id\":\"https:\/\/distribution.audio-technica.eu\/es-es\/#website\",\"url\":\"https:\/\/distribution.audio-technica.eu\/es-es\/\",\"name\":\"Audio-Technica Iberia\",\"description\":\"Distribuci\u00f3n\",\"potentialAction\":[{\"@type\":\"SearchAction\",\"target\":{\"@type\":\"EntryPoint\",\"urlTemplate\":\"https:\/\/distribution.audio-technica.eu\/es-es\/?s={search_term_string}\"},\"query-input\":{\"@type\":\"PropertyValueSpecification\",\"valueRequired\":true,\"valueName\":\"search_term_string\"}}],\"inLanguage\":\"es\"}]}<\/script>\n<!-- \/ Yoast SEO plugin. -->","yoast_head_json":{"title":"TrackerD4 - Audio-Technica Iberia","robots":{"index":"index","follow":"follow","max-snippet":"max-snippet:-1","max-image-preview":"max-image-preview:large","max-video-preview":"max-video-preview:-1"},"canonical":"https:\/\/distribution.audio-technica.eu\/es-es\/productos\/trackerd4\/","og_locale":"es_ES","og_type":"article","og_title":"TrackerD4 - Audio-Technica Iberia","og_description":"Sistema de seguimiento en tiempo real   Seguimiento inal\u00e1mbrico de alta precisi\u00f3n  Localizaci\u00f3n continua en tiempo real  Integraci\u00f3n nativa con SoundHub  Reducci\u00f3n de mezcla manual en escena","og_url":"https:\/\/distribution.audio-technica.eu\/es-es\/productos\/trackerd4\/","og_site_name":"Audio-Technica Iberia","article_modified_time":"2026-02-02T09:46:14+00:00","og_image":[{"width":1500,"height":1125,"url":"https:\/\/distribution.audio-technica.eu\/app\/uploads\/sites\/2\/Tracker-D4-cutout.jpg","type":"image\/jpeg"}],"twitter_card":"summary_large_image","twitter_misc":{"Tiempo de lectura":"4 minutos"},"schema":{"@context":"https:\/\/schema.org","@graph":[{"@type":"WebPage","@id":"https:\/\/distribution.audio-technica.eu\/es-es\/productos\/trackerd4\/","url":"https:\/\/distribution.audio-technica.eu\/es-es\/productos\/trackerd4\/","name":"TrackerD4 - Audio-Technica Iberia","isPartOf":{"@id":"https:\/\/distribution.audio-technica.eu\/es-es\/#website"},"primaryImageOfPage":{"@id":"https:\/\/distribution.audio-technica.eu\/es-es\/productos\/trackerd4\/#primaryimage"},"image":{"@id":"https:\/\/distribution.audio-technica.eu\/es-es\/productos\/trackerd4\/#primaryimage"},"thumbnailUrl":"\/app\/uploads\/sites\/2\/Tracker-D4-cutout.jpg","datePublished":"2026-02-02T09:42:25+00:00","dateModified":"2026-02-02T09:46:14+00:00","breadcrumb":{"@id":"https:\/\/distribution.audio-technica.eu\/es-es\/productos\/trackerd4\/#breadcrumb"},"inLanguage":"es","potentialAction":[{"@type":"ReadAction","target":["https:\/\/distribution.audio-technica.eu\/es-es\/productos\/trackerd4\/"]}]},{"@type":"ImageObject","inLanguage":"es","@id":"https:\/\/distribution.audio-technica.eu\/es-es\/productos\/trackerd4\/#primaryimage","url":"\/app\/uploads\/sites\/2\/Tracker-D4-cutout.jpg","contentUrl":"\/app\/uploads\/sites\/2\/Tracker-D4-cutout.jpg","width":1500,"height":1125},{"@type":"BreadcrumbList","@id":"https:\/\/distribution.audio-technica.eu\/es-es\/productos\/trackerd4\/#breadcrumb","itemListElement":[{"@type":"ListItem","position":1,"name":"Products","item":"https:\/\/distribution.audio-technica.eu\/es-es\/"},{"@type":"ListItem","position":2,"name":"Productos","item":"https:\/\/distribution.audio-technica.eu\/es-es\/productos\/"},{"@type":"ListItem","position":3,"name":"TrackerD4"}]},{"@type":"WebSite","@id":"https:\/\/distribution.audio-technica.eu\/es-es\/#website","url":"https:\/\/distribution.audio-technica.eu\/es-es\/","name":"Audio-Technica Iberia","description":"Distribuci\u00f3n","potentialAction":[{"@type":"SearchAction","target":{"@type":"EntryPoint","urlTemplate":"https:\/\/distribution.audio-technica.eu\/es-es\/?s={search_term_string}"},"query-input":{"@type":"PropertyValueSpecification","valueRequired":true,"valueName":"search_term_string"}}],"inLanguage":"es"}]}},"_links":{"self":[{"href":"https:\/\/distribution.audio-technica.eu\/es-es\/wp-json\/wp\/v2\/product\/41973","targetHints":{"allow":["GET"]}}],"collection":[{"href":"https:\/\/distribution.audio-technica.eu\/es-es\/wp-json\/wp\/v2\/product"}],"about":[{"href":"https:\/\/distribution.audio-technica.eu\/es-es\/wp-json\/wp\/v2\/types\/product"}],"wp:featuredmedia":[{"embeddable":true,"href":"https:\/\/distribution.audio-technica.eu\/es-es\/wp-json\/wp\/v2\/media\/41988"}],"wp:attachment":[{"href":"https:\/\/distribution.audio-technica.eu\/es-es\/wp-json\/wp\/v2\/media?parent=41973"}],"wp:term":[{"taxonomy":"product_brand","embeddable":true,"href":"https:\/\/distribution.audio-technica.eu\/es-es\/wp-json\/wp\/v2\/product_brand?post=41973"},{"taxonomy":"product_cat","embeddable":true,"href":"https:\/\/distribution.audio-technica.eu\/es-es\/wp-json\/wp\/v2\/product_cat?post=41973"},{"taxonomy":"product_tag","embeddable":true,"href":"https:\/\/distribution.audio-technica.eu\/es-es\/wp-json\/wp\/v2\/product_tag?post=41973"}],"curies":[{"name":"wp","href":"https:\/\/api.w.org\/{rel}","templated":true}]}}