{"id":41974,"date":"2026-02-02T10:47:05","date_gmt":"2026-02-02T09:47:05","guid":{"rendered":"https:\/\/distribution.audio-technica.eu\/es-es\/?post_type=product&#038;p=41974"},"modified":"2026-02-02T10:47:05","modified_gmt":"2026-02-02T09:47:05","slug":"panlab","status":"publish","type":"product","link":"https:\/\/distribution.audio-technica.eu\/es-es\/productos\/panlab\/","title":{"rendered":"panLab"},"content":{"rendered":"<h3>Software de control y panoramizado espacial<\/h3>\n<p>TiMax panLab es el entorno de control visual que permite posicionar, mover y automatizar fuentes sonoras dentro de un espacio esc\u00e9nico o instalaci\u00f3n inmersiva. Dise\u00f1ado para trabajar junto a TiMax SoundHub, panLab ofrece un flujo de trabajo intuitivo basado en la percepci\u00f3n espacial, permitiendo al usuario controlar d\u00f3nde est\u00e1 el sonido y c\u00f3mo se desplaza, sin necesidad de gestionar altavoces individuales.<\/p>\n<p>El an\u00e1lisis del seguimiento de la se\u00f1al UWB de doble modo del TrackerD4 se distribuye entre los sensores y el Location Engine Server, donde se aplican autom\u00e1ticamente correcci\u00f3n de errores y filtrado inteligentes para garantizar una localizaci\u00f3n estable y precisa.<\/p>\n<p>La aplicaci\u00f3n Location Engine permite una autocalibraci\u00f3n r\u00e1pida de los sensores, mapeando el espacio en 3D tras la introducci\u00f3n de unas pocas coordenadas XYZ, mientras que herramientas de an\u00e1lisis integradas permiten el registro y la revisi\u00f3n de la calidad de servicio (QoS) para optimizar el rendimiento, especialmente en entornos RF cada vez m\u00e1s congestionados. Los datos de seguimiento en tiempo real generados por Location Engine se env\u00edan a la aplicaci\u00f3n Tracker Translate, encargada de la gesti\u00f3n de los tags y de la distribuci\u00f3n de datos de control mediante OSC o PosiStageNet hacia uno o varios sistemas perif\u00e9ricos, como TiMax SoundHub, incorporando adem\u00e1s grupos de tags primario, secundario y terciario para sistemas de respaldo o cambios entre actos, junto con herramientas configurables de forma global o individual, que permiten optimizar con precisi\u00f3n la estabilidad del seguimiento.<\/p>\n<p>Para que el seguimiento esc\u00e9nico sea consistente y alcance una precisi\u00f3n inferior a 10 cm, solo es necesario que dos sensores TTd4 tengan visibilidad de un tag TTd4, por lo que habitualmente se instalan seis u ocho sensores alrededor del espacio esc\u00e9nico, proporcionando una redundancia segura y adecuada. Tanto los tags como los sensores son completamente resistentes a la intemperie, habi\u00e9ndose dado incluso el caso de tags que han pasado por un ciclo completo de lavado de vestuario y han seguido funcionando correctamente.<\/p>\n<p>Combinado con un ingenioso sistema de encendido y apagado magn\u00e9tico, TiMax TrackerD4 resulta sencillo de desplegar y f\u00e1cil de gestionar, tanto en instalaciones permanentes como en producciones temporales.<\/p>\n<p>&nbsp;<\/p>\n<p>Funciones principales<\/p>\n<ul>\n<li>Posicionamiento de fuentes sonoras en espacios 2D y 3D<\/li>\n<li>Control en tiempo real de objetos de audio<\/li>\n<li>Creaci\u00f3n de movimientos y trayectorias automatizadas<\/li>\n<li>Gesti\u00f3n de m\u00faltiples fuentes simult\u00e1neamente<\/li>\n<li>Automatizaci\u00f3n mediante cues<\/li>\n<li>Control gr\u00e1fico basado en el modelo del espacio<\/li>\n<li>Control por localizaci\u00f3n perceptiva, no por routing tradicional<\/li>\n<li>El usuario define la posici\u00f3n de la fuente; TiMax calcula autom\u00e1ticamente niveles y retardos para cada altavoz<\/li>\n<li>Enfoque creativo orientado a narrativa, inteligibilidad e inmersi\u00f3n<\/li>\n<li>Programaci\u00f3n de cues espaciales<\/li>\n<li>Activaci\u00f3n por eventos, show control o c\u00f3digo de tiempo<\/li>\n<li>Control en directo y reproducci\u00f3n automatizada<\/li>\n<li>Ideal para espect\u00e1culos repetitivos o instalaciones permanentes<\/li>\n<\/ul>\n<p>&nbsp;<\/p>\n<p>Aplicaciones<\/p>\n<ul>\n<li>Teatro hablado y musical<\/li>\n<li>\u00d3pera y artes esc\u00e9nicas<\/li>\n<li>Instalaciones inmersivas y museos<\/li>\n<li>Exposiciones y experiencias interactivas<\/li>\n<li>Eventos y espect\u00e1culos multimedia<\/li>\n<\/ul>\n","protected":false},"excerpt":{"rendered":"<h2>panLab<\/h2>\n<h3>Software de control y panoramizado espacial<\/h3>\n<ul>\n<li>Aplicaci\u00f3n software de control espacial para sistemas TiMax.<\/li>\n<li>Posicionamiento de fuentes sonoras en espacios 2D y 3D<\/li>\n<li>Control en tiempo real de objetos de audio<\/li>\n<li>Creaci\u00f3n de movimientos y trayectorias automatizadas<\/li>\n<li>Gesti\u00f3n de m\u00faltiples fuentes simult\u00e1neamente<\/li>\n<li>Automatizaci\u00f3n mediante cues<\/li>\n<li>Control gr\u00e1fico basado en el modelo del espacio<\/li>\n<\/ul>\n","protected":false},"featured_media":41999,"template":"","meta":{"_acf_changed":false},"product_brand":[],"product_cat":[2514],"product_tag":[],"class_list":{"0":"post-41974","1":"product","2":"type-product","3":"status-publish","4":"has-post-thumbnail","6":"product_cat-timax_series","8":"first","9":"instock","10":"shipping-taxable","11":"product-type-simple"},"acf":[],"yoast_head":"<!-- This site is optimized with the Yoast SEO plugin v27.1.1 - https:\/\/yoast.com\/product\/yoast-seo-wordpress\/ -->\n<title>panLab - Audio-Technica Iberia<\/title>\n<meta name=\"robots\" content=\"index, follow, max-snippet:-1, max-image-preview:large, max-video-preview:-1\" \/>\n<link rel=\"canonical\" href=\"https:\/\/distribution.audio-technica.eu\/es-es\/productos\/panlab\/\" \/>\n<meta property=\"og:locale\" content=\"es_ES\" \/>\n<meta property=\"og:type\" content=\"article\" \/>\n<meta property=\"og:title\" content=\"panLab - Audio-Technica Iberia\" \/>\n<meta property=\"og:description\" content=\"panLab Software de control y panoramizado espacial   Aplicaci\u00f3n software de control espacial para sistemas TiMax.  Posicionamiento de fuentes sonoras en espacios 2D y 3D  Control en tiempo real de objetos de audio  Creaci\u00f3n de movimientos y trayectorias automatizadas  Gesti\u00f3n de m\u00faltiples fuentes simult\u00e1neamente  Automatizaci\u00f3n mediante cues  Control gr\u00e1fico basado en el modelo del espacio\" \/>\n<meta property=\"og:url\" content=\"https:\/\/distribution.audio-technica.eu\/es-es\/productos\/panlab\/\" \/>\n<meta property=\"og:site_name\" content=\"Audio-Technica Iberia\" \/>\n<meta property=\"og:image\" content=\"https:\/\/distribution.audio-technica.eu\/app\/uploads\/sites\/2\/panLab.jpg\" \/>\n\t<meta property=\"og:image:width\" content=\"1600\" \/>\n\t<meta property=\"og:image:height\" content=\"966\" \/>\n\t<meta property=\"og:image:type\" content=\"image\/jpeg\" \/>\n<meta name=\"twitter:card\" content=\"summary_large_image\" \/>\n<meta name=\"twitter:label1\" content=\"Tiempo de lectura\" \/>\n\t<meta name=\"twitter:data1\" content=\"3 minutos\" \/>\n<script type=\"application\/ld+json\" class=\"yoast-schema-graph\">{\"@context\":\"https:\/\/schema.org\",\"@graph\":[{\"@type\":\"WebPage\",\"@id\":\"https:\/\/distribution.audio-technica.eu\/es-es\/productos\/panlab\/\",\"url\":\"https:\/\/distribution.audio-technica.eu\/es-es\/productos\/panlab\/\",\"name\":\"panLab - Audio-Technica Iberia\",\"isPartOf\":{\"@id\":\"https:\/\/distribution.audio-technica.eu\/es-es\/#website\"},\"primaryImageOfPage\":{\"@id\":\"https:\/\/distribution.audio-technica.eu\/es-es\/productos\/panlab\/#primaryimage\"},\"image\":{\"@id\":\"https:\/\/distribution.audio-technica.eu\/es-es\/productos\/panlab\/#primaryimage\"},\"thumbnailUrl\":\"\/app\/uploads\/sites\/2\/panLab.jpg\",\"datePublished\":\"2026-02-02T09:47:05+00:00\",\"breadcrumb\":{\"@id\":\"https:\/\/distribution.audio-technica.eu\/es-es\/productos\/panlab\/#breadcrumb\"},\"inLanguage\":\"es\",\"potentialAction\":[{\"@type\":\"ReadAction\",\"target\":[\"https:\/\/distribution.audio-technica.eu\/es-es\/productos\/panlab\/\"]}]},{\"@type\":\"ImageObject\",\"inLanguage\":\"es\",\"@id\":\"https:\/\/distribution.audio-technica.eu\/es-es\/productos\/panlab\/#primaryimage\",\"url\":\"\/app\/uploads\/sites\/2\/panLab.jpg\",\"contentUrl\":\"\/app\/uploads\/sites\/2\/panLab.jpg\",\"width\":1600,\"height\":966},{\"@type\":\"BreadcrumbList\",\"@id\":\"https:\/\/distribution.audio-technica.eu\/es-es\/productos\/panlab\/#breadcrumb\",\"itemListElement\":[{\"@type\":\"ListItem\",\"position\":1,\"name\":\"Products\",\"item\":\"https:\/\/distribution.audio-technica.eu\/es-es\/\"},{\"@type\":\"ListItem\",\"position\":2,\"name\":\"Productos\",\"item\":\"https:\/\/distribution.audio-technica.eu\/es-es\/productos\/\"},{\"@type\":\"ListItem\",\"position\":3,\"name\":\"panLab\"}]},{\"@type\":\"WebSite\",\"@id\":\"https:\/\/distribution.audio-technica.eu\/es-es\/#website\",\"url\":\"https:\/\/distribution.audio-technica.eu\/es-es\/\",\"name\":\"Audio-Technica Iberia\",\"description\":\"Distribuci\u00f3n\",\"potentialAction\":[{\"@type\":\"SearchAction\",\"target\":{\"@type\":\"EntryPoint\",\"urlTemplate\":\"https:\/\/distribution.audio-technica.eu\/es-es\/?s={search_term_string}\"},\"query-input\":{\"@type\":\"PropertyValueSpecification\",\"valueRequired\":true,\"valueName\":\"search_term_string\"}}],\"inLanguage\":\"es\"}]}<\/script>\n<!-- \/ Yoast SEO plugin. -->","yoast_head_json":{"title":"panLab - Audio-Technica Iberia","robots":{"index":"index","follow":"follow","max-snippet":"max-snippet:-1","max-image-preview":"max-image-preview:large","max-video-preview":"max-video-preview:-1"},"canonical":"https:\/\/distribution.audio-technica.eu\/es-es\/productos\/panlab\/","og_locale":"es_ES","og_type":"article","og_title":"panLab - Audio-Technica Iberia","og_description":"panLab Software de control y panoramizado espacial   Aplicaci\u00f3n software de control espacial para sistemas TiMax.  Posicionamiento de fuentes sonoras en espacios 2D y 3D  Control en tiempo real de objetos de audio  Creaci\u00f3n de movimientos y trayectorias automatizadas  Gesti\u00f3n de m\u00faltiples fuentes simult\u00e1neamente  Automatizaci\u00f3n mediante cues  Control gr\u00e1fico basado en el modelo del espacio","og_url":"https:\/\/distribution.audio-technica.eu\/es-es\/productos\/panlab\/","og_site_name":"Audio-Technica Iberia","og_image":[{"width":1600,"height":966,"url":"https:\/\/distribution.audio-technica.eu\/app\/uploads\/sites\/2\/panLab.jpg","type":"image\/jpeg"}],"twitter_card":"summary_large_image","twitter_misc":{"Tiempo de lectura":"3 minutos"},"schema":{"@context":"https:\/\/schema.org","@graph":[{"@type":"WebPage","@id":"https:\/\/distribution.audio-technica.eu\/es-es\/productos\/panlab\/","url":"https:\/\/distribution.audio-technica.eu\/es-es\/productos\/panlab\/","name":"panLab - Audio-Technica Iberia","isPartOf":{"@id":"https:\/\/distribution.audio-technica.eu\/es-es\/#website"},"primaryImageOfPage":{"@id":"https:\/\/distribution.audio-technica.eu\/es-es\/productos\/panlab\/#primaryimage"},"image":{"@id":"https:\/\/distribution.audio-technica.eu\/es-es\/productos\/panlab\/#primaryimage"},"thumbnailUrl":"\/app\/uploads\/sites\/2\/panLab.jpg","datePublished":"2026-02-02T09:47:05+00:00","breadcrumb":{"@id":"https:\/\/distribution.audio-technica.eu\/es-es\/productos\/panlab\/#breadcrumb"},"inLanguage":"es","potentialAction":[{"@type":"ReadAction","target":["https:\/\/distribution.audio-technica.eu\/es-es\/productos\/panlab\/"]}]},{"@type":"ImageObject","inLanguage":"es","@id":"https:\/\/distribution.audio-technica.eu\/es-es\/productos\/panlab\/#primaryimage","url":"\/app\/uploads\/sites\/2\/panLab.jpg","contentUrl":"\/app\/uploads\/sites\/2\/panLab.jpg","width":1600,"height":966},{"@type":"BreadcrumbList","@id":"https:\/\/distribution.audio-technica.eu\/es-es\/productos\/panlab\/#breadcrumb","itemListElement":[{"@type":"ListItem","position":1,"name":"Products","item":"https:\/\/distribution.audio-technica.eu\/es-es\/"},{"@type":"ListItem","position":2,"name":"Productos","item":"https:\/\/distribution.audio-technica.eu\/es-es\/productos\/"},{"@type":"ListItem","position":3,"name":"panLab"}]},{"@type":"WebSite","@id":"https:\/\/distribution.audio-technica.eu\/es-es\/#website","url":"https:\/\/distribution.audio-technica.eu\/es-es\/","name":"Audio-Technica Iberia","description":"Distribuci\u00f3n","potentialAction":[{"@type":"SearchAction","target":{"@type":"EntryPoint","urlTemplate":"https:\/\/distribution.audio-technica.eu\/es-es\/?s={search_term_string}"},"query-input":{"@type":"PropertyValueSpecification","valueRequired":true,"valueName":"search_term_string"}}],"inLanguage":"es"}]}},"_links":{"self":[{"href":"https:\/\/distribution.audio-technica.eu\/es-es\/wp-json\/wp\/v2\/product\/41974","targetHints":{"allow":["GET"]}}],"collection":[{"href":"https:\/\/distribution.audio-technica.eu\/es-es\/wp-json\/wp\/v2\/product"}],"about":[{"href":"https:\/\/distribution.audio-technica.eu\/es-es\/wp-json\/wp\/v2\/types\/product"}],"wp:featuredmedia":[{"embeddable":true,"href":"https:\/\/distribution.audio-technica.eu\/es-es\/wp-json\/wp\/v2\/media\/41999"}],"wp:attachment":[{"href":"https:\/\/distribution.audio-technica.eu\/es-es\/wp-json\/wp\/v2\/media?parent=41974"}],"wp:term":[{"taxonomy":"product_brand","embeddable":true,"href":"https:\/\/distribution.audio-technica.eu\/es-es\/wp-json\/wp\/v2\/product_brand?post=41974"},{"taxonomy":"product_cat","embeddable":true,"href":"https:\/\/distribution.audio-technica.eu\/es-es\/wp-json\/wp\/v2\/product_cat?post=41974"},{"taxonomy":"product_tag","embeddable":true,"href":"https:\/\/distribution.audio-technica.eu\/es-es\/wp-json\/wp\/v2\/product_tag?post=41974"}],"curies":[{"name":"wp","href":"https:\/\/api.w.org\/{rel}","templated":true}]}}