{"id":42206,"date":"2026-03-03T15:15:51","date_gmt":"2026-03-03T14:15:51","guid":{"rendered":"https:\/\/distribution.audio-technica.eu\/es-es\/?post_type=product&#038;p=42206"},"modified":"2026-03-03T15:22:05","modified_gmt":"2026-03-03T14:22:05","slug":"sx118-plus","status":"publish","type":"product","link":"https:\/\/distribution.audio-technica.eu\/es-es\/productos\/sx118-plus\/","title":{"rendered":"SX118+"},"content":{"rendered":"<h2>SX118+<\/h2>\n<p><strong>Subgrave compacto de radiaci\u00f3n directa 18\u2033<\/strong><\/p>\n<p><span style=\"font-family: 'Arial',sans-serif\">El <strong>SX118+<\/strong> es un subgrave compacto de alto rendimiento que ampl\u00eda la gama operativa de bajas frecuencias del sistema hasta 38 Hz y ofrece un nivel de salida impresionante para un recinto de tama\u00f1o tan reducido.<\/span><\/p>\n<p><span style=\"font-family: 'Arial',sans-serif\">Incorpora un transductor de 18\u201d (460 mm) de gran excursi\u00f3n con bobina m\u00f3vil de 4\u201d (100 mm), cono resistente al agua y suspensi\u00f3n de triple pliegue, montado en un recinto bass-reflex compacto. El dise\u00f1o del altavoz maximiza el nivel de salida al tiempo que minimiza la compresi\u00f3n de potencia y la distorsi\u00f3n. Los cuatro puertos bass-reflex presentan una amplia superficie frontal para reducir el ruido de turbulencias a niveles muy elevados, y su geometr\u00eda interna favorece un flujo de aire laminar.<\/span><\/p>\n<p><span style=\"font-family: 'Arial',sans-serif\">El recinto est\u00e1 construido en contrachapado de abedul multicapa, acabado con un resistente recubrimiento de poliuretano, e incorpora rejilla de acero inoxidable, dos asas integradas, patines, puntos de montaje M10 (con pletinas internas) para instalaci\u00f3n fija y punto de inserci\u00f3n roscado para un m\u00e1stil destinado al montaje de sistemas de fuente puntual. Las ruedas para el recinto y la funda de transporte est\u00e1n disponibles como accesorios opcionales.<\/span><\/p>\n<p><span style=\"font-family: 'Arial',sans-serif\">En comparaci\u00f3n con el SX118, el <strong>SX118+<\/strong> presenta un dise\u00f1o completamente nuevo con prestaciones y caracter\u00edsticas ampliamente mejoradas. Es ligeramente m\u00e1s grande, por lo que utiliza una nueva funda de transporte, e incorpora nuevos transductores y un recinto optimizado.<\/span><\/p>\n<p><span style=\"font-family: 'Arial',sans-serif\">En el dise\u00f1o del SX118+ se ha a\u00f1adido un tercer conector de entrada NL4 situado en el frontal, que tiene como objetivo facilitar el cableado en configuraciones cardioides de subgraves. Para uso en exteriores ya no es necesario el uso de un WRKIT, pero es necesario sellar los tres conectores NL4. Deben utilizarse los conectores de cable adecuados (NLT4FX o NLT4FX BAG) en las tomas en uso e instalar un tap\u00f3n de sellado NL4 impermeable de Martin Audio en cualquier conector no utilizado.<\/span><\/p>\n<p><span style=\"font-family: 'Arial',sans-serif\">El SX118+ dispone de dos indicadores LED, uno en el frontal y otro en la parte posterior, que pueden ser activados mediante el software Vu-Net para identificar cada recinto dentro de la instalaci\u00f3n. El LED trasero est\u00e1 previsto para su uso en configuraciones cardioides.<\/span><\/p>\n<p>&nbsp;<\/p>\n<p><strong>Caracter\u00edsticas Principales<\/strong><\/p>\n<ul>\n<li>Compacto subgrave de radiaci\u00f3n directa<\/li>\n<li>Transductor: 18\u2033 (460mm) \/ bobina de 4\u2033 (100mm), gran excursi\u00f3n, motor de neodimio con polo T y anillo de demodulaci\u00f3n, cono impermeable<\/li>\n<li>Potencia: 1500W AES, 6000W pico<\/li>\n<li>Recinto de madera laminada, apto para giras, con puntos de montaje M10<\/li>\n<li>Disponible en negro y blanco<\/li>\n<\/ul>\n<p>&nbsp;<\/p>\n<p><strong>Aplicaciones<\/strong><\/p>\n<ul>\n<li>Sonorizaci\u00f3n en giras, para recintos peque\u00f1os o medianos<\/li>\n<li>Instalaciones fijas en salas de conciertos, teatros, salas de baile y templos<\/li>\n<li>Instalaci\u00f3n en estadios, arenas, y eventos AV corporativos<\/li>\n<li>Restaurantes, bares y \u00e1reas de entretenimiento en hoteles<\/li>\n<li>Concursos y parques tem\u00e1ticos<\/li>\n<\/ul>\n","protected":false},"excerpt":{"rendered":"<h3><strong>Subgrave compacto de radiaci\u00f3n directa 18\u2033<\/strong><\/h3>\n<ul>\n<li>Compacto subgrave de radiaci\u00f3n directa<\/li>\n<li>Transductor: 18\u2033 (460mm) \/ bobina de 4\u2033 (100mm), gran excursi\u00f3n, motor de neodimio con polo T y anillo de demodulaci\u00f3n, cono impermeable<\/li>\n<li>Potencia: 1500W AES, 6000W pico<\/li>\n<li>Recinto de madera laminada, apto para giras, con puntos de montaje M10<\/li>\n<li>Disponible en negro y blanco<\/li>\n<\/ul>\n<p>&nbsp;<\/p>\n","protected":false},"featured_media":42207,"template":"","meta":{"_acf_changed":false},"product_brand":[],"product_cat":[2083,2091,2084,2100,2085,2111],"product_tag":[],"class_list":{"0":"post-42206","1":"product","2":"type-product","3":"status-publish","4":"has-post-thumbnail","6":"product_cat-sistemas-sonido-directo","7":"product_cat-subgraves-sistemas-sonido-directo","8":"product_cat-sistemas-instalacion","9":"product_cat-subgraves-sistemas-instalacion","10":"product_cat-por-series-martin-audio","11":"product_cat-serie-sx-por-series-martin-audio","12":"product_series-serie-sx","14":"first","15":"instock","16":"shipping-taxable","17":"product-type-simple"},"acf":[],"yoast_head":"<!-- This site is optimized with the Yoast SEO plugin v27.1.1 - https:\/\/yoast.com\/product\/yoast-seo-wordpress\/ -->\n<title>SX118+ - Audio-Technica Iberia<\/title>\n<meta name=\"robots\" content=\"index, follow, max-snippet:-1, max-image-preview:large, max-video-preview:-1\" \/>\n<link rel=\"canonical\" href=\"https:\/\/distribution.audio-technica.eu\/es-es\/productos\/sx118-plus\/\" \/>\n<meta property=\"og:locale\" content=\"es_ES\" \/>\n<meta property=\"og:type\" content=\"article\" \/>\n<meta property=\"og:title\" content=\"SX118+ - Audio-Technica Iberia\" \/>\n<meta property=\"og:description\" content=\"Subgrave compacto de radiaci\u00f3n directa 18\u2033   Compacto subgrave de radiaci\u00f3n directa  Transductor: 18\u2033 (460mm) \/ bobina de 4\u2033 (100mm), gran excursi\u00f3n, motor de neodimio con polo T y anillo de demodulaci\u00f3n, cono impermeable  Potencia: 1500W AES, 6000W pico  Recinto de madera laminada, apto para giras, con puntos de montaje M10  Disponible en negro y blanco  &nbsp;\" \/>\n<meta property=\"og:url\" content=\"https:\/\/distribution.audio-technica.eu\/es-es\/productos\/sx118-plus\/\" \/>\n<meta property=\"og:site_name\" content=\"Audio-Technica Iberia\" \/>\n<meta property=\"article:modified_time\" content=\"2026-03-03T14:22:05+00:00\" \/>\n<meta property=\"og:image\" content=\"https:\/\/distribution.audio-technica.eu\/app\/uploads\/sites\/2\/SX118-LED-quarter-left.jpg\" \/>\n\t<meta property=\"og:image:width\" content=\"2000\" \/>\n\t<meta property=\"og:image:height\" content=\"2000\" \/>\n\t<meta property=\"og:image:type\" content=\"image\/jpeg\" \/>\n<meta name=\"twitter:card\" content=\"summary_large_image\" \/>\n<meta name=\"twitter:label1\" content=\"Tiempo de lectura\" \/>\n\t<meta name=\"twitter:data1\" content=\"3 minutos\" \/>\n<script type=\"application\/ld+json\" class=\"yoast-schema-graph\">{\"@context\":\"https:\/\/schema.org\",\"@graph\":[{\"@type\":\"WebPage\",\"@id\":\"https:\/\/distribution.audio-technica.eu\/es-es\/productos\/sx118-plus\/\",\"url\":\"https:\/\/distribution.audio-technica.eu\/es-es\/productos\/sx118-plus\/\",\"name\":\"SX118+ - Audio-Technica Iberia\",\"isPartOf\":{\"@id\":\"https:\/\/distribution.audio-technica.eu\/es-es\/#website\"},\"primaryImageOfPage\":{\"@id\":\"https:\/\/distribution.audio-technica.eu\/es-es\/productos\/sx118-plus\/#primaryimage\"},\"image\":{\"@id\":\"https:\/\/distribution.audio-technica.eu\/es-es\/productos\/sx118-plus\/#primaryimage\"},\"thumbnailUrl\":\"\/app\/uploads\/sites\/2\/SX118-LED-quarter-left.jpg\",\"datePublished\":\"2026-03-03T14:15:51+00:00\",\"dateModified\":\"2026-03-03T14:22:05+00:00\",\"breadcrumb\":{\"@id\":\"https:\/\/distribution.audio-technica.eu\/es-es\/productos\/sx118-plus\/#breadcrumb\"},\"inLanguage\":\"es\",\"potentialAction\":[{\"@type\":\"ReadAction\",\"target\":[\"https:\/\/distribution.audio-technica.eu\/es-es\/productos\/sx118-plus\/\"]}]},{\"@type\":\"ImageObject\",\"inLanguage\":\"es\",\"@id\":\"https:\/\/distribution.audio-technica.eu\/es-es\/productos\/sx118-plus\/#primaryimage\",\"url\":\"\/app\/uploads\/sites\/2\/SX118-LED-quarter-left.jpg\",\"contentUrl\":\"\/app\/uploads\/sites\/2\/SX118-LED-quarter-left.jpg\",\"width\":2000,\"height\":2000},{\"@type\":\"BreadcrumbList\",\"@id\":\"https:\/\/distribution.audio-technica.eu\/es-es\/productos\/sx118-plus\/#breadcrumb\",\"itemListElement\":[{\"@type\":\"ListItem\",\"position\":1,\"name\":\"Products\",\"item\":\"https:\/\/distribution.audio-technica.eu\/es-es\/\"},{\"@type\":\"ListItem\",\"position\":2,\"name\":\"Productos\",\"item\":\"https:\/\/distribution.audio-technica.eu\/es-es\/productos\/\"},{\"@type\":\"ListItem\",\"position\":3,\"name\":\"SX118+\"}]},{\"@type\":\"WebSite\",\"@id\":\"https:\/\/distribution.audio-technica.eu\/es-es\/#website\",\"url\":\"https:\/\/distribution.audio-technica.eu\/es-es\/\",\"name\":\"Audio-Technica Iberia\",\"description\":\"Distribuci\u00f3n\",\"potentialAction\":[{\"@type\":\"SearchAction\",\"target\":{\"@type\":\"EntryPoint\",\"urlTemplate\":\"https:\/\/distribution.audio-technica.eu\/es-es\/?s={search_term_string}\"},\"query-input\":{\"@type\":\"PropertyValueSpecification\",\"valueRequired\":true,\"valueName\":\"search_term_string\"}}],\"inLanguage\":\"es\"}]}<\/script>\n<!-- \/ Yoast SEO plugin. -->","yoast_head_json":{"title":"SX118+ - Audio-Technica Iberia","robots":{"index":"index","follow":"follow","max-snippet":"max-snippet:-1","max-image-preview":"max-image-preview:large","max-video-preview":"max-video-preview:-1"},"canonical":"https:\/\/distribution.audio-technica.eu\/es-es\/productos\/sx118-plus\/","og_locale":"es_ES","og_type":"article","og_title":"SX118+ - Audio-Technica Iberia","og_description":"Subgrave compacto de radiaci\u00f3n directa 18\u2033   Compacto subgrave de radiaci\u00f3n directa  Transductor: 18\u2033 (460mm) \/ bobina de 4\u2033 (100mm), gran excursi\u00f3n, motor de neodimio con polo T y anillo de demodulaci\u00f3n, cono impermeable  Potencia: 1500W AES, 6000W pico  Recinto de madera laminada, apto para giras, con puntos de montaje M10  Disponible en negro y blanco  &nbsp;","og_url":"https:\/\/distribution.audio-technica.eu\/es-es\/productos\/sx118-plus\/","og_site_name":"Audio-Technica Iberia","article_modified_time":"2026-03-03T14:22:05+00:00","og_image":[{"width":2000,"height":2000,"url":"https:\/\/distribution.audio-technica.eu\/app\/uploads\/sites\/2\/SX118-LED-quarter-left.jpg","type":"image\/jpeg"}],"twitter_card":"summary_large_image","twitter_misc":{"Tiempo de lectura":"3 minutos"},"schema":{"@context":"https:\/\/schema.org","@graph":[{"@type":"WebPage","@id":"https:\/\/distribution.audio-technica.eu\/es-es\/productos\/sx118-plus\/","url":"https:\/\/distribution.audio-technica.eu\/es-es\/productos\/sx118-plus\/","name":"SX118+ - Audio-Technica Iberia","isPartOf":{"@id":"https:\/\/distribution.audio-technica.eu\/es-es\/#website"},"primaryImageOfPage":{"@id":"https:\/\/distribution.audio-technica.eu\/es-es\/productos\/sx118-plus\/#primaryimage"},"image":{"@id":"https:\/\/distribution.audio-technica.eu\/es-es\/productos\/sx118-plus\/#primaryimage"},"thumbnailUrl":"\/app\/uploads\/sites\/2\/SX118-LED-quarter-left.jpg","datePublished":"2026-03-03T14:15:51+00:00","dateModified":"2026-03-03T14:22:05+00:00","breadcrumb":{"@id":"https:\/\/distribution.audio-technica.eu\/es-es\/productos\/sx118-plus\/#breadcrumb"},"inLanguage":"es","potentialAction":[{"@type":"ReadAction","target":["https:\/\/distribution.audio-technica.eu\/es-es\/productos\/sx118-plus\/"]}]},{"@type":"ImageObject","inLanguage":"es","@id":"https:\/\/distribution.audio-technica.eu\/es-es\/productos\/sx118-plus\/#primaryimage","url":"\/app\/uploads\/sites\/2\/SX118-LED-quarter-left.jpg","contentUrl":"\/app\/uploads\/sites\/2\/SX118-LED-quarter-left.jpg","width":2000,"height":2000},{"@type":"BreadcrumbList","@id":"https:\/\/distribution.audio-technica.eu\/es-es\/productos\/sx118-plus\/#breadcrumb","itemListElement":[{"@type":"ListItem","position":1,"name":"Products","item":"https:\/\/distribution.audio-technica.eu\/es-es\/"},{"@type":"ListItem","position":2,"name":"Productos","item":"https:\/\/distribution.audio-technica.eu\/es-es\/productos\/"},{"@type":"ListItem","position":3,"name":"SX118+"}]},{"@type":"WebSite","@id":"https:\/\/distribution.audio-technica.eu\/es-es\/#website","url":"https:\/\/distribution.audio-technica.eu\/es-es\/","name":"Audio-Technica Iberia","description":"Distribuci\u00f3n","potentialAction":[{"@type":"SearchAction","target":{"@type":"EntryPoint","urlTemplate":"https:\/\/distribution.audio-technica.eu\/es-es\/?s={search_term_string}"},"query-input":{"@type":"PropertyValueSpecification","valueRequired":true,"valueName":"search_term_string"}}],"inLanguage":"es"}]}},"_links":{"self":[{"href":"https:\/\/distribution.audio-technica.eu\/es-es\/wp-json\/wp\/v2\/product\/42206","targetHints":{"allow":["GET"]}}],"collection":[{"href":"https:\/\/distribution.audio-technica.eu\/es-es\/wp-json\/wp\/v2\/product"}],"about":[{"href":"https:\/\/distribution.audio-technica.eu\/es-es\/wp-json\/wp\/v2\/types\/product"}],"wp:featuredmedia":[{"embeddable":true,"href":"https:\/\/distribution.audio-technica.eu\/es-es\/wp-json\/wp\/v2\/media\/42207"}],"wp:attachment":[{"href":"https:\/\/distribution.audio-technica.eu\/es-es\/wp-json\/wp\/v2\/media?parent=42206"}],"wp:term":[{"taxonomy":"product_brand","embeddable":true,"href":"https:\/\/distribution.audio-technica.eu\/es-es\/wp-json\/wp\/v2\/product_brand?post=42206"},{"taxonomy":"product_cat","embeddable":true,"href":"https:\/\/distribution.audio-technica.eu\/es-es\/wp-json\/wp\/v2\/product_cat?post=42206"},{"taxonomy":"product_tag","embeddable":true,"href":"https:\/\/distribution.audio-technica.eu\/es-es\/wp-json\/wp\/v2\/product_tag?post=42206"}],"curies":[{"name":"wp","href":"https:\/\/api.w.org\/{rel}","templated":true}]}}