{"id":42210,"date":"2026-03-03T15:22:18","date_gmt":"2026-03-03T14:22:18","guid":{"rendered":"https:\/\/distribution.audio-technica.eu\/es-es\/?post_type=product&#038;p=42210"},"modified":"2026-03-03T15:26:27","modified_gmt":"2026-03-03T14:26:27","slug":"sx218-plus","status":"publish","type":"product","link":"https:\/\/distribution.audio-technica.eu\/es-es\/productos\/sx218-plus\/","title":{"rendered":"SX218+"},"content":{"rendered":"<h2>SX218+<\/h2>\n<h3>Subgrave de radiaci\u00f3n directa 2\u00d718\u2033<\/h3>\n<p><span style=\"font-family: 'Arial',sans-serif\">El <strong>SX218+<\/strong> ofrece niveles de salida muy elevados y un excepcional comportamiento frente a los transitorios, con una distorsi\u00f3n m\u00ednima, lo que lo convierte en una soluci\u00f3n ideal para las aplicaciones m\u00e1s exigentes.<\/span><\/p>\n<p><span style=\"font-family: 'Arial',sans-serif\">Con una gama operativa de 38 Hz a 100 Hz \u00b1 3 dB, integra dos transductores de 18\u201d (460 mm) de larga excursi\u00f3n con bobinas m\u00f3viles de 4\u201d (100 mm), conos resistentes al agua y suspensi\u00f3n de triple pliegue.<\/span><\/p>\n<p><span style=\"font-family: 'Arial',sans-serif\">Cada transductor est\u00e1 certificado para soportar 1500 W AES y cuenta con una estructura magn\u00e9tica y un sistema de suspensi\u00f3n dise\u00f1ados para maximizar la excursi\u00f3n lineal.<\/span><\/p>\n<p><span style=\"font-family: 'Arial',sans-serif\">El recinto est\u00e1 fabricado en contrachapado de abedul multicapa y acabado con un resistente recubrimiento de poliuretano.<\/span><\/p>\n<p><span style=\"font-family: 'Arial',sans-serif\">Ocho puertos bass-reflex proporcionan una amplia superficie frontal para reducir el ruido por turbulencias, mientras que una rejilla de acero perforado protege los transductores frente a posibles da\u00f1os. La geometr\u00eda interna de los puertos favorece un flujo de aire laminar.<\/span><\/p>\n<p><span style=\"font-family: 'Arial',sans-serif\">El SX218+ incorpora un inserto roscado M20 para el montaje de sistemas de fuente puntual sobre m\u00e1stil. Las ruedas para el recinto y la funda de transporte est\u00e1n disponibles como accesorios.<\/span><\/p>\n<p><span style=\"font-family: 'Arial',sans-serif\">En comparaci\u00f3n con el SX218, el <strong>SX218+ <\/strong>es un dise\u00f1o completamente nuevo con prestaciones y caracter\u00edsticas mejoradas. Es ligeramente m\u00e1s profundo, por lo que utiliza una nueva funda de transporte, e incorpora nuevos transductores y un recinto optimizado. A diferencia del SX218, que requer\u00eda dos canales de amplificador de 8 ohmios, el SX218+ utiliza un \u00fanico canal de amplificador de 4 ohmios.<\/span><\/p>\n<p><span style=\"font-family: 'Arial',sans-serif\">El SX218+ a\u00f1ade un tercer conector de entrada NL4 en el frontal para facilitar el cableado en configuraciones cardioides de subgraves. Para uso en exteriores ya no es necesario un WRKIT, pero debe sellar los tres conectores NL4. Utilice los conectores adecuados (NLT4FX o NLT4FX BAG) en las tomas en uso e instale un tap\u00f3n de sellado NL4 impermeable de Martin Audio en cualquier conector no utilizado.<\/span><\/p>\n<p><span style=\"font-family: 'Arial',sans-serif\">El SX218+ incorpora adem\u00e1s un filtro divisor de canal en la salida link, lo que permite alimentar dos recintos desde canales de amplificaci\u00f3n independientes a trav\u00e9s de un \u00fanico cable de cuatro conductores.<\/span><\/p>\n<p><span style=\"font-family: 'Arial',sans-serif\">Dispone de dos indicadores LED, uno frontal y otro posterior, que puede activar mediante el software Vu-Net para identificar cada recinto dentro del circuito. El LED trasero est\u00e1 previsto para su uso en configuraciones cardioides.<\/span><\/p>\n<p>&nbsp;<\/p>\n<p><strong>Caracter\u00edsticas Principales<\/strong><\/p>\n<ul>\n<li>Subgrave de doble transductor, radiaci\u00f3n directa con carga bass-reflex<\/li>\n<li>Transductores: 2 x 18\u201d (460 mm) de larga excursi\u00f3n, bobinas m\u00f3viles de 4\u201d (100 mm), motores de neodimio y conos impermeables<\/li>\n<li>Capacidad de salida muy elevada<\/li>\n<li>Recinto fabricado con contrachapado, capaz de soportar giras, y equipado con puntos de montaje M10<\/li>\n<\/ul>\n<p>&nbsp;<\/p>\n<p><strong>Aplicaciones<\/strong><\/p>\n<ul>\n<li>Sonorizaci\u00f3n en giras, para recintos de tama\u00f1o medio o peque\u00f1o<\/li>\n<li>Instalaciones fijas en salas de conciertos, teatros, salas de baile y templos<\/li>\n<li>Instalaciones en estadios, arenas<\/li>\n<li>Eventos AV corporativos<\/li>\n<li>Restaurantes en el exterior, bares, y zonas de entretenimiento en hoteles<\/li>\n<li>Concursos y parques tem\u00e1ticos<\/li>\n<\/ul>\n","protected":false},"excerpt":{"rendered":"<h3>Subgrave de radiaci\u00f3n directa 2\u00d718\u2033<\/h3>\n<ul>\n<li>Subgrave de doble transductor, radiaci\u00f3n directa con carga bass-reflex<\/li>\n<li>Transductores: 2 x 18\u201d (460 mm) de larga excursi\u00f3n, bobinas m\u00f3viles de 4\u201d (100 mm), motores de neodimio y conos impermeables<\/li>\n<li>Capacidad de salida muy elevada<\/li>\n<li>Recinto fabricado con contrachapado, capaz de soportar giras, y equipado con puntos de montaje M10<\/li>\n<\/ul>\n<p>&nbsp;<\/p>\n","protected":false},"featured_media":42211,"template":"","meta":{"_acf_changed":false},"product_brand":[],"product_cat":[2083,2091,2084,2100,2085,2111],"product_tag":[],"class_list":{"0":"post-42210","1":"product","2":"type-product","3":"status-publish","4":"has-post-thumbnail","6":"product_cat-sistemas-sonido-directo","7":"product_cat-subgraves-sistemas-sonido-directo","8":"product_cat-sistemas-instalacion","9":"product_cat-subgraves-sistemas-instalacion","10":"product_cat-por-series-martin-audio","11":"product_cat-serie-sx-por-series-martin-audio","12":"product_series-serie-sx","14":"first","15":"instock","16":"shipping-taxable","17":"product-type-simple"},"acf":[],"yoast_head":"<!-- This site is optimized with the Yoast SEO plugin v27.1.1 - https:\/\/yoast.com\/product\/yoast-seo-wordpress\/ -->\n<title>SX218+ - Audio-Technica Iberia<\/title>\n<meta name=\"robots\" content=\"index, follow, max-snippet:-1, max-image-preview:large, max-video-preview:-1\" \/>\n<link rel=\"canonical\" href=\"https:\/\/distribution.audio-technica.eu\/es-es\/productos\/sx218-plus\/\" \/>\n<meta property=\"og:locale\" content=\"es_ES\" \/>\n<meta property=\"og:type\" content=\"article\" \/>\n<meta property=\"og:title\" content=\"SX218+ - Audio-Technica Iberia\" \/>\n<meta property=\"og:description\" content=\"Subgrave de radiaci\u00f3n directa 2\u00d718\u2033   Subgrave de doble transductor, radiaci\u00f3n directa con carga bass-reflex  Transductores: 2 x 18\u201d (460 mm) de larga excursi\u00f3n, bobinas m\u00f3viles de 4\u201d (100 mm), motores de neodimio y conos impermeables  Capacidad de salida muy elevada  Recinto fabricado con contrachapado, capaz de soportar giras, y equipado con puntos de montaje M10  &nbsp;\" \/>\n<meta property=\"og:url\" content=\"https:\/\/distribution.audio-technica.eu\/es-es\/productos\/sx218-plus\/\" \/>\n<meta property=\"og:site_name\" content=\"Audio-Technica Iberia\" \/>\n<meta property=\"article:modified_time\" content=\"2026-03-03T14:26:27+00:00\" \/>\n<meta property=\"og:image\" content=\"https:\/\/distribution.audio-technica.eu\/app\/uploads\/sites\/2\/SX218-LED-front.jpg\" \/>\n\t<meta property=\"og:image:width\" content=\"2000\" \/>\n\t<meta property=\"og:image:height\" content=\"2000\" \/>\n\t<meta property=\"og:image:type\" content=\"image\/jpeg\" \/>\n<meta name=\"twitter:card\" content=\"summary_large_image\" \/>\n<meta name=\"twitter:label1\" content=\"Tiempo de lectura\" \/>\n\t<meta name=\"twitter:data1\" content=\"3 minutos\" \/>\n<script type=\"application\/ld+json\" class=\"yoast-schema-graph\">{\"@context\":\"https:\/\/schema.org\",\"@graph\":[{\"@type\":\"WebPage\",\"@id\":\"https:\/\/distribution.audio-technica.eu\/es-es\/productos\/sx218-plus\/\",\"url\":\"https:\/\/distribution.audio-technica.eu\/es-es\/productos\/sx218-plus\/\",\"name\":\"SX218+ - Audio-Technica Iberia\",\"isPartOf\":{\"@id\":\"https:\/\/distribution.audio-technica.eu\/es-es\/#website\"},\"primaryImageOfPage\":{\"@id\":\"https:\/\/distribution.audio-technica.eu\/es-es\/productos\/sx218-plus\/#primaryimage\"},\"image\":{\"@id\":\"https:\/\/distribution.audio-technica.eu\/es-es\/productos\/sx218-plus\/#primaryimage\"},\"thumbnailUrl\":\"\/app\/uploads\/sites\/2\/SX218-LED-front.jpg\",\"datePublished\":\"2026-03-03T14:22:18+00:00\",\"dateModified\":\"2026-03-03T14:26:27+00:00\",\"breadcrumb\":{\"@id\":\"https:\/\/distribution.audio-technica.eu\/es-es\/productos\/sx218-plus\/#breadcrumb\"},\"inLanguage\":\"es\",\"potentialAction\":[{\"@type\":\"ReadAction\",\"target\":[\"https:\/\/distribution.audio-technica.eu\/es-es\/productos\/sx218-plus\/\"]}]},{\"@type\":\"ImageObject\",\"inLanguage\":\"es\",\"@id\":\"https:\/\/distribution.audio-technica.eu\/es-es\/productos\/sx218-plus\/#primaryimage\",\"url\":\"\/app\/uploads\/sites\/2\/SX218-LED-front.jpg\",\"contentUrl\":\"\/app\/uploads\/sites\/2\/SX218-LED-front.jpg\",\"width\":2000,\"height\":2000},{\"@type\":\"BreadcrumbList\",\"@id\":\"https:\/\/distribution.audio-technica.eu\/es-es\/productos\/sx218-plus\/#breadcrumb\",\"itemListElement\":[{\"@type\":\"ListItem\",\"position\":1,\"name\":\"Products\",\"item\":\"https:\/\/distribution.audio-technica.eu\/es-es\/\"},{\"@type\":\"ListItem\",\"position\":2,\"name\":\"Productos\",\"item\":\"https:\/\/distribution.audio-technica.eu\/es-es\/productos\/\"},{\"@type\":\"ListItem\",\"position\":3,\"name\":\"SX218+\"}]},{\"@type\":\"WebSite\",\"@id\":\"https:\/\/distribution.audio-technica.eu\/es-es\/#website\",\"url\":\"https:\/\/distribution.audio-technica.eu\/es-es\/\",\"name\":\"Audio-Technica Iberia\",\"description\":\"Distribuci\u00f3n\",\"potentialAction\":[{\"@type\":\"SearchAction\",\"target\":{\"@type\":\"EntryPoint\",\"urlTemplate\":\"https:\/\/distribution.audio-technica.eu\/es-es\/?s={search_term_string}\"},\"query-input\":{\"@type\":\"PropertyValueSpecification\",\"valueRequired\":true,\"valueName\":\"search_term_string\"}}],\"inLanguage\":\"es\"}]}<\/script>\n<!-- \/ Yoast SEO plugin. -->","yoast_head_json":{"title":"SX218+ - Audio-Technica Iberia","robots":{"index":"index","follow":"follow","max-snippet":"max-snippet:-1","max-image-preview":"max-image-preview:large","max-video-preview":"max-video-preview:-1"},"canonical":"https:\/\/distribution.audio-technica.eu\/es-es\/productos\/sx218-plus\/","og_locale":"es_ES","og_type":"article","og_title":"SX218+ - Audio-Technica Iberia","og_description":"Subgrave de radiaci\u00f3n directa 2\u00d718\u2033   Subgrave de doble transductor, radiaci\u00f3n directa con carga bass-reflex  Transductores: 2 x 18\u201d (460 mm) de larga excursi\u00f3n, bobinas m\u00f3viles de 4\u201d (100 mm), motores de neodimio y conos impermeables  Capacidad de salida muy elevada  Recinto fabricado con contrachapado, capaz de soportar giras, y equipado con puntos de montaje M10  &nbsp;","og_url":"https:\/\/distribution.audio-technica.eu\/es-es\/productos\/sx218-plus\/","og_site_name":"Audio-Technica Iberia","article_modified_time":"2026-03-03T14:26:27+00:00","og_image":[{"width":2000,"height":2000,"url":"https:\/\/distribution.audio-technica.eu\/app\/uploads\/sites\/2\/SX218-LED-front.jpg","type":"image\/jpeg"}],"twitter_card":"summary_large_image","twitter_misc":{"Tiempo de lectura":"3 minutos"},"schema":{"@context":"https:\/\/schema.org","@graph":[{"@type":"WebPage","@id":"https:\/\/distribution.audio-technica.eu\/es-es\/productos\/sx218-plus\/","url":"https:\/\/distribution.audio-technica.eu\/es-es\/productos\/sx218-plus\/","name":"SX218+ - Audio-Technica Iberia","isPartOf":{"@id":"https:\/\/distribution.audio-technica.eu\/es-es\/#website"},"primaryImageOfPage":{"@id":"https:\/\/distribution.audio-technica.eu\/es-es\/productos\/sx218-plus\/#primaryimage"},"image":{"@id":"https:\/\/distribution.audio-technica.eu\/es-es\/productos\/sx218-plus\/#primaryimage"},"thumbnailUrl":"\/app\/uploads\/sites\/2\/SX218-LED-front.jpg","datePublished":"2026-03-03T14:22:18+00:00","dateModified":"2026-03-03T14:26:27+00:00","breadcrumb":{"@id":"https:\/\/distribution.audio-technica.eu\/es-es\/productos\/sx218-plus\/#breadcrumb"},"inLanguage":"es","potentialAction":[{"@type":"ReadAction","target":["https:\/\/distribution.audio-technica.eu\/es-es\/productos\/sx218-plus\/"]}]},{"@type":"ImageObject","inLanguage":"es","@id":"https:\/\/distribution.audio-technica.eu\/es-es\/productos\/sx218-plus\/#primaryimage","url":"\/app\/uploads\/sites\/2\/SX218-LED-front.jpg","contentUrl":"\/app\/uploads\/sites\/2\/SX218-LED-front.jpg","width":2000,"height":2000},{"@type":"BreadcrumbList","@id":"https:\/\/distribution.audio-technica.eu\/es-es\/productos\/sx218-plus\/#breadcrumb","itemListElement":[{"@type":"ListItem","position":1,"name":"Products","item":"https:\/\/distribution.audio-technica.eu\/es-es\/"},{"@type":"ListItem","position":2,"name":"Productos","item":"https:\/\/distribution.audio-technica.eu\/es-es\/productos\/"},{"@type":"ListItem","position":3,"name":"SX218+"}]},{"@type":"WebSite","@id":"https:\/\/distribution.audio-technica.eu\/es-es\/#website","url":"https:\/\/distribution.audio-technica.eu\/es-es\/","name":"Audio-Technica Iberia","description":"Distribuci\u00f3n","potentialAction":[{"@type":"SearchAction","target":{"@type":"EntryPoint","urlTemplate":"https:\/\/distribution.audio-technica.eu\/es-es\/?s={search_term_string}"},"query-input":{"@type":"PropertyValueSpecification","valueRequired":true,"valueName":"search_term_string"}}],"inLanguage":"es"}]}},"_links":{"self":[{"href":"https:\/\/distribution.audio-technica.eu\/es-es\/wp-json\/wp\/v2\/product\/42210","targetHints":{"allow":["GET"]}}],"collection":[{"href":"https:\/\/distribution.audio-technica.eu\/es-es\/wp-json\/wp\/v2\/product"}],"about":[{"href":"https:\/\/distribution.audio-technica.eu\/es-es\/wp-json\/wp\/v2\/types\/product"}],"wp:featuredmedia":[{"embeddable":true,"href":"https:\/\/distribution.audio-technica.eu\/es-es\/wp-json\/wp\/v2\/media\/42211"}],"wp:attachment":[{"href":"https:\/\/distribution.audio-technica.eu\/es-es\/wp-json\/wp\/v2\/media?parent=42210"}],"wp:term":[{"taxonomy":"product_brand","embeddable":true,"href":"https:\/\/distribution.audio-technica.eu\/es-es\/wp-json\/wp\/v2\/product_brand?post=42210"},{"taxonomy":"product_cat","embeddable":true,"href":"https:\/\/distribution.audio-technica.eu\/es-es\/wp-json\/wp\/v2\/product_cat?post=42210"},{"taxonomy":"product_tag","embeddable":true,"href":"https:\/\/distribution.audio-technica.eu\/es-es\/wp-json\/wp\/v2\/product_tag?post=42210"}],"curies":[{"name":"wp","href":"https:\/\/api.w.org\/{rel}","templated":true}]}}