{"id":10641,"date":"2021-05-03T17:54:47","date_gmt":"2021-05-03T16:54:47","guid":{"rendered":"https:\/\/atdb-production.studiograft.dev\/fr\/product\/import-placeholder-for-23521\/"},"modified":"2023-03-30T12:10:00","modified_gmt":"2023-03-30T11:10:00","slug":"webapp","status":"publish","type":"product","link":"https:\/\/distribution.audio-technica.eu\/fr-fr\/produits\/webapp\/","title":{"rendered":"WebApp"},"content":{"rendered":"<h2>WebApp<\/h2>\n<p class=\"p2\">La WebApp Optimal Audio met \u00e0 disposition de l\u2019utilisateur final toute la technologie de la s\u00e9rie ZONE.<\/p>\n<p class=\"p2\">La gestion et le fonctionnement des syst\u00e8mes de sonorisation ont toujours \u00e9t\u00e9 compliqu\u00e9s pour de nombreux utilisateurs, qui souhaitent simplement que cela marche. Avec WebApp et ZonePad, la s\u00e9rie ZONE apporte confort et confiance aux utilisateurs.<\/p>\n<p class=\"p2\">L\u2019application WebApp a \u00e9t\u00e9 con\u00e7ue pour que vous puissiez utiliser quotidiennement et acc\u00e9der aux fonctions essentielles de votre syst\u00e8me depuis votre smartphone, tablette ou ordinateur. Elle propose notamment une interface optimis\u00e9e pour un usage tactile.<\/p>\n<p class=\"p2\">L\u2019interface a \u00e9t\u00e9 construite dans un format \u00e9pur\u00e9 et simple, pour offrir un acc\u00e8s intuitif et rapide \u00e0 l\u2019ensemble des fonctions, avec un verrouillage possible de certaines pour en r\u00e9server l\u2019usage aux seuls int\u00e9grateurs et administrateurs du syst\u00e8me.<\/p>\n<p class=\"p2\">Avec WebApp acc\u00e9dez \u00e0 toutes les fonctionnalit\u00e9s n\u00e9cessaires \u00e0 la configuration de votre syst\u00e8me : EQs, limiteurs, ducking, routage, et plus encore<\/p>\n<p class=\"p2\">Avec WebApp, cr\u00e9ez des pr\u00e9-r\u00e9glages et planifiez des \u00e9v\u00e8nements pour une gestion manuelle ou automatique par zone.<span class=\"Apple-converted-space\">\u00a0<\/span><\/p>\n<p class=\"p2\">Avec WebApp, dupliquez facilement vos installations ZONE en sauvegardant les configurations.<\/p>\n<p class=\"p3\">Avec WebApp, pas besoin d\u2019installer un logiciel, ouvrez un navigateur Web sur votre smartphone, tablette ou ordinateur et entrez l\u2019adresse IP de votre appareil ZONE : Vous y \u00eates!<\/p>\n","protected":false},"excerpt":{"rendered":"<h3>Application de contr\u00f4le multiplateforme pour la s\u00e9rie ZONE<\/h3>\n<p class=\"p2\"><b>Caract\u00e9ristiques<\/b><\/p>\n<ul>\n<li class=\"p2\">Interface op\u00e9rateur simple et intuitive<\/li>\n<li class=\"p2\">Accessible via tout navigateur web de votre choix<\/li>\n<li class=\"p2\">Contr\u00f4le de toutes les sources connect\u00e9es dans toutes les zones<\/li>\n<li class=\"p2\">Pr\u00e9r\u00e9glages et planifications d\u2019\u00e9v\u00e8nements<\/li>\n<li class=\"p2\">Acc\u00e9s \u00e0 toutes les fonctions pour une configuration compl\u00e8te du syst\u00e8me :<\/li>\n<li class=\"p2\">EQ, limitation, routage, ducking, et plus encore.<\/li>\n<li class=\"p2\">Personnalisation des noms de zone et des entr\u00e9es pour un confort d\u2019utilisation accru<\/li>\n<\/ul>\n","protected":false},"featured_media":10679,"template":"","meta":{"_acf_changed":false},"product_brand":[],"product_cat":[2140],"product_tag":[],"class_list":{"0":"post-10641","1":"product","2":"type-product","3":"status-publish","4":"has-post-thumbnail","6":"product_cat-controleurs","8":"first","9":"instock","10":"shipping-taxable","11":"product-type-simple"},"acf":[],"yoast_head":"<!-- This site is optimized with the Yoast SEO plugin v27.1.1 - https:\/\/yoast.com\/product\/yoast-seo-wordpress\/ -->\n<title>WebApp - FR Audio-Technica Distribution<\/title>\n<meta name=\"robots\" content=\"index, follow, max-snippet:-1, max-image-preview:large, max-video-preview:-1\" \/>\n<link rel=\"canonical\" href=\"https:\/\/distribution.audio-technica.eu\/fr-fr\/produits\/webapp\/\" \/>\n<meta property=\"og:locale\" content=\"fr_FR\" \/>\n<meta property=\"og:type\" content=\"article\" \/>\n<meta property=\"og:title\" content=\"WebApp - FR Audio-Technica Distribution\" \/>\n<meta property=\"og:description\" content=\"Application de contr\u00f4le multiplateforme pour la s\u00e9rie ZONE Caract\u00e9ristiques    Interface op\u00e9rateur simple et intuitive  Accessible via tout navigateur web de votre choix  Contr\u00f4le de toutes les sources connect\u00e9es dans toutes les zones  Pr\u00e9r\u00e9glages et planifications d\u2019\u00e9v\u00e8nements  Acc\u00e9s \u00e0 toutes les fonctions pour une configuration compl\u00e8te du syst\u00e8me :  EQ, limitation, routage, ducking, et plus encore.  Personnalisation des noms de zone et des entr\u00e9es pour un confort d\u2019utilisation accru\" \/>\n<meta property=\"og:url\" content=\"https:\/\/distribution.audio-technica.eu\/fr-fr\/produits\/webapp\/\" \/>\n<meta property=\"og:site_name\" content=\"FR Audio-Technica Distribution\" \/>\n<meta property=\"article:modified_time\" content=\"2023-03-30T11:10:00+00:00\" \/>\n<meta property=\"og:image\" content=\"https:\/\/distribution.audio-technica.eu\/app\/uploads\/sites\/3\/OA-WebApp-Mockup.jpg\" \/>\n\t<meta property=\"og:image:width\" content=\"2000\" \/>\n\t<meta property=\"og:image:height\" content=\"2000\" \/>\n\t<meta property=\"og:image:type\" content=\"image\/jpeg\" \/>\n<meta name=\"twitter:card\" content=\"summary_large_image\" \/>\n<meta name=\"twitter:label1\" content=\"Dur\u00e9e de lecture estim\u00e9e\" \/>\n\t<meta name=\"twitter:data1\" content=\"1 minute\" \/>\n<script type=\"application\/ld+json\" class=\"yoast-schema-graph\">{\"@context\":\"https:\/\/schema.org\",\"@graph\":[{\"@type\":\"WebPage\",\"@id\":\"https:\/\/distribution.audio-technica.eu\/fr-fr\/produits\/webapp\/\",\"url\":\"https:\/\/distribution.audio-technica.eu\/fr-fr\/produits\/webapp\/\",\"name\":\"WebApp - FR Audio-Technica Distribution\",\"isPartOf\":{\"@id\":\"https:\/\/distribution.audio-technica.eu\/fr-fr\/#website\"},\"primaryImageOfPage\":{\"@id\":\"https:\/\/distribution.audio-technica.eu\/fr-fr\/produits\/webapp\/#primaryimage\"},\"image\":{\"@id\":\"https:\/\/distribution.audio-technica.eu\/fr-fr\/produits\/webapp\/#primaryimage\"},\"thumbnailUrl\":\"\/app\/uploads\/sites\/3\/OA-WebApp-Mockup.jpg\",\"datePublished\":\"2021-05-03T16:54:47+00:00\",\"dateModified\":\"2023-03-30T11:10:00+00:00\",\"breadcrumb\":{\"@id\":\"https:\/\/distribution.audio-technica.eu\/fr-fr\/produits\/webapp\/#breadcrumb\"},\"inLanguage\":\"fr-FR\",\"potentialAction\":[{\"@type\":\"ReadAction\",\"target\":[\"https:\/\/distribution.audio-technica.eu\/fr-fr\/produits\/webapp\/\"]}]},{\"@type\":\"ImageObject\",\"inLanguage\":\"fr-FR\",\"@id\":\"https:\/\/distribution.audio-technica.eu\/fr-fr\/produits\/webapp\/#primaryimage\",\"url\":\"\/app\/uploads\/sites\/3\/OA-WebApp-Mockup.jpg\",\"contentUrl\":\"\/app\/uploads\/sites\/3\/OA-WebApp-Mockup.jpg\",\"width\":2000,\"height\":2000},{\"@type\":\"BreadcrumbList\",\"@id\":\"https:\/\/distribution.audio-technica.eu\/fr-fr\/produits\/webapp\/#breadcrumb\",\"itemListElement\":[{\"@type\":\"ListItem\",\"position\":1,\"name\":\"Products\",\"item\":\"https:\/\/distribution.audio-technica.eu\/fr-fr\/\"},{\"@type\":\"ListItem\",\"position\":2,\"name\":\"Produits\",\"item\":\"https:\/\/distribution.audio-technica.eu\/fr-fr\/produits\/\"},{\"@type\":\"ListItem\",\"position\":3,\"name\":\"WebApp\"}]},{\"@type\":\"WebSite\",\"@id\":\"https:\/\/distribution.audio-technica.eu\/fr-fr\/#website\",\"url\":\"https:\/\/distribution.audio-technica.eu\/fr-fr\/\",\"name\":\"FR Audio-Technica Distribution\",\"description\":\"\",\"potentialAction\":[{\"@type\":\"SearchAction\",\"target\":{\"@type\":\"EntryPoint\",\"urlTemplate\":\"https:\/\/distribution.audio-technica.eu\/fr-fr\/?s={search_term_string}\"},\"query-input\":{\"@type\":\"PropertyValueSpecification\",\"valueRequired\":true,\"valueName\":\"search_term_string\"}}],\"inLanguage\":\"fr-FR\"}]}<\/script>\n<!-- \/ Yoast SEO plugin. -->","yoast_head_json":{"title":"WebApp - FR Audio-Technica Distribution","robots":{"index":"index","follow":"follow","max-snippet":"max-snippet:-1","max-image-preview":"max-image-preview:large","max-video-preview":"max-video-preview:-1"},"canonical":"https:\/\/distribution.audio-technica.eu\/fr-fr\/produits\/webapp\/","og_locale":"fr_FR","og_type":"article","og_title":"WebApp - FR Audio-Technica Distribution","og_description":"Application de contr\u00f4le multiplateforme pour la s\u00e9rie ZONE Caract\u00e9ristiques    Interface op\u00e9rateur simple et intuitive  Accessible via tout navigateur web de votre choix  Contr\u00f4le de toutes les sources connect\u00e9es dans toutes les zones  Pr\u00e9r\u00e9glages et planifications d\u2019\u00e9v\u00e8nements  Acc\u00e9s \u00e0 toutes les fonctions pour une configuration compl\u00e8te du syst\u00e8me :  EQ, limitation, routage, ducking, et plus encore.  Personnalisation des noms de zone et des entr\u00e9es pour un confort d\u2019utilisation accru","og_url":"https:\/\/distribution.audio-technica.eu\/fr-fr\/produits\/webapp\/","og_site_name":"FR Audio-Technica Distribution","article_modified_time":"2023-03-30T11:10:00+00:00","og_image":[{"width":2000,"height":2000,"url":"https:\/\/distribution.audio-technica.eu\/app\/uploads\/sites\/3\/OA-WebApp-Mockup.jpg","type":"image\/jpeg"}],"twitter_card":"summary_large_image","twitter_misc":{"Dur\u00e9e de lecture estim\u00e9e":"1 minute"},"schema":{"@context":"https:\/\/schema.org","@graph":[{"@type":"WebPage","@id":"https:\/\/distribution.audio-technica.eu\/fr-fr\/produits\/webapp\/","url":"https:\/\/distribution.audio-technica.eu\/fr-fr\/produits\/webapp\/","name":"WebApp - FR Audio-Technica Distribution","isPartOf":{"@id":"https:\/\/distribution.audio-technica.eu\/fr-fr\/#website"},"primaryImageOfPage":{"@id":"https:\/\/distribution.audio-technica.eu\/fr-fr\/produits\/webapp\/#primaryimage"},"image":{"@id":"https:\/\/distribution.audio-technica.eu\/fr-fr\/produits\/webapp\/#primaryimage"},"thumbnailUrl":"\/app\/uploads\/sites\/3\/OA-WebApp-Mockup.jpg","datePublished":"2021-05-03T16:54:47+00:00","dateModified":"2023-03-30T11:10:00+00:00","breadcrumb":{"@id":"https:\/\/distribution.audio-technica.eu\/fr-fr\/produits\/webapp\/#breadcrumb"},"inLanguage":"fr-FR","potentialAction":[{"@type":"ReadAction","target":["https:\/\/distribution.audio-technica.eu\/fr-fr\/produits\/webapp\/"]}]},{"@type":"ImageObject","inLanguage":"fr-FR","@id":"https:\/\/distribution.audio-technica.eu\/fr-fr\/produits\/webapp\/#primaryimage","url":"\/app\/uploads\/sites\/3\/OA-WebApp-Mockup.jpg","contentUrl":"\/app\/uploads\/sites\/3\/OA-WebApp-Mockup.jpg","width":2000,"height":2000},{"@type":"BreadcrumbList","@id":"https:\/\/distribution.audio-technica.eu\/fr-fr\/produits\/webapp\/#breadcrumb","itemListElement":[{"@type":"ListItem","position":1,"name":"Products","item":"https:\/\/distribution.audio-technica.eu\/fr-fr\/"},{"@type":"ListItem","position":2,"name":"Produits","item":"https:\/\/distribution.audio-technica.eu\/fr-fr\/produits\/"},{"@type":"ListItem","position":3,"name":"WebApp"}]},{"@type":"WebSite","@id":"https:\/\/distribution.audio-technica.eu\/fr-fr\/#website","url":"https:\/\/distribution.audio-technica.eu\/fr-fr\/","name":"FR Audio-Technica Distribution","description":"","potentialAction":[{"@type":"SearchAction","target":{"@type":"EntryPoint","urlTemplate":"https:\/\/distribution.audio-technica.eu\/fr-fr\/?s={search_term_string}"},"query-input":{"@type":"PropertyValueSpecification","valueRequired":true,"valueName":"search_term_string"}}],"inLanguage":"fr-FR"}]}},"_links":{"self":[{"href":"https:\/\/distribution.audio-technica.eu\/fr-fr\/wp-json\/wp\/v2\/product\/10641","targetHints":{"allow":["GET"]}}],"collection":[{"href":"https:\/\/distribution.audio-technica.eu\/fr-fr\/wp-json\/wp\/v2\/product"}],"about":[{"href":"https:\/\/distribution.audio-technica.eu\/fr-fr\/wp-json\/wp\/v2\/types\/product"}],"wp:featuredmedia":[{"embeddable":true,"href":"https:\/\/distribution.audio-technica.eu\/fr-fr\/wp-json\/wp\/v2\/media\/10679"}],"wp:attachment":[{"href":"https:\/\/distribution.audio-technica.eu\/fr-fr\/wp-json\/wp\/v2\/media?parent=10641"}],"wp:term":[{"taxonomy":"product_brand","embeddable":true,"href":"https:\/\/distribution.audio-technica.eu\/fr-fr\/wp-json\/wp\/v2\/product_brand?post=10641"},{"taxonomy":"product_cat","embeddable":true,"href":"https:\/\/distribution.audio-technica.eu\/fr-fr\/wp-json\/wp\/v2\/product_cat?post=10641"},{"taxonomy":"product_tag","embeddable":true,"href":"https:\/\/distribution.audio-technica.eu\/fr-fr\/wp-json\/wp\/v2\/product_tag?post=10641"}],"curies":[{"name":"wp","href":"https:\/\/api.w.org\/{rel}","templated":true}]}}