{"id":10644,"date":"2021-05-03T17:54:48","date_gmt":"2021-05-03T16:54:48","guid":{"rendered":"https:\/\/atdb-production.studiograft.dev\/fr\/product\/import-placeholder-for-23518\/"},"modified":"2023-03-30T12:10:00","modified_gmt":"2023-03-30T11:10:00","slug":"zone-8p","status":"publish","type":"product","link":"https:\/\/distribution.audio-technica.eu\/fr-fr\/produits\/zone-8p\/","title":{"rendered":"Zone 8P"},"content":{"rendered":"<h2>Zone 8P<\/h2>\n<p class=\"p2\">Flexibilit\u00e9 et facilit\u00e9 d\u2019utilisation sont les deux ma\u00eetre-mots d\u2019Optimal Audio, ZONE a donc \u00e9t\u00e9 cr\u00e9\u00e9e pour faciliter l\u2019exploitation quotidienne par tout \u00e0 chacun. ZONE8P int\u00e9gre une amplification multicanale pour une installation simple et rentable.<\/p>\n<p class=\"p3\">ZONE 8P permet \u00e0 l\u2019utilisateur d\u2019allouer ind\u00e9pendamment les sources aux huit zones configurables, d\u2019un bar, d\u2019une maison, d\u2019un restaurant, d\u2019une salle de r\u00e9ception ou bien encore d\u2019un atelier.<\/p>\n<p class=\"p3\">ZONE 8P devient le coeur de votre syst\u00e8me audio. Avec ses 4 entr\u00e9es lignes, 2 entr\u00e9es micro et 2 entr\u00e9es HDMI pour le son de vos mat\u00e9riels vid\u00e9os,il vous ob\u00e9ira au doigt et \u00e0 l\u2019oeil via WebApp, pour contr\u00f4ler tous ses signaux vers ces huit zones amplifi\u00e9es.<\/p>\n<p class=\"p3\">Ces canaux d\u2019amplification int\u00e9gr\u00e9e \u00e9vite d\u2019ajouter des amplificateurs externes et facilite la mise en place dans la plupart des situations.<\/p>\n<p class=\"p4\">ZONE 8P a \u00e9t\u00e9 con\u00e7u pour fonctionner de mani\u00e8re transparente avec les autres produits de la gamme Optimal Audio. Associ\u00e9 \u00e0 nos ZonePads et SmartAmp, il offre un syst\u00e8me audio simple, intuitif et \u00e9conomique avec une grande qualit\u00e9 sonore.<\/p>\n<p><strong>Applications<\/strong><\/p>\n<p>Caf\u00e9s \/ Bars \/ Restaurants, Petits Commerces, Salles de R\u00e9ception, H\u00f4tels, Education, Lieux de Culte, Bureaux et Administrations, Mus\u00e9es, Salles de Sport, R\u00e9sidentiel.<\/p>\n","protected":false},"excerpt":{"rendered":"<h3>Contr\u00f4leur 8 zones amplifi\u00e9es avec DSP &amp; WebApp<\/h3>\n<p class=\"p2\"><b>CARACT\u00c9RISTIQUES<\/b><\/p>\n<ul>\n<li class=\"p1\">Sorties : 8 zones avec amplification int\u00e9gr\u00e9e<\/li>\n<li class=\"p1\">Entr\u00e9es : 2 mic + 4 stereo line + 2 HDMI<\/li>\n<li class=\"p1\">Suite compl\u00e8te de traitements audio<\/li>\n<li class=\"p1\">Rappel de pr\u00e9r\u00e9glages<\/li>\n<li class=\"p1\">Planificateur d\u2019\u00e9v\u00e9nements<\/li>\n<li class=\"p1\">Interface WebApp pour la configuration et l\u2019exploitation quotidienne<\/li>\n<li class=\"p1\">Extension facile &#8211; il grandit avec vous<\/li>\n<li class=\"p1\">Prix comp\u00e9titif<\/li>\n<\/ul>\n","protected":false},"featured_media":10673,"template":"","meta":{"_acf_changed":false},"product_brand":[],"product_cat":[2140],"product_tag":[],"class_list":{"0":"post-10644","1":"product","2":"type-product","3":"status-publish","4":"has-post-thumbnail","6":"product_cat-controleurs","8":"first","9":"instock","10":"shipping-taxable","11":"product-type-simple"},"acf":[],"yoast_head":"<!-- This site is optimized with the Yoast SEO plugin v27.1.1 - https:\/\/yoast.com\/product\/yoast-seo-wordpress\/ -->\n<title>Zone 8P - FR Audio-Technica Distribution<\/title>\n<meta name=\"robots\" content=\"index, follow, max-snippet:-1, max-image-preview:large, max-video-preview:-1\" \/>\n<link rel=\"canonical\" href=\"https:\/\/distribution.audio-technica.eu\/fr-fr\/produits\/zone-8p\/\" \/>\n<meta property=\"og:locale\" content=\"fr_FR\" \/>\n<meta property=\"og:type\" content=\"article\" \/>\n<meta property=\"og:title\" content=\"Zone 8P - FR Audio-Technica Distribution\" \/>\n<meta property=\"og:description\" content=\"Contr\u00f4leur 8 zones amplifi\u00e9es avec DSP &amp; WebApp CARACT\u00c9RISTIQUES    Sorties : 8 zones avec amplification int\u00e9gr\u00e9e  Entr\u00e9es : 2 mic + 4 stereo line + 2 HDMI  Suite compl\u00e8te de traitements audio  Rappel de pr\u00e9r\u00e9glages  Planificateur d\u2019\u00e9v\u00e9nements  Interface WebApp pour la configuration et l\u2019exploitation quotidienne  Extension facile - il grandit avec vous  Prix comp\u00e9titif\" \/>\n<meta property=\"og:url\" content=\"https:\/\/distribution.audio-technica.eu\/fr-fr\/produits\/zone-8p\/\" \/>\n<meta property=\"og:site_name\" content=\"FR Audio-Technica Distribution\" \/>\n<meta property=\"article:modified_time\" content=\"2023-03-30T11:10:00+00:00\" \/>\n<meta property=\"og:image\" content=\"https:\/\/distribution.audio-technica.eu\/app\/uploads\/sites\/3\/OA-Zone-8P-Front-Angle-No-Ears-Cutout.jpg\" \/>\n\t<meta property=\"og:image:width\" content=\"2000\" \/>\n\t<meta property=\"og:image:height\" content=\"2000\" \/>\n\t<meta property=\"og:image:type\" content=\"image\/jpeg\" \/>\n<meta name=\"twitter:card\" content=\"summary_large_image\" \/>\n<meta name=\"twitter:label1\" content=\"Dur\u00e9e de lecture estim\u00e9e\" \/>\n\t<meta name=\"twitter:data1\" content=\"1 minute\" \/>\n<script type=\"application\/ld+json\" class=\"yoast-schema-graph\">{\"@context\":\"https:\/\/schema.org\",\"@graph\":[{\"@type\":\"WebPage\",\"@id\":\"https:\/\/distribution.audio-technica.eu\/fr-fr\/produits\/zone-8p\/\",\"url\":\"https:\/\/distribution.audio-technica.eu\/fr-fr\/produits\/zone-8p\/\",\"name\":\"Zone 8P - FR Audio-Technica Distribution\",\"isPartOf\":{\"@id\":\"https:\/\/distribution.audio-technica.eu\/fr-fr\/#website\"},\"primaryImageOfPage\":{\"@id\":\"https:\/\/distribution.audio-technica.eu\/fr-fr\/produits\/zone-8p\/#primaryimage\"},\"image\":{\"@id\":\"https:\/\/distribution.audio-technica.eu\/fr-fr\/produits\/zone-8p\/#primaryimage\"},\"thumbnailUrl\":\"\/app\/uploads\/sites\/3\/OA-Zone-8P-Front-Angle-No-Ears-Cutout.jpg\",\"datePublished\":\"2021-05-03T16:54:48+00:00\",\"dateModified\":\"2023-03-30T11:10:00+00:00\",\"breadcrumb\":{\"@id\":\"https:\/\/distribution.audio-technica.eu\/fr-fr\/produits\/zone-8p\/#breadcrumb\"},\"inLanguage\":\"fr-FR\",\"potentialAction\":[{\"@type\":\"ReadAction\",\"target\":[\"https:\/\/distribution.audio-technica.eu\/fr-fr\/produits\/zone-8p\/\"]}]},{\"@type\":\"ImageObject\",\"inLanguage\":\"fr-FR\",\"@id\":\"https:\/\/distribution.audio-technica.eu\/fr-fr\/produits\/zone-8p\/#primaryimage\",\"url\":\"\/app\/uploads\/sites\/3\/OA-Zone-8P-Front-Angle-No-Ears-Cutout.jpg\",\"contentUrl\":\"\/app\/uploads\/sites\/3\/OA-Zone-8P-Front-Angle-No-Ears-Cutout.jpg\",\"width\":2000,\"height\":2000},{\"@type\":\"BreadcrumbList\",\"@id\":\"https:\/\/distribution.audio-technica.eu\/fr-fr\/produits\/zone-8p\/#breadcrumb\",\"itemListElement\":[{\"@type\":\"ListItem\",\"position\":1,\"name\":\"Products\",\"item\":\"https:\/\/distribution.audio-technica.eu\/fr-fr\/\"},{\"@type\":\"ListItem\",\"position\":2,\"name\":\"Produits\",\"item\":\"https:\/\/distribution.audio-technica.eu\/fr-fr\/produits\/\"},{\"@type\":\"ListItem\",\"position\":3,\"name\":\"Zone 8P\"}]},{\"@type\":\"WebSite\",\"@id\":\"https:\/\/distribution.audio-technica.eu\/fr-fr\/#website\",\"url\":\"https:\/\/distribution.audio-technica.eu\/fr-fr\/\",\"name\":\"FR Audio-Technica Distribution\",\"description\":\"\",\"potentialAction\":[{\"@type\":\"SearchAction\",\"target\":{\"@type\":\"EntryPoint\",\"urlTemplate\":\"https:\/\/distribution.audio-technica.eu\/fr-fr\/?s={search_term_string}\"},\"query-input\":{\"@type\":\"PropertyValueSpecification\",\"valueRequired\":true,\"valueName\":\"search_term_string\"}}],\"inLanguage\":\"fr-FR\"}]}<\/script>\n<!-- \/ Yoast SEO plugin. -->","yoast_head_json":{"title":"Zone 8P - FR Audio-Technica Distribution","robots":{"index":"index","follow":"follow","max-snippet":"max-snippet:-1","max-image-preview":"max-image-preview:large","max-video-preview":"max-video-preview:-1"},"canonical":"https:\/\/distribution.audio-technica.eu\/fr-fr\/produits\/zone-8p\/","og_locale":"fr_FR","og_type":"article","og_title":"Zone 8P - FR Audio-Technica Distribution","og_description":"Contr\u00f4leur 8 zones amplifi\u00e9es avec DSP &amp; WebApp CARACT\u00c9RISTIQUES    Sorties : 8 zones avec amplification int\u00e9gr\u00e9e  Entr\u00e9es : 2 mic + 4 stereo line + 2 HDMI  Suite compl\u00e8te de traitements audio  Rappel de pr\u00e9r\u00e9glages  Planificateur d\u2019\u00e9v\u00e9nements  Interface WebApp pour la configuration et l\u2019exploitation quotidienne  Extension facile - il grandit avec vous  Prix comp\u00e9titif","og_url":"https:\/\/distribution.audio-technica.eu\/fr-fr\/produits\/zone-8p\/","og_site_name":"FR Audio-Technica Distribution","article_modified_time":"2023-03-30T11:10:00+00:00","og_image":[{"width":2000,"height":2000,"url":"https:\/\/distribution.audio-technica.eu\/app\/uploads\/sites\/3\/OA-Zone-8P-Front-Angle-No-Ears-Cutout.jpg","type":"image\/jpeg"}],"twitter_card":"summary_large_image","twitter_misc":{"Dur\u00e9e de lecture estim\u00e9e":"1 minute"},"schema":{"@context":"https:\/\/schema.org","@graph":[{"@type":"WebPage","@id":"https:\/\/distribution.audio-technica.eu\/fr-fr\/produits\/zone-8p\/","url":"https:\/\/distribution.audio-technica.eu\/fr-fr\/produits\/zone-8p\/","name":"Zone 8P - FR Audio-Technica Distribution","isPartOf":{"@id":"https:\/\/distribution.audio-technica.eu\/fr-fr\/#website"},"primaryImageOfPage":{"@id":"https:\/\/distribution.audio-technica.eu\/fr-fr\/produits\/zone-8p\/#primaryimage"},"image":{"@id":"https:\/\/distribution.audio-technica.eu\/fr-fr\/produits\/zone-8p\/#primaryimage"},"thumbnailUrl":"\/app\/uploads\/sites\/3\/OA-Zone-8P-Front-Angle-No-Ears-Cutout.jpg","datePublished":"2021-05-03T16:54:48+00:00","dateModified":"2023-03-30T11:10:00+00:00","breadcrumb":{"@id":"https:\/\/distribution.audio-technica.eu\/fr-fr\/produits\/zone-8p\/#breadcrumb"},"inLanguage":"fr-FR","potentialAction":[{"@type":"ReadAction","target":["https:\/\/distribution.audio-technica.eu\/fr-fr\/produits\/zone-8p\/"]}]},{"@type":"ImageObject","inLanguage":"fr-FR","@id":"https:\/\/distribution.audio-technica.eu\/fr-fr\/produits\/zone-8p\/#primaryimage","url":"\/app\/uploads\/sites\/3\/OA-Zone-8P-Front-Angle-No-Ears-Cutout.jpg","contentUrl":"\/app\/uploads\/sites\/3\/OA-Zone-8P-Front-Angle-No-Ears-Cutout.jpg","width":2000,"height":2000},{"@type":"BreadcrumbList","@id":"https:\/\/distribution.audio-technica.eu\/fr-fr\/produits\/zone-8p\/#breadcrumb","itemListElement":[{"@type":"ListItem","position":1,"name":"Products","item":"https:\/\/distribution.audio-technica.eu\/fr-fr\/"},{"@type":"ListItem","position":2,"name":"Produits","item":"https:\/\/distribution.audio-technica.eu\/fr-fr\/produits\/"},{"@type":"ListItem","position":3,"name":"Zone 8P"}]},{"@type":"WebSite","@id":"https:\/\/distribution.audio-technica.eu\/fr-fr\/#website","url":"https:\/\/distribution.audio-technica.eu\/fr-fr\/","name":"FR Audio-Technica Distribution","description":"","potentialAction":[{"@type":"SearchAction","target":{"@type":"EntryPoint","urlTemplate":"https:\/\/distribution.audio-technica.eu\/fr-fr\/?s={search_term_string}"},"query-input":{"@type":"PropertyValueSpecification","valueRequired":true,"valueName":"search_term_string"}}],"inLanguage":"fr-FR"}]}},"_links":{"self":[{"href":"https:\/\/distribution.audio-technica.eu\/fr-fr\/wp-json\/wp\/v2\/product\/10644","targetHints":{"allow":["GET"]}}],"collection":[{"href":"https:\/\/distribution.audio-technica.eu\/fr-fr\/wp-json\/wp\/v2\/product"}],"about":[{"href":"https:\/\/distribution.audio-technica.eu\/fr-fr\/wp-json\/wp\/v2\/types\/product"}],"wp:featuredmedia":[{"embeddable":true,"href":"https:\/\/distribution.audio-technica.eu\/fr-fr\/wp-json\/wp\/v2\/media\/10673"}],"wp:attachment":[{"href":"https:\/\/distribution.audio-technica.eu\/fr-fr\/wp-json\/wp\/v2\/media?parent=10644"}],"wp:term":[{"taxonomy":"product_brand","embeddable":true,"href":"https:\/\/distribution.audio-technica.eu\/fr-fr\/wp-json\/wp\/v2\/product_brand?post=10644"},{"taxonomy":"product_cat","embeddable":true,"href":"https:\/\/distribution.audio-technica.eu\/fr-fr\/wp-json\/wp\/v2\/product_cat?post=10644"},{"taxonomy":"product_tag","embeddable":true,"href":"https:\/\/distribution.audio-technica.eu\/fr-fr\/wp-json\/wp\/v2\/product_tag?post=10644"}],"curies":[{"name":"wp","href":"https:\/\/api.w.org\/{rel}","templated":true}]}}