{"id":10649,"date":"2021-05-03T17:54:48","date_gmt":"2021-05-03T16:54:48","guid":{"rendered":"https:\/\/atdb-production.studiograft.dev\/fr\/product\/import-placeholder-for-23524\/"},"modified":"2023-03-30T12:10:00","modified_gmt":"2023-03-30T11:10:00","slug":"smartamp-30","status":"publish","type":"product","link":"https:\/\/distribution.audio-technica.eu\/fr-fr\/produits\/smartamp-30\/","title":{"rendered":"SmartAmp 30"},"content":{"rendered":"<h2>SmartAmp 30<\/h2>\n<p class=\"p2\">SmartAmp 30 est un amplificateur avec DSP (Digital Signal Processing) embarqu\u00e9, sp\u00e9cifiquement con\u00e7u pour optimiser l\u2019exp\u00e9rience sonore des HPs de la gamme Optimal Audio.<\/p>\n<p class=\"p2\">Les quatre canaux peuvent \u00eatre utilis\u00e9s indiff\u00e9remment en basse ou haute imp\u00e9dance (70V &#8211; 100V). Le Smart Amp 30 offre donc la possibilit\u00e9 d\u2019alimenter sur un canal une ligne de diffusion en 100V sur de grande distance, tout en offrant la qualit\u00e9 de la basse imp\u00e9dance sur un autre canal.<\/p>\n<p class=\"p2\">Les pr\u00e9r\u00e9glages DSP des HPs Optimal Audio sont s\u00e9lectionnables par simple dip-switch \u00e0 l\u2019arri\u00e8re de l\u2019amplificateur, pour b\u00e9n\u00e9ficier des param\u00e9tres de protection et d\u2019\u00e9galisation ad\u00e9quats.<\/p>\n<p class=\"p3\">SmartAmp 30 est donc id\u00e9al pour les HPs UP et Cuboid d\u2019Optimal Audio, et permet un gain de place gr\u00e2ce \u00e0 son format 1U-19\u2019\u2019<span class=\"Apple-converted-space\">\u00a0<\/span><\/p>\n<p><strong><br \/>\nApplications\u00a0<\/strong><\/p>\n<p class=\"p2\">Caf\u00e9s \/ Bars \/ Restaurants, Petits Commerces, Salles de R\u00e9ception, H\u00f4tels, Education, Lieux de Culte, Bureaux et Administrations, Mus\u00e9es, Salles de sport, R\u00e9sidentiel.<\/p>\n","protected":false},"excerpt":{"rendered":"<h3>Amplificateur 4 canaux \u00e0 DSP &#8211; 1000 W<\/h3>\n<p class=\"p2\"><b>Caract\u00e9ristiques<\/b><\/p>\n<ul>\n<li class=\"p2\">Sortie 4\u03a9-16\u03a9 et 70V-100V<\/li>\n<li class=\"p2\">250 watts par canal<\/li>\n<li class=\"p2\">A poser ou \u00e0 monter en rack<\/li>\n<li class=\"p3\">Traitement pr\u00e9d\u00e9finis pour 31 mod\u00e8les de HPs Optimal Audio<\/li>\n<\/ul>\n","protected":false},"featured_media":10689,"template":"","meta":{"_acf_changed":false},"product_brand":[],"product_cat":[2143],"product_tag":[],"class_list":{"0":"post-10649","1":"product","2":"type-product","3":"status-publish","4":"has-post-thumbnail","6":"product_cat-amplificateur","8":"first","9":"instock","10":"shipping-taxable","11":"product-type-simple"},"acf":[],"yoast_head":"<!-- This site is optimized with the Yoast SEO plugin v27.1.1 - https:\/\/yoast.com\/product\/yoast-seo-wordpress\/ -->\n<title>SmartAmp 30 - FR Audio-Technica Distribution<\/title>\n<meta name=\"robots\" content=\"index, follow, max-snippet:-1, max-image-preview:large, max-video-preview:-1\" \/>\n<link rel=\"canonical\" href=\"https:\/\/distribution.audio-technica.eu\/fr-fr\/produits\/smartamp-30\/\" \/>\n<meta property=\"og:locale\" content=\"fr_FR\" \/>\n<meta property=\"og:type\" content=\"article\" \/>\n<meta property=\"og:title\" content=\"SmartAmp 30 - FR Audio-Technica Distribution\" \/>\n<meta property=\"og:description\" content=\"Amplificateur 4 canaux \u00e0 DSP - 1000 W Caract\u00e9ristiques    Sortie 4\u03a9-16\u03a9 et 70V-100V  250 watts par canal  A poser ou \u00e0 monter en rack  Traitement pr\u00e9d\u00e9finis pour 31 mod\u00e8les de HPs Optimal Audio\" \/>\n<meta property=\"og:url\" content=\"https:\/\/distribution.audio-technica.eu\/fr-fr\/produits\/smartamp-30\/\" \/>\n<meta property=\"og:site_name\" content=\"FR Audio-Technica Distribution\" \/>\n<meta property=\"article:modified_time\" content=\"2023-03-30T11:10:00+00:00\" \/>\n<meta property=\"og:image\" content=\"https:\/\/distribution.audio-technica.eu\/app\/uploads\/sites\/3\/OA-SmartAmp-30-Front-Angle-Cutout.jpg\" \/>\n\t<meta property=\"og:image:width\" content=\"2000\" \/>\n\t<meta property=\"og:image:height\" content=\"2000\" \/>\n\t<meta property=\"og:image:type\" content=\"image\/jpeg\" \/>\n<meta name=\"twitter:card\" content=\"summary_large_image\" \/>\n<meta name=\"twitter:label1\" content=\"Dur\u00e9e de lecture estim\u00e9e\" \/>\n\t<meta name=\"twitter:data1\" content=\"1 minute\" \/>\n<script type=\"application\/ld+json\" class=\"yoast-schema-graph\">{\"@context\":\"https:\/\/schema.org\",\"@graph\":[{\"@type\":\"WebPage\",\"@id\":\"https:\/\/distribution.audio-technica.eu\/fr-fr\/produits\/smartamp-30\/\",\"url\":\"https:\/\/distribution.audio-technica.eu\/fr-fr\/produits\/smartamp-30\/\",\"name\":\"SmartAmp 30 - FR Audio-Technica Distribution\",\"isPartOf\":{\"@id\":\"https:\/\/distribution.audio-technica.eu\/fr-fr\/#website\"},\"primaryImageOfPage\":{\"@id\":\"https:\/\/distribution.audio-technica.eu\/fr-fr\/produits\/smartamp-30\/#primaryimage\"},\"image\":{\"@id\":\"https:\/\/distribution.audio-technica.eu\/fr-fr\/produits\/smartamp-30\/#primaryimage\"},\"thumbnailUrl\":\"\/app\/uploads\/sites\/3\/OA-SmartAmp-30-Front-Angle-Cutout.jpg\",\"datePublished\":\"2021-05-03T16:54:48+00:00\",\"dateModified\":\"2023-03-30T11:10:00+00:00\",\"breadcrumb\":{\"@id\":\"https:\/\/distribution.audio-technica.eu\/fr-fr\/produits\/smartamp-30\/#breadcrumb\"},\"inLanguage\":\"fr-FR\",\"potentialAction\":[{\"@type\":\"ReadAction\",\"target\":[\"https:\/\/distribution.audio-technica.eu\/fr-fr\/produits\/smartamp-30\/\"]}]},{\"@type\":\"ImageObject\",\"inLanguage\":\"fr-FR\",\"@id\":\"https:\/\/distribution.audio-technica.eu\/fr-fr\/produits\/smartamp-30\/#primaryimage\",\"url\":\"\/app\/uploads\/sites\/3\/OA-SmartAmp-30-Front-Angle-Cutout.jpg\",\"contentUrl\":\"\/app\/uploads\/sites\/3\/OA-SmartAmp-30-Front-Angle-Cutout.jpg\",\"width\":2000,\"height\":2000},{\"@type\":\"BreadcrumbList\",\"@id\":\"https:\/\/distribution.audio-technica.eu\/fr-fr\/produits\/smartamp-30\/#breadcrumb\",\"itemListElement\":[{\"@type\":\"ListItem\",\"position\":1,\"name\":\"Products\",\"item\":\"https:\/\/distribution.audio-technica.eu\/fr-fr\/\"},{\"@type\":\"ListItem\",\"position\":2,\"name\":\"Produits\",\"item\":\"https:\/\/distribution.audio-technica.eu\/fr-fr\/produits\/\"},{\"@type\":\"ListItem\",\"position\":3,\"name\":\"SmartAmp 30\"}]},{\"@type\":\"WebSite\",\"@id\":\"https:\/\/distribution.audio-technica.eu\/fr-fr\/#website\",\"url\":\"https:\/\/distribution.audio-technica.eu\/fr-fr\/\",\"name\":\"FR Audio-Technica Distribution\",\"description\":\"\",\"potentialAction\":[{\"@type\":\"SearchAction\",\"target\":{\"@type\":\"EntryPoint\",\"urlTemplate\":\"https:\/\/distribution.audio-technica.eu\/fr-fr\/?s={search_term_string}\"},\"query-input\":{\"@type\":\"PropertyValueSpecification\",\"valueRequired\":true,\"valueName\":\"search_term_string\"}}],\"inLanguage\":\"fr-FR\"}]}<\/script>\n<!-- \/ Yoast SEO plugin. -->","yoast_head_json":{"title":"SmartAmp 30 - FR Audio-Technica Distribution","robots":{"index":"index","follow":"follow","max-snippet":"max-snippet:-1","max-image-preview":"max-image-preview:large","max-video-preview":"max-video-preview:-1"},"canonical":"https:\/\/distribution.audio-technica.eu\/fr-fr\/produits\/smartamp-30\/","og_locale":"fr_FR","og_type":"article","og_title":"SmartAmp 30 - FR Audio-Technica Distribution","og_description":"Amplificateur 4 canaux \u00e0 DSP - 1000 W Caract\u00e9ristiques    Sortie 4\u03a9-16\u03a9 et 70V-100V  250 watts par canal  A poser ou \u00e0 monter en rack  Traitement pr\u00e9d\u00e9finis pour 31 mod\u00e8les de HPs Optimal Audio","og_url":"https:\/\/distribution.audio-technica.eu\/fr-fr\/produits\/smartamp-30\/","og_site_name":"FR Audio-Technica Distribution","article_modified_time":"2023-03-30T11:10:00+00:00","og_image":[{"width":2000,"height":2000,"url":"https:\/\/distribution.audio-technica.eu\/app\/uploads\/sites\/3\/OA-SmartAmp-30-Front-Angle-Cutout.jpg","type":"image\/jpeg"}],"twitter_card":"summary_large_image","twitter_misc":{"Dur\u00e9e de lecture estim\u00e9e":"1 minute"},"schema":{"@context":"https:\/\/schema.org","@graph":[{"@type":"WebPage","@id":"https:\/\/distribution.audio-technica.eu\/fr-fr\/produits\/smartamp-30\/","url":"https:\/\/distribution.audio-technica.eu\/fr-fr\/produits\/smartamp-30\/","name":"SmartAmp 30 - FR Audio-Technica Distribution","isPartOf":{"@id":"https:\/\/distribution.audio-technica.eu\/fr-fr\/#website"},"primaryImageOfPage":{"@id":"https:\/\/distribution.audio-technica.eu\/fr-fr\/produits\/smartamp-30\/#primaryimage"},"image":{"@id":"https:\/\/distribution.audio-technica.eu\/fr-fr\/produits\/smartamp-30\/#primaryimage"},"thumbnailUrl":"\/app\/uploads\/sites\/3\/OA-SmartAmp-30-Front-Angle-Cutout.jpg","datePublished":"2021-05-03T16:54:48+00:00","dateModified":"2023-03-30T11:10:00+00:00","breadcrumb":{"@id":"https:\/\/distribution.audio-technica.eu\/fr-fr\/produits\/smartamp-30\/#breadcrumb"},"inLanguage":"fr-FR","potentialAction":[{"@type":"ReadAction","target":["https:\/\/distribution.audio-technica.eu\/fr-fr\/produits\/smartamp-30\/"]}]},{"@type":"ImageObject","inLanguage":"fr-FR","@id":"https:\/\/distribution.audio-technica.eu\/fr-fr\/produits\/smartamp-30\/#primaryimage","url":"\/app\/uploads\/sites\/3\/OA-SmartAmp-30-Front-Angle-Cutout.jpg","contentUrl":"\/app\/uploads\/sites\/3\/OA-SmartAmp-30-Front-Angle-Cutout.jpg","width":2000,"height":2000},{"@type":"BreadcrumbList","@id":"https:\/\/distribution.audio-technica.eu\/fr-fr\/produits\/smartamp-30\/#breadcrumb","itemListElement":[{"@type":"ListItem","position":1,"name":"Products","item":"https:\/\/distribution.audio-technica.eu\/fr-fr\/"},{"@type":"ListItem","position":2,"name":"Produits","item":"https:\/\/distribution.audio-technica.eu\/fr-fr\/produits\/"},{"@type":"ListItem","position":3,"name":"SmartAmp 30"}]},{"@type":"WebSite","@id":"https:\/\/distribution.audio-technica.eu\/fr-fr\/#website","url":"https:\/\/distribution.audio-technica.eu\/fr-fr\/","name":"FR Audio-Technica Distribution","description":"","potentialAction":[{"@type":"SearchAction","target":{"@type":"EntryPoint","urlTemplate":"https:\/\/distribution.audio-technica.eu\/fr-fr\/?s={search_term_string}"},"query-input":{"@type":"PropertyValueSpecification","valueRequired":true,"valueName":"search_term_string"}}],"inLanguage":"fr-FR"}]}},"_links":{"self":[{"href":"https:\/\/distribution.audio-technica.eu\/fr-fr\/wp-json\/wp\/v2\/product\/10649","targetHints":{"allow":["GET"]}}],"collection":[{"href":"https:\/\/distribution.audio-technica.eu\/fr-fr\/wp-json\/wp\/v2\/product"}],"about":[{"href":"https:\/\/distribution.audio-technica.eu\/fr-fr\/wp-json\/wp\/v2\/types\/product"}],"wp:featuredmedia":[{"embeddable":true,"href":"https:\/\/distribution.audio-technica.eu\/fr-fr\/wp-json\/wp\/v2\/media\/10689"}],"wp:attachment":[{"href":"https:\/\/distribution.audio-technica.eu\/fr-fr\/wp-json\/wp\/v2\/media?parent=10649"}],"wp:term":[{"taxonomy":"product_brand","embeddable":true,"href":"https:\/\/distribution.audio-technica.eu\/fr-fr\/wp-json\/wp\/v2\/product_brand?post=10649"},{"taxonomy":"product_cat","embeddable":true,"href":"https:\/\/distribution.audio-technica.eu\/fr-fr\/wp-json\/wp\/v2\/product_cat?post=10649"},{"taxonomy":"product_tag","embeddable":true,"href":"https:\/\/distribution.audio-technica.eu\/fr-fr\/wp-json\/wp\/v2\/product_tag?post=10649"}],"curies":[{"name":"wp","href":"https:\/\/api.w.org\/{rel}","templated":true}]}}