{"id":10653,"date":"2021-05-03T17:54:49","date_gmt":"2021-05-03T16:54:49","guid":{"rendered":"https:\/\/atdb-production.studiograft.dev\/fr\/product\/import-placeholder-for-23528\/"},"modified":"2024-01-31T15:29:32","modified_gmt":"2024-01-31T15:29:32","slug":"cuboid-15","status":"publish","type":"product","link":"https:\/\/distribution.audio-technica.eu\/fr-fr\/produits\/cuboid-15\/","title":{"rendered":"Cuboid 15"},"content":{"rendered":"<h2>Cuboid 15<\/h2>\n<p class=\"p2\">Cuboid 15 est une enceinte passive 15\u2019\u2019 2 voies \u00e0 large spectre con\u00e7ue pour surpasser sa taille compacte. Pour des installations requerrant une forte puissance, elle d\u00e9livre sans effort un son riche et d\u00e9taill\u00e9 avec punch et pr\u00e9cision.<\/p>\n<p class=\"p2\">Avec son caisson en bois, sa grille en acier et ses accessoires de montage en option, Cuboid 15 peut \u00eatre fix\u00e9e horizontalement ou verticalement et est gage d\u2019une installation facile et professionnelle.<\/p>\n<p class=\"p2\">Avec son haut-parleur basse fr\u00e9quences (LF) de 15 \u201d Cuboid 15 d\u00e9livre des basses et des m\u00e9diums puissants, et son tweeter haute fr\u00e9quence (HF) de 1\u201d, apporte clart\u00e9 vocale et projection. Dot\u00e9 d\u2019un pavillon pivotant, Cuboid 15 offre des performances impressionnantes quelle que soit son orientation (horizontale ou vertivcale), et avec un niveau de pression acoustique de 132dB cr\u00eate, elle permet d\u2019obtenir 2 fois plus de puissance qu\u2019avec Cuboid 12.<\/p>\n<p class=\"p3\">Afin d\u2019augmenter les performances dans les basses, Cuboid 15 peut \u00eatre associ\u00e9e au Sub15. Coupl\u00e9 \u00e0 la s\u00e9rie ZONE, avec un ZonePad et la WebApp la configuration sera rapide et le contr\u00f4le intuitif<\/p>\n<p><strong>Applications<\/strong><\/p>\n<p>Caf\u00e9s\/Bars, Salles de R\u00e9ception, H\u00f4tels, Gymnases, Lieux de Culte, Salles de Sport, R\u00e9sidentiel.<\/p>\n","protected":false},"excerpt":{"rendered":"<h3>Enceinte murale passive 15\u201d -2 voies, spectre complet<\/h3>\n<p class=\"p2\"><b>Caract\u00e9ristiques<\/b><\/p>\n<ul>\n<li class=\"p1\"><span class=\"Apple-converted-space\">M<\/span>ontage horizontal ou vertical<\/li>\n<li class=\"p2\">Pavillon haute fr\u00e9quence pivotant<\/li>\n<li class=\"p2\">Directivit\u00e9 : 80\u00b0 hor x 50\u00b0 vert<\/li>\n<li class=\"p2\">R\u00e9ponse en fr\u00e9quences : 62Hz &#8211; 20kHz<\/li>\n<li class=\"p3\">SPLmax = 132dbB<\/li>\n<\/ul>\n","protected":false},"featured_media":10701,"template":"","meta":{"_acf_changed":false},"product_brand":[],"product_cat":[2145,2144],"product_tag":[],"class_list":{"0":"post-10653","1":"product","2":"type-product","3":"status-publish","4":"has-post-thumbnail","6":"product_cat-cuboid-speakers","7":"product_cat-enceintes","9":"first","10":"instock","11":"shipping-taxable","12":"product-type-simple"},"acf":[],"yoast_head":"<!-- This site is optimized with the Yoast SEO plugin v27.1.1 - https:\/\/yoast.com\/product\/yoast-seo-wordpress\/ -->\n<title>Cuboid 15 - FR Audio-Technica Distribution<\/title>\n<meta name=\"robots\" content=\"index, follow, max-snippet:-1, max-image-preview:large, max-video-preview:-1\" \/>\n<link rel=\"canonical\" href=\"https:\/\/distribution.audio-technica.eu\/fr-fr\/produits\/cuboid-15\/\" \/>\n<meta property=\"og:locale\" content=\"fr_FR\" \/>\n<meta property=\"og:type\" content=\"article\" \/>\n<meta property=\"og:title\" content=\"Cuboid 15 - FR Audio-Technica Distribution\" \/>\n<meta property=\"og:description\" content=\"Enceinte murale passive 15\u201d -2 voies, spectre complet Caract\u00e9ristiques    Montage horizontal ou vertical  Pavillon haute fr\u00e9quence pivotant  Directivit\u00e9 : 80\u00b0 hor x 50\u00b0 vert  R\u00e9ponse en fr\u00e9quences : 62Hz - 20kHz  SPLmax = 132dbB\" \/>\n<meta property=\"og:url\" content=\"https:\/\/distribution.audio-technica.eu\/fr-fr\/produits\/cuboid-15\/\" \/>\n<meta property=\"og:site_name\" content=\"FR Audio-Technica Distribution\" \/>\n<meta property=\"article:modified_time\" content=\"2024-01-31T15:29:32+00:00\" \/>\n<meta property=\"og:image\" content=\"https:\/\/distribution.audio-technica.eu\/app\/uploads\/sites\/3\/OA-Cuboid-15-Front-Cutout.jpg\" \/>\n\t<meta property=\"og:image:width\" content=\"2000\" \/>\n\t<meta property=\"og:image:height\" content=\"2000\" \/>\n\t<meta property=\"og:image:type\" content=\"image\/jpeg\" \/>\n<meta name=\"twitter:card\" content=\"summary_large_image\" \/>\n<meta name=\"twitter:label1\" content=\"Dur\u00e9e de lecture estim\u00e9e\" \/>\n\t<meta name=\"twitter:data1\" content=\"1 minute\" \/>\n<script type=\"application\/ld+json\" class=\"yoast-schema-graph\">{\"@context\":\"https:\/\/schema.org\",\"@graph\":[{\"@type\":\"WebPage\",\"@id\":\"https:\/\/distribution.audio-technica.eu\/fr-fr\/produits\/cuboid-15\/\",\"url\":\"https:\/\/distribution.audio-technica.eu\/fr-fr\/produits\/cuboid-15\/\",\"name\":\"Cuboid 15 - FR Audio-Technica Distribution\",\"isPartOf\":{\"@id\":\"https:\/\/distribution.audio-technica.eu\/fr-fr\/#website\"},\"primaryImageOfPage\":{\"@id\":\"https:\/\/distribution.audio-technica.eu\/fr-fr\/produits\/cuboid-15\/#primaryimage\"},\"image\":{\"@id\":\"https:\/\/distribution.audio-technica.eu\/fr-fr\/produits\/cuboid-15\/#primaryimage\"},\"thumbnailUrl\":\"\/app\/uploads\/sites\/3\/OA-Cuboid-15-Front-Cutout.jpg\",\"datePublished\":\"2021-05-03T16:54:49+00:00\",\"dateModified\":\"2024-01-31T15:29:32+00:00\",\"breadcrumb\":{\"@id\":\"https:\/\/distribution.audio-technica.eu\/fr-fr\/produits\/cuboid-15\/#breadcrumb\"},\"inLanguage\":\"fr-FR\",\"potentialAction\":[{\"@type\":\"ReadAction\",\"target\":[\"https:\/\/distribution.audio-technica.eu\/fr-fr\/produits\/cuboid-15\/\"]}]},{\"@type\":\"ImageObject\",\"inLanguage\":\"fr-FR\",\"@id\":\"https:\/\/distribution.audio-technica.eu\/fr-fr\/produits\/cuboid-15\/#primaryimage\",\"url\":\"\/app\/uploads\/sites\/3\/OA-Cuboid-15-Front-Cutout.jpg\",\"contentUrl\":\"\/app\/uploads\/sites\/3\/OA-Cuboid-15-Front-Cutout.jpg\",\"width\":2000,\"height\":2000},{\"@type\":\"BreadcrumbList\",\"@id\":\"https:\/\/distribution.audio-technica.eu\/fr-fr\/produits\/cuboid-15\/#breadcrumb\",\"itemListElement\":[{\"@type\":\"ListItem\",\"position\":1,\"name\":\"Products\",\"item\":\"https:\/\/distribution.audio-technica.eu\/fr-fr\/\"},{\"@type\":\"ListItem\",\"position\":2,\"name\":\"Produits\",\"item\":\"https:\/\/distribution.audio-technica.eu\/fr-fr\/produits\/\"},{\"@type\":\"ListItem\",\"position\":3,\"name\":\"Cuboid 15\"}]},{\"@type\":\"WebSite\",\"@id\":\"https:\/\/distribution.audio-technica.eu\/fr-fr\/#website\",\"url\":\"https:\/\/distribution.audio-technica.eu\/fr-fr\/\",\"name\":\"FR Audio-Technica Distribution\",\"description\":\"\",\"potentialAction\":[{\"@type\":\"SearchAction\",\"target\":{\"@type\":\"EntryPoint\",\"urlTemplate\":\"https:\/\/distribution.audio-technica.eu\/fr-fr\/?s={search_term_string}\"},\"query-input\":{\"@type\":\"PropertyValueSpecification\",\"valueRequired\":true,\"valueName\":\"search_term_string\"}}],\"inLanguage\":\"fr-FR\"}]}<\/script>\n<!-- \/ Yoast SEO plugin. -->","yoast_head_json":{"title":"Cuboid 15 - FR Audio-Technica Distribution","robots":{"index":"index","follow":"follow","max-snippet":"max-snippet:-1","max-image-preview":"max-image-preview:large","max-video-preview":"max-video-preview:-1"},"canonical":"https:\/\/distribution.audio-technica.eu\/fr-fr\/produits\/cuboid-15\/","og_locale":"fr_FR","og_type":"article","og_title":"Cuboid 15 - FR Audio-Technica Distribution","og_description":"Enceinte murale passive 15\u201d -2 voies, spectre complet Caract\u00e9ristiques    Montage horizontal ou vertical  Pavillon haute fr\u00e9quence pivotant  Directivit\u00e9 : 80\u00b0 hor x 50\u00b0 vert  R\u00e9ponse en fr\u00e9quences : 62Hz - 20kHz  SPLmax = 132dbB","og_url":"https:\/\/distribution.audio-technica.eu\/fr-fr\/produits\/cuboid-15\/","og_site_name":"FR Audio-Technica Distribution","article_modified_time":"2024-01-31T15:29:32+00:00","og_image":[{"width":2000,"height":2000,"url":"https:\/\/distribution.audio-technica.eu\/app\/uploads\/sites\/3\/OA-Cuboid-15-Front-Cutout.jpg","type":"image\/jpeg"}],"twitter_card":"summary_large_image","twitter_misc":{"Dur\u00e9e de lecture estim\u00e9e":"1 minute"},"schema":{"@context":"https:\/\/schema.org","@graph":[{"@type":"WebPage","@id":"https:\/\/distribution.audio-technica.eu\/fr-fr\/produits\/cuboid-15\/","url":"https:\/\/distribution.audio-technica.eu\/fr-fr\/produits\/cuboid-15\/","name":"Cuboid 15 - FR Audio-Technica Distribution","isPartOf":{"@id":"https:\/\/distribution.audio-technica.eu\/fr-fr\/#website"},"primaryImageOfPage":{"@id":"https:\/\/distribution.audio-technica.eu\/fr-fr\/produits\/cuboid-15\/#primaryimage"},"image":{"@id":"https:\/\/distribution.audio-technica.eu\/fr-fr\/produits\/cuboid-15\/#primaryimage"},"thumbnailUrl":"\/app\/uploads\/sites\/3\/OA-Cuboid-15-Front-Cutout.jpg","datePublished":"2021-05-03T16:54:49+00:00","dateModified":"2024-01-31T15:29:32+00:00","breadcrumb":{"@id":"https:\/\/distribution.audio-technica.eu\/fr-fr\/produits\/cuboid-15\/#breadcrumb"},"inLanguage":"fr-FR","potentialAction":[{"@type":"ReadAction","target":["https:\/\/distribution.audio-technica.eu\/fr-fr\/produits\/cuboid-15\/"]}]},{"@type":"ImageObject","inLanguage":"fr-FR","@id":"https:\/\/distribution.audio-technica.eu\/fr-fr\/produits\/cuboid-15\/#primaryimage","url":"\/app\/uploads\/sites\/3\/OA-Cuboid-15-Front-Cutout.jpg","contentUrl":"\/app\/uploads\/sites\/3\/OA-Cuboid-15-Front-Cutout.jpg","width":2000,"height":2000},{"@type":"BreadcrumbList","@id":"https:\/\/distribution.audio-technica.eu\/fr-fr\/produits\/cuboid-15\/#breadcrumb","itemListElement":[{"@type":"ListItem","position":1,"name":"Products","item":"https:\/\/distribution.audio-technica.eu\/fr-fr\/"},{"@type":"ListItem","position":2,"name":"Produits","item":"https:\/\/distribution.audio-technica.eu\/fr-fr\/produits\/"},{"@type":"ListItem","position":3,"name":"Cuboid 15"}]},{"@type":"WebSite","@id":"https:\/\/distribution.audio-technica.eu\/fr-fr\/#website","url":"https:\/\/distribution.audio-technica.eu\/fr-fr\/","name":"FR Audio-Technica Distribution","description":"","potentialAction":[{"@type":"SearchAction","target":{"@type":"EntryPoint","urlTemplate":"https:\/\/distribution.audio-technica.eu\/fr-fr\/?s={search_term_string}"},"query-input":{"@type":"PropertyValueSpecification","valueRequired":true,"valueName":"search_term_string"}}],"inLanguage":"fr-FR"}]}},"_links":{"self":[{"href":"https:\/\/distribution.audio-technica.eu\/fr-fr\/wp-json\/wp\/v2\/product\/10653","targetHints":{"allow":["GET"]}}],"collection":[{"href":"https:\/\/distribution.audio-technica.eu\/fr-fr\/wp-json\/wp\/v2\/product"}],"about":[{"href":"https:\/\/distribution.audio-technica.eu\/fr-fr\/wp-json\/wp\/v2\/types\/product"}],"wp:featuredmedia":[{"embeddable":true,"href":"https:\/\/distribution.audio-technica.eu\/fr-fr\/wp-json\/wp\/v2\/media\/10701"}],"wp:attachment":[{"href":"https:\/\/distribution.audio-technica.eu\/fr-fr\/wp-json\/wp\/v2\/media?parent=10653"}],"wp:term":[{"taxonomy":"product_brand","embeddable":true,"href":"https:\/\/distribution.audio-technica.eu\/fr-fr\/wp-json\/wp\/v2\/product_brand?post=10653"},{"taxonomy":"product_cat","embeddable":true,"href":"https:\/\/distribution.audio-technica.eu\/fr-fr\/wp-json\/wp\/v2\/product_cat?post=10653"},{"taxonomy":"product_tag","embeddable":true,"href":"https:\/\/distribution.audio-technica.eu\/fr-fr\/wp-json\/wp\/v2\/product_tag?post=10653"}],"curies":[{"name":"wp","href":"https:\/\/api.w.org\/{rel}","templated":true}]}}