{"id":10657,"date":"2021-05-03T17:54:49","date_gmt":"2021-05-03T16:54:49","guid":{"rendered":"https:\/\/atdb-production.studiograft.dev\/fr\/product\/import-placeholder-for-23532\/"},"modified":"2023-03-30T12:10:00","modified_gmt":"2023-03-30T11:10:00","slug":"up-4o","status":"publish","type":"product","link":"https:\/\/distribution.audio-technica.eu\/fr-fr\/produits\/up-4o\/","title":{"rendered":"Up 4O"},"content":{"rendered":"<h2>Up 4O<\/h2>\n<p class=\"p2\">Up 4O est une enceinte passive encastrable, dite de plafond, offrant une couverture uniforme et un son clair et net pour un large \u00e9ventail d\u2019environnements soucieux des co\u00fbts &#8211; des h\u00f4tels et salles diverses aux points de vente, bars et restaurants.<\/p>\n<p class=\"p2\">Son HP 4\u2019\u2019 appair\u00e9 \u00e0 un d\u00f4me tweeter axial de 0.7\u201d permet de couvrir les fr\u00e9quences de 60Hz \u00e0 18kHz (@-10dB dans l\u2019axe). Avec un SPL cr\u00eate de 100 dB (tbc), Up 4O est id\u00e9ale pour la musique d\u2019ambiance et la diffusion des messages. Sa couverture conique \u00e0 130\u00b0 d\u00e9livre un son uniforme l\u00e0 o\u00f9 il faut .<\/p>\n<p class=\"p2\">Sans capot arri\u00e8re, Up 4O est id\u00e9ale pour les espaces avec une profondeur tr\u00e8s r\u00e9duite. Livr\u00e9e avec un syst\u00e8me de fixation complet, Up4S avec sa grille finement perfor\u00e9e et sa finition blanche s\u2019installe simplement et offre un rendu professionnel.<\/p>\n<p class=\"p2\">La Up4O propose la haute imp\u00e9dance (70V ou 100V) pour laquelle un choix de puissance permet d\u2019accorder chacun des haut-parleurs \u00e0 son environnement. Cette s\u00e9lection s\u2019effectue tout simplement sur le d\u00e9flecteur avant sans besoin de retirer la grille ni le HP.<\/p>\n<p class=\"p3\">Les amplis SmartAmp int\u00e8gre les pr\u00e9r\u00e9glages pour en optimiser les performances et les prot\u00e9ger de toute surcharge de puissance. Avec un ZonePad et la WebApp la configuration sera rapide et le contr\u00f4le intuitif.<span class=\"Apple-converted-space\">\u00a0<\/span><\/p>\n<p><strong>Applications<\/strong><\/p>\n<p>Caf\u00e9s \/ Bars \/ Restaurants, Petits Commerces, Salles de R\u00e9ception, H\u00f4tels, \u00c9ducation, Lieux de Culte, Bureaux et Administrations, Mus\u00e9es, Salles de sport, R\u00e9sidentiel.<\/p>\n","protected":false},"excerpt":{"rendered":"<h3>Enceinte passive encastrable, 4\u201d \u00e0 large spectre<\/h3>\n<p class=\"p2\"><b>Caracteristiques<\/b><\/p>\n<ul>\n<li class=\"p2\">Petite taille<\/li>\n<li class=\"p2\">Design discret<\/li>\n<li class=\"p2\">8 ohms -70 V \/ 100 V<\/li>\n<li class=\"p2\">S\u00e9lecteur de puissance<\/li>\n<li class=\"p2\">Couverture conique pour une conception de syst\u00e8me simplifi\u00e9e<\/li>\n<li class=\"p2\">Accessoires de montage inclus<\/li>\n<li class=\"p2\">Encombrement minimal<\/li>\n<li class=\"p2\">Pr\u00e9r\u00e9glages inclus dans les produits Optimal Audio SmartAmp et Zone<\/li>\n<\/ul>\n","protected":false},"featured_media":10713,"template":"","meta":{"_acf_changed":false},"product_brand":[],"product_cat":[2144],"product_tag":[],"class_list":{"0":"post-10657","1":"product","2":"type-product","3":"status-publish","4":"has-post-thumbnail","6":"product_cat-enceintes","8":"first","9":"instock","10":"shipping-taxable","11":"product-type-simple"},"acf":[],"yoast_head":"<!-- This site is optimized with the Yoast SEO plugin v27.1.1 - https:\/\/yoast.com\/product\/yoast-seo-wordpress\/ -->\n<title>Up 4O - FR Audio-Technica Distribution<\/title>\n<meta name=\"robots\" content=\"index, follow, max-snippet:-1, max-image-preview:large, max-video-preview:-1\" \/>\n<link rel=\"canonical\" href=\"https:\/\/distribution.audio-technica.eu\/fr-fr\/produits\/up-4o\/\" \/>\n<meta property=\"og:locale\" content=\"fr_FR\" \/>\n<meta property=\"og:type\" content=\"article\" \/>\n<meta property=\"og:title\" content=\"Up 4O - FR Audio-Technica Distribution\" \/>\n<meta property=\"og:description\" content=\"Enceinte passive encastrable, 4\u201d \u00e0 large spectre Caracteristiques    Petite taille  Design discret  8 ohms -70 V \/ 100 V  S\u00e9lecteur de puissance  Couverture conique pour une conception de syst\u00e8me simplifi\u00e9e  Accessoires de montage inclus  Encombrement minimal  Pr\u00e9r\u00e9glages inclus dans les produits Optimal Audio SmartAmp et Zone\" \/>\n<meta property=\"og:url\" content=\"https:\/\/distribution.audio-technica.eu\/fr-fr\/produits\/up-4o\/\" \/>\n<meta property=\"og:site_name\" content=\"FR Audio-Technica Distribution\" \/>\n<meta property=\"article:modified_time\" content=\"2023-03-30T11:10:00+00:00\" \/>\n<meta property=\"og:image\" content=\"https:\/\/distribution.audio-technica.eu\/app\/uploads\/sites\/3\/OA-Up-4O-Front-Cutout.jpg\" \/>\n\t<meta property=\"og:image:width\" content=\"2000\" \/>\n\t<meta property=\"og:image:height\" content=\"2000\" \/>\n\t<meta property=\"og:image:type\" content=\"image\/jpeg\" \/>\n<meta name=\"twitter:card\" content=\"summary_large_image\" \/>\n<meta name=\"twitter:label1\" content=\"Dur\u00e9e de lecture estim\u00e9e\" \/>\n\t<meta name=\"twitter:data1\" content=\"1 minute\" \/>\n<script type=\"application\/ld+json\" class=\"yoast-schema-graph\">{\"@context\":\"https:\/\/schema.org\",\"@graph\":[{\"@type\":\"WebPage\",\"@id\":\"https:\/\/distribution.audio-technica.eu\/fr-fr\/produits\/up-4o\/\",\"url\":\"https:\/\/distribution.audio-technica.eu\/fr-fr\/produits\/up-4o\/\",\"name\":\"Up 4O - FR Audio-Technica Distribution\",\"isPartOf\":{\"@id\":\"https:\/\/distribution.audio-technica.eu\/fr-fr\/#website\"},\"primaryImageOfPage\":{\"@id\":\"https:\/\/distribution.audio-technica.eu\/fr-fr\/produits\/up-4o\/#primaryimage\"},\"image\":{\"@id\":\"https:\/\/distribution.audio-technica.eu\/fr-fr\/produits\/up-4o\/#primaryimage\"},\"thumbnailUrl\":\"\/app\/uploads\/sites\/3\/OA-Up-4O-Front-Cutout.jpg\",\"datePublished\":\"2021-05-03T16:54:49+00:00\",\"dateModified\":\"2023-03-30T11:10:00+00:00\",\"breadcrumb\":{\"@id\":\"https:\/\/distribution.audio-technica.eu\/fr-fr\/produits\/up-4o\/#breadcrumb\"},\"inLanguage\":\"fr-FR\",\"potentialAction\":[{\"@type\":\"ReadAction\",\"target\":[\"https:\/\/distribution.audio-technica.eu\/fr-fr\/produits\/up-4o\/\"]}]},{\"@type\":\"ImageObject\",\"inLanguage\":\"fr-FR\",\"@id\":\"https:\/\/distribution.audio-technica.eu\/fr-fr\/produits\/up-4o\/#primaryimage\",\"url\":\"\/app\/uploads\/sites\/3\/OA-Up-4O-Front-Cutout.jpg\",\"contentUrl\":\"\/app\/uploads\/sites\/3\/OA-Up-4O-Front-Cutout.jpg\",\"width\":2000,\"height\":2000},{\"@type\":\"BreadcrumbList\",\"@id\":\"https:\/\/distribution.audio-technica.eu\/fr-fr\/produits\/up-4o\/#breadcrumb\",\"itemListElement\":[{\"@type\":\"ListItem\",\"position\":1,\"name\":\"Products\",\"item\":\"https:\/\/distribution.audio-technica.eu\/fr-fr\/\"},{\"@type\":\"ListItem\",\"position\":2,\"name\":\"Produits\",\"item\":\"https:\/\/distribution.audio-technica.eu\/fr-fr\/produits\/\"},{\"@type\":\"ListItem\",\"position\":3,\"name\":\"Up 4O\"}]},{\"@type\":\"WebSite\",\"@id\":\"https:\/\/distribution.audio-technica.eu\/fr-fr\/#website\",\"url\":\"https:\/\/distribution.audio-technica.eu\/fr-fr\/\",\"name\":\"FR Audio-Technica Distribution\",\"description\":\"\",\"potentialAction\":[{\"@type\":\"SearchAction\",\"target\":{\"@type\":\"EntryPoint\",\"urlTemplate\":\"https:\/\/distribution.audio-technica.eu\/fr-fr\/?s={search_term_string}\"},\"query-input\":{\"@type\":\"PropertyValueSpecification\",\"valueRequired\":true,\"valueName\":\"search_term_string\"}}],\"inLanguage\":\"fr-FR\"}]}<\/script>\n<!-- \/ Yoast SEO plugin. -->","yoast_head_json":{"title":"Up 4O - FR Audio-Technica Distribution","robots":{"index":"index","follow":"follow","max-snippet":"max-snippet:-1","max-image-preview":"max-image-preview:large","max-video-preview":"max-video-preview:-1"},"canonical":"https:\/\/distribution.audio-technica.eu\/fr-fr\/produits\/up-4o\/","og_locale":"fr_FR","og_type":"article","og_title":"Up 4O - FR Audio-Technica Distribution","og_description":"Enceinte passive encastrable, 4\u201d \u00e0 large spectre Caracteristiques    Petite taille  Design discret  8 ohms -70 V \/ 100 V  S\u00e9lecteur de puissance  Couverture conique pour une conception de syst\u00e8me simplifi\u00e9e  Accessoires de montage inclus  Encombrement minimal  Pr\u00e9r\u00e9glages inclus dans les produits Optimal Audio SmartAmp et Zone","og_url":"https:\/\/distribution.audio-technica.eu\/fr-fr\/produits\/up-4o\/","og_site_name":"FR Audio-Technica Distribution","article_modified_time":"2023-03-30T11:10:00+00:00","og_image":[{"width":2000,"height":2000,"url":"https:\/\/distribution.audio-technica.eu\/app\/uploads\/sites\/3\/OA-Up-4O-Front-Cutout.jpg","type":"image\/jpeg"}],"twitter_card":"summary_large_image","twitter_misc":{"Dur\u00e9e de lecture estim\u00e9e":"1 minute"},"schema":{"@context":"https:\/\/schema.org","@graph":[{"@type":"WebPage","@id":"https:\/\/distribution.audio-technica.eu\/fr-fr\/produits\/up-4o\/","url":"https:\/\/distribution.audio-technica.eu\/fr-fr\/produits\/up-4o\/","name":"Up 4O - FR Audio-Technica Distribution","isPartOf":{"@id":"https:\/\/distribution.audio-technica.eu\/fr-fr\/#website"},"primaryImageOfPage":{"@id":"https:\/\/distribution.audio-technica.eu\/fr-fr\/produits\/up-4o\/#primaryimage"},"image":{"@id":"https:\/\/distribution.audio-technica.eu\/fr-fr\/produits\/up-4o\/#primaryimage"},"thumbnailUrl":"\/app\/uploads\/sites\/3\/OA-Up-4O-Front-Cutout.jpg","datePublished":"2021-05-03T16:54:49+00:00","dateModified":"2023-03-30T11:10:00+00:00","breadcrumb":{"@id":"https:\/\/distribution.audio-technica.eu\/fr-fr\/produits\/up-4o\/#breadcrumb"},"inLanguage":"fr-FR","potentialAction":[{"@type":"ReadAction","target":["https:\/\/distribution.audio-technica.eu\/fr-fr\/produits\/up-4o\/"]}]},{"@type":"ImageObject","inLanguage":"fr-FR","@id":"https:\/\/distribution.audio-technica.eu\/fr-fr\/produits\/up-4o\/#primaryimage","url":"\/app\/uploads\/sites\/3\/OA-Up-4O-Front-Cutout.jpg","contentUrl":"\/app\/uploads\/sites\/3\/OA-Up-4O-Front-Cutout.jpg","width":2000,"height":2000},{"@type":"BreadcrumbList","@id":"https:\/\/distribution.audio-technica.eu\/fr-fr\/produits\/up-4o\/#breadcrumb","itemListElement":[{"@type":"ListItem","position":1,"name":"Products","item":"https:\/\/distribution.audio-technica.eu\/fr-fr\/"},{"@type":"ListItem","position":2,"name":"Produits","item":"https:\/\/distribution.audio-technica.eu\/fr-fr\/produits\/"},{"@type":"ListItem","position":3,"name":"Up 4O"}]},{"@type":"WebSite","@id":"https:\/\/distribution.audio-technica.eu\/fr-fr\/#website","url":"https:\/\/distribution.audio-technica.eu\/fr-fr\/","name":"FR Audio-Technica Distribution","description":"","potentialAction":[{"@type":"SearchAction","target":{"@type":"EntryPoint","urlTemplate":"https:\/\/distribution.audio-technica.eu\/fr-fr\/?s={search_term_string}"},"query-input":{"@type":"PropertyValueSpecification","valueRequired":true,"valueName":"search_term_string"}}],"inLanguage":"fr-FR"}]}},"_links":{"self":[{"href":"https:\/\/distribution.audio-technica.eu\/fr-fr\/wp-json\/wp\/v2\/product\/10657","targetHints":{"allow":["GET"]}}],"collection":[{"href":"https:\/\/distribution.audio-technica.eu\/fr-fr\/wp-json\/wp\/v2\/product"}],"about":[{"href":"https:\/\/distribution.audio-technica.eu\/fr-fr\/wp-json\/wp\/v2\/types\/product"}],"wp:featuredmedia":[{"embeddable":true,"href":"https:\/\/distribution.audio-technica.eu\/fr-fr\/wp-json\/wp\/v2\/media\/10713"}],"wp:attachment":[{"href":"https:\/\/distribution.audio-technica.eu\/fr-fr\/wp-json\/wp\/v2\/media?parent=10657"}],"wp:term":[{"taxonomy":"product_brand","embeddable":true,"href":"https:\/\/distribution.audio-technica.eu\/fr-fr\/wp-json\/wp\/v2\/product_brand?post=10657"},{"taxonomy":"product_cat","embeddable":true,"href":"https:\/\/distribution.audio-technica.eu\/fr-fr\/wp-json\/wp\/v2\/product_cat?post=10657"},{"taxonomy":"product_tag","embeddable":true,"href":"https:\/\/distribution.audio-technica.eu\/fr-fr\/wp-json\/wp\/v2\/product_tag?post=10657"}],"curies":[{"name":"wp","href":"https:\/\/api.w.org\/{rel}","templated":true}]}}