{"id":11734,"date":"2024-02-01T16:18:35","date_gmt":"2024-02-01T16:18:35","guid":{"rendered":"https:\/\/distribution.audio-technica.eu\/fr-fr\/?post_type=product&#038;p=11734"},"modified":"2024-02-01T16:22:36","modified_gmt":"2024-02-01T16:22:36","slug":"cuboid-6","status":"publish","type":"product","link":"https:\/\/distribution.audio-technica.eu\/fr-fr\/produits\/cuboid-6\/","title":{"rendered":"Cuboid 6"},"content":{"rendered":"<h2>Cuboid 6<\/h2>\n<p>Cuboid 6 est une enceinte passive 6.5\u2019\u2019 2 voies \u00e0 large spectre con\u00e7ue pour offrir une qualit\u00e9 sonore exceptionnelle avec un encombrement minimal, pour les applications de musique d\u2019ambiance et de reproduction vocale de haute qualit\u00e9. Avec son design attrayant en noir ou en blanc, Cuboid6 peut se fondre dans tous types d\u2019environnement en respectant l\u2019esth\u00e9tisme du lieu. Livr\u00e9e avec une rotule d\u2019accroche et gr\u00e2ce \u00e0 son logo pivotant, Cuboid6 s\u2019installe facilement dans tous les positions.<\/p>\n<p>Dot\u00e9e d\u2019une membrane enduite, et gr\u00e2ce \u00e0 un cache-bornier optionnel r\u00e9sistant aux intemp\u00e9ries , Cuboid6 peut s\u2019installer en ext\u00e9rieur (indice IP54). Avec son haut-parleur basse fr\u00e9quences (LF) de 6.5\u201d son tweeter en soie haute fr\u00e9quence (HF) de 1\u201d coupl\u00e9 \u00e0 un guide d\u2019ondes peu profond, Cuboid6 procure une diffusion coh\u00e9rente. Avec les smartAmp et la WebApp, la configuration de la Cuboid sera optimale, rapide et intuitive.<\/p>\n<p><strong>Applications<\/strong><\/p>\n<p>Caf\u00e9s\/Bars, Commerces, Salles de R\u00e9ception, H\u00f4tels, \u00c9ducation, Lieux de Culte, Bureaux et Administrations, Mus\u00e9es, Salles de Sport, R\u00e9sidentiel.<\/p>\n","protected":false},"excerpt":{"rendered":"<h3>Enceinte murale passive 6.5\u2019\u2019 \u2013 2 voies<\/h3>\n<ul>\n<li class=\"p1\">Installation portrait ou paysage<\/li>\n<li class=\"p2\">Design contemporain<\/li>\n<li>Dimensions compactes<\/li>\n<li>Hautes performances<\/li>\n<li>Corps ABS \/ Grille aluminium<\/li>\n<li class=\"p3\">Max SPL 107dBcont \/ 113dBpeak<\/li>\n<li>Ouverture : 130\u00b0 (H) x 120\u00b0 (V)<\/li>\n<li>IP54 avec cache-borniers en option<\/li>\n<\/ul>\n","protected":false},"featured_media":11735,"template":"","meta":{"_acf_changed":false},"product_brand":[],"product_cat":[2145,2144],"product_tag":[],"class_list":{"0":"post-11734","1":"product","2":"type-product","3":"status-publish","4":"has-post-thumbnail","6":"product_cat-cuboid-speakers","7":"product_cat-enceintes","9":"first","10":"instock","11":"shipping-taxable","12":"product-type-simple"},"acf":[],"yoast_head":"<!-- This site is optimized with the Yoast SEO plugin v27.1.1 - https:\/\/yoast.com\/product\/yoast-seo-wordpress\/ -->\n<title>Cuboid 6 - FR Audio-Technica Distribution<\/title>\n<meta name=\"description\" content=\"La Cuboid 6 est une enceinte passive 6.5\u2019\u2019 2 voies \u00e0 large spectre con\u00e7ue pour offrir une qualit\u00e9 sonore exceptionnelle avec un encombrement minimal.\" \/>\n<meta name=\"robots\" content=\"index, follow, max-snippet:-1, max-image-preview:large, max-video-preview:-1\" \/>\n<link rel=\"canonical\" href=\"https:\/\/distribution.audio-technica.eu\/fr-fr\/produits\/cuboid-6\/\" \/>\n<meta property=\"og:locale\" content=\"fr_FR\" \/>\n<meta property=\"og:type\" content=\"article\" \/>\n<meta property=\"og:title\" content=\"Cuboid 6 - FR Audio-Technica Distribution\" \/>\n<meta property=\"og:description\" content=\"La Cuboid 6 est une enceinte passive 6.5\u2019\u2019 2 voies \u00e0 large spectre con\u00e7ue pour offrir une qualit\u00e9 sonore exceptionnelle avec un encombrement minimal.\" \/>\n<meta property=\"og:url\" content=\"https:\/\/distribution.audio-technica.eu\/fr-fr\/produits\/cuboid-6\/\" \/>\n<meta property=\"og:site_name\" content=\"FR Audio-Technica Distribution\" \/>\n<meta property=\"article:modified_time\" content=\"2024-02-01T16:22:36+00:00\" \/>\n<meta property=\"og:image\" content=\"https:\/\/distribution.audio-technica.eu\/app\/uploads\/sites\/3\/CUBOID-6-FRONT-Cutout-1-1-1024x1024.png\" \/>\n\t<meta property=\"og:image:width\" content=\"1024\" \/>\n\t<meta property=\"og:image:height\" content=\"1024\" \/>\n\t<meta property=\"og:image:type\" content=\"image\/png\" \/>\n<meta name=\"twitter:card\" content=\"summary_large_image\" \/>\n<meta name=\"twitter:label1\" content=\"Dur\u00e9e de lecture estim\u00e9e\" \/>\n\t<meta name=\"twitter:data1\" content=\"1 minute\" \/>\n<script type=\"application\/ld+json\" class=\"yoast-schema-graph\">{\"@context\":\"https:\/\/schema.org\",\"@graph\":[{\"@type\":\"WebPage\",\"@id\":\"https:\/\/distribution.audio-technica.eu\/fr-fr\/produits\/cuboid-6\/\",\"url\":\"https:\/\/distribution.audio-technica.eu\/fr-fr\/produits\/cuboid-6\/\",\"name\":\"Cuboid 6 - FR Audio-Technica Distribution\",\"isPartOf\":{\"@id\":\"https:\/\/distribution.audio-technica.eu\/fr-fr\/#website\"},\"primaryImageOfPage\":{\"@id\":\"https:\/\/distribution.audio-technica.eu\/fr-fr\/produits\/cuboid-6\/#primaryimage\"},\"image\":{\"@id\":\"https:\/\/distribution.audio-technica.eu\/fr-fr\/produits\/cuboid-6\/#primaryimage\"},\"thumbnailUrl\":\"\/app\/uploads\/sites\/3\/CUBOID-6-FRONT-Cutout-1-1.png\",\"datePublished\":\"2024-02-01T16:18:35+00:00\",\"dateModified\":\"2024-02-01T16:22:36+00:00\",\"description\":\"La Cuboid 6 est une enceinte passive 6.5\u2019\u2019 2 voies \u00e0 large spectre con\u00e7ue pour offrir une qualit\u00e9 sonore exceptionnelle avec un encombrement minimal.\",\"breadcrumb\":{\"@id\":\"https:\/\/distribution.audio-technica.eu\/fr-fr\/produits\/cuboid-6\/#breadcrumb\"},\"inLanguage\":\"fr-FR\",\"potentialAction\":[{\"@type\":\"ReadAction\",\"target\":[\"https:\/\/distribution.audio-technica.eu\/fr-fr\/produits\/cuboid-6\/\"]}]},{\"@type\":\"ImageObject\",\"inLanguage\":\"fr-FR\",\"@id\":\"https:\/\/distribution.audio-technica.eu\/fr-fr\/produits\/cuboid-6\/#primaryimage\",\"url\":\"\/app\/uploads\/sites\/3\/CUBOID-6-FRONT-Cutout-1-1.png\",\"contentUrl\":\"\/app\/uploads\/sites\/3\/CUBOID-6-FRONT-Cutout-1-1.png\",\"width\":5000,\"height\":5000},{\"@type\":\"BreadcrumbList\",\"@id\":\"https:\/\/distribution.audio-technica.eu\/fr-fr\/produits\/cuboid-6\/#breadcrumb\",\"itemListElement\":[{\"@type\":\"ListItem\",\"position\":1,\"name\":\"Products\",\"item\":\"https:\/\/distribution.audio-technica.eu\/fr-fr\/\"},{\"@type\":\"ListItem\",\"position\":2,\"name\":\"Produits\",\"item\":\"https:\/\/distribution.audio-technica.eu\/fr-fr\/produits\/\"},{\"@type\":\"ListItem\",\"position\":3,\"name\":\"Cuboid 6\"}]},{\"@type\":\"WebSite\",\"@id\":\"https:\/\/distribution.audio-technica.eu\/fr-fr\/#website\",\"url\":\"https:\/\/distribution.audio-technica.eu\/fr-fr\/\",\"name\":\"FR Audio-Technica Distribution\",\"description\":\"\",\"potentialAction\":[{\"@type\":\"SearchAction\",\"target\":{\"@type\":\"EntryPoint\",\"urlTemplate\":\"https:\/\/distribution.audio-technica.eu\/fr-fr\/?s={search_term_string}\"},\"query-input\":{\"@type\":\"PropertyValueSpecification\",\"valueRequired\":true,\"valueName\":\"search_term_string\"}}],\"inLanguage\":\"fr-FR\"}]}<\/script>\n<!-- \/ Yoast SEO plugin. -->","yoast_head_json":{"title":"Cuboid 6 - FR Audio-Technica Distribution","description":"La Cuboid 6 est une enceinte passive 6.5\u2019\u2019 2 voies \u00e0 large spectre con\u00e7ue pour offrir une qualit\u00e9 sonore exceptionnelle avec un encombrement minimal.","robots":{"index":"index","follow":"follow","max-snippet":"max-snippet:-1","max-image-preview":"max-image-preview:large","max-video-preview":"max-video-preview:-1"},"canonical":"https:\/\/distribution.audio-technica.eu\/fr-fr\/produits\/cuboid-6\/","og_locale":"fr_FR","og_type":"article","og_title":"Cuboid 6 - FR Audio-Technica Distribution","og_description":"La Cuboid 6 est une enceinte passive 6.5\u2019\u2019 2 voies \u00e0 large spectre con\u00e7ue pour offrir une qualit\u00e9 sonore exceptionnelle avec un encombrement minimal.","og_url":"https:\/\/distribution.audio-technica.eu\/fr-fr\/produits\/cuboid-6\/","og_site_name":"FR Audio-Technica Distribution","article_modified_time":"2024-02-01T16:22:36+00:00","og_image":[{"width":1024,"height":1024,"url":"https:\/\/distribution.audio-technica.eu\/app\/uploads\/sites\/3\/CUBOID-6-FRONT-Cutout-1-1-1024x1024.png","type":"image\/png"}],"twitter_card":"summary_large_image","twitter_misc":{"Dur\u00e9e de lecture estim\u00e9e":"1 minute"},"schema":{"@context":"https:\/\/schema.org","@graph":[{"@type":"WebPage","@id":"https:\/\/distribution.audio-technica.eu\/fr-fr\/produits\/cuboid-6\/","url":"https:\/\/distribution.audio-technica.eu\/fr-fr\/produits\/cuboid-6\/","name":"Cuboid 6 - FR Audio-Technica Distribution","isPartOf":{"@id":"https:\/\/distribution.audio-technica.eu\/fr-fr\/#website"},"primaryImageOfPage":{"@id":"https:\/\/distribution.audio-technica.eu\/fr-fr\/produits\/cuboid-6\/#primaryimage"},"image":{"@id":"https:\/\/distribution.audio-technica.eu\/fr-fr\/produits\/cuboid-6\/#primaryimage"},"thumbnailUrl":"\/app\/uploads\/sites\/3\/CUBOID-6-FRONT-Cutout-1-1.png","datePublished":"2024-02-01T16:18:35+00:00","dateModified":"2024-02-01T16:22:36+00:00","description":"La Cuboid 6 est une enceinte passive 6.5\u2019\u2019 2 voies \u00e0 large spectre con\u00e7ue pour offrir une qualit\u00e9 sonore exceptionnelle avec un encombrement minimal.","breadcrumb":{"@id":"https:\/\/distribution.audio-technica.eu\/fr-fr\/produits\/cuboid-6\/#breadcrumb"},"inLanguage":"fr-FR","potentialAction":[{"@type":"ReadAction","target":["https:\/\/distribution.audio-technica.eu\/fr-fr\/produits\/cuboid-6\/"]}]},{"@type":"ImageObject","inLanguage":"fr-FR","@id":"https:\/\/distribution.audio-technica.eu\/fr-fr\/produits\/cuboid-6\/#primaryimage","url":"\/app\/uploads\/sites\/3\/CUBOID-6-FRONT-Cutout-1-1.png","contentUrl":"\/app\/uploads\/sites\/3\/CUBOID-6-FRONT-Cutout-1-1.png","width":5000,"height":5000},{"@type":"BreadcrumbList","@id":"https:\/\/distribution.audio-technica.eu\/fr-fr\/produits\/cuboid-6\/#breadcrumb","itemListElement":[{"@type":"ListItem","position":1,"name":"Products","item":"https:\/\/distribution.audio-technica.eu\/fr-fr\/"},{"@type":"ListItem","position":2,"name":"Produits","item":"https:\/\/distribution.audio-technica.eu\/fr-fr\/produits\/"},{"@type":"ListItem","position":3,"name":"Cuboid 6"}]},{"@type":"WebSite","@id":"https:\/\/distribution.audio-technica.eu\/fr-fr\/#website","url":"https:\/\/distribution.audio-technica.eu\/fr-fr\/","name":"FR Audio-Technica Distribution","description":"","potentialAction":[{"@type":"SearchAction","target":{"@type":"EntryPoint","urlTemplate":"https:\/\/distribution.audio-technica.eu\/fr-fr\/?s={search_term_string}"},"query-input":{"@type":"PropertyValueSpecification","valueRequired":true,"valueName":"search_term_string"}}],"inLanguage":"fr-FR"}]}},"_links":{"self":[{"href":"https:\/\/distribution.audio-technica.eu\/fr-fr\/wp-json\/wp\/v2\/product\/11734","targetHints":{"allow":["GET"]}}],"collection":[{"href":"https:\/\/distribution.audio-technica.eu\/fr-fr\/wp-json\/wp\/v2\/product"}],"about":[{"href":"https:\/\/distribution.audio-technica.eu\/fr-fr\/wp-json\/wp\/v2\/types\/product"}],"wp:featuredmedia":[{"embeddable":true,"href":"https:\/\/distribution.audio-technica.eu\/fr-fr\/wp-json\/wp\/v2\/media\/11735"}],"wp:attachment":[{"href":"https:\/\/distribution.audio-technica.eu\/fr-fr\/wp-json\/wp\/v2\/media?parent=11734"}],"wp:term":[{"taxonomy":"product_brand","embeddable":true,"href":"https:\/\/distribution.audio-technica.eu\/fr-fr\/wp-json\/wp\/v2\/product_brand?post=11734"},{"taxonomy":"product_cat","embeddable":true,"href":"https:\/\/distribution.audio-technica.eu\/fr-fr\/wp-json\/wp\/v2\/product_cat?post=11734"},{"taxonomy":"product_tag","embeddable":true,"href":"https:\/\/distribution.audio-technica.eu\/fr-fr\/wp-json\/wp\/v2\/product_tag?post=11734"}],"curies":[{"name":"wp","href":"https:\/\/api.w.org\/{rel}","templated":true}]}}