{"id":11761,"date":"2024-02-02T10:34:45","date_gmt":"2024-02-02T10:34:45","guid":{"rendered":"https:\/\/distribution.audio-technica.eu\/fr-fr\/?post_type=product&#038;p=11761"},"modified":"2024-02-19T13:45:09","modified_gmt":"2024-02-19T13:45:09","slug":"amp-100","status":"publish","type":"product","link":"https:\/\/distribution.audio-technica.eu\/fr-fr\/produits\/amp-100\/","title":{"rendered":"Amp 100"},"content":{"rendered":"<p><strong>Amp100<\/strong> est un amplificateur de puissance performant sp\u00e9cialement con\u00e7u pour les enceintes de puissance CUBOID et les caissons de basses SUB de la gamme Optimal Audio . Au format 2U rack 19\u2019\u2019, sa face avant est simple et intuitive comme les autres produits Optimal Audio. Avec Un interrupteur, 2 potentiom\u00e8tres de r\u00e9glage associ\u00e9s \u00e0 des Leds de modulation et 2 Leds de statuts (alimentation et temp\u00e9rature), elle permet sans fioriture de contr\u00f4ler et surveiller efficacement chaque canal.<\/p>\n<p><strong>L\u2019Amp100<\/strong> est dot\u00e9 de connecteurs d\u2019entr\u00e9es sym\u00e9triques combo XLR\/Jack \u00bc\u2019\u2019 et de 2 types de connexion en sortie SpeakON et borniers \u00e0 vis qui permettent de raccorder facilement les enceintes selon les 3 modes parall\u00e8le, st\u00e9r\u00e9o et pont\u00e9 qu\u2019il suffit de s\u00e9lectionner gr\u00e2ce \u00e0 un simple \u2018switch\u2019 \u00e0 l\u2019arri\u00e8re. En outre la s\u00e9rigraphie explique clairement et simplement le c\u00e2blage \u00e0 r\u00e9aliser selon la configuration choisie. Combin\u00e9 \u00e0 un contr\u00f4leur de zone Optimal Audio, l\u2019Amp100 d\u00e9ploiera tout son potentiel gr\u00e2ce aux Pr\u00e9r\u00e9glages HP et autres dispositifs si facilement configurables au travers de l\u2019application WebApp.<\/p>\n<p><strong>Applications<\/strong>:<\/p>\n<p>Caf\u00e9s \/ Bars, Restaurants, Commerces, Salles de r\u00e9ception, H\u00f4tels, <span class=\"l_ecrd_txt_pln\">\u00c9<\/span>ducation, Lieux de culte, Bureaux et Administration, Mus\u00e9es, Salles de Sport, R\u00e9sidentiel<\/p>\n","protected":false},"excerpt":{"rendered":"<p>Amplificateur de puissance basse imp\u00e9dance 2 x 350W<\/p>\n<p>\u2022 Amplificateur de puissance<br \/>\n\u2022 2 canaux Classe A\/B<br \/>\n&#8211; 350W @ 4\u2126 \/canal<br \/>\n&#8211; 250W @ 8\u2126 \/ canal<\/p>\n<p>\u2022 3 Modes :<br \/>\n&#8211; Parall\u00e8le 4\u2126 ou 8\u2126<br \/>\n&#8211; St\u00e9r\u00e9o 4\u2126 ou 8<br \/>\n&#8211; Pont\u00e9 (Bridge) 8\u2126<\/p>\n","protected":false},"featured_media":11767,"template":"","meta":{"_acf_changed":false},"product_brand":[],"product_cat":[2143,2149],"product_tag":[],"class_list":{"0":"post-11761","1":"product","2":"type-product","3":"status-publish","4":"has-post-thumbnail","6":"product_cat-amplificateur","7":"product_cat-power-amplification","9":"first","10":"instock","11":"shipping-taxable","12":"product-type-simple"},"acf":[],"yoast_head":"<!-- This site is optimized with the Yoast SEO plugin v27.1.1 - https:\/\/yoast.com\/product\/yoast-seo-wordpress\/ -->\n<title>Amp 100 - FR Audio-Technica Distribution<\/title>\n<meta name=\"robots\" content=\"index, follow, max-snippet:-1, max-image-preview:large, max-video-preview:-1\" \/>\n<link rel=\"canonical\" href=\"https:\/\/distribution.audio-technica.eu\/fr-fr\/produits\/amp-100\/\" \/>\n<meta property=\"og:locale\" content=\"fr_FR\" \/>\n<meta property=\"og:type\" content=\"article\" \/>\n<meta property=\"og:title\" content=\"Amp 100 - FR Audio-Technica Distribution\" \/>\n<meta property=\"og:description\" content=\"Amplificateur de puissance basse imp\u00e9dance 2 x 350W  \u2022 Amplificateur de puissance \u2022 2 canaux Classe A\/B - 350W @ 4\u2126 \/canal - 250W @ 8\u2126 \/ canal  \u2022 3 Modes : - Parall\u00e8le 4\u2126 ou 8\u2126 - St\u00e9r\u00e9o 4\u2126 ou 8 - Pont\u00e9 (Bridge) 8\u2126\" \/>\n<meta property=\"og:url\" content=\"https:\/\/distribution.audio-technica.eu\/fr-fr\/produits\/amp-100\/\" \/>\n<meta property=\"og:site_name\" content=\"FR Audio-Technica Distribution\" \/>\n<meta property=\"article:modified_time\" content=\"2024-02-19T13:45:09+00:00\" \/>\n<meta property=\"og:image\" content=\"https:\/\/distribution.audio-technica.eu\/app\/uploads\/sites\/3\/amp100front.png\" \/>\n\t<meta property=\"og:image:width\" content=\"800\" \/>\n\t<meta property=\"og:image:height\" content=\"600\" \/>\n\t<meta property=\"og:image:type\" content=\"image\/png\" \/>\n<meta name=\"twitter:card\" content=\"summary_large_image\" \/>\n<meta name=\"twitter:label1\" content=\"Dur\u00e9e de lecture estim\u00e9e\" \/>\n\t<meta name=\"twitter:data1\" content=\"2 minutes\" \/>\n<script type=\"application\/ld+json\" class=\"yoast-schema-graph\">{\"@context\":\"https:\/\/schema.org\",\"@graph\":[{\"@type\":\"WebPage\",\"@id\":\"https:\/\/distribution.audio-technica.eu\/fr-fr\/produits\/amp-100\/\",\"url\":\"https:\/\/distribution.audio-technica.eu\/fr-fr\/produits\/amp-100\/\",\"name\":\"Amp 100 - FR Audio-Technica Distribution\",\"isPartOf\":{\"@id\":\"https:\/\/distribution.audio-technica.eu\/fr-fr\/#website\"},\"primaryImageOfPage\":{\"@id\":\"https:\/\/distribution.audio-technica.eu\/fr-fr\/produits\/amp-100\/#primaryimage\"},\"image\":{\"@id\":\"https:\/\/distribution.audio-technica.eu\/fr-fr\/produits\/amp-100\/#primaryimage\"},\"thumbnailUrl\":\"\/app\/uploads\/sites\/3\/amp100front.png\",\"datePublished\":\"2024-02-02T10:34:45+00:00\",\"dateModified\":\"2024-02-19T13:45:09+00:00\",\"breadcrumb\":{\"@id\":\"https:\/\/distribution.audio-technica.eu\/fr-fr\/produits\/amp-100\/#breadcrumb\"},\"inLanguage\":\"fr-FR\",\"potentialAction\":[{\"@type\":\"ReadAction\",\"target\":[\"https:\/\/distribution.audio-technica.eu\/fr-fr\/produits\/amp-100\/\"]}]},{\"@type\":\"ImageObject\",\"inLanguage\":\"fr-FR\",\"@id\":\"https:\/\/distribution.audio-technica.eu\/fr-fr\/produits\/amp-100\/#primaryimage\",\"url\":\"\/app\/uploads\/sites\/3\/amp100front.png\",\"contentUrl\":\"\/app\/uploads\/sites\/3\/amp100front.png\",\"width\":800,\"height\":600},{\"@type\":\"BreadcrumbList\",\"@id\":\"https:\/\/distribution.audio-technica.eu\/fr-fr\/produits\/amp-100\/#breadcrumb\",\"itemListElement\":[{\"@type\":\"ListItem\",\"position\":1,\"name\":\"Products\",\"item\":\"https:\/\/distribution.audio-technica.eu\/fr-fr\/\"},{\"@type\":\"ListItem\",\"position\":2,\"name\":\"Produits\",\"item\":\"https:\/\/distribution.audio-technica.eu\/fr-fr\/produits\/\"},{\"@type\":\"ListItem\",\"position\":3,\"name\":\"Amp 100\"}]},{\"@type\":\"WebSite\",\"@id\":\"https:\/\/distribution.audio-technica.eu\/fr-fr\/#website\",\"url\":\"https:\/\/distribution.audio-technica.eu\/fr-fr\/\",\"name\":\"FR Audio-Technica Distribution\",\"description\":\"\",\"potentialAction\":[{\"@type\":\"SearchAction\",\"target\":{\"@type\":\"EntryPoint\",\"urlTemplate\":\"https:\/\/distribution.audio-technica.eu\/fr-fr\/?s={search_term_string}\"},\"query-input\":{\"@type\":\"PropertyValueSpecification\",\"valueRequired\":true,\"valueName\":\"search_term_string\"}}],\"inLanguage\":\"fr-FR\"}]}<\/script>\n<!-- \/ Yoast SEO plugin. -->","yoast_head_json":{"title":"Amp 100 - FR Audio-Technica Distribution","robots":{"index":"index","follow":"follow","max-snippet":"max-snippet:-1","max-image-preview":"max-image-preview:large","max-video-preview":"max-video-preview:-1"},"canonical":"https:\/\/distribution.audio-technica.eu\/fr-fr\/produits\/amp-100\/","og_locale":"fr_FR","og_type":"article","og_title":"Amp 100 - FR Audio-Technica Distribution","og_description":"Amplificateur de puissance basse imp\u00e9dance 2 x 350W  \u2022 Amplificateur de puissance \u2022 2 canaux Classe A\/B - 350W @ 4\u2126 \/canal - 250W @ 8\u2126 \/ canal  \u2022 3 Modes : - Parall\u00e8le 4\u2126 ou 8\u2126 - St\u00e9r\u00e9o 4\u2126 ou 8 - Pont\u00e9 (Bridge) 8\u2126","og_url":"https:\/\/distribution.audio-technica.eu\/fr-fr\/produits\/amp-100\/","og_site_name":"FR Audio-Technica Distribution","article_modified_time":"2024-02-19T13:45:09+00:00","og_image":[{"width":800,"height":600,"url":"https:\/\/distribution.audio-technica.eu\/app\/uploads\/sites\/3\/amp100front.png","type":"image\/png"}],"twitter_card":"summary_large_image","twitter_misc":{"Dur\u00e9e de lecture estim\u00e9e":"2 minutes"},"schema":{"@context":"https:\/\/schema.org","@graph":[{"@type":"WebPage","@id":"https:\/\/distribution.audio-technica.eu\/fr-fr\/produits\/amp-100\/","url":"https:\/\/distribution.audio-technica.eu\/fr-fr\/produits\/amp-100\/","name":"Amp 100 - FR Audio-Technica Distribution","isPartOf":{"@id":"https:\/\/distribution.audio-technica.eu\/fr-fr\/#website"},"primaryImageOfPage":{"@id":"https:\/\/distribution.audio-technica.eu\/fr-fr\/produits\/amp-100\/#primaryimage"},"image":{"@id":"https:\/\/distribution.audio-technica.eu\/fr-fr\/produits\/amp-100\/#primaryimage"},"thumbnailUrl":"\/app\/uploads\/sites\/3\/amp100front.png","datePublished":"2024-02-02T10:34:45+00:00","dateModified":"2024-02-19T13:45:09+00:00","breadcrumb":{"@id":"https:\/\/distribution.audio-technica.eu\/fr-fr\/produits\/amp-100\/#breadcrumb"},"inLanguage":"fr-FR","potentialAction":[{"@type":"ReadAction","target":["https:\/\/distribution.audio-technica.eu\/fr-fr\/produits\/amp-100\/"]}]},{"@type":"ImageObject","inLanguage":"fr-FR","@id":"https:\/\/distribution.audio-technica.eu\/fr-fr\/produits\/amp-100\/#primaryimage","url":"\/app\/uploads\/sites\/3\/amp100front.png","contentUrl":"\/app\/uploads\/sites\/3\/amp100front.png","width":800,"height":600},{"@type":"BreadcrumbList","@id":"https:\/\/distribution.audio-technica.eu\/fr-fr\/produits\/amp-100\/#breadcrumb","itemListElement":[{"@type":"ListItem","position":1,"name":"Products","item":"https:\/\/distribution.audio-technica.eu\/fr-fr\/"},{"@type":"ListItem","position":2,"name":"Produits","item":"https:\/\/distribution.audio-technica.eu\/fr-fr\/produits\/"},{"@type":"ListItem","position":3,"name":"Amp 100"}]},{"@type":"WebSite","@id":"https:\/\/distribution.audio-technica.eu\/fr-fr\/#website","url":"https:\/\/distribution.audio-technica.eu\/fr-fr\/","name":"FR Audio-Technica Distribution","description":"","potentialAction":[{"@type":"SearchAction","target":{"@type":"EntryPoint","urlTemplate":"https:\/\/distribution.audio-technica.eu\/fr-fr\/?s={search_term_string}"},"query-input":{"@type":"PropertyValueSpecification","valueRequired":true,"valueName":"search_term_string"}}],"inLanguage":"fr-FR"}]}},"_links":{"self":[{"href":"https:\/\/distribution.audio-technica.eu\/fr-fr\/wp-json\/wp\/v2\/product\/11761","targetHints":{"allow":["GET"]}}],"collection":[{"href":"https:\/\/distribution.audio-technica.eu\/fr-fr\/wp-json\/wp\/v2\/product"}],"about":[{"href":"https:\/\/distribution.audio-technica.eu\/fr-fr\/wp-json\/wp\/v2\/types\/product"}],"wp:featuredmedia":[{"embeddable":true,"href":"https:\/\/distribution.audio-technica.eu\/fr-fr\/wp-json\/wp\/v2\/media\/11767"}],"wp:attachment":[{"href":"https:\/\/distribution.audio-technica.eu\/fr-fr\/wp-json\/wp\/v2\/media?parent=11761"}],"wp:term":[{"taxonomy":"product_brand","embeddable":true,"href":"https:\/\/distribution.audio-technica.eu\/fr-fr\/wp-json\/wp\/v2\/product_brand?post=11761"},{"taxonomy":"product_cat","embeddable":true,"href":"https:\/\/distribution.audio-technica.eu\/fr-fr\/wp-json\/wp\/v2\/product_cat?post=11761"},{"taxonomy":"product_tag","embeddable":true,"href":"https:\/\/distribution.audio-technica.eu\/fr-fr\/wp-json\/wp\/v2\/product_tag?post=11761"}],"curies":[{"name":"wp","href":"https:\/\/api.w.org\/{rel}","templated":true}]}}