{"id":11780,"date":"2024-08-12T11:48:01","date_gmt":"2024-08-12T10:48:01","guid":{"rendered":"https:\/\/distribution.audio-technica.eu\/fr-fr\/?post_type=product&#038;p=11780"},"modified":"2024-09-16T14:33:12","modified_gmt":"2024-09-16T13:33:12","slug":"4420a","status":"publish","type":"product","link":"https:\/\/distribution.audio-technica.eu\/fr-fr\/produits\/4420a\/","title":{"rendered":"4420A"},"content":{"rendered":"<p>La nouvelle 4420A r\u00e9unit la puissance et la flexibilit\u00e9 de la technologie Smart IP dans un bo\u00eetier ultra-compact, apportant clart\u00e9, intelligibilit\u00e9 et couverture uniforme dans les espaces les plus restreints.<\/p>\n<p>Alliant une qualit\u00e9 sonore de qualit\u00e9 \u00e0 la commodit\u00e9 d\u2019un c\u00e2ble unique RJ45, la 4420 utilise le PoE pour produire des performances acoustiques sans compromis. Elle est enti\u00e8rement compatible avec les normes Dante et de streaming ouvert telles que AES67 et ST2110-30. Dot\u00e9e d\u2019une puissance et d\u2019une pr\u00e9cision \u00e9tonnantes, la 4420 offre un niveau de pression acoustique maximal de 100 dB et une extension des basses fr\u00e9quences jusqu\u2019\u00e0 55 Hz.<\/p>\n<p><strong>Applications:<br \/>\n<\/strong><\/p>\n<p>Salle \u00e0 l&rsquo;int\u00e9rieur, Mus\u00e9e, Multim\u00e9dia, salle de conf\u00e9rence, H\u00f4tel, Restaurant<\/p>\n","protected":false},"excerpt":{"rendered":"<p>Syst\u00e8me de haut-parleurs intelligents IP bi-amplifi\u00e9s deux voies, boomer 4\u201d, pour installation AV.<\/p>\n<p>\u2013 Enceinte d\u2019installation.<br \/>\n\u2013 Compatible avec les normes Dante et les normes de diffusion en continu.<br \/>\n\u2013 Un seul c\u00e2ble CAT alimente, g\u00e8re les haut-parleurs et l\u2019AoIP.<br \/>\n\u2013 Connecteur Euroblock entr\u00e9e analogique F 3 POS 5mm, support mural, vis pour le support mural. C\u00e2ble RJ45 non fourni.<br \/>\n\u2013 SPL : 100 dB.<br \/>\n\u2013 R\u00e9ponse en fr\u00e9quence : 55 Hz &#8211; 39 kHz (\u20136 dB).<\/p>\n","protected":false},"featured_media":12012,"template":"","meta":{"_acf_changed":false},"product_brand":[],"product_cat":[2144,2157],"product_tag":[],"class_list":{"0":"post-11780","1":"product","2":"type-product","3":"status-publish","4":"has-post-thumbnail","6":"product_cat-enceintes","7":"product_cat-smart-ip","8":"product_series-smart-ip","10":"first","11":"instock","12":"shipping-taxable","13":"product-type-simple"},"acf":[],"yoast_head":"<!-- This site is optimized with the Yoast SEO plugin v27.1.1 - https:\/\/yoast.com\/product\/yoast-seo-wordpress\/ -->\n<title>4420A - FR Audio-Technica Distribution<\/title>\n<meta name=\"description\" content=\"Alliant une qualit\u00e9 sonore de qualit\u00e9 \u00e0 la commodit\u00e9 d\u2019un c\u00e2ble unique RJ45, la 4420 utilise le PoE pour produire des performances acoustiques sans compromis.\" \/>\n<meta name=\"robots\" content=\"index, follow, max-snippet:-1, max-image-preview:large, max-video-preview:-1\" \/>\n<link rel=\"canonical\" href=\"https:\/\/distribution.audio-technica.eu\/fr-fr\/produits\/4420a\/\" \/>\n<meta property=\"og:locale\" content=\"fr_FR\" \/>\n<meta property=\"og:type\" content=\"article\" \/>\n<meta property=\"og:title\" content=\"4420A - FR Audio-Technica Distribution\" \/>\n<meta property=\"og:description\" content=\"Alliant une qualit\u00e9 sonore de qualit\u00e9 \u00e0 la commodit\u00e9 d\u2019un c\u00e2ble unique RJ45, la 4420 utilise le PoE pour produire des performances acoustiques sans compromis.\" \/>\n<meta property=\"og:url\" content=\"https:\/\/distribution.audio-technica.eu\/fr-fr\/produits\/4420a\/\" \/>\n<meta property=\"og:site_name\" content=\"FR Audio-Technica Distribution\" \/>\n<meta property=\"article:modified_time\" content=\"2024-09-16T13:33:12+00:00\" \/>\n<meta property=\"og:image\" content=\"https:\/\/distribution.audio-technica.eu\/app\/uploads\/sites\/3\/4420A.png\" \/>\n\t<meta property=\"og:image:width\" content=\"1000\" \/>\n\t<meta property=\"og:image:height\" content=\"1000\" \/>\n\t<meta property=\"og:image:type\" content=\"image\/png\" \/>\n<meta name=\"twitter:card\" content=\"summary_large_image\" \/>\n<meta name=\"twitter:label1\" content=\"Dur\u00e9e de lecture estim\u00e9e\" \/>\n\t<meta name=\"twitter:data1\" content=\"1 minute\" \/>\n<script type=\"application\/ld+json\" class=\"yoast-schema-graph\">{\"@context\":\"https:\/\/schema.org\",\"@graph\":[{\"@type\":\"WebPage\",\"@id\":\"https:\/\/distribution.audio-technica.eu\/fr-fr\/produits\/4420a\/\",\"url\":\"https:\/\/distribution.audio-technica.eu\/fr-fr\/produits\/4420a\/\",\"name\":\"4420A - FR Audio-Technica Distribution\",\"isPartOf\":{\"@id\":\"https:\/\/distribution.audio-technica.eu\/fr-fr\/#website\"},\"primaryImageOfPage\":{\"@id\":\"https:\/\/distribution.audio-technica.eu\/fr-fr\/produits\/4420a\/#primaryimage\"},\"image\":{\"@id\":\"https:\/\/distribution.audio-technica.eu\/fr-fr\/produits\/4420a\/#primaryimage\"},\"thumbnailUrl\":\"\/app\/uploads\/sites\/3\/4420A.png\",\"datePublished\":\"2024-08-12T10:48:01+00:00\",\"dateModified\":\"2024-09-16T13:33:12+00:00\",\"description\":\"Alliant une qualit\u00e9 sonore de qualit\u00e9 \u00e0 la commodit\u00e9 d\u2019un c\u00e2ble unique RJ45, la 4420 utilise le PoE pour produire des performances acoustiques sans compromis.\",\"breadcrumb\":{\"@id\":\"https:\/\/distribution.audio-technica.eu\/fr-fr\/produits\/4420a\/#breadcrumb\"},\"inLanguage\":\"fr-FR\",\"potentialAction\":[{\"@type\":\"ReadAction\",\"target\":[\"https:\/\/distribution.audio-technica.eu\/fr-fr\/produits\/4420a\/\"]}]},{\"@type\":\"ImageObject\",\"inLanguage\":\"fr-FR\",\"@id\":\"https:\/\/distribution.audio-technica.eu\/fr-fr\/produits\/4420a\/#primaryimage\",\"url\":\"\/app\/uploads\/sites\/3\/4420A.png\",\"contentUrl\":\"\/app\/uploads\/sites\/3\/4420A.png\",\"width\":1000,\"height\":1000},{\"@type\":\"BreadcrumbList\",\"@id\":\"https:\/\/distribution.audio-technica.eu\/fr-fr\/produits\/4420a\/#breadcrumb\",\"itemListElement\":[{\"@type\":\"ListItem\",\"position\":1,\"name\":\"Products\",\"item\":\"https:\/\/distribution.audio-technica.eu\/fr-fr\/\"},{\"@type\":\"ListItem\",\"position\":2,\"name\":\"Produits\",\"item\":\"https:\/\/distribution.audio-technica.eu\/fr-fr\/produits\/\"},{\"@type\":\"ListItem\",\"position\":3,\"name\":\"4420A\"}]},{\"@type\":\"WebSite\",\"@id\":\"https:\/\/distribution.audio-technica.eu\/fr-fr\/#website\",\"url\":\"https:\/\/distribution.audio-technica.eu\/fr-fr\/\",\"name\":\"FR Audio-Technica Distribution\",\"description\":\"\",\"potentialAction\":[{\"@type\":\"SearchAction\",\"target\":{\"@type\":\"EntryPoint\",\"urlTemplate\":\"https:\/\/distribution.audio-technica.eu\/fr-fr\/?s={search_term_string}\"},\"query-input\":{\"@type\":\"PropertyValueSpecification\",\"valueRequired\":true,\"valueName\":\"search_term_string\"}}],\"inLanguage\":\"fr-FR\"}]}<\/script>\n<!-- \/ Yoast SEO plugin. -->","yoast_head_json":{"title":"4420A - FR Audio-Technica Distribution","description":"Alliant une qualit\u00e9 sonore de qualit\u00e9 \u00e0 la commodit\u00e9 d\u2019un c\u00e2ble unique RJ45, la 4420 utilise le PoE pour produire des performances acoustiques sans compromis.","robots":{"index":"index","follow":"follow","max-snippet":"max-snippet:-1","max-image-preview":"max-image-preview:large","max-video-preview":"max-video-preview:-1"},"canonical":"https:\/\/distribution.audio-technica.eu\/fr-fr\/produits\/4420a\/","og_locale":"fr_FR","og_type":"article","og_title":"4420A - FR Audio-Technica Distribution","og_description":"Alliant une qualit\u00e9 sonore de qualit\u00e9 \u00e0 la commodit\u00e9 d\u2019un c\u00e2ble unique RJ45, la 4420 utilise le PoE pour produire des performances acoustiques sans compromis.","og_url":"https:\/\/distribution.audio-technica.eu\/fr-fr\/produits\/4420a\/","og_site_name":"FR Audio-Technica Distribution","article_modified_time":"2024-09-16T13:33:12+00:00","og_image":[{"width":1000,"height":1000,"url":"https:\/\/distribution.audio-technica.eu\/app\/uploads\/sites\/3\/4420A.png","type":"image\/png"}],"twitter_card":"summary_large_image","twitter_misc":{"Dur\u00e9e de lecture estim\u00e9e":"1 minute"},"schema":{"@context":"https:\/\/schema.org","@graph":[{"@type":"WebPage","@id":"https:\/\/distribution.audio-technica.eu\/fr-fr\/produits\/4420a\/","url":"https:\/\/distribution.audio-technica.eu\/fr-fr\/produits\/4420a\/","name":"4420A - FR Audio-Technica Distribution","isPartOf":{"@id":"https:\/\/distribution.audio-technica.eu\/fr-fr\/#website"},"primaryImageOfPage":{"@id":"https:\/\/distribution.audio-technica.eu\/fr-fr\/produits\/4420a\/#primaryimage"},"image":{"@id":"https:\/\/distribution.audio-technica.eu\/fr-fr\/produits\/4420a\/#primaryimage"},"thumbnailUrl":"\/app\/uploads\/sites\/3\/4420A.png","datePublished":"2024-08-12T10:48:01+00:00","dateModified":"2024-09-16T13:33:12+00:00","description":"Alliant une qualit\u00e9 sonore de qualit\u00e9 \u00e0 la commodit\u00e9 d\u2019un c\u00e2ble unique RJ45, la 4420 utilise le PoE pour produire des performances acoustiques sans compromis.","breadcrumb":{"@id":"https:\/\/distribution.audio-technica.eu\/fr-fr\/produits\/4420a\/#breadcrumb"},"inLanguage":"fr-FR","potentialAction":[{"@type":"ReadAction","target":["https:\/\/distribution.audio-technica.eu\/fr-fr\/produits\/4420a\/"]}]},{"@type":"ImageObject","inLanguage":"fr-FR","@id":"https:\/\/distribution.audio-technica.eu\/fr-fr\/produits\/4420a\/#primaryimage","url":"\/app\/uploads\/sites\/3\/4420A.png","contentUrl":"\/app\/uploads\/sites\/3\/4420A.png","width":1000,"height":1000},{"@type":"BreadcrumbList","@id":"https:\/\/distribution.audio-technica.eu\/fr-fr\/produits\/4420a\/#breadcrumb","itemListElement":[{"@type":"ListItem","position":1,"name":"Products","item":"https:\/\/distribution.audio-technica.eu\/fr-fr\/"},{"@type":"ListItem","position":2,"name":"Produits","item":"https:\/\/distribution.audio-technica.eu\/fr-fr\/produits\/"},{"@type":"ListItem","position":3,"name":"4420A"}]},{"@type":"WebSite","@id":"https:\/\/distribution.audio-technica.eu\/fr-fr\/#website","url":"https:\/\/distribution.audio-technica.eu\/fr-fr\/","name":"FR Audio-Technica Distribution","description":"","potentialAction":[{"@type":"SearchAction","target":{"@type":"EntryPoint","urlTemplate":"https:\/\/distribution.audio-technica.eu\/fr-fr\/?s={search_term_string}"},"query-input":{"@type":"PropertyValueSpecification","valueRequired":true,"valueName":"search_term_string"}}],"inLanguage":"fr-FR"}]}},"_links":{"self":[{"href":"https:\/\/distribution.audio-technica.eu\/fr-fr\/wp-json\/wp\/v2\/product\/11780","targetHints":{"allow":["GET"]}}],"collection":[{"href":"https:\/\/distribution.audio-technica.eu\/fr-fr\/wp-json\/wp\/v2\/product"}],"about":[{"href":"https:\/\/distribution.audio-technica.eu\/fr-fr\/wp-json\/wp\/v2\/types\/product"}],"wp:featuredmedia":[{"embeddable":true,"href":"https:\/\/distribution.audio-technica.eu\/fr-fr\/wp-json\/wp\/v2\/media\/12012"}],"wp:attachment":[{"href":"https:\/\/distribution.audio-technica.eu\/fr-fr\/wp-json\/wp\/v2\/media?parent=11780"}],"wp:term":[{"taxonomy":"product_brand","embeddable":true,"href":"https:\/\/distribution.audio-technica.eu\/fr-fr\/wp-json\/wp\/v2\/product_brand?post=11780"},{"taxonomy":"product_cat","embeddable":true,"href":"https:\/\/distribution.audio-technica.eu\/fr-fr\/wp-json\/wp\/v2\/product_cat?post=11780"},{"taxonomy":"product_tag","embeddable":true,"href":"https:\/\/distribution.audio-technica.eu\/fr-fr\/wp-json\/wp\/v2\/product_tag?post=11780"}],"curies":[{"name":"wp","href":"https:\/\/api.w.org\/{rel}","templated":true}]}}