{"id":11785,"date":"2024-09-16T13:46:20","date_gmt":"2024-09-16T12:46:20","guid":{"rendered":"https:\/\/distribution.audio-technica.eu\/fr-fr\/?post_type=product&#038;p=11785"},"modified":"2024-09-16T14:33:32","modified_gmt":"2024-09-16T13:33:32","slug":"4430a","status":"publish","type":"product","link":"https:\/\/distribution.audio-technica.eu\/fr-fr\/produits\/4430a\/","title":{"rendered":"4430A"},"content":{"rendered":"<p>Vous recherchez un son exceptionnel sur IP ? La 4430A offre une gestion de l\u2019alimentation, de l\u2019audio et des haut-parleurs via un seul c\u00e2ble CAT standard, offrant une flexibilit\u00e9, une rentabilit\u00e9 et une simplicit\u00e9 d\u2019installation in\u00e9gal\u00e9es. Alliant une qualit\u00e9 sonore de premier ordre \u00e0 la commodit\u00e9 d\u2019un c\u00e2ble unique, la 4430A utilise le PoE pour produire un niveau de pression acoustique et des performances acoustiques sans compromis.<\/p>\n<p>Elle est enti\u00e8rement compatible avec les normes Dante et les normes de streaming ouvertes telles que AES67 et ST2110-30. Fabriqu\u00e9e en Finlande selon des m\u00e9thodes durables certifi\u00e9es, la 4430A offrira des d\u00e9cennies de service fiable.<\/p>\n<p><strong>Applications:<\/strong><\/p>\n<p>Salle \u00e0 l&rsquo;int\u00e9rieur, Mus\u00e9e, Multim\u00e9dia, salle de conf\u00e9rence, H\u00f4tel, Restaurant<strong><br \/>\n<\/strong><\/p>\n","protected":false},"excerpt":{"rendered":"<p>Syst\u00e8me de haut-parleurs intelligents IP bi-amplifi\u00e9s \u00e0 deux voies, 5\u201d, pour installation audiovisuelle.<\/p>\n<p>\u2013 Enceinte d\u2019installation.<br \/>\n\u2013 Compatible avec les normes Dante et les normes de diffusion en continu.<br \/>\n\u2013 Un seul c\u00e2ble CAT alimente, g\u00e8re les haut-parleurs et l\u2019AoIP.<br \/>\n\u2013 Connecteur Euroblock entr\u00e9e analogique F 3 POS 5mm, support mural, vis pour le support mural. C\u00e2ble RJ45 non fourni.<br \/>\n\u2013 SPL : 104 dB.<br \/>\n\u2013 R\u00e9ponse en fr\u00e9quence : 45 Hz \u2013 39 kHz (\u20136 dB).<br \/>\n\u2013 Disponible en noir, blanc, aluminium RAW et 120 couleurs RAL.<\/p>\n","protected":false},"featured_media":11786,"template":"","meta":{"_acf_changed":false},"product_brand":[],"product_cat":[2144,2157],"product_tag":[],"class_list":{"0":"post-11785","1":"product","2":"type-product","3":"status-publish","4":"has-post-thumbnail","6":"product_cat-enceintes","7":"product_cat-smart-ip","8":"product_series-smart-ip","10":"first","11":"instock","12":"shipping-taxable","13":"product-type-simple"},"acf":[],"yoast_head":"<!-- This site is optimized with the Yoast SEO plugin v27.1.1 - https:\/\/yoast.com\/product\/yoast-seo-wordpress\/ -->\n<title>4430A - FR Audio-Technica Distribution<\/title>\n<meta name=\"description\" content=\"Vous recherchez un son exceptionnel sur IP ? La 4430A offre une gestion de l\u2019alimentation, de l\u2019audio et des haut-parleurs via un seul c\u00e2ble CAT standard, offrant une flexibilit\u00e9, une rentabilit\u00e9 et une simplicit\u00e9 d\u2019installation in\u00e9gal\u00e9es.\" \/>\n<meta name=\"robots\" content=\"index, follow, max-snippet:-1, max-image-preview:large, max-video-preview:-1\" \/>\n<link rel=\"canonical\" href=\"https:\/\/distribution.audio-technica.eu\/fr-fr\/produits\/4430a\/\" \/>\n<meta property=\"og:locale\" content=\"fr_FR\" \/>\n<meta property=\"og:type\" content=\"article\" \/>\n<meta property=\"og:title\" content=\"4430A - FR Audio-Technica Distribution\" \/>\n<meta property=\"og:description\" content=\"Vous recherchez un son exceptionnel sur IP ? La 4430A offre une gestion de l\u2019alimentation, de l\u2019audio et des haut-parleurs via un seul c\u00e2ble CAT standard, offrant une flexibilit\u00e9, une rentabilit\u00e9 et une simplicit\u00e9 d\u2019installation in\u00e9gal\u00e9es.\" \/>\n<meta property=\"og:url\" content=\"https:\/\/distribution.audio-technica.eu\/fr-fr\/produits\/4430a\/\" \/>\n<meta property=\"og:site_name\" content=\"FR Audio-Technica Distribution\" \/>\n<meta property=\"article:modified_time\" content=\"2024-09-16T13:33:32+00:00\" \/>\n<meta property=\"og:image\" content=\"https:\/\/distribution.audio-technica.eu\/app\/uploads\/sites\/3\/4430A-FRONT.jpg\" \/>\n\t<meta property=\"og:image:width\" content=\"611\" \/>\n\t<meta property=\"og:image:height\" content=\"721\" \/>\n\t<meta property=\"og:image:type\" content=\"image\/jpeg\" \/>\n<meta name=\"twitter:card\" content=\"summary_large_image\" \/>\n<meta name=\"twitter:label1\" content=\"Dur\u00e9e de lecture estim\u00e9e\" \/>\n\t<meta name=\"twitter:data1\" content=\"1 minute\" \/>\n<script type=\"application\/ld+json\" class=\"yoast-schema-graph\">{\"@context\":\"https:\/\/schema.org\",\"@graph\":[{\"@type\":\"WebPage\",\"@id\":\"https:\/\/distribution.audio-technica.eu\/fr-fr\/produits\/4430a\/\",\"url\":\"https:\/\/distribution.audio-technica.eu\/fr-fr\/produits\/4430a\/\",\"name\":\"4430A - FR Audio-Technica Distribution\",\"isPartOf\":{\"@id\":\"https:\/\/distribution.audio-technica.eu\/fr-fr\/#website\"},\"primaryImageOfPage\":{\"@id\":\"https:\/\/distribution.audio-technica.eu\/fr-fr\/produits\/4430a\/#primaryimage\"},\"image\":{\"@id\":\"https:\/\/distribution.audio-technica.eu\/fr-fr\/produits\/4430a\/#primaryimage\"},\"thumbnailUrl\":\"\/app\/uploads\/sites\/3\/4430A-FRONT.jpg\",\"datePublished\":\"2024-09-16T12:46:20+00:00\",\"dateModified\":\"2024-09-16T13:33:32+00:00\",\"description\":\"Vous recherchez un son exceptionnel sur IP ? La 4430A offre une gestion de l\u2019alimentation, de l\u2019audio et des haut-parleurs via un seul c\u00e2ble CAT standard, offrant une flexibilit\u00e9, une rentabilit\u00e9 et une simplicit\u00e9 d\u2019installation in\u00e9gal\u00e9es.\",\"breadcrumb\":{\"@id\":\"https:\/\/distribution.audio-technica.eu\/fr-fr\/produits\/4430a\/#breadcrumb\"},\"inLanguage\":\"fr-FR\",\"potentialAction\":[{\"@type\":\"ReadAction\",\"target\":[\"https:\/\/distribution.audio-technica.eu\/fr-fr\/produits\/4430a\/\"]}]},{\"@type\":\"ImageObject\",\"inLanguage\":\"fr-FR\",\"@id\":\"https:\/\/distribution.audio-technica.eu\/fr-fr\/produits\/4430a\/#primaryimage\",\"url\":\"\/app\/uploads\/sites\/3\/4430A-FRONT.jpg\",\"contentUrl\":\"\/app\/uploads\/sites\/3\/4430A-FRONT.jpg\",\"width\":611,\"height\":721},{\"@type\":\"BreadcrumbList\",\"@id\":\"https:\/\/distribution.audio-technica.eu\/fr-fr\/produits\/4430a\/#breadcrumb\",\"itemListElement\":[{\"@type\":\"ListItem\",\"position\":1,\"name\":\"Products\",\"item\":\"https:\/\/distribution.audio-technica.eu\/fr-fr\/\"},{\"@type\":\"ListItem\",\"position\":2,\"name\":\"Produits\",\"item\":\"https:\/\/distribution.audio-technica.eu\/fr-fr\/produits\/\"},{\"@type\":\"ListItem\",\"position\":3,\"name\":\"4430A\"}]},{\"@type\":\"WebSite\",\"@id\":\"https:\/\/distribution.audio-technica.eu\/fr-fr\/#website\",\"url\":\"https:\/\/distribution.audio-technica.eu\/fr-fr\/\",\"name\":\"FR Audio-Technica Distribution\",\"description\":\"\",\"potentialAction\":[{\"@type\":\"SearchAction\",\"target\":{\"@type\":\"EntryPoint\",\"urlTemplate\":\"https:\/\/distribution.audio-technica.eu\/fr-fr\/?s={search_term_string}\"},\"query-input\":{\"@type\":\"PropertyValueSpecification\",\"valueRequired\":true,\"valueName\":\"search_term_string\"}}],\"inLanguage\":\"fr-FR\"}]}<\/script>\n<!-- \/ Yoast SEO plugin. -->","yoast_head_json":{"title":"4430A - FR Audio-Technica Distribution","description":"Vous recherchez un son exceptionnel sur IP ? La 4430A offre une gestion de l\u2019alimentation, de l\u2019audio et des haut-parleurs via un seul c\u00e2ble CAT standard, offrant une flexibilit\u00e9, une rentabilit\u00e9 et une simplicit\u00e9 d\u2019installation in\u00e9gal\u00e9es.","robots":{"index":"index","follow":"follow","max-snippet":"max-snippet:-1","max-image-preview":"max-image-preview:large","max-video-preview":"max-video-preview:-1"},"canonical":"https:\/\/distribution.audio-technica.eu\/fr-fr\/produits\/4430a\/","og_locale":"fr_FR","og_type":"article","og_title":"4430A - FR Audio-Technica Distribution","og_description":"Vous recherchez un son exceptionnel sur IP ? La 4430A offre une gestion de l\u2019alimentation, de l\u2019audio et des haut-parleurs via un seul c\u00e2ble CAT standard, offrant une flexibilit\u00e9, une rentabilit\u00e9 et une simplicit\u00e9 d\u2019installation in\u00e9gal\u00e9es.","og_url":"https:\/\/distribution.audio-technica.eu\/fr-fr\/produits\/4430a\/","og_site_name":"FR Audio-Technica Distribution","article_modified_time":"2024-09-16T13:33:32+00:00","og_image":[{"width":611,"height":721,"url":"https:\/\/distribution.audio-technica.eu\/app\/uploads\/sites\/3\/4430A-FRONT.jpg","type":"image\/jpeg"}],"twitter_card":"summary_large_image","twitter_misc":{"Dur\u00e9e de lecture estim\u00e9e":"1 minute"},"schema":{"@context":"https:\/\/schema.org","@graph":[{"@type":"WebPage","@id":"https:\/\/distribution.audio-technica.eu\/fr-fr\/produits\/4430a\/","url":"https:\/\/distribution.audio-technica.eu\/fr-fr\/produits\/4430a\/","name":"4430A - FR Audio-Technica Distribution","isPartOf":{"@id":"https:\/\/distribution.audio-technica.eu\/fr-fr\/#website"},"primaryImageOfPage":{"@id":"https:\/\/distribution.audio-technica.eu\/fr-fr\/produits\/4430a\/#primaryimage"},"image":{"@id":"https:\/\/distribution.audio-technica.eu\/fr-fr\/produits\/4430a\/#primaryimage"},"thumbnailUrl":"\/app\/uploads\/sites\/3\/4430A-FRONT.jpg","datePublished":"2024-09-16T12:46:20+00:00","dateModified":"2024-09-16T13:33:32+00:00","description":"Vous recherchez un son exceptionnel sur IP ? La 4430A offre une gestion de l\u2019alimentation, de l\u2019audio et des haut-parleurs via un seul c\u00e2ble CAT standard, offrant une flexibilit\u00e9, une rentabilit\u00e9 et une simplicit\u00e9 d\u2019installation in\u00e9gal\u00e9es.","breadcrumb":{"@id":"https:\/\/distribution.audio-technica.eu\/fr-fr\/produits\/4430a\/#breadcrumb"},"inLanguage":"fr-FR","potentialAction":[{"@type":"ReadAction","target":["https:\/\/distribution.audio-technica.eu\/fr-fr\/produits\/4430a\/"]}]},{"@type":"ImageObject","inLanguage":"fr-FR","@id":"https:\/\/distribution.audio-technica.eu\/fr-fr\/produits\/4430a\/#primaryimage","url":"\/app\/uploads\/sites\/3\/4430A-FRONT.jpg","contentUrl":"\/app\/uploads\/sites\/3\/4430A-FRONT.jpg","width":611,"height":721},{"@type":"BreadcrumbList","@id":"https:\/\/distribution.audio-technica.eu\/fr-fr\/produits\/4430a\/#breadcrumb","itemListElement":[{"@type":"ListItem","position":1,"name":"Products","item":"https:\/\/distribution.audio-technica.eu\/fr-fr\/"},{"@type":"ListItem","position":2,"name":"Produits","item":"https:\/\/distribution.audio-technica.eu\/fr-fr\/produits\/"},{"@type":"ListItem","position":3,"name":"4430A"}]},{"@type":"WebSite","@id":"https:\/\/distribution.audio-technica.eu\/fr-fr\/#website","url":"https:\/\/distribution.audio-technica.eu\/fr-fr\/","name":"FR Audio-Technica Distribution","description":"","potentialAction":[{"@type":"SearchAction","target":{"@type":"EntryPoint","urlTemplate":"https:\/\/distribution.audio-technica.eu\/fr-fr\/?s={search_term_string}"},"query-input":{"@type":"PropertyValueSpecification","valueRequired":true,"valueName":"search_term_string"}}],"inLanguage":"fr-FR"}]}},"_links":{"self":[{"href":"https:\/\/distribution.audio-technica.eu\/fr-fr\/wp-json\/wp\/v2\/product\/11785","targetHints":{"allow":["GET"]}}],"collection":[{"href":"https:\/\/distribution.audio-technica.eu\/fr-fr\/wp-json\/wp\/v2\/product"}],"about":[{"href":"https:\/\/distribution.audio-technica.eu\/fr-fr\/wp-json\/wp\/v2\/types\/product"}],"wp:featuredmedia":[{"embeddable":true,"href":"https:\/\/distribution.audio-technica.eu\/fr-fr\/wp-json\/wp\/v2\/media\/11786"}],"wp:attachment":[{"href":"https:\/\/distribution.audio-technica.eu\/fr-fr\/wp-json\/wp\/v2\/media?parent=11785"}],"wp:term":[{"taxonomy":"product_brand","embeddable":true,"href":"https:\/\/distribution.audio-technica.eu\/fr-fr\/wp-json\/wp\/v2\/product_brand?post=11785"},{"taxonomy":"product_cat","embeddable":true,"href":"https:\/\/distribution.audio-technica.eu\/fr-fr\/wp-json\/wp\/v2\/product_cat?post=11785"},{"taxonomy":"product_tag","embeddable":true,"href":"https:\/\/distribution.audio-technica.eu\/fr-fr\/wp-json\/wp\/v2\/product_tag?post=11785"}],"curies":[{"name":"wp","href":"https:\/\/api.w.org\/{rel}","templated":true}]}}