{"id":11789,"date":"2024-08-12T11:45:22","date_gmt":"2024-08-12T10:45:22","guid":{"rendered":"https:\/\/distribution.audio-technica.eu\/fr-fr\/?post_type=product&#038;p=11789"},"modified":"2024-09-16T14:32:47","modified_gmt":"2024-09-16T13:32:47","slug":"4410a","status":"publish","type":"product","link":"https:\/\/distribution.audio-technica.eu\/fr-fr\/produits\/4410a\/","title":{"rendered":"4410A"},"content":{"rendered":"<p>Lorsque l\u2019espace est restreint, la 4410A offre le confort d\u2019un r\u00e9seau \u00e0 c\u00e2ble unique de Smart IP dans un format puissant et super compact. La 4410 est une enceinte ultra-compacte, aliment\u00e9e en PoE+ en proposant des performances acoustiques optimales. Compatible avec Dante et AES67, elle offre une couverture exceptionnelle, une clart\u00e9 et une intelligibilit\u00e9 remarquables. Fabriqu\u00e9e en Finlande selon des normes durables, garantissant des d\u00e9cennies de service fiable.<\/p>\n<p>Applications : installations pour mus\u00e9ographie, caf\u00e9s, restaurants, h\u00f4tels, magasins retail et salles de conf\u00e9rences<\/p>\n","protected":false},"excerpt":{"rendered":"<p>Enceinte syst\u00e8me de haut-parleurs intelligents IP bi-amplifi\u00e9s deux voies,<br \/>\nboomer 4\u201d, pour installation AV.<br \/>\n\u2013 Enceinte d\u2019installation.<br \/>\n\u2013 Compatible avec les protocoles Dante \/ AES67.<br \/>\n\u2013 Un seul c\u00e2ble CAT 5\/6 g\u00e8re l\u2019alimentation, l\u2019audio et les commandes.<br \/>\n\u2013 C\u00e2ble RJ45 non fourni.<br \/>\n\u2013 SPL : 100dB.<br \/>\n\u2013 R\u00e9ponse en fr\u00e9quence : 74 Hz \u2013 20kHz (+ \u2013 2.5 dB).<\/p>\n","protected":false},"featured_media":12004,"template":"","meta":{"_acf_changed":false},"product_brand":[],"product_cat":[1999],"product_tag":[],"class_list":{"0":"post-11789","1":"product","2":"type-product","3":"status-publish","4":"has-post-thumbnail","6":"product_cat-non-classe","7":"product_series-smart-ip","9":"first","10":"instock","11":"shipping-taxable","12":"product-type-simple"},"acf":[],"yoast_head":"<!-- This site is optimized with the Yoast SEO plugin v27.1.1 - https:\/\/yoast.com\/product\/yoast-seo-wordpress\/ -->\n<title>4410A - FR Audio-Technica Distribution<\/title>\n<meta name=\"description\" content=\"La 4410 est une enceinte ultra-compacte, aliment\u00e9e en PoE+ en proposant des performances acoustiques optimales.\" \/>\n<meta name=\"robots\" content=\"index, follow, max-snippet:-1, max-image-preview:large, max-video-preview:-1\" \/>\n<link rel=\"canonical\" href=\"https:\/\/distribution.audio-technica.eu\/fr-fr\/produits\/4410a\/\" \/>\n<meta property=\"og:locale\" content=\"fr_FR\" \/>\n<meta property=\"og:type\" content=\"article\" \/>\n<meta property=\"og:title\" content=\"4410A - FR Audio-Technica Distribution\" \/>\n<meta property=\"og:description\" content=\"La 4410 est une enceinte ultra-compacte, aliment\u00e9e en PoE+ en proposant des performances acoustiques optimales.\" \/>\n<meta property=\"og:url\" content=\"https:\/\/distribution.audio-technica.eu\/fr-fr\/produits\/4410a\/\" \/>\n<meta property=\"og:site_name\" content=\"FR Audio-Technica Distribution\" \/>\n<meta property=\"article:modified_time\" content=\"2024-09-16T13:32:47+00:00\" \/>\n<meta property=\"og:image\" content=\"https:\/\/distribution.audio-technica.eu\/app\/uploads\/sites\/3\/Diseno-sin-titulo-69.png\" \/>\n\t<meta property=\"og:image:width\" content=\"1000\" \/>\n\t<meta property=\"og:image:height\" content=\"1000\" \/>\n\t<meta property=\"og:image:type\" content=\"image\/png\" \/>\n<meta name=\"twitter:card\" content=\"summary_large_image\" \/>\n<meta name=\"twitter:label1\" content=\"Dur\u00e9e de lecture estim\u00e9e\" \/>\n\t<meta name=\"twitter:data1\" content=\"1 minute\" \/>\n<script type=\"application\/ld+json\" class=\"yoast-schema-graph\">{\"@context\":\"https:\/\/schema.org\",\"@graph\":[{\"@type\":\"WebPage\",\"@id\":\"https:\/\/distribution.audio-technica.eu\/fr-fr\/produits\/4410a\/\",\"url\":\"https:\/\/distribution.audio-technica.eu\/fr-fr\/produits\/4410a\/\",\"name\":\"4410A - FR Audio-Technica Distribution\",\"isPartOf\":{\"@id\":\"https:\/\/distribution.audio-technica.eu\/fr-fr\/#website\"},\"primaryImageOfPage\":{\"@id\":\"https:\/\/distribution.audio-technica.eu\/fr-fr\/produits\/4410a\/#primaryimage\"},\"image\":{\"@id\":\"https:\/\/distribution.audio-technica.eu\/fr-fr\/produits\/4410a\/#primaryimage\"},\"thumbnailUrl\":\"\/app\/uploads\/sites\/3\/Diseno-sin-titulo-69.png\",\"datePublished\":\"2024-08-12T10:45:22+00:00\",\"dateModified\":\"2024-09-16T13:32:47+00:00\",\"description\":\"La 4410 est une enceinte ultra-compacte, aliment\u00e9e en PoE+ en proposant des performances acoustiques optimales.\",\"breadcrumb\":{\"@id\":\"https:\/\/distribution.audio-technica.eu\/fr-fr\/produits\/4410a\/#breadcrumb\"},\"inLanguage\":\"fr-FR\",\"potentialAction\":[{\"@type\":\"ReadAction\",\"target\":[\"https:\/\/distribution.audio-technica.eu\/fr-fr\/produits\/4410a\/\"]}]},{\"@type\":\"ImageObject\",\"inLanguage\":\"fr-FR\",\"@id\":\"https:\/\/distribution.audio-technica.eu\/fr-fr\/produits\/4410a\/#primaryimage\",\"url\":\"\/app\/uploads\/sites\/3\/Diseno-sin-titulo-69.png\",\"contentUrl\":\"\/app\/uploads\/sites\/3\/Diseno-sin-titulo-69.png\",\"width\":1000,\"height\":1000},{\"@type\":\"BreadcrumbList\",\"@id\":\"https:\/\/distribution.audio-technica.eu\/fr-fr\/produits\/4410a\/#breadcrumb\",\"itemListElement\":[{\"@type\":\"ListItem\",\"position\":1,\"name\":\"Products\",\"item\":\"https:\/\/distribution.audio-technica.eu\/fr-fr\/\"},{\"@type\":\"ListItem\",\"position\":2,\"name\":\"Produits\",\"item\":\"https:\/\/distribution.audio-technica.eu\/fr-fr\/produits\/\"},{\"@type\":\"ListItem\",\"position\":3,\"name\":\"4410A\"}]},{\"@type\":\"WebSite\",\"@id\":\"https:\/\/distribution.audio-technica.eu\/fr-fr\/#website\",\"url\":\"https:\/\/distribution.audio-technica.eu\/fr-fr\/\",\"name\":\"FR Audio-Technica Distribution\",\"description\":\"\",\"potentialAction\":[{\"@type\":\"SearchAction\",\"target\":{\"@type\":\"EntryPoint\",\"urlTemplate\":\"https:\/\/distribution.audio-technica.eu\/fr-fr\/?s={search_term_string}\"},\"query-input\":{\"@type\":\"PropertyValueSpecification\",\"valueRequired\":true,\"valueName\":\"search_term_string\"}}],\"inLanguage\":\"fr-FR\"}]}<\/script>\n<!-- \/ Yoast SEO plugin. -->","yoast_head_json":{"title":"4410A - FR Audio-Technica Distribution","description":"La 4410 est une enceinte ultra-compacte, aliment\u00e9e en PoE+ en proposant des performances acoustiques optimales.","robots":{"index":"index","follow":"follow","max-snippet":"max-snippet:-1","max-image-preview":"max-image-preview:large","max-video-preview":"max-video-preview:-1"},"canonical":"https:\/\/distribution.audio-technica.eu\/fr-fr\/produits\/4410a\/","og_locale":"fr_FR","og_type":"article","og_title":"4410A - FR Audio-Technica Distribution","og_description":"La 4410 est une enceinte ultra-compacte, aliment\u00e9e en PoE+ en proposant des performances acoustiques optimales.","og_url":"https:\/\/distribution.audio-technica.eu\/fr-fr\/produits\/4410a\/","og_site_name":"FR Audio-Technica Distribution","article_modified_time":"2024-09-16T13:32:47+00:00","og_image":[{"width":1000,"height":1000,"url":"https:\/\/distribution.audio-technica.eu\/app\/uploads\/sites\/3\/Diseno-sin-titulo-69.png","type":"image\/png"}],"twitter_card":"summary_large_image","twitter_misc":{"Dur\u00e9e de lecture estim\u00e9e":"1 minute"},"schema":{"@context":"https:\/\/schema.org","@graph":[{"@type":"WebPage","@id":"https:\/\/distribution.audio-technica.eu\/fr-fr\/produits\/4410a\/","url":"https:\/\/distribution.audio-technica.eu\/fr-fr\/produits\/4410a\/","name":"4410A - FR Audio-Technica Distribution","isPartOf":{"@id":"https:\/\/distribution.audio-technica.eu\/fr-fr\/#website"},"primaryImageOfPage":{"@id":"https:\/\/distribution.audio-technica.eu\/fr-fr\/produits\/4410a\/#primaryimage"},"image":{"@id":"https:\/\/distribution.audio-technica.eu\/fr-fr\/produits\/4410a\/#primaryimage"},"thumbnailUrl":"\/app\/uploads\/sites\/3\/Diseno-sin-titulo-69.png","datePublished":"2024-08-12T10:45:22+00:00","dateModified":"2024-09-16T13:32:47+00:00","description":"La 4410 est une enceinte ultra-compacte, aliment\u00e9e en PoE+ en proposant des performances acoustiques optimales.","breadcrumb":{"@id":"https:\/\/distribution.audio-technica.eu\/fr-fr\/produits\/4410a\/#breadcrumb"},"inLanguage":"fr-FR","potentialAction":[{"@type":"ReadAction","target":["https:\/\/distribution.audio-technica.eu\/fr-fr\/produits\/4410a\/"]}]},{"@type":"ImageObject","inLanguage":"fr-FR","@id":"https:\/\/distribution.audio-technica.eu\/fr-fr\/produits\/4410a\/#primaryimage","url":"\/app\/uploads\/sites\/3\/Diseno-sin-titulo-69.png","contentUrl":"\/app\/uploads\/sites\/3\/Diseno-sin-titulo-69.png","width":1000,"height":1000},{"@type":"BreadcrumbList","@id":"https:\/\/distribution.audio-technica.eu\/fr-fr\/produits\/4410a\/#breadcrumb","itemListElement":[{"@type":"ListItem","position":1,"name":"Products","item":"https:\/\/distribution.audio-technica.eu\/fr-fr\/"},{"@type":"ListItem","position":2,"name":"Produits","item":"https:\/\/distribution.audio-technica.eu\/fr-fr\/produits\/"},{"@type":"ListItem","position":3,"name":"4410A"}]},{"@type":"WebSite","@id":"https:\/\/distribution.audio-technica.eu\/fr-fr\/#website","url":"https:\/\/distribution.audio-technica.eu\/fr-fr\/","name":"FR Audio-Technica Distribution","description":"","potentialAction":[{"@type":"SearchAction","target":{"@type":"EntryPoint","urlTemplate":"https:\/\/distribution.audio-technica.eu\/fr-fr\/?s={search_term_string}"},"query-input":{"@type":"PropertyValueSpecification","valueRequired":true,"valueName":"search_term_string"}}],"inLanguage":"fr-FR"}]}},"_links":{"self":[{"href":"https:\/\/distribution.audio-technica.eu\/fr-fr\/wp-json\/wp\/v2\/product\/11789","targetHints":{"allow":["GET"]}}],"collection":[{"href":"https:\/\/distribution.audio-technica.eu\/fr-fr\/wp-json\/wp\/v2\/product"}],"about":[{"href":"https:\/\/distribution.audio-technica.eu\/fr-fr\/wp-json\/wp\/v2\/types\/product"}],"wp:featuredmedia":[{"embeddable":true,"href":"https:\/\/distribution.audio-technica.eu\/fr-fr\/wp-json\/wp\/v2\/media\/12004"}],"wp:attachment":[{"href":"https:\/\/distribution.audio-technica.eu\/fr-fr\/wp-json\/wp\/v2\/media?parent=11789"}],"wp:term":[{"taxonomy":"product_brand","embeddable":true,"href":"https:\/\/distribution.audio-technica.eu\/fr-fr\/wp-json\/wp\/v2\/product_brand?post=11789"},{"taxonomy":"product_cat","embeddable":true,"href":"https:\/\/distribution.audio-technica.eu\/fr-fr\/wp-json\/wp\/v2\/product_cat?post=11789"},{"taxonomy":"product_tag","embeddable":true,"href":"https:\/\/distribution.audio-technica.eu\/fr-fr\/wp-json\/wp\/v2\/product_tag?post=11789"}],"curies":[{"name":"wp","href":"https:\/\/api.w.org\/{rel}","templated":true}]}}