{"id":11790,"date":"2024-06-28T14:44:28","date_gmt":"2024-06-28T13:44:28","guid":{"rendered":"https:\/\/distribution.audio-technica.eu\/fr-fr\/?post_type=product&#038;p=11790"},"modified":"2024-06-28T14:47:32","modified_gmt":"2024-06-28T13:47:32","slug":"4010a","status":"publish","type":"product","link":"https:\/\/distribution.audio-technica.eu\/fr-fr\/produits\/4010a\/","title":{"rendered":"4010A"},"content":{"rendered":"<p>Un son exceptionnel dans un design compacte. La 4010A offre la m\u00eame clart\u00e9, la m\u00eame fiabilit\u00e9 et la m\u00eame adaptabilit\u00e9 que les membres de sa grande famille de la s\u00e9rie 4000, mais dans un encombrement r\u00e9duit. Fabriqu\u00e9e en Finlande selon des m\u00e9thodes durables certifi\u00e9es, la 4010A allie des performances de premier ordre \u00e0 une esth\u00e9tique magnifique.<\/p>\n<p>Son bo\u00eetier en aluminium recycl\u00e9 offre une superbe directivit\u00e9 et r\u00e9duit les r\u00e9flexions, ce qui, associ\u00e9 aux s\u00e9lecteurs de pr\u00e9accentuation int\u00e9gr\u00e9s, permet de produire une qualit\u00e9 sonore pr\u00e9cise et intelligible, m\u00eame dans les espaces acoustiques les plus difficiles.<\/p>\n<p>&nbsp;<\/p>\n<p><strong>Applications :\u00a0<\/strong><\/p>\n<p>Enceinte d&rsquo;installation versatile pour petite diffusion.<\/p>\n","protected":false},"excerpt":{"rendered":"<p>Enceinte d\u2019installation deux voies bi-amplifi\u00e9, 3\u201d.<\/p>\n<p>\u2013 C\u00e2ble d\u2019alimentation EUR 1,8m 3&#215;0,75, Connecteur Euroblock entr\u00e9e analogique F 3 POS 5mm, support mural et vis pour le support mural.<br \/>\n\u2013 Directivit\u00e9 contr\u00f4l\u00e9e.<br \/>\n\u2013 Qualit\u00e9 sonore exceptionnelle dans un format compact.<br \/>\n\u2013 Conducteurs : 1\u00d73\u201d et 1\u00d73\u201d et 1x\u00be\u201d.<br \/>\n\u2013 Puissance de l\u2019ampli : Basses 25 W et Aigus 25 W.<br \/>\n\u2013 Disponible en noir et blanc.<\/p>\n","protected":false},"featured_media":11791,"template":"","meta":{"_acf_changed":false},"product_brand":[],"product_cat":[2158,2144],"product_tag":[],"class_list":{"0":"post-11790","1":"product","2":"type-product","3":"status-publish","4":"has-post-thumbnail","6":"product_cat-2158","7":"product_cat-enceintes","8":"product_series-serie-4000","10":"first","11":"instock","12":"shipping-taxable","13":"product-type-simple"},"acf":[],"yoast_head":"<!-- This site is optimized with the Yoast SEO plugin v27.1.1 - https:\/\/yoast.com\/product\/yoast-seo-wordpress\/ -->\n<title>4010A - FR Audio-Technica Distribution<\/title>\n<meta name=\"description\" content=\"Un son exceptionnel dans un design compacte. La 4010A offre la m\u00eame clart\u00e9, la m\u00eame fiabilit\u00e9 et la m\u00eame adaptabilit\u00e9 que les membres de sa grande famille de la s\u00e9rie 4000, mais dans un encombrement r\u00e9duit.\" \/>\n<meta name=\"robots\" content=\"index, follow, max-snippet:-1, max-image-preview:large, max-video-preview:-1\" \/>\n<link rel=\"canonical\" href=\"https:\/\/distribution.audio-technica.eu\/fr-fr\/produits\/4010a\/\" \/>\n<meta property=\"og:locale\" content=\"fr_FR\" \/>\n<meta property=\"og:type\" content=\"article\" \/>\n<meta property=\"og:title\" content=\"4010A - FR Audio-Technica Distribution\" \/>\n<meta property=\"og:description\" content=\"Un son exceptionnel dans un design compacte. La 4010A offre la m\u00eame clart\u00e9, la m\u00eame fiabilit\u00e9 et la m\u00eame adaptabilit\u00e9 que les membres de sa grande famille de la s\u00e9rie 4000, mais dans un encombrement r\u00e9duit.\" \/>\n<meta property=\"og:url\" content=\"https:\/\/distribution.audio-technica.eu\/fr-fr\/produits\/4010a\/\" \/>\n<meta property=\"og:site_name\" content=\"FR Audio-Technica Distribution\" \/>\n<meta property=\"article:modified_time\" content=\"2024-06-28T13:47:32+00:00\" \/>\n<meta property=\"og:image\" content=\"https:\/\/distribution.audio-technica.eu\/app\/uploads\/sites\/3\/4010A-front.jpg\" \/>\n\t<meta property=\"og:image:width\" content=\"831\" \/>\n\t<meta property=\"og:image:height\" content=\"847\" \/>\n\t<meta property=\"og:image:type\" content=\"image\/jpeg\" \/>\n<meta name=\"twitter:card\" content=\"summary_large_image\" \/>\n<meta name=\"twitter:label1\" content=\"Dur\u00e9e de lecture estim\u00e9e\" \/>\n\t<meta name=\"twitter:data1\" content=\"1 minute\" \/>\n<script type=\"application\/ld+json\" class=\"yoast-schema-graph\">{\"@context\":\"https:\/\/schema.org\",\"@graph\":[{\"@type\":\"WebPage\",\"@id\":\"https:\/\/distribution.audio-technica.eu\/fr-fr\/produits\/4010a\/\",\"url\":\"https:\/\/distribution.audio-technica.eu\/fr-fr\/produits\/4010a\/\",\"name\":\"4010A - FR Audio-Technica Distribution\",\"isPartOf\":{\"@id\":\"https:\/\/distribution.audio-technica.eu\/fr-fr\/#website\"},\"primaryImageOfPage\":{\"@id\":\"https:\/\/distribution.audio-technica.eu\/fr-fr\/produits\/4010a\/#primaryimage\"},\"image\":{\"@id\":\"https:\/\/distribution.audio-technica.eu\/fr-fr\/produits\/4010a\/#primaryimage\"},\"thumbnailUrl\":\"\/app\/uploads\/sites\/3\/4010A-front.jpg\",\"datePublished\":\"2024-06-28T13:44:28+00:00\",\"dateModified\":\"2024-06-28T13:47:32+00:00\",\"description\":\"Un son exceptionnel dans un design compacte. La 4010A offre la m\u00eame clart\u00e9, la m\u00eame fiabilit\u00e9 et la m\u00eame adaptabilit\u00e9 que les membres de sa grande famille de la s\u00e9rie 4000, mais dans un encombrement r\u00e9duit.\",\"breadcrumb\":{\"@id\":\"https:\/\/distribution.audio-technica.eu\/fr-fr\/produits\/4010a\/#breadcrumb\"},\"inLanguage\":\"fr-FR\",\"potentialAction\":[{\"@type\":\"ReadAction\",\"target\":[\"https:\/\/distribution.audio-technica.eu\/fr-fr\/produits\/4010a\/\"]}]},{\"@type\":\"ImageObject\",\"inLanguage\":\"fr-FR\",\"@id\":\"https:\/\/distribution.audio-technica.eu\/fr-fr\/produits\/4010a\/#primaryimage\",\"url\":\"\/app\/uploads\/sites\/3\/4010A-front.jpg\",\"contentUrl\":\"\/app\/uploads\/sites\/3\/4010A-front.jpg\",\"width\":831,\"height\":847},{\"@type\":\"BreadcrumbList\",\"@id\":\"https:\/\/distribution.audio-technica.eu\/fr-fr\/produits\/4010a\/#breadcrumb\",\"itemListElement\":[{\"@type\":\"ListItem\",\"position\":1,\"name\":\"Products\",\"item\":\"https:\/\/distribution.audio-technica.eu\/fr-fr\/\"},{\"@type\":\"ListItem\",\"position\":2,\"name\":\"Produits\",\"item\":\"https:\/\/distribution.audio-technica.eu\/fr-fr\/produits\/\"},{\"@type\":\"ListItem\",\"position\":3,\"name\":\"4010A\"}]},{\"@type\":\"WebSite\",\"@id\":\"https:\/\/distribution.audio-technica.eu\/fr-fr\/#website\",\"url\":\"https:\/\/distribution.audio-technica.eu\/fr-fr\/\",\"name\":\"FR Audio-Technica Distribution\",\"description\":\"\",\"potentialAction\":[{\"@type\":\"SearchAction\",\"target\":{\"@type\":\"EntryPoint\",\"urlTemplate\":\"https:\/\/distribution.audio-technica.eu\/fr-fr\/?s={search_term_string}\"},\"query-input\":{\"@type\":\"PropertyValueSpecification\",\"valueRequired\":true,\"valueName\":\"search_term_string\"}}],\"inLanguage\":\"fr-FR\"}]}<\/script>\n<!-- \/ Yoast SEO plugin. -->","yoast_head_json":{"title":"4010A - FR Audio-Technica Distribution","description":"Un son exceptionnel dans un design compacte. La 4010A offre la m\u00eame clart\u00e9, la m\u00eame fiabilit\u00e9 et la m\u00eame adaptabilit\u00e9 que les membres de sa grande famille de la s\u00e9rie 4000, mais dans un encombrement r\u00e9duit.","robots":{"index":"index","follow":"follow","max-snippet":"max-snippet:-1","max-image-preview":"max-image-preview:large","max-video-preview":"max-video-preview:-1"},"canonical":"https:\/\/distribution.audio-technica.eu\/fr-fr\/produits\/4010a\/","og_locale":"fr_FR","og_type":"article","og_title":"4010A - FR Audio-Technica Distribution","og_description":"Un son exceptionnel dans un design compacte. La 4010A offre la m\u00eame clart\u00e9, la m\u00eame fiabilit\u00e9 et la m\u00eame adaptabilit\u00e9 que les membres de sa grande famille de la s\u00e9rie 4000, mais dans un encombrement r\u00e9duit.","og_url":"https:\/\/distribution.audio-technica.eu\/fr-fr\/produits\/4010a\/","og_site_name":"FR Audio-Technica Distribution","article_modified_time":"2024-06-28T13:47:32+00:00","og_image":[{"width":831,"height":847,"url":"https:\/\/distribution.audio-technica.eu\/app\/uploads\/sites\/3\/4010A-front.jpg","type":"image\/jpeg"}],"twitter_card":"summary_large_image","twitter_misc":{"Dur\u00e9e de lecture estim\u00e9e":"1 minute"},"schema":{"@context":"https:\/\/schema.org","@graph":[{"@type":"WebPage","@id":"https:\/\/distribution.audio-technica.eu\/fr-fr\/produits\/4010a\/","url":"https:\/\/distribution.audio-technica.eu\/fr-fr\/produits\/4010a\/","name":"4010A - FR Audio-Technica Distribution","isPartOf":{"@id":"https:\/\/distribution.audio-technica.eu\/fr-fr\/#website"},"primaryImageOfPage":{"@id":"https:\/\/distribution.audio-technica.eu\/fr-fr\/produits\/4010a\/#primaryimage"},"image":{"@id":"https:\/\/distribution.audio-technica.eu\/fr-fr\/produits\/4010a\/#primaryimage"},"thumbnailUrl":"\/app\/uploads\/sites\/3\/4010A-front.jpg","datePublished":"2024-06-28T13:44:28+00:00","dateModified":"2024-06-28T13:47:32+00:00","description":"Un son exceptionnel dans un design compacte. La 4010A offre la m\u00eame clart\u00e9, la m\u00eame fiabilit\u00e9 et la m\u00eame adaptabilit\u00e9 que les membres de sa grande famille de la s\u00e9rie 4000, mais dans un encombrement r\u00e9duit.","breadcrumb":{"@id":"https:\/\/distribution.audio-technica.eu\/fr-fr\/produits\/4010a\/#breadcrumb"},"inLanguage":"fr-FR","potentialAction":[{"@type":"ReadAction","target":["https:\/\/distribution.audio-technica.eu\/fr-fr\/produits\/4010a\/"]}]},{"@type":"ImageObject","inLanguage":"fr-FR","@id":"https:\/\/distribution.audio-technica.eu\/fr-fr\/produits\/4010a\/#primaryimage","url":"\/app\/uploads\/sites\/3\/4010A-front.jpg","contentUrl":"\/app\/uploads\/sites\/3\/4010A-front.jpg","width":831,"height":847},{"@type":"BreadcrumbList","@id":"https:\/\/distribution.audio-technica.eu\/fr-fr\/produits\/4010a\/#breadcrumb","itemListElement":[{"@type":"ListItem","position":1,"name":"Products","item":"https:\/\/distribution.audio-technica.eu\/fr-fr\/"},{"@type":"ListItem","position":2,"name":"Produits","item":"https:\/\/distribution.audio-technica.eu\/fr-fr\/produits\/"},{"@type":"ListItem","position":3,"name":"4010A"}]},{"@type":"WebSite","@id":"https:\/\/distribution.audio-technica.eu\/fr-fr\/#website","url":"https:\/\/distribution.audio-technica.eu\/fr-fr\/","name":"FR Audio-Technica Distribution","description":"","potentialAction":[{"@type":"SearchAction","target":{"@type":"EntryPoint","urlTemplate":"https:\/\/distribution.audio-technica.eu\/fr-fr\/?s={search_term_string}"},"query-input":{"@type":"PropertyValueSpecification","valueRequired":true,"valueName":"search_term_string"}}],"inLanguage":"fr-FR"}]}},"_links":{"self":[{"href":"https:\/\/distribution.audio-technica.eu\/fr-fr\/wp-json\/wp\/v2\/product\/11790","targetHints":{"allow":["GET"]}}],"collection":[{"href":"https:\/\/distribution.audio-technica.eu\/fr-fr\/wp-json\/wp\/v2\/product"}],"about":[{"href":"https:\/\/distribution.audio-technica.eu\/fr-fr\/wp-json\/wp\/v2\/types\/product"}],"wp:featuredmedia":[{"embeddable":true,"href":"https:\/\/distribution.audio-technica.eu\/fr-fr\/wp-json\/wp\/v2\/media\/11791"}],"wp:attachment":[{"href":"https:\/\/distribution.audio-technica.eu\/fr-fr\/wp-json\/wp\/v2\/media?parent=11790"}],"wp:term":[{"taxonomy":"product_brand","embeddable":true,"href":"https:\/\/distribution.audio-technica.eu\/fr-fr\/wp-json\/wp\/v2\/product_brand?post=11790"},{"taxonomy":"product_cat","embeddable":true,"href":"https:\/\/distribution.audio-technica.eu\/fr-fr\/wp-json\/wp\/v2\/product_cat?post=11790"},{"taxonomy":"product_tag","embeddable":true,"href":"https:\/\/distribution.audio-technica.eu\/fr-fr\/wp-json\/wp\/v2\/product_tag?post=11790"}],"curies":[{"name":"wp","href":"https:\/\/api.w.org\/{rel}","templated":true}]}}