{"id":11798,"date":"2024-06-28T14:42:25","date_gmt":"2024-06-28T13:42:25","guid":{"rendered":"https:\/\/distribution.audio-technica.eu\/fr-fr\/?post_type=product&#038;p=11798"},"modified":"2024-06-28T14:47:48","modified_gmt":"2024-06-28T13:47:48","slug":"4020c","status":"publish","type":"product","link":"https:\/\/distribution.audio-technica.eu\/fr-fr\/produits\/4020c\/","title":{"rendered":"4020C"},"content":{"rendered":"<p>Lorsque l\u2019espace est restreint, la <strong>4020C<\/strong> est votre meilleure alli\u00e9e compacte et fid\u00e8le. Con\u00e7ue pour les installations commerciales exigeantes, la <strong>4020C<\/strong> r\u00e9unit d\u2019\u00e9normes performances dans un petit bo\u00eetier.<\/p>\n<p>Partenaire parfait pour tout moniteur en champ proche, en particulier nos propres mod\u00e8les 8010, 8020 et 8030, la 4020C pr\u00e9sente un certain nombre d\u2019am\u00e9liorations concernant l\u2019amplification par rapport \u00e0 ses pr\u00e9d\u00e9cesseurs A et B, notamment une gestion des basses int\u00e9gr\u00e9e, une distorsion plus faible, une alimentation universelle \u00e0 d\u00e9coupage et un niveau de pression acoustique maximal accru de 100 dB.<\/p>\n<p><strong>Applications :<\/strong><\/p>\n<p>Clubs, bars, restaurants, salles de conf\u00e9rence, mus\u00e9es et th\u00e9\u00e2tres<\/p>\n","protected":false},"excerpt":{"rendered":"<p>Enceinte d\u2019installation deux voies bi-amplifi\u00e9, 4\u201d.<\/p>\n<p>\u2013 C\u00e2ble d\u2019alimentation EUR 1,8m 3&#215;0,75, Connecteur Euroblock entr\u00e9e<br \/>\nanalogique F 3 POS 5mm, support mural et vis pour le support mural.<br \/>\n\u2013 Directivit\u00e9 contr\u00f4l\u00e9e.<br \/>\n\u2013 Qualit\u00e9 sonore exceptionnelle dans un format compact.<br \/>\n\u2013 1\u00d74\u201d et 1x\u00be\u201d conducteurs DCW.<br \/>\n\u2013 Puissance de l\u2019ampli : Basses 50 W et Aigus 50 W.<br \/>\n\u2013 Disponible en noir, blanc, aluminium RAW et 120 couleurs RAL.<\/p>\n","protected":false},"featured_media":11799,"template":"","meta":{"_acf_changed":false},"product_brand":[],"product_cat":[2158,2144],"product_tag":[],"class_list":{"0":"post-11798","1":"product","2":"type-product","3":"status-publish","4":"has-post-thumbnail","6":"product_cat-2158","7":"product_cat-enceintes","8":"product_series-serie-4000","10":"first","11":"instock","12":"shipping-taxable","13":"product-type-simple"},"acf":[],"yoast_head":"<!-- This site is optimized with the Yoast SEO plugin v27.1.1 - https:\/\/yoast.com\/product\/yoast-seo-wordpress\/ -->\n<title>4020C - FR Audio-Technica Distribution<\/title>\n<meta name=\"description\" content=\"Partenaire parfait pour tout moniteur en champ proche, en particulier nos propres mod\u00e8les 8010, 8020 et 8030, la 4020C pr\u00e9sente un certain nombre d\u2019am\u00e9liorations concernant l\u2019amplification\" \/>\n<meta name=\"robots\" content=\"index, follow, max-snippet:-1, max-image-preview:large, max-video-preview:-1\" \/>\n<link rel=\"canonical\" href=\"https:\/\/distribution.audio-technica.eu\/fr-fr\/produits\/4020c\/\" \/>\n<meta property=\"og:locale\" content=\"fr_FR\" \/>\n<meta property=\"og:type\" content=\"article\" \/>\n<meta property=\"og:title\" content=\"4020C - FR Audio-Technica Distribution\" \/>\n<meta property=\"og:description\" content=\"Partenaire parfait pour tout moniteur en champ proche, en particulier nos propres mod\u00e8les 8010, 8020 et 8030, la 4020C pr\u00e9sente un certain nombre d\u2019am\u00e9liorations concernant l\u2019amplification\" \/>\n<meta property=\"og:url\" content=\"https:\/\/distribution.audio-technica.eu\/fr-fr\/produits\/4020c\/\" \/>\n<meta property=\"og:site_name\" content=\"FR Audio-Technica Distribution\" \/>\n<meta property=\"article:modified_time\" content=\"2024-06-28T13:47:48+00:00\" \/>\n<meta property=\"og:image\" content=\"https:\/\/distribution.audio-technica.eu\/app\/uploads\/sites\/3\/4020C-front-1.jpg\" \/>\n\t<meta property=\"og:image:width\" content=\"702\" \/>\n\t<meta property=\"og:image:height\" content=\"831\" \/>\n\t<meta property=\"og:image:type\" content=\"image\/jpeg\" \/>\n<meta name=\"twitter:card\" content=\"summary_large_image\" \/>\n<meta name=\"twitter:label1\" content=\"Dur\u00e9e de lecture estim\u00e9e\" \/>\n\t<meta name=\"twitter:data1\" content=\"1 minute\" \/>\n<script type=\"application\/ld+json\" class=\"yoast-schema-graph\">{\"@context\":\"https:\/\/schema.org\",\"@graph\":[{\"@type\":\"WebPage\",\"@id\":\"https:\/\/distribution.audio-technica.eu\/fr-fr\/produits\/4020c\/\",\"url\":\"https:\/\/distribution.audio-technica.eu\/fr-fr\/produits\/4020c\/\",\"name\":\"4020C - FR Audio-Technica Distribution\",\"isPartOf\":{\"@id\":\"https:\/\/distribution.audio-technica.eu\/fr-fr\/#website\"},\"primaryImageOfPage\":{\"@id\":\"https:\/\/distribution.audio-technica.eu\/fr-fr\/produits\/4020c\/#primaryimage\"},\"image\":{\"@id\":\"https:\/\/distribution.audio-technica.eu\/fr-fr\/produits\/4020c\/#primaryimage\"},\"thumbnailUrl\":\"\/app\/uploads\/sites\/3\/4020C-front-1.jpg\",\"datePublished\":\"2024-06-28T13:42:25+00:00\",\"dateModified\":\"2024-06-28T13:47:48+00:00\",\"description\":\"Partenaire parfait pour tout moniteur en champ proche, en particulier nos propres mod\u00e8les 8010, 8020 et 8030, la 4020C pr\u00e9sente un certain nombre d\u2019am\u00e9liorations concernant l\u2019amplification\",\"breadcrumb\":{\"@id\":\"https:\/\/distribution.audio-technica.eu\/fr-fr\/produits\/4020c\/#breadcrumb\"},\"inLanguage\":\"fr-FR\",\"potentialAction\":[{\"@type\":\"ReadAction\",\"target\":[\"https:\/\/distribution.audio-technica.eu\/fr-fr\/produits\/4020c\/\"]}]},{\"@type\":\"ImageObject\",\"inLanguage\":\"fr-FR\",\"@id\":\"https:\/\/distribution.audio-technica.eu\/fr-fr\/produits\/4020c\/#primaryimage\",\"url\":\"\/app\/uploads\/sites\/3\/4020C-front-1.jpg\",\"contentUrl\":\"\/app\/uploads\/sites\/3\/4020C-front-1.jpg\",\"width\":702,\"height\":831},{\"@type\":\"BreadcrumbList\",\"@id\":\"https:\/\/distribution.audio-technica.eu\/fr-fr\/produits\/4020c\/#breadcrumb\",\"itemListElement\":[{\"@type\":\"ListItem\",\"position\":1,\"name\":\"Products\",\"item\":\"https:\/\/distribution.audio-technica.eu\/fr-fr\/\"},{\"@type\":\"ListItem\",\"position\":2,\"name\":\"Produits\",\"item\":\"https:\/\/distribution.audio-technica.eu\/fr-fr\/produits\/\"},{\"@type\":\"ListItem\",\"position\":3,\"name\":\"4020C\"}]},{\"@type\":\"WebSite\",\"@id\":\"https:\/\/distribution.audio-technica.eu\/fr-fr\/#website\",\"url\":\"https:\/\/distribution.audio-technica.eu\/fr-fr\/\",\"name\":\"FR Audio-Technica Distribution\",\"description\":\"\",\"potentialAction\":[{\"@type\":\"SearchAction\",\"target\":{\"@type\":\"EntryPoint\",\"urlTemplate\":\"https:\/\/distribution.audio-technica.eu\/fr-fr\/?s={search_term_string}\"},\"query-input\":{\"@type\":\"PropertyValueSpecification\",\"valueRequired\":true,\"valueName\":\"search_term_string\"}}],\"inLanguage\":\"fr-FR\"}]}<\/script>\n<!-- \/ Yoast SEO plugin. -->","yoast_head_json":{"title":"4020C - FR Audio-Technica Distribution","description":"Partenaire parfait pour tout moniteur en champ proche, en particulier nos propres mod\u00e8les 8010, 8020 et 8030, la 4020C pr\u00e9sente un certain nombre d\u2019am\u00e9liorations concernant l\u2019amplification","robots":{"index":"index","follow":"follow","max-snippet":"max-snippet:-1","max-image-preview":"max-image-preview:large","max-video-preview":"max-video-preview:-1"},"canonical":"https:\/\/distribution.audio-technica.eu\/fr-fr\/produits\/4020c\/","og_locale":"fr_FR","og_type":"article","og_title":"4020C - FR Audio-Technica Distribution","og_description":"Partenaire parfait pour tout moniteur en champ proche, en particulier nos propres mod\u00e8les 8010, 8020 et 8030, la 4020C pr\u00e9sente un certain nombre d\u2019am\u00e9liorations concernant l\u2019amplification","og_url":"https:\/\/distribution.audio-technica.eu\/fr-fr\/produits\/4020c\/","og_site_name":"FR Audio-Technica Distribution","article_modified_time":"2024-06-28T13:47:48+00:00","og_image":[{"width":702,"height":831,"url":"https:\/\/distribution.audio-technica.eu\/app\/uploads\/sites\/3\/4020C-front-1.jpg","type":"image\/jpeg"}],"twitter_card":"summary_large_image","twitter_misc":{"Dur\u00e9e de lecture estim\u00e9e":"1 minute"},"schema":{"@context":"https:\/\/schema.org","@graph":[{"@type":"WebPage","@id":"https:\/\/distribution.audio-technica.eu\/fr-fr\/produits\/4020c\/","url":"https:\/\/distribution.audio-technica.eu\/fr-fr\/produits\/4020c\/","name":"4020C - FR Audio-Technica Distribution","isPartOf":{"@id":"https:\/\/distribution.audio-technica.eu\/fr-fr\/#website"},"primaryImageOfPage":{"@id":"https:\/\/distribution.audio-technica.eu\/fr-fr\/produits\/4020c\/#primaryimage"},"image":{"@id":"https:\/\/distribution.audio-technica.eu\/fr-fr\/produits\/4020c\/#primaryimage"},"thumbnailUrl":"\/app\/uploads\/sites\/3\/4020C-front-1.jpg","datePublished":"2024-06-28T13:42:25+00:00","dateModified":"2024-06-28T13:47:48+00:00","description":"Partenaire parfait pour tout moniteur en champ proche, en particulier nos propres mod\u00e8les 8010, 8020 et 8030, la 4020C pr\u00e9sente un certain nombre d\u2019am\u00e9liorations concernant l\u2019amplification","breadcrumb":{"@id":"https:\/\/distribution.audio-technica.eu\/fr-fr\/produits\/4020c\/#breadcrumb"},"inLanguage":"fr-FR","potentialAction":[{"@type":"ReadAction","target":["https:\/\/distribution.audio-technica.eu\/fr-fr\/produits\/4020c\/"]}]},{"@type":"ImageObject","inLanguage":"fr-FR","@id":"https:\/\/distribution.audio-technica.eu\/fr-fr\/produits\/4020c\/#primaryimage","url":"\/app\/uploads\/sites\/3\/4020C-front-1.jpg","contentUrl":"\/app\/uploads\/sites\/3\/4020C-front-1.jpg","width":702,"height":831},{"@type":"BreadcrumbList","@id":"https:\/\/distribution.audio-technica.eu\/fr-fr\/produits\/4020c\/#breadcrumb","itemListElement":[{"@type":"ListItem","position":1,"name":"Products","item":"https:\/\/distribution.audio-technica.eu\/fr-fr\/"},{"@type":"ListItem","position":2,"name":"Produits","item":"https:\/\/distribution.audio-technica.eu\/fr-fr\/produits\/"},{"@type":"ListItem","position":3,"name":"4020C"}]},{"@type":"WebSite","@id":"https:\/\/distribution.audio-technica.eu\/fr-fr\/#website","url":"https:\/\/distribution.audio-technica.eu\/fr-fr\/","name":"FR Audio-Technica Distribution","description":"","potentialAction":[{"@type":"SearchAction","target":{"@type":"EntryPoint","urlTemplate":"https:\/\/distribution.audio-technica.eu\/fr-fr\/?s={search_term_string}"},"query-input":{"@type":"PropertyValueSpecification","valueRequired":true,"valueName":"search_term_string"}}],"inLanguage":"fr-FR"}]}},"_links":{"self":[{"href":"https:\/\/distribution.audio-technica.eu\/fr-fr\/wp-json\/wp\/v2\/product\/11798","targetHints":{"allow":["GET"]}}],"collection":[{"href":"https:\/\/distribution.audio-technica.eu\/fr-fr\/wp-json\/wp\/v2\/product"}],"about":[{"href":"https:\/\/distribution.audio-technica.eu\/fr-fr\/wp-json\/wp\/v2\/types\/product"}],"wp:featuredmedia":[{"embeddable":true,"href":"https:\/\/distribution.audio-technica.eu\/fr-fr\/wp-json\/wp\/v2\/media\/11799"}],"wp:attachment":[{"href":"https:\/\/distribution.audio-technica.eu\/fr-fr\/wp-json\/wp\/v2\/media?parent=11798"}],"wp:term":[{"taxonomy":"product_brand","embeddable":true,"href":"https:\/\/distribution.audio-technica.eu\/fr-fr\/wp-json\/wp\/v2\/product_brand?post=11798"},{"taxonomy":"product_cat","embeddable":true,"href":"https:\/\/distribution.audio-technica.eu\/fr-fr\/wp-json\/wp\/v2\/product_cat?post=11798"},{"taxonomy":"product_tag","embeddable":true,"href":"https:\/\/distribution.audio-technica.eu\/fr-fr\/wp-json\/wp\/v2\/product_tag?post=11798"}],"curies":[{"name":"wp","href":"https:\/\/api.w.org\/{rel}","templated":true}]}}