{"id":11807,"date":"2024-06-28T14:38:08","date_gmt":"2024-06-28T13:38:08","guid":{"rendered":"https:\/\/distribution.audio-technica.eu\/fr-fr\/?post_type=product&#038;p=11807"},"modified":"2024-06-28T14:48:39","modified_gmt":"2024-06-28T13:48:39","slug":"4040a","status":"publish","type":"product","link":"https:\/\/distribution.audio-technica.eu\/fr-fr\/produits\/4040a\/","title":{"rendered":"4040A"},"content":{"rendered":"<p>Le plus grand des mod\u00e8les de la s\u00e9rie 4000, l\u2019embl\u00e9matique <strong>4040A<\/strong> est con\u00e7u pour les grandes installations fixes qui exigent des niveaux de lecture plus \u00e9lev\u00e9s et une plus grande extension des basses fr\u00e9quences.<\/p>\n<p>Avec une esth\u00e9tique magnifique et 120 finitions de couleurs RAL possibles, la <strong>4040A<\/strong> offre la pr\u00e9cision et la clart\u00e9 qui sont la marque de fabrique de Genelec, avec une directivit\u00e9 contr\u00f4l\u00e9e et la capacit\u00e9 de s\u2019adapter \u00e0 des environnements acoustiques difficiles gr\u00e2ce \u00e0 de simples interrupteurs de compensation de pi\u00e8ce sur le panneau arri\u00e8re. Cela garantit un son clair, intelligible et sans fatigue, quel que soit le niveau de lecture, ainsi qu\u2019une fiabilit\u00e9 \u00e0 toute \u00e9preuve 24 heures sur 24, 7 jours sur 7, en standard.<\/p>\n<p>&nbsp;<\/p>\n<p><strong>Applications:<\/strong><\/p>\n<p>Enceinte versatile pour diffusion grande salle, type clubs, bars, restaurants, salles de conf\u00e9rence, mus\u00e9es et th\u00e9\u00e2tres.<\/p>\n","protected":false},"excerpt":{"rendered":"<p>Enceinte d\u2019installation deux voies bi-amplifi\u00e9e 6,5\u201d.<\/p>\n<p>\u2013 Circuit de d\u00e9tection intelligente des signaux (ISS).<br \/>\n\u2013 Directivit\u00e9 contr\u00f4l\u00e9e.<br \/>\n\u2013 Une qualit\u00e9 sonore exceptionnelle dans un format compact.<br \/>\n\u2013 Conducteurs : 1\u00d76.5\u201d, 1\u00d76.5\u201d, 1x\u00be\u201d DCW.<br \/>\n\u2013 C\u00e2ble d\u2019alimentation EUR 1,8m 3&#215;0,75, Connecteur Euroblock entr\u00e9e analogique F 3 POS 5mm, support mural et vis pour le support mural.<br \/>\n\u2013 Puissance de l\u2019ampli : Basses 120 W et Aigus 120 W.<br \/>\n\u2013 Disponible en noir, blanc, aluminium RAW et 120 couleurs RAL.<\/p>\n","protected":false},"featured_media":11808,"template":"","meta":{"_acf_changed":false},"product_brand":[],"product_cat":[2158,2144],"product_tag":[],"class_list":{"0":"post-11807","1":"product","2":"type-product","3":"status-publish","4":"has-post-thumbnail","6":"product_cat-2158","7":"product_cat-enceintes","8":"product_series-serie-4000","10":"first","11":"instock","12":"shipping-taxable","13":"product-type-simple"},"acf":[],"yoast_head":"<!-- This site is optimized with the Yoast SEO plugin v27.1.1 - https:\/\/yoast.com\/product\/yoast-seo-wordpress\/ -->\n<title>4040A - FR Audio-Technica Distribution<\/title>\n<meta name=\"description\" content=\"Avec une esth\u00e9tique magnifique et 120 finitions de couleurs RAL possibles, la 4040A offre la pr\u00e9cision et la clart\u00e9 qui sont la marque de fabrique de Genelec.\" \/>\n<meta name=\"robots\" content=\"index, follow, max-snippet:-1, max-image-preview:large, max-video-preview:-1\" \/>\n<link rel=\"canonical\" href=\"https:\/\/distribution.audio-technica.eu\/fr-fr\/produits\/4040a\/\" \/>\n<meta property=\"og:locale\" content=\"fr_FR\" \/>\n<meta property=\"og:type\" content=\"article\" \/>\n<meta property=\"og:title\" content=\"4040A - FR Audio-Technica Distribution\" \/>\n<meta property=\"og:description\" content=\"Avec une esth\u00e9tique magnifique et 120 finitions de couleurs RAL possibles, la 4040A offre la pr\u00e9cision et la clart\u00e9 qui sont la marque de fabrique de Genelec.\" \/>\n<meta property=\"og:url\" content=\"https:\/\/distribution.audio-technica.eu\/fr-fr\/produits\/4040a\/\" \/>\n<meta property=\"og:site_name\" content=\"FR Audio-Technica Distribution\" \/>\n<meta property=\"article:modified_time\" content=\"2024-06-28T13:48:39+00:00\" \/>\n<meta property=\"og:image\" content=\"https:\/\/distribution.audio-technica.eu\/app\/uploads\/sites\/3\/4040A-front.jpg\" \/>\n\t<meta property=\"og:image:width\" content=\"726\" \/>\n\t<meta property=\"og:image:height\" content=\"812\" \/>\n\t<meta property=\"og:image:type\" content=\"image\/jpeg\" \/>\n<meta name=\"twitter:card\" content=\"summary_large_image\" \/>\n<meta name=\"twitter:label1\" content=\"Dur\u00e9e de lecture estim\u00e9e\" \/>\n\t<meta name=\"twitter:data1\" content=\"1 minute\" \/>\n<script type=\"application\/ld+json\" class=\"yoast-schema-graph\">{\"@context\":\"https:\/\/schema.org\",\"@graph\":[{\"@type\":\"WebPage\",\"@id\":\"https:\/\/distribution.audio-technica.eu\/fr-fr\/produits\/4040a\/\",\"url\":\"https:\/\/distribution.audio-technica.eu\/fr-fr\/produits\/4040a\/\",\"name\":\"4040A - FR Audio-Technica Distribution\",\"isPartOf\":{\"@id\":\"https:\/\/distribution.audio-technica.eu\/fr-fr\/#website\"},\"primaryImageOfPage\":{\"@id\":\"https:\/\/distribution.audio-technica.eu\/fr-fr\/produits\/4040a\/#primaryimage\"},\"image\":{\"@id\":\"https:\/\/distribution.audio-technica.eu\/fr-fr\/produits\/4040a\/#primaryimage\"},\"thumbnailUrl\":\"\/app\/uploads\/sites\/3\/4040A-front.jpg\",\"datePublished\":\"2024-06-28T13:38:08+00:00\",\"dateModified\":\"2024-06-28T13:48:39+00:00\",\"description\":\"Avec une esth\u00e9tique magnifique et 120 finitions de couleurs RAL possibles, la 4040A offre la pr\u00e9cision et la clart\u00e9 qui sont la marque de fabrique de Genelec.\",\"breadcrumb\":{\"@id\":\"https:\/\/distribution.audio-technica.eu\/fr-fr\/produits\/4040a\/#breadcrumb\"},\"inLanguage\":\"fr-FR\",\"potentialAction\":[{\"@type\":\"ReadAction\",\"target\":[\"https:\/\/distribution.audio-technica.eu\/fr-fr\/produits\/4040a\/\"]}]},{\"@type\":\"ImageObject\",\"inLanguage\":\"fr-FR\",\"@id\":\"https:\/\/distribution.audio-technica.eu\/fr-fr\/produits\/4040a\/#primaryimage\",\"url\":\"\/app\/uploads\/sites\/3\/4040A-front.jpg\",\"contentUrl\":\"\/app\/uploads\/sites\/3\/4040A-front.jpg\",\"width\":726,\"height\":812},{\"@type\":\"BreadcrumbList\",\"@id\":\"https:\/\/distribution.audio-technica.eu\/fr-fr\/produits\/4040a\/#breadcrumb\",\"itemListElement\":[{\"@type\":\"ListItem\",\"position\":1,\"name\":\"Products\",\"item\":\"https:\/\/distribution.audio-technica.eu\/fr-fr\/\"},{\"@type\":\"ListItem\",\"position\":2,\"name\":\"Produits\",\"item\":\"https:\/\/distribution.audio-technica.eu\/fr-fr\/produits\/\"},{\"@type\":\"ListItem\",\"position\":3,\"name\":\"4040A\"}]},{\"@type\":\"WebSite\",\"@id\":\"https:\/\/distribution.audio-technica.eu\/fr-fr\/#website\",\"url\":\"https:\/\/distribution.audio-technica.eu\/fr-fr\/\",\"name\":\"FR Audio-Technica Distribution\",\"description\":\"\",\"potentialAction\":[{\"@type\":\"SearchAction\",\"target\":{\"@type\":\"EntryPoint\",\"urlTemplate\":\"https:\/\/distribution.audio-technica.eu\/fr-fr\/?s={search_term_string}\"},\"query-input\":{\"@type\":\"PropertyValueSpecification\",\"valueRequired\":true,\"valueName\":\"search_term_string\"}}],\"inLanguage\":\"fr-FR\"}]}<\/script>\n<!-- \/ Yoast SEO plugin. -->","yoast_head_json":{"title":"4040A - FR Audio-Technica Distribution","description":"Avec une esth\u00e9tique magnifique et 120 finitions de couleurs RAL possibles, la 4040A offre la pr\u00e9cision et la clart\u00e9 qui sont la marque de fabrique de Genelec.","robots":{"index":"index","follow":"follow","max-snippet":"max-snippet:-1","max-image-preview":"max-image-preview:large","max-video-preview":"max-video-preview:-1"},"canonical":"https:\/\/distribution.audio-technica.eu\/fr-fr\/produits\/4040a\/","og_locale":"fr_FR","og_type":"article","og_title":"4040A - FR Audio-Technica Distribution","og_description":"Avec une esth\u00e9tique magnifique et 120 finitions de couleurs RAL possibles, la 4040A offre la pr\u00e9cision et la clart\u00e9 qui sont la marque de fabrique de Genelec.","og_url":"https:\/\/distribution.audio-technica.eu\/fr-fr\/produits\/4040a\/","og_site_name":"FR Audio-Technica Distribution","article_modified_time":"2024-06-28T13:48:39+00:00","og_image":[{"width":726,"height":812,"url":"https:\/\/distribution.audio-technica.eu\/app\/uploads\/sites\/3\/4040A-front.jpg","type":"image\/jpeg"}],"twitter_card":"summary_large_image","twitter_misc":{"Dur\u00e9e de lecture estim\u00e9e":"1 minute"},"schema":{"@context":"https:\/\/schema.org","@graph":[{"@type":"WebPage","@id":"https:\/\/distribution.audio-technica.eu\/fr-fr\/produits\/4040a\/","url":"https:\/\/distribution.audio-technica.eu\/fr-fr\/produits\/4040a\/","name":"4040A - FR Audio-Technica Distribution","isPartOf":{"@id":"https:\/\/distribution.audio-technica.eu\/fr-fr\/#website"},"primaryImageOfPage":{"@id":"https:\/\/distribution.audio-technica.eu\/fr-fr\/produits\/4040a\/#primaryimage"},"image":{"@id":"https:\/\/distribution.audio-technica.eu\/fr-fr\/produits\/4040a\/#primaryimage"},"thumbnailUrl":"\/app\/uploads\/sites\/3\/4040A-front.jpg","datePublished":"2024-06-28T13:38:08+00:00","dateModified":"2024-06-28T13:48:39+00:00","description":"Avec une esth\u00e9tique magnifique et 120 finitions de couleurs RAL possibles, la 4040A offre la pr\u00e9cision et la clart\u00e9 qui sont la marque de fabrique de Genelec.","breadcrumb":{"@id":"https:\/\/distribution.audio-technica.eu\/fr-fr\/produits\/4040a\/#breadcrumb"},"inLanguage":"fr-FR","potentialAction":[{"@type":"ReadAction","target":["https:\/\/distribution.audio-technica.eu\/fr-fr\/produits\/4040a\/"]}]},{"@type":"ImageObject","inLanguage":"fr-FR","@id":"https:\/\/distribution.audio-technica.eu\/fr-fr\/produits\/4040a\/#primaryimage","url":"\/app\/uploads\/sites\/3\/4040A-front.jpg","contentUrl":"\/app\/uploads\/sites\/3\/4040A-front.jpg","width":726,"height":812},{"@type":"BreadcrumbList","@id":"https:\/\/distribution.audio-technica.eu\/fr-fr\/produits\/4040a\/#breadcrumb","itemListElement":[{"@type":"ListItem","position":1,"name":"Products","item":"https:\/\/distribution.audio-technica.eu\/fr-fr\/"},{"@type":"ListItem","position":2,"name":"Produits","item":"https:\/\/distribution.audio-technica.eu\/fr-fr\/produits\/"},{"@type":"ListItem","position":3,"name":"4040A"}]},{"@type":"WebSite","@id":"https:\/\/distribution.audio-technica.eu\/fr-fr\/#website","url":"https:\/\/distribution.audio-technica.eu\/fr-fr\/","name":"FR Audio-Technica Distribution","description":"","potentialAction":[{"@type":"SearchAction","target":{"@type":"EntryPoint","urlTemplate":"https:\/\/distribution.audio-technica.eu\/fr-fr\/?s={search_term_string}"},"query-input":{"@type":"PropertyValueSpecification","valueRequired":true,"valueName":"search_term_string"}}],"inLanguage":"fr-FR"}]}},"_links":{"self":[{"href":"https:\/\/distribution.audio-technica.eu\/fr-fr\/wp-json\/wp\/v2\/product\/11807","targetHints":{"allow":["GET"]}}],"collection":[{"href":"https:\/\/distribution.audio-technica.eu\/fr-fr\/wp-json\/wp\/v2\/product"}],"about":[{"href":"https:\/\/distribution.audio-technica.eu\/fr-fr\/wp-json\/wp\/v2\/types\/product"}],"wp:featuredmedia":[{"embeddable":true,"href":"https:\/\/distribution.audio-technica.eu\/fr-fr\/wp-json\/wp\/v2\/media\/11808"}],"wp:attachment":[{"href":"https:\/\/distribution.audio-technica.eu\/fr-fr\/wp-json\/wp\/v2\/media?parent=11807"}],"wp:term":[{"taxonomy":"product_brand","embeddable":true,"href":"https:\/\/distribution.audio-technica.eu\/fr-fr\/wp-json\/wp\/v2\/product_brand?post=11807"},{"taxonomy":"product_cat","embeddable":true,"href":"https:\/\/distribution.audio-technica.eu\/fr-fr\/wp-json\/wp\/v2\/product_cat?post=11807"},{"taxonomy":"product_tag","embeddable":true,"href":"https:\/\/distribution.audio-technica.eu\/fr-fr\/wp-json\/wp\/v2\/product_tag?post=11807"}],"curies":[{"name":"wp","href":"https:\/\/api.w.org\/{rel}","templated":true}]}}