{"id":11811,"date":"2024-06-28T15:27:53","date_gmt":"2024-06-28T14:27:53","guid":{"rendered":"https:\/\/distribution.audio-technica.eu\/fr-fr\/?post_type=product&#038;p=11811"},"modified":"2024-06-28T15:27:53","modified_gmt":"2024-06-28T14:27:53","slug":"8331a-sam","status":"publish","type":"product","link":"https:\/\/distribution.audio-technica.eu\/fr-fr\/produits\/8331a-sam\/","title":{"rendered":"8331A SAM\u2122"},"content":{"rendered":"<p>Enceinte \u00e0 trois voies coaxiales pour \u00e9coute de proximit\u00e9 avec l\u2019encombrement \u00e9quivalent d\u2019une deux voies compact. Lorsque l\u2019espace et la pr\u00e9cision sont essentiels.<\/p>\n<p>La plus petite des enceintes de monitoring de la s\u00e9rie The Ones, la <strong>8331A<\/strong> est parfaite pour les petites pi\u00e8ces ou les applications en champ tr\u00e8s proche, et offre une solution d\u2019int\u00e9gration exceptionnelle. En conjonction avec le logiciel de calibration GLM 4 la <strong>8331A<\/strong> permet de compenser les probl\u00e8mes acoustiques de votre environnement, que vous travailliez en st\u00e9r\u00e9o ou en formats immersifs.<\/p>\n<p><strong>Applications :<\/strong><\/p>\n<p>Contr\u00f4le \/ v\u00e9rification \/ musique \/ post production \/ mixages immersifs<\/p>\n","protected":false},"excerpt":{"rendered":"<p>Enceinte de monitoring coaxiale 3 voies amplifi\u00e9e process\u00e9e 5\u201d.<\/p>\n<p>\u2013 Excellente image sonore.<br \/>\n\u2013 Ne provoque pas de fatigue auditive.<br \/>\n\u2013 Woofer 72 W \/ medium 36 W \/ tweeter 36 W.<br \/>\n\u2013 1 woofers elliptique 130 mm \/ medium 90 mm \/ tweeter 19 mm.<br \/>\n\u2013 C\u00e2ble d\u2019alimentation d\u20191,8 m et c\u00e2ble RJ45 de 5 m fournis.<br \/>\n\u2013 Disponible en noir, blanc et gris fonc\u00e9<\/p>\n","protected":false},"featured_media":11812,"template":"","meta":{"_acf_changed":false},"product_brand":[],"product_cat":[2144,2159],"product_tag":[],"class_list":{"0":"post-11811","1":"product","2":"type-product","3":"status-publish","4":"has-post-thumbnail","6":"product_cat-enceintes","7":"product_cat-the-ones","8":"product_series-studio-monitor","10":"first","11":"instock","12":"shipping-taxable","13":"product-type-simple"},"acf":[],"yoast_head":"<!-- This site is optimized with the Yoast SEO plugin v27.1.1 - https:\/\/yoast.com\/product\/yoast-seo-wordpress\/ -->\n<title>8331A SAM\u2122 - FR Audio-Technica Distribution<\/title>\n<meta name=\"description\" content=\"La plus petite des enceintes de monitoring de la s\u00e9rie The Ones, la 8331A est parfaite pour les petites pi\u00e8ces ou les applications en champ tr\u00e8s proche.\" \/>\n<meta name=\"robots\" content=\"index, follow, max-snippet:-1, max-image-preview:large, max-video-preview:-1\" \/>\n<link rel=\"canonical\" href=\"https:\/\/distribution.audio-technica.eu\/fr-fr\/produits\/8331a-sam\/\" \/>\n<meta property=\"og:locale\" content=\"fr_FR\" \/>\n<meta property=\"og:type\" content=\"article\" \/>\n<meta property=\"og:title\" content=\"8331A SAM\u2122 - FR Audio-Technica Distribution\" \/>\n<meta property=\"og:description\" content=\"La plus petite des enceintes de monitoring de la s\u00e9rie The Ones, la 8331A est parfaite pour les petites pi\u00e8ces ou les applications en champ tr\u00e8s proche.\" \/>\n<meta property=\"og:url\" content=\"https:\/\/distribution.audio-technica.eu\/fr-fr\/produits\/8331a-sam\/\" \/>\n<meta property=\"og:site_name\" content=\"FR Audio-Technica Distribution\" \/>\n<meta property=\"og:image\" content=\"https:\/\/distribution.audio-technica.eu\/app\/uploads\/sites\/3\/8331A-front.jpg\" \/>\n\t<meta property=\"og:image:width\" content=\"728\" \/>\n\t<meta property=\"og:image:height\" content=\"786\" \/>\n\t<meta property=\"og:image:type\" content=\"image\/jpeg\" \/>\n<meta name=\"twitter:card\" content=\"summary_large_image\" \/>\n<meta name=\"twitter:label1\" content=\"Dur\u00e9e de lecture estim\u00e9e\" \/>\n\t<meta name=\"twitter:data1\" content=\"1 minute\" \/>\n<script type=\"application\/ld+json\" class=\"yoast-schema-graph\">{\"@context\":\"https:\/\/schema.org\",\"@graph\":[{\"@type\":\"WebPage\",\"@id\":\"https:\/\/distribution.audio-technica.eu\/fr-fr\/produits\/8331a-sam\/\",\"url\":\"https:\/\/distribution.audio-technica.eu\/fr-fr\/produits\/8331a-sam\/\",\"name\":\"8331A SAM\u2122 - FR Audio-Technica Distribution\",\"isPartOf\":{\"@id\":\"https:\/\/distribution.audio-technica.eu\/fr-fr\/#website\"},\"primaryImageOfPage\":{\"@id\":\"https:\/\/distribution.audio-technica.eu\/fr-fr\/produits\/8331a-sam\/#primaryimage\"},\"image\":{\"@id\":\"https:\/\/distribution.audio-technica.eu\/fr-fr\/produits\/8331a-sam\/#primaryimage\"},\"thumbnailUrl\":\"\/app\/uploads\/sites\/3\/8331A-front.jpg\",\"datePublished\":\"2024-06-28T14:27:53+00:00\",\"description\":\"La plus petite des enceintes de monitoring de la s\u00e9rie The Ones, la 8331A est parfaite pour les petites pi\u00e8ces ou les applications en champ tr\u00e8s proche.\",\"breadcrumb\":{\"@id\":\"https:\/\/distribution.audio-technica.eu\/fr-fr\/produits\/8331a-sam\/#breadcrumb\"},\"inLanguage\":\"fr-FR\",\"potentialAction\":[{\"@type\":\"ReadAction\",\"target\":[\"https:\/\/distribution.audio-technica.eu\/fr-fr\/produits\/8331a-sam\/\"]}]},{\"@type\":\"ImageObject\",\"inLanguage\":\"fr-FR\",\"@id\":\"https:\/\/distribution.audio-technica.eu\/fr-fr\/produits\/8331a-sam\/#primaryimage\",\"url\":\"\/app\/uploads\/sites\/3\/8331A-front.jpg\",\"contentUrl\":\"\/app\/uploads\/sites\/3\/8331A-front.jpg\",\"width\":728,\"height\":786},{\"@type\":\"BreadcrumbList\",\"@id\":\"https:\/\/distribution.audio-technica.eu\/fr-fr\/produits\/8331a-sam\/#breadcrumb\",\"itemListElement\":[{\"@type\":\"ListItem\",\"position\":1,\"name\":\"Products\",\"item\":\"https:\/\/distribution.audio-technica.eu\/fr-fr\/\"},{\"@type\":\"ListItem\",\"position\":2,\"name\":\"Produits\",\"item\":\"https:\/\/distribution.audio-technica.eu\/fr-fr\/produits\/\"},{\"@type\":\"ListItem\",\"position\":3,\"name\":\"8331A SAM\u2122\"}]},{\"@type\":\"WebSite\",\"@id\":\"https:\/\/distribution.audio-technica.eu\/fr-fr\/#website\",\"url\":\"https:\/\/distribution.audio-technica.eu\/fr-fr\/\",\"name\":\"FR Audio-Technica Distribution\",\"description\":\"\",\"potentialAction\":[{\"@type\":\"SearchAction\",\"target\":{\"@type\":\"EntryPoint\",\"urlTemplate\":\"https:\/\/distribution.audio-technica.eu\/fr-fr\/?s={search_term_string}\"},\"query-input\":{\"@type\":\"PropertyValueSpecification\",\"valueRequired\":true,\"valueName\":\"search_term_string\"}}],\"inLanguage\":\"fr-FR\"}]}<\/script>\n<!-- \/ Yoast SEO plugin. -->","yoast_head_json":{"title":"8331A SAM\u2122 - FR Audio-Technica Distribution","description":"La plus petite des enceintes de monitoring de la s\u00e9rie The Ones, la 8331A est parfaite pour les petites pi\u00e8ces ou les applications en champ tr\u00e8s proche.","robots":{"index":"index","follow":"follow","max-snippet":"max-snippet:-1","max-image-preview":"max-image-preview:large","max-video-preview":"max-video-preview:-1"},"canonical":"https:\/\/distribution.audio-technica.eu\/fr-fr\/produits\/8331a-sam\/","og_locale":"fr_FR","og_type":"article","og_title":"8331A SAM\u2122 - FR Audio-Technica Distribution","og_description":"La plus petite des enceintes de monitoring de la s\u00e9rie The Ones, la 8331A est parfaite pour les petites pi\u00e8ces ou les applications en champ tr\u00e8s proche.","og_url":"https:\/\/distribution.audio-technica.eu\/fr-fr\/produits\/8331a-sam\/","og_site_name":"FR Audio-Technica Distribution","og_image":[{"width":728,"height":786,"url":"https:\/\/distribution.audio-technica.eu\/app\/uploads\/sites\/3\/8331A-front.jpg","type":"image\/jpeg"}],"twitter_card":"summary_large_image","twitter_misc":{"Dur\u00e9e de lecture estim\u00e9e":"1 minute"},"schema":{"@context":"https:\/\/schema.org","@graph":[{"@type":"WebPage","@id":"https:\/\/distribution.audio-technica.eu\/fr-fr\/produits\/8331a-sam\/","url":"https:\/\/distribution.audio-technica.eu\/fr-fr\/produits\/8331a-sam\/","name":"8331A SAM\u2122 - FR Audio-Technica Distribution","isPartOf":{"@id":"https:\/\/distribution.audio-technica.eu\/fr-fr\/#website"},"primaryImageOfPage":{"@id":"https:\/\/distribution.audio-technica.eu\/fr-fr\/produits\/8331a-sam\/#primaryimage"},"image":{"@id":"https:\/\/distribution.audio-technica.eu\/fr-fr\/produits\/8331a-sam\/#primaryimage"},"thumbnailUrl":"\/app\/uploads\/sites\/3\/8331A-front.jpg","datePublished":"2024-06-28T14:27:53+00:00","description":"La plus petite des enceintes de monitoring de la s\u00e9rie The Ones, la 8331A est parfaite pour les petites pi\u00e8ces ou les applications en champ tr\u00e8s proche.","breadcrumb":{"@id":"https:\/\/distribution.audio-technica.eu\/fr-fr\/produits\/8331a-sam\/#breadcrumb"},"inLanguage":"fr-FR","potentialAction":[{"@type":"ReadAction","target":["https:\/\/distribution.audio-technica.eu\/fr-fr\/produits\/8331a-sam\/"]}]},{"@type":"ImageObject","inLanguage":"fr-FR","@id":"https:\/\/distribution.audio-technica.eu\/fr-fr\/produits\/8331a-sam\/#primaryimage","url":"\/app\/uploads\/sites\/3\/8331A-front.jpg","contentUrl":"\/app\/uploads\/sites\/3\/8331A-front.jpg","width":728,"height":786},{"@type":"BreadcrumbList","@id":"https:\/\/distribution.audio-technica.eu\/fr-fr\/produits\/8331a-sam\/#breadcrumb","itemListElement":[{"@type":"ListItem","position":1,"name":"Products","item":"https:\/\/distribution.audio-technica.eu\/fr-fr\/"},{"@type":"ListItem","position":2,"name":"Produits","item":"https:\/\/distribution.audio-technica.eu\/fr-fr\/produits\/"},{"@type":"ListItem","position":3,"name":"8331A SAM\u2122"}]},{"@type":"WebSite","@id":"https:\/\/distribution.audio-technica.eu\/fr-fr\/#website","url":"https:\/\/distribution.audio-technica.eu\/fr-fr\/","name":"FR Audio-Technica Distribution","description":"","potentialAction":[{"@type":"SearchAction","target":{"@type":"EntryPoint","urlTemplate":"https:\/\/distribution.audio-technica.eu\/fr-fr\/?s={search_term_string}"},"query-input":{"@type":"PropertyValueSpecification","valueRequired":true,"valueName":"search_term_string"}}],"inLanguage":"fr-FR"}]}},"_links":{"self":[{"href":"https:\/\/distribution.audio-technica.eu\/fr-fr\/wp-json\/wp\/v2\/product\/11811","targetHints":{"allow":["GET"]}}],"collection":[{"href":"https:\/\/distribution.audio-technica.eu\/fr-fr\/wp-json\/wp\/v2\/product"}],"about":[{"href":"https:\/\/distribution.audio-technica.eu\/fr-fr\/wp-json\/wp\/v2\/types\/product"}],"wp:featuredmedia":[{"embeddable":true,"href":"https:\/\/distribution.audio-technica.eu\/fr-fr\/wp-json\/wp\/v2\/media\/11812"}],"wp:attachment":[{"href":"https:\/\/distribution.audio-technica.eu\/fr-fr\/wp-json\/wp\/v2\/media?parent=11811"}],"wp:term":[{"taxonomy":"product_brand","embeddable":true,"href":"https:\/\/distribution.audio-technica.eu\/fr-fr\/wp-json\/wp\/v2\/product_brand?post=11811"},{"taxonomy":"product_cat","embeddable":true,"href":"https:\/\/distribution.audio-technica.eu\/fr-fr\/wp-json\/wp\/v2\/product_cat?post=11811"},{"taxonomy":"product_tag","embeddable":true,"href":"https:\/\/distribution.audio-technica.eu\/fr-fr\/wp-json\/wp\/v2\/product_tag?post=11811"}],"curies":[{"name":"wp","href":"https:\/\/api.w.org\/{rel}","templated":true}]}}