{"id":11815,"date":"2024-06-28T15:25:49","date_gmt":"2024-06-28T14:25:49","guid":{"rendered":"https:\/\/distribution.audio-technica.eu\/fr-fr\/?post_type=product&#038;p=11815"},"modified":"2024-06-28T15:29:04","modified_gmt":"2024-06-28T14:29:04","slug":"8341a-sam","status":"publish","type":"product","link":"https:\/\/distribution.audio-technica.eu\/fr-fr\/produits\/8341a-sam\/","title":{"rendered":"8341A SAM\u2122"},"content":{"rendered":"<p>Enceinte \u00e0 3 voies coaxiales pour \u00e9coute de moyenne proximit\u00e9.<\/p>\n<p>Proposant une image exceptionnelle, la <strong>8341A<\/strong> offre une r\u00e9ponse dans le grave plus marqu\u00e9e que la <strong>8331A<\/strong> et une capacit\u00e9 SPL plus \u00e9lev\u00e9e. En combinaison avec le logiciel de calibration GLM, la <strong>8341A<\/strong> compense \u00e9galement les probl\u00e8mes d\u2019acoustique de la pi\u00e8ce, que vous travailliez en formats st\u00e9r\u00e9o ou immersif.<\/p>\n<p>&nbsp;<\/p>\n<p><strong>Applications:\u00a0<\/strong><br \/>\nContr\u00f4le \/ v\u00e9rification \/ musique \/ post production \/ mixages immersifs<\/p>\n","protected":false},"excerpt":{"rendered":"<p>Enceinte de monitoring coaxiale 3 voies amplifi\u00e9e process\u00e9e 6\u201d.<\/p>\n<p>\u2013 Excellente image sonore.<br \/>\n\u2013 Ne provoque pas de fatigue auditive.<br \/>\n\u2013 Auto-amplifi\u00e9 : woofer 250 W \/ medium 150 W \/ tweeter 150 W.<br \/>\n\u2013 2 x woofers ovales 6 5\/8 x 3 \u00bd\u201d medium \/ tweeter MDC\u2122 3 \u00bd \/ \u00be\u201d DCW.<br \/>\n\u2013 C\u00e2ble d\u2019alimentation d\u20191,8 m et c\u00e2ble RJ45 de 5 m fournis.<br \/>\n\u2013 Disponible en noir, blanc et gris fonc\u00e9.<\/p>\n","protected":false},"featured_media":11816,"template":"","meta":{"_acf_changed":false},"product_brand":[],"product_cat":[2144,2159],"product_tag":[],"class_list":{"0":"post-11815","1":"product","2":"type-product","3":"status-publish","4":"has-post-thumbnail","6":"product_cat-enceintes","7":"product_cat-the-ones","8":"product_series-studio-monitor","10":"first","11":"instock","12":"shipping-taxable","13":"product-type-simple"},"acf":[],"yoast_head":"<!-- This site is optimized with the Yoast SEO plugin v27.1.1 - https:\/\/yoast.com\/product\/yoast-seo-wordpress\/ -->\n<title>8341A SAM\u2122 - FR Audio-Technica Distribution<\/title>\n<meta name=\"description\" content=\"En combinaison avec le logiciel de calibration GLM, la 8341A compense \u00e9galement les probl\u00e8mes d\u2019acoustique de la pi\u00e8ce, que vous travailliez en formats st\u00e9r\u00e9o ou immersif.\" \/>\n<meta name=\"robots\" content=\"index, follow, max-snippet:-1, max-image-preview:large, max-video-preview:-1\" \/>\n<link rel=\"canonical\" href=\"https:\/\/distribution.audio-technica.eu\/fr-fr\/produits\/8341a-sam\/\" \/>\n<meta property=\"og:locale\" content=\"fr_FR\" \/>\n<meta property=\"og:type\" content=\"article\" \/>\n<meta property=\"og:title\" content=\"8341A SAM\u2122 - FR Audio-Technica Distribution\" \/>\n<meta property=\"og:description\" content=\"En combinaison avec le logiciel de calibration GLM, la 8341A compense \u00e9galement les probl\u00e8mes d\u2019acoustique de la pi\u00e8ce, que vous travailliez en formats st\u00e9r\u00e9o ou immersif.\" \/>\n<meta property=\"og:url\" content=\"https:\/\/distribution.audio-technica.eu\/fr-fr\/produits\/8341a-sam\/\" \/>\n<meta property=\"og:site_name\" content=\"FR Audio-Technica Distribution\" \/>\n<meta property=\"article:modified_time\" content=\"2024-06-28T14:29:04+00:00\" \/>\n<meta property=\"og:image\" content=\"https:\/\/distribution.audio-technica.eu\/app\/uploads\/sites\/3\/4341A-FRINT.jpg\" \/>\n\t<meta property=\"og:image:width\" content=\"771\" \/>\n\t<meta property=\"og:image:height\" content=\"816\" \/>\n\t<meta property=\"og:image:type\" content=\"image\/jpeg\" \/>\n<meta name=\"twitter:card\" content=\"summary_large_image\" \/>\n<meta name=\"twitter:label1\" content=\"Dur\u00e9e de lecture estim\u00e9e\" \/>\n\t<meta name=\"twitter:data1\" content=\"1 minute\" \/>\n<script type=\"application\/ld+json\" class=\"yoast-schema-graph\">{\"@context\":\"https:\/\/schema.org\",\"@graph\":[{\"@type\":\"WebPage\",\"@id\":\"https:\/\/distribution.audio-technica.eu\/fr-fr\/produits\/8341a-sam\/\",\"url\":\"https:\/\/distribution.audio-technica.eu\/fr-fr\/produits\/8341a-sam\/\",\"name\":\"8341A SAM\u2122 - FR Audio-Technica Distribution\",\"isPartOf\":{\"@id\":\"https:\/\/distribution.audio-technica.eu\/fr-fr\/#website\"},\"primaryImageOfPage\":{\"@id\":\"https:\/\/distribution.audio-technica.eu\/fr-fr\/produits\/8341a-sam\/#primaryimage\"},\"image\":{\"@id\":\"https:\/\/distribution.audio-technica.eu\/fr-fr\/produits\/8341a-sam\/#primaryimage\"},\"thumbnailUrl\":\"\/app\/uploads\/sites\/3\/4341A-FRINT.jpg\",\"datePublished\":\"2024-06-28T14:25:49+00:00\",\"dateModified\":\"2024-06-28T14:29:04+00:00\",\"description\":\"En combinaison avec le logiciel de calibration GLM, la 8341A compense \u00e9galement les probl\u00e8mes d\u2019acoustique de la pi\u00e8ce, que vous travailliez en formats st\u00e9r\u00e9o ou immersif.\",\"breadcrumb\":{\"@id\":\"https:\/\/distribution.audio-technica.eu\/fr-fr\/produits\/8341a-sam\/#breadcrumb\"},\"inLanguage\":\"fr-FR\",\"potentialAction\":[{\"@type\":\"ReadAction\",\"target\":[\"https:\/\/distribution.audio-technica.eu\/fr-fr\/produits\/8341a-sam\/\"]}]},{\"@type\":\"ImageObject\",\"inLanguage\":\"fr-FR\",\"@id\":\"https:\/\/distribution.audio-technica.eu\/fr-fr\/produits\/8341a-sam\/#primaryimage\",\"url\":\"\/app\/uploads\/sites\/3\/4341A-FRINT.jpg\",\"contentUrl\":\"\/app\/uploads\/sites\/3\/4341A-FRINT.jpg\",\"width\":771,\"height\":816},{\"@type\":\"BreadcrumbList\",\"@id\":\"https:\/\/distribution.audio-technica.eu\/fr-fr\/produits\/8341a-sam\/#breadcrumb\",\"itemListElement\":[{\"@type\":\"ListItem\",\"position\":1,\"name\":\"Products\",\"item\":\"https:\/\/distribution.audio-technica.eu\/fr-fr\/\"},{\"@type\":\"ListItem\",\"position\":2,\"name\":\"Produits\",\"item\":\"https:\/\/distribution.audio-technica.eu\/fr-fr\/produits\/\"},{\"@type\":\"ListItem\",\"position\":3,\"name\":\"8341A SAM\u2122\"}]},{\"@type\":\"WebSite\",\"@id\":\"https:\/\/distribution.audio-technica.eu\/fr-fr\/#website\",\"url\":\"https:\/\/distribution.audio-technica.eu\/fr-fr\/\",\"name\":\"FR Audio-Technica Distribution\",\"description\":\"\",\"potentialAction\":[{\"@type\":\"SearchAction\",\"target\":{\"@type\":\"EntryPoint\",\"urlTemplate\":\"https:\/\/distribution.audio-technica.eu\/fr-fr\/?s={search_term_string}\"},\"query-input\":{\"@type\":\"PropertyValueSpecification\",\"valueRequired\":true,\"valueName\":\"search_term_string\"}}],\"inLanguage\":\"fr-FR\"}]}<\/script>\n<!-- \/ Yoast SEO plugin. -->","yoast_head_json":{"title":"8341A SAM\u2122 - FR Audio-Technica Distribution","description":"En combinaison avec le logiciel de calibration GLM, la 8341A compense \u00e9galement les probl\u00e8mes d\u2019acoustique de la pi\u00e8ce, que vous travailliez en formats st\u00e9r\u00e9o ou immersif.","robots":{"index":"index","follow":"follow","max-snippet":"max-snippet:-1","max-image-preview":"max-image-preview:large","max-video-preview":"max-video-preview:-1"},"canonical":"https:\/\/distribution.audio-technica.eu\/fr-fr\/produits\/8341a-sam\/","og_locale":"fr_FR","og_type":"article","og_title":"8341A SAM\u2122 - FR Audio-Technica Distribution","og_description":"En combinaison avec le logiciel de calibration GLM, la 8341A compense \u00e9galement les probl\u00e8mes d\u2019acoustique de la pi\u00e8ce, que vous travailliez en formats st\u00e9r\u00e9o ou immersif.","og_url":"https:\/\/distribution.audio-technica.eu\/fr-fr\/produits\/8341a-sam\/","og_site_name":"FR Audio-Technica Distribution","article_modified_time":"2024-06-28T14:29:04+00:00","og_image":[{"width":771,"height":816,"url":"https:\/\/distribution.audio-technica.eu\/app\/uploads\/sites\/3\/4341A-FRINT.jpg","type":"image\/jpeg"}],"twitter_card":"summary_large_image","twitter_misc":{"Dur\u00e9e de lecture estim\u00e9e":"1 minute"},"schema":{"@context":"https:\/\/schema.org","@graph":[{"@type":"WebPage","@id":"https:\/\/distribution.audio-technica.eu\/fr-fr\/produits\/8341a-sam\/","url":"https:\/\/distribution.audio-technica.eu\/fr-fr\/produits\/8341a-sam\/","name":"8341A SAM\u2122 - FR Audio-Technica Distribution","isPartOf":{"@id":"https:\/\/distribution.audio-technica.eu\/fr-fr\/#website"},"primaryImageOfPage":{"@id":"https:\/\/distribution.audio-technica.eu\/fr-fr\/produits\/8341a-sam\/#primaryimage"},"image":{"@id":"https:\/\/distribution.audio-technica.eu\/fr-fr\/produits\/8341a-sam\/#primaryimage"},"thumbnailUrl":"\/app\/uploads\/sites\/3\/4341A-FRINT.jpg","datePublished":"2024-06-28T14:25:49+00:00","dateModified":"2024-06-28T14:29:04+00:00","description":"En combinaison avec le logiciel de calibration GLM, la 8341A compense \u00e9galement les probl\u00e8mes d\u2019acoustique de la pi\u00e8ce, que vous travailliez en formats st\u00e9r\u00e9o ou immersif.","breadcrumb":{"@id":"https:\/\/distribution.audio-technica.eu\/fr-fr\/produits\/8341a-sam\/#breadcrumb"},"inLanguage":"fr-FR","potentialAction":[{"@type":"ReadAction","target":["https:\/\/distribution.audio-technica.eu\/fr-fr\/produits\/8341a-sam\/"]}]},{"@type":"ImageObject","inLanguage":"fr-FR","@id":"https:\/\/distribution.audio-technica.eu\/fr-fr\/produits\/8341a-sam\/#primaryimage","url":"\/app\/uploads\/sites\/3\/4341A-FRINT.jpg","contentUrl":"\/app\/uploads\/sites\/3\/4341A-FRINT.jpg","width":771,"height":816},{"@type":"BreadcrumbList","@id":"https:\/\/distribution.audio-technica.eu\/fr-fr\/produits\/8341a-sam\/#breadcrumb","itemListElement":[{"@type":"ListItem","position":1,"name":"Products","item":"https:\/\/distribution.audio-technica.eu\/fr-fr\/"},{"@type":"ListItem","position":2,"name":"Produits","item":"https:\/\/distribution.audio-technica.eu\/fr-fr\/produits\/"},{"@type":"ListItem","position":3,"name":"8341A SAM\u2122"}]},{"@type":"WebSite","@id":"https:\/\/distribution.audio-technica.eu\/fr-fr\/#website","url":"https:\/\/distribution.audio-technica.eu\/fr-fr\/","name":"FR Audio-Technica Distribution","description":"","potentialAction":[{"@type":"SearchAction","target":{"@type":"EntryPoint","urlTemplate":"https:\/\/distribution.audio-technica.eu\/fr-fr\/?s={search_term_string}"},"query-input":{"@type":"PropertyValueSpecification","valueRequired":true,"valueName":"search_term_string"}}],"inLanguage":"fr-FR"}]}},"_links":{"self":[{"href":"https:\/\/distribution.audio-technica.eu\/fr-fr\/wp-json\/wp\/v2\/product\/11815","targetHints":{"allow":["GET"]}}],"collection":[{"href":"https:\/\/distribution.audio-technica.eu\/fr-fr\/wp-json\/wp\/v2\/product"}],"about":[{"href":"https:\/\/distribution.audio-technica.eu\/fr-fr\/wp-json\/wp\/v2\/types\/product"}],"wp:featuredmedia":[{"embeddable":true,"href":"https:\/\/distribution.audio-technica.eu\/fr-fr\/wp-json\/wp\/v2\/media\/11816"}],"wp:attachment":[{"href":"https:\/\/distribution.audio-technica.eu\/fr-fr\/wp-json\/wp\/v2\/media?parent=11815"}],"wp:term":[{"taxonomy":"product_brand","embeddable":true,"href":"https:\/\/distribution.audio-technica.eu\/fr-fr\/wp-json\/wp\/v2\/product_brand?post=11815"},{"taxonomy":"product_cat","embeddable":true,"href":"https:\/\/distribution.audio-technica.eu\/fr-fr\/wp-json\/wp\/v2\/product_cat?post=11815"},{"taxonomy":"product_tag","embeddable":true,"href":"https:\/\/distribution.audio-technica.eu\/fr-fr\/wp-json\/wp\/v2\/product_tag?post=11815"}],"curies":[{"name":"wp","href":"https:\/\/api.w.org\/{rel}","templated":true}]}}