{"id":11819,"date":"2024-06-28T15:23:39","date_gmt":"2024-06-28T14:23:39","guid":{"rendered":"https:\/\/distribution.audio-technica.eu\/fr-fr\/?post_type=product&#038;p=11819"},"modified":"2024-06-28T15:29:45","modified_gmt":"2024-06-28T14:29:45","slug":"8351b-sam","status":"publish","type":"product","link":"https:\/\/distribution.audio-technica.eu\/fr-fr\/produits\/8351b-sam\/","title":{"rendered":"8351B SAM\u2122"},"content":{"rendered":"<p>Une r\u00e9volution dans la conception des enceintes de monitoring \u00e0 trois voies, la 8351B pr\u00e9sente un design unique, une taille compacte et une qualit\u00e9 d\u2019\u00e9coute exceptionnelle.<\/p>\n<p>La 8351B favorise une prise de d\u00e9cision plus rapide et plus coh\u00e9rente dans vos mixes et vous permet \u00e9galement de travailler de mani\u00e8re fiable gr\u00e2ce \u00e0 une mise en phase parfaite. Calibr\u00e9e avec le logiciel GLM, elle s\u2019adaptera \u00e0 votre pi\u00e8ce et en compensera les probl\u00e8mes. En stereo ou avec tout format immersif, vous pouvez \u00eatre s\u00fbr de produire des mixages de r\u00e9f\u00e9rence qui seront compatibles dans d\u2019autres studios.<\/p>\n<p><strong>Applications<\/strong> :<\/p>\n<p>Studio musique ou mixage immersif<\/p>\n","protected":false},"excerpt":{"rendered":"<p>Enceinte de monitoring coaxiale process\u00e9e 3 voies amplifi\u00e9 8,5\u201d.<\/p>\n<p>\u2013 Evolution du 8351A.<br \/>\n\u2013 Compatible avec GLM et AutoCal.<br \/>\n\u2013 Blindage magn\u00e9tique.<br \/>\n\u2013 C\u00e2ble d\u2019alimentation d\u20191,8 m et c\u00e2ble RJ45 de 5 m fournis.<br \/>\n\u2013 Disponible en noir, blanc et gris fonc\u00e9<\/p>\n","protected":false},"featured_media":11820,"template":"","meta":{"_acf_changed":false},"product_brand":[],"product_cat":[2144,2159],"product_tag":[],"class_list":{"0":"post-11819","1":"product","2":"type-product","3":"status-publish","4":"has-post-thumbnail","6":"product_cat-enceintes","7":"product_cat-the-ones","8":"product_series-studio-monitor","10":"first","11":"instock","12":"shipping-taxable","13":"product-type-simple"},"acf":[],"yoast_head":"<!-- This site is optimized with the Yoast SEO plugin v27.1.1 - https:\/\/yoast.com\/product\/yoast-seo-wordpress\/ -->\n<title>8351B SAM\u2122 - FR Audio-Technica Distribution<\/title>\n<meta name=\"description\" content=\"Calibr\u00e9e avec le logiciel GLM, la 8351B s\u2019adaptera \u00e0 votre pi\u00e8ce et en compensera les probl\u00e8mes.\" \/>\n<meta name=\"robots\" content=\"index, follow, max-snippet:-1, max-image-preview:large, max-video-preview:-1\" \/>\n<link rel=\"canonical\" href=\"https:\/\/distribution.audio-technica.eu\/fr-fr\/produits\/8351b-sam\/\" \/>\n<meta property=\"og:locale\" content=\"fr_FR\" \/>\n<meta property=\"og:type\" content=\"article\" \/>\n<meta property=\"og:title\" content=\"8351B SAM\u2122 - FR Audio-Technica Distribution\" \/>\n<meta property=\"og:description\" content=\"Calibr\u00e9e avec le logiciel GLM, la 8351B s\u2019adaptera \u00e0 votre pi\u00e8ce et en compensera les probl\u00e8mes.\" \/>\n<meta property=\"og:url\" content=\"https:\/\/distribution.audio-technica.eu\/fr-fr\/produits\/8351b-sam\/\" \/>\n<meta property=\"og:site_name\" content=\"FR Audio-Technica Distribution\" \/>\n<meta property=\"article:modified_time\" content=\"2024-06-28T14:29:45+00:00\" \/>\n<meta property=\"og:image\" content=\"https:\/\/distribution.audio-technica.eu\/app\/uploads\/sites\/3\/8351B-front.jpg\" \/>\n\t<meta property=\"og:image:width\" content=\"798\" \/>\n\t<meta property=\"og:image:height\" content=\"832\" \/>\n\t<meta property=\"og:image:type\" content=\"image\/jpeg\" \/>\n<meta name=\"twitter:card\" content=\"summary_large_image\" \/>\n<meta name=\"twitter:label1\" content=\"Dur\u00e9e de lecture estim\u00e9e\" \/>\n\t<meta name=\"twitter:data1\" content=\"1 minute\" \/>\n<script type=\"application\/ld+json\" class=\"yoast-schema-graph\">{\"@context\":\"https:\/\/schema.org\",\"@graph\":[{\"@type\":\"WebPage\",\"@id\":\"https:\/\/distribution.audio-technica.eu\/fr-fr\/produits\/8351b-sam\/\",\"url\":\"https:\/\/distribution.audio-technica.eu\/fr-fr\/produits\/8351b-sam\/\",\"name\":\"8351B SAM\u2122 - FR Audio-Technica Distribution\",\"isPartOf\":{\"@id\":\"https:\/\/distribution.audio-technica.eu\/fr-fr\/#website\"},\"primaryImageOfPage\":{\"@id\":\"https:\/\/distribution.audio-technica.eu\/fr-fr\/produits\/8351b-sam\/#primaryimage\"},\"image\":{\"@id\":\"https:\/\/distribution.audio-technica.eu\/fr-fr\/produits\/8351b-sam\/#primaryimage\"},\"thumbnailUrl\":\"\/app\/uploads\/sites\/3\/8351B-front.jpg\",\"datePublished\":\"2024-06-28T14:23:39+00:00\",\"dateModified\":\"2024-06-28T14:29:45+00:00\",\"description\":\"Calibr\u00e9e avec le logiciel GLM, la 8351B s\u2019adaptera \u00e0 votre pi\u00e8ce et en compensera les probl\u00e8mes.\",\"breadcrumb\":{\"@id\":\"https:\/\/distribution.audio-technica.eu\/fr-fr\/produits\/8351b-sam\/#breadcrumb\"},\"inLanguage\":\"fr-FR\",\"potentialAction\":[{\"@type\":\"ReadAction\",\"target\":[\"https:\/\/distribution.audio-technica.eu\/fr-fr\/produits\/8351b-sam\/\"]}]},{\"@type\":\"ImageObject\",\"inLanguage\":\"fr-FR\",\"@id\":\"https:\/\/distribution.audio-technica.eu\/fr-fr\/produits\/8351b-sam\/#primaryimage\",\"url\":\"\/app\/uploads\/sites\/3\/8351B-front.jpg\",\"contentUrl\":\"\/app\/uploads\/sites\/3\/8351B-front.jpg\",\"width\":798,\"height\":832},{\"@type\":\"BreadcrumbList\",\"@id\":\"https:\/\/distribution.audio-technica.eu\/fr-fr\/produits\/8351b-sam\/#breadcrumb\",\"itemListElement\":[{\"@type\":\"ListItem\",\"position\":1,\"name\":\"Products\",\"item\":\"https:\/\/distribution.audio-technica.eu\/fr-fr\/\"},{\"@type\":\"ListItem\",\"position\":2,\"name\":\"Produits\",\"item\":\"https:\/\/distribution.audio-technica.eu\/fr-fr\/produits\/\"},{\"@type\":\"ListItem\",\"position\":3,\"name\":\"8351B SAM\u2122\"}]},{\"@type\":\"WebSite\",\"@id\":\"https:\/\/distribution.audio-technica.eu\/fr-fr\/#website\",\"url\":\"https:\/\/distribution.audio-technica.eu\/fr-fr\/\",\"name\":\"FR Audio-Technica Distribution\",\"description\":\"\",\"potentialAction\":[{\"@type\":\"SearchAction\",\"target\":{\"@type\":\"EntryPoint\",\"urlTemplate\":\"https:\/\/distribution.audio-technica.eu\/fr-fr\/?s={search_term_string}\"},\"query-input\":{\"@type\":\"PropertyValueSpecification\",\"valueRequired\":true,\"valueName\":\"search_term_string\"}}],\"inLanguage\":\"fr-FR\"}]}<\/script>\n<!-- \/ Yoast SEO plugin. -->","yoast_head_json":{"title":"8351B SAM\u2122 - FR Audio-Technica Distribution","description":"Calibr\u00e9e avec le logiciel GLM, la 8351B s\u2019adaptera \u00e0 votre pi\u00e8ce et en compensera les probl\u00e8mes.","robots":{"index":"index","follow":"follow","max-snippet":"max-snippet:-1","max-image-preview":"max-image-preview:large","max-video-preview":"max-video-preview:-1"},"canonical":"https:\/\/distribution.audio-technica.eu\/fr-fr\/produits\/8351b-sam\/","og_locale":"fr_FR","og_type":"article","og_title":"8351B SAM\u2122 - FR Audio-Technica Distribution","og_description":"Calibr\u00e9e avec le logiciel GLM, la 8351B s\u2019adaptera \u00e0 votre pi\u00e8ce et en compensera les probl\u00e8mes.","og_url":"https:\/\/distribution.audio-technica.eu\/fr-fr\/produits\/8351b-sam\/","og_site_name":"FR Audio-Technica Distribution","article_modified_time":"2024-06-28T14:29:45+00:00","og_image":[{"width":798,"height":832,"url":"https:\/\/distribution.audio-technica.eu\/app\/uploads\/sites\/3\/8351B-front.jpg","type":"image\/jpeg"}],"twitter_card":"summary_large_image","twitter_misc":{"Dur\u00e9e de lecture estim\u00e9e":"1 minute"},"schema":{"@context":"https:\/\/schema.org","@graph":[{"@type":"WebPage","@id":"https:\/\/distribution.audio-technica.eu\/fr-fr\/produits\/8351b-sam\/","url":"https:\/\/distribution.audio-technica.eu\/fr-fr\/produits\/8351b-sam\/","name":"8351B SAM\u2122 - FR Audio-Technica Distribution","isPartOf":{"@id":"https:\/\/distribution.audio-technica.eu\/fr-fr\/#website"},"primaryImageOfPage":{"@id":"https:\/\/distribution.audio-technica.eu\/fr-fr\/produits\/8351b-sam\/#primaryimage"},"image":{"@id":"https:\/\/distribution.audio-technica.eu\/fr-fr\/produits\/8351b-sam\/#primaryimage"},"thumbnailUrl":"\/app\/uploads\/sites\/3\/8351B-front.jpg","datePublished":"2024-06-28T14:23:39+00:00","dateModified":"2024-06-28T14:29:45+00:00","description":"Calibr\u00e9e avec le logiciel GLM, la 8351B s\u2019adaptera \u00e0 votre pi\u00e8ce et en compensera les probl\u00e8mes.","breadcrumb":{"@id":"https:\/\/distribution.audio-technica.eu\/fr-fr\/produits\/8351b-sam\/#breadcrumb"},"inLanguage":"fr-FR","potentialAction":[{"@type":"ReadAction","target":["https:\/\/distribution.audio-technica.eu\/fr-fr\/produits\/8351b-sam\/"]}]},{"@type":"ImageObject","inLanguage":"fr-FR","@id":"https:\/\/distribution.audio-technica.eu\/fr-fr\/produits\/8351b-sam\/#primaryimage","url":"\/app\/uploads\/sites\/3\/8351B-front.jpg","contentUrl":"\/app\/uploads\/sites\/3\/8351B-front.jpg","width":798,"height":832},{"@type":"BreadcrumbList","@id":"https:\/\/distribution.audio-technica.eu\/fr-fr\/produits\/8351b-sam\/#breadcrumb","itemListElement":[{"@type":"ListItem","position":1,"name":"Products","item":"https:\/\/distribution.audio-technica.eu\/fr-fr\/"},{"@type":"ListItem","position":2,"name":"Produits","item":"https:\/\/distribution.audio-technica.eu\/fr-fr\/produits\/"},{"@type":"ListItem","position":3,"name":"8351B SAM\u2122"}]},{"@type":"WebSite","@id":"https:\/\/distribution.audio-technica.eu\/fr-fr\/#website","url":"https:\/\/distribution.audio-technica.eu\/fr-fr\/","name":"FR Audio-Technica Distribution","description":"","potentialAction":[{"@type":"SearchAction","target":{"@type":"EntryPoint","urlTemplate":"https:\/\/distribution.audio-technica.eu\/fr-fr\/?s={search_term_string}"},"query-input":{"@type":"PropertyValueSpecification","valueRequired":true,"valueName":"search_term_string"}}],"inLanguage":"fr-FR"}]}},"_links":{"self":[{"href":"https:\/\/distribution.audio-technica.eu\/fr-fr\/wp-json\/wp\/v2\/product\/11819","targetHints":{"allow":["GET"]}}],"collection":[{"href":"https:\/\/distribution.audio-technica.eu\/fr-fr\/wp-json\/wp\/v2\/product"}],"about":[{"href":"https:\/\/distribution.audio-technica.eu\/fr-fr\/wp-json\/wp\/v2\/types\/product"}],"wp:featuredmedia":[{"embeddable":true,"href":"https:\/\/distribution.audio-technica.eu\/fr-fr\/wp-json\/wp\/v2\/media\/11820"}],"wp:attachment":[{"href":"https:\/\/distribution.audio-technica.eu\/fr-fr\/wp-json\/wp\/v2\/media?parent=11819"}],"wp:term":[{"taxonomy":"product_brand","embeddable":true,"href":"https:\/\/distribution.audio-technica.eu\/fr-fr\/wp-json\/wp\/v2\/product_brand?post=11819"},{"taxonomy":"product_cat","embeddable":true,"href":"https:\/\/distribution.audio-technica.eu\/fr-fr\/wp-json\/wp\/v2\/product_cat?post=11819"},{"taxonomy":"product_tag","embeddable":true,"href":"https:\/\/distribution.audio-technica.eu\/fr-fr\/wp-json\/wp\/v2\/product_tag?post=11819"}],"curies":[{"name":"wp","href":"https:\/\/api.w.org\/{rel}","templated":true}]}}