{"id":11823,"date":"2024-06-28T15:20:49","date_gmt":"2024-06-28T14:20:49","guid":{"rendered":"https:\/\/distribution.audio-technica.eu\/fr-fr\/?post_type=product&#038;p=11823"},"modified":"2024-06-28T15:30:42","modified_gmt":"2024-06-28T14:30:42","slug":"8361a-sam","status":"publish","type":"product","link":"https:\/\/distribution.audio-technica.eu\/fr-fr\/produits\/8361a-sam\/","title":{"rendered":"8361A SAM\u2122"},"content":{"rendered":"<p>Nouveau fleuron de la gamme The Ones, la <strong>8361A<\/strong> offre des performances acoustiques tr\u00e8s \u00e9lev\u00e9es.<\/p>\n<p>La plus grande des enceintes de monitoring coaxiale point source, la <strong>8361A<\/strong> offre une plage de dynamique utilisable tr\u00e8s \u00e9lev\u00e9e, une directivit\u00e9 contr\u00f4l\u00e9e, un confort d\u2019\u00e9coute jusqu\u2019\u00e0 118 dB SPL, ce qui permet de travailler avec un sweet spot jusqu\u2019\u00e0 5 m\u00e8tres &#8211; et le rend donc parfait pour les cabines de taille moyenne.<\/p>\n<p><strong>Applications<\/strong>:<\/p>\n<p>Ecoute principale studio musique ou mixage immersif<\/p>\n","protected":false},"excerpt":{"rendered":"<p>Enceinte de monitoring coaxiale 3 voies amplifi\u00e9e, 10\u201d.<\/p>\n<p>\u2013 118 dB SPL.<br \/>\n\u2013 Blindage magn\u00e9tique.<br \/>\n\u2013 Double haut-parleur de graves 10\u201d.<br \/>\n\u2013 Compatible avec GLM et AutoCal.<br \/>\n\u2013 C\u00e2ble d\u2019alimentation d\u20191,8 m et c\u00e2ble RJ45 de 5 m fournis.<br \/>\n\u2013 Disponible en noir, blanc et gris fonc\u00e9.<\/p>\n","protected":false},"featured_media":11824,"template":"","meta":{"_acf_changed":false},"product_brand":[],"product_cat":[2144,2159],"product_tag":[],"class_list":{"0":"post-11823","1":"product","2":"type-product","3":"status-publish","4":"has-post-thumbnail","6":"product_cat-enceintes","7":"product_cat-the-ones","9":"first","10":"instock","11":"shipping-taxable","12":"product-type-simple"},"acf":[],"yoast_head":"<!-- This site is optimized with the Yoast SEO plugin v27.1.1 - https:\/\/yoast.com\/product\/yoast-seo-wordpress\/ -->\n<title>8361A SAM\u2122 - FR Audio-Technica Distribution<\/title>\n<meta name=\"description\" content=\"La 8361A offre une plage de dynamique utilisable tr\u00e8s \u00e9lev\u00e9e, une directivit\u00e9 contr\u00f4l\u00e9e, un confort d\u2019\u00e9coute jusqu\u2019\u00e0 118 dB SPL.\" \/>\n<meta name=\"robots\" content=\"index, follow, max-snippet:-1, max-image-preview:large, max-video-preview:-1\" \/>\n<link rel=\"canonical\" href=\"https:\/\/distribution.audio-technica.eu\/fr-fr\/produits\/8361a-sam\/\" \/>\n<meta property=\"og:locale\" content=\"fr_FR\" \/>\n<meta property=\"og:type\" content=\"article\" \/>\n<meta property=\"og:title\" content=\"8361A SAM\u2122 - FR Audio-Technica Distribution\" \/>\n<meta property=\"og:description\" content=\"La 8361A offre une plage de dynamique utilisable tr\u00e8s \u00e9lev\u00e9e, une directivit\u00e9 contr\u00f4l\u00e9e, un confort d\u2019\u00e9coute jusqu\u2019\u00e0 118 dB SPL.\" \/>\n<meta property=\"og:url\" content=\"https:\/\/distribution.audio-technica.eu\/fr-fr\/produits\/8361a-sam\/\" \/>\n<meta property=\"og:site_name\" content=\"FR Audio-Technica Distribution\" \/>\n<meta property=\"article:modified_time\" content=\"2024-06-28T14:30:42+00:00\" \/>\n<meta property=\"og:image\" content=\"https:\/\/distribution.audio-technica.eu\/app\/uploads\/sites\/3\/8361A-front.jpg\" \/>\n\t<meta property=\"og:image:width\" content=\"776\" \/>\n\t<meta property=\"og:image:height\" content=\"822\" \/>\n\t<meta property=\"og:image:type\" content=\"image\/jpeg\" \/>\n<meta name=\"twitter:card\" content=\"summary_large_image\" \/>\n<meta name=\"twitter:label1\" content=\"Dur\u00e9e de lecture estim\u00e9e\" \/>\n\t<meta name=\"twitter:data1\" content=\"1 minute\" \/>\n<script type=\"application\/ld+json\" class=\"yoast-schema-graph\">{\"@context\":\"https:\/\/schema.org\",\"@graph\":[{\"@type\":\"WebPage\",\"@id\":\"https:\/\/distribution.audio-technica.eu\/fr-fr\/produits\/8361a-sam\/\",\"url\":\"https:\/\/distribution.audio-technica.eu\/fr-fr\/produits\/8361a-sam\/\",\"name\":\"8361A SAM\u2122 - FR Audio-Technica Distribution\",\"isPartOf\":{\"@id\":\"https:\/\/distribution.audio-technica.eu\/fr-fr\/#website\"},\"primaryImageOfPage\":{\"@id\":\"https:\/\/distribution.audio-technica.eu\/fr-fr\/produits\/8361a-sam\/#primaryimage\"},\"image\":{\"@id\":\"https:\/\/distribution.audio-technica.eu\/fr-fr\/produits\/8361a-sam\/#primaryimage\"},\"thumbnailUrl\":\"\/app\/uploads\/sites\/3\/8361A-front.jpg\",\"datePublished\":\"2024-06-28T14:20:49+00:00\",\"dateModified\":\"2024-06-28T14:30:42+00:00\",\"description\":\"La 8361A offre une plage de dynamique utilisable tr\u00e8s \u00e9lev\u00e9e, une directivit\u00e9 contr\u00f4l\u00e9e, un confort d\u2019\u00e9coute jusqu\u2019\u00e0 118 dB SPL.\",\"breadcrumb\":{\"@id\":\"https:\/\/distribution.audio-technica.eu\/fr-fr\/produits\/8361a-sam\/#breadcrumb\"},\"inLanguage\":\"fr-FR\",\"potentialAction\":[{\"@type\":\"ReadAction\",\"target\":[\"https:\/\/distribution.audio-technica.eu\/fr-fr\/produits\/8361a-sam\/\"]}]},{\"@type\":\"ImageObject\",\"inLanguage\":\"fr-FR\",\"@id\":\"https:\/\/distribution.audio-technica.eu\/fr-fr\/produits\/8361a-sam\/#primaryimage\",\"url\":\"\/app\/uploads\/sites\/3\/8361A-front.jpg\",\"contentUrl\":\"\/app\/uploads\/sites\/3\/8361A-front.jpg\",\"width\":776,\"height\":822},{\"@type\":\"BreadcrumbList\",\"@id\":\"https:\/\/distribution.audio-technica.eu\/fr-fr\/produits\/8361a-sam\/#breadcrumb\",\"itemListElement\":[{\"@type\":\"ListItem\",\"position\":1,\"name\":\"Products\",\"item\":\"https:\/\/distribution.audio-technica.eu\/fr-fr\/\"},{\"@type\":\"ListItem\",\"position\":2,\"name\":\"Produits\",\"item\":\"https:\/\/distribution.audio-technica.eu\/fr-fr\/produits\/\"},{\"@type\":\"ListItem\",\"position\":3,\"name\":\"8361A SAM\u2122\"}]},{\"@type\":\"WebSite\",\"@id\":\"https:\/\/distribution.audio-technica.eu\/fr-fr\/#website\",\"url\":\"https:\/\/distribution.audio-technica.eu\/fr-fr\/\",\"name\":\"FR Audio-Technica Distribution\",\"description\":\"\",\"potentialAction\":[{\"@type\":\"SearchAction\",\"target\":{\"@type\":\"EntryPoint\",\"urlTemplate\":\"https:\/\/distribution.audio-technica.eu\/fr-fr\/?s={search_term_string}\"},\"query-input\":{\"@type\":\"PropertyValueSpecification\",\"valueRequired\":true,\"valueName\":\"search_term_string\"}}],\"inLanguage\":\"fr-FR\"}]}<\/script>\n<!-- \/ Yoast SEO plugin. -->","yoast_head_json":{"title":"8361A SAM\u2122 - FR Audio-Technica Distribution","description":"La 8361A offre une plage de dynamique utilisable tr\u00e8s \u00e9lev\u00e9e, une directivit\u00e9 contr\u00f4l\u00e9e, un confort d\u2019\u00e9coute jusqu\u2019\u00e0 118 dB SPL.","robots":{"index":"index","follow":"follow","max-snippet":"max-snippet:-1","max-image-preview":"max-image-preview:large","max-video-preview":"max-video-preview:-1"},"canonical":"https:\/\/distribution.audio-technica.eu\/fr-fr\/produits\/8361a-sam\/","og_locale":"fr_FR","og_type":"article","og_title":"8361A SAM\u2122 - FR Audio-Technica Distribution","og_description":"La 8361A offre une plage de dynamique utilisable tr\u00e8s \u00e9lev\u00e9e, une directivit\u00e9 contr\u00f4l\u00e9e, un confort d\u2019\u00e9coute jusqu\u2019\u00e0 118 dB SPL.","og_url":"https:\/\/distribution.audio-technica.eu\/fr-fr\/produits\/8361a-sam\/","og_site_name":"FR Audio-Technica Distribution","article_modified_time":"2024-06-28T14:30:42+00:00","og_image":[{"width":776,"height":822,"url":"https:\/\/distribution.audio-technica.eu\/app\/uploads\/sites\/3\/8361A-front.jpg","type":"image\/jpeg"}],"twitter_card":"summary_large_image","twitter_misc":{"Dur\u00e9e de lecture estim\u00e9e":"1 minute"},"schema":{"@context":"https:\/\/schema.org","@graph":[{"@type":"WebPage","@id":"https:\/\/distribution.audio-technica.eu\/fr-fr\/produits\/8361a-sam\/","url":"https:\/\/distribution.audio-technica.eu\/fr-fr\/produits\/8361a-sam\/","name":"8361A SAM\u2122 - FR Audio-Technica Distribution","isPartOf":{"@id":"https:\/\/distribution.audio-technica.eu\/fr-fr\/#website"},"primaryImageOfPage":{"@id":"https:\/\/distribution.audio-technica.eu\/fr-fr\/produits\/8361a-sam\/#primaryimage"},"image":{"@id":"https:\/\/distribution.audio-technica.eu\/fr-fr\/produits\/8361a-sam\/#primaryimage"},"thumbnailUrl":"\/app\/uploads\/sites\/3\/8361A-front.jpg","datePublished":"2024-06-28T14:20:49+00:00","dateModified":"2024-06-28T14:30:42+00:00","description":"La 8361A offre une plage de dynamique utilisable tr\u00e8s \u00e9lev\u00e9e, une directivit\u00e9 contr\u00f4l\u00e9e, un confort d\u2019\u00e9coute jusqu\u2019\u00e0 118 dB SPL.","breadcrumb":{"@id":"https:\/\/distribution.audio-technica.eu\/fr-fr\/produits\/8361a-sam\/#breadcrumb"},"inLanguage":"fr-FR","potentialAction":[{"@type":"ReadAction","target":["https:\/\/distribution.audio-technica.eu\/fr-fr\/produits\/8361a-sam\/"]}]},{"@type":"ImageObject","inLanguage":"fr-FR","@id":"https:\/\/distribution.audio-technica.eu\/fr-fr\/produits\/8361a-sam\/#primaryimage","url":"\/app\/uploads\/sites\/3\/8361A-front.jpg","contentUrl":"\/app\/uploads\/sites\/3\/8361A-front.jpg","width":776,"height":822},{"@type":"BreadcrumbList","@id":"https:\/\/distribution.audio-technica.eu\/fr-fr\/produits\/8361a-sam\/#breadcrumb","itemListElement":[{"@type":"ListItem","position":1,"name":"Products","item":"https:\/\/distribution.audio-technica.eu\/fr-fr\/"},{"@type":"ListItem","position":2,"name":"Produits","item":"https:\/\/distribution.audio-technica.eu\/fr-fr\/produits\/"},{"@type":"ListItem","position":3,"name":"8361A SAM\u2122"}]},{"@type":"WebSite","@id":"https:\/\/distribution.audio-technica.eu\/fr-fr\/#website","url":"https:\/\/distribution.audio-technica.eu\/fr-fr\/","name":"FR Audio-Technica Distribution","description":"","potentialAction":[{"@type":"SearchAction","target":{"@type":"EntryPoint","urlTemplate":"https:\/\/distribution.audio-technica.eu\/fr-fr\/?s={search_term_string}"},"query-input":{"@type":"PropertyValueSpecification","valueRequired":true,"valueName":"search_term_string"}}],"inLanguage":"fr-FR"}]}},"_links":{"self":[{"href":"https:\/\/distribution.audio-technica.eu\/fr-fr\/wp-json\/wp\/v2\/product\/11823","targetHints":{"allow":["GET"]}}],"collection":[{"href":"https:\/\/distribution.audio-technica.eu\/fr-fr\/wp-json\/wp\/v2\/product"}],"about":[{"href":"https:\/\/distribution.audio-technica.eu\/fr-fr\/wp-json\/wp\/v2\/types\/product"}],"wp:featuredmedia":[{"embeddable":true,"href":"https:\/\/distribution.audio-technica.eu\/fr-fr\/wp-json\/wp\/v2\/media\/11824"}],"wp:attachment":[{"href":"https:\/\/distribution.audio-technica.eu\/fr-fr\/wp-json\/wp\/v2\/media?parent=11823"}],"wp:term":[{"taxonomy":"product_brand","embeddable":true,"href":"https:\/\/distribution.audio-technica.eu\/fr-fr\/wp-json\/wp\/v2\/product_brand?post=11823"},{"taxonomy":"product_cat","embeddable":true,"href":"https:\/\/distribution.audio-technica.eu\/fr-fr\/wp-json\/wp\/v2\/product_cat?post=11823"},{"taxonomy":"product_tag","embeddable":true,"href":"https:\/\/distribution.audio-technica.eu\/fr-fr\/wp-json\/wp\/v2\/product_tag?post=11823"}],"curies":[{"name":"wp","href":"https:\/\/api.w.org\/{rel}","templated":true}]}}