{"id":11827,"date":"2024-06-28T15:18:10","date_gmt":"2024-06-28T14:18:10","guid":{"rendered":"https:\/\/distribution.audio-technica.eu\/fr-fr\/?post_type=product&#038;p=11827"},"modified":"2024-06-28T15:34:19","modified_gmt":"2024-06-28T14:34:19","slug":"w371a-sam","status":"publish","type":"product","link":"https:\/\/distribution.audio-technica.eu\/fr-fr\/produits\/w371a-sam\/","title":{"rendered":"W371A SAM\u2122"},"content":{"rendered":"<p>Un renfort de grave compact et performant, vous permettant d\u2019optimiser la restitution des basses fr\u00e9quences en contr\u00f4lant les ondes stationnaires de votre studio.<\/p>\n<p>La W371A est une enceinte de grave \u00e0 deux hauts-parleur (avant et arri\u00e8re) qui compl\u00e8te et optimise les mod\u00e8les 8341, 8351 et 8361 afin de cr\u00e9er des solutions de monitoring haut de gamme. B\u00e9n\u00e9ficiez de tous les avantages de votre syst\u00e8me d\u2019\u00e9coute principal \u201cThe Ones serie\u201d en le compl\u00e9tant avec ce renfort de basse fr\u00e9quence facilement int\u00e9grable, celui-ci faisant \u00e9galement office de pied. La calibration et le calage des d\u00e9lais avec les \u00e9coutes se font via le GLM et permet une mise en phase parfaite.<\/p>\n<p><strong>Applications<\/strong>:<\/p>\n<p>Renfort de grave en st\u00e9r\u00e9o ou LCR en mixage immersif, le W371 n&rsquo;est pas pr\u00e9conis\u00e9 pour une utilisation en LFE cin\u00e9ma.<\/p>\n","protected":false},"excerpt":{"rendered":"<p>Basse adaptative process\u00e9e 14\u201d + 12\u201d auto-aliment\u00e9e pour la s\u00e9rie \u201cThe Ones\u201d<\/p>\n<p>\u2013 SPL 120dB.<br \/>\n\u2013 Compl\u00e8te les enceintes de la s\u00e9rie \u201cThe Ones\u201d.<br \/>\n\u2013 Deux woofers oppos\u00e9s de 14\u201d et 12\u201d.<br \/>\n\u2013 Trois modes de fonctionnement.<br \/>\n\u2013 Compatible GLM et Autocal.<br \/>\n\u2013 Blindage magn\u00e9tique.<br \/>\n\u2013 C\u00e2ble d\u2019alimentation d\u20191,8 m et c\u00e2ble RJ45 de 5 m fournis.<\/p>\n","protected":false},"featured_media":11828,"template":"","meta":{"_acf_changed":false},"product_brand":[],"product_cat":[2144,2159],"product_tag":[],"class_list":{"0":"post-11827","1":"product","2":"type-product","3":"status-publish","4":"has-post-thumbnail","6":"product_cat-enceintes","7":"product_cat-the-ones","8":"product_series-studio-monitor","10":"first","11":"instock","12":"shipping-taxable","13":"product-type-simple"},"acf":[],"yoast_head":"<!-- This site is optimized with the Yoast SEO plugin v27.1.1 - https:\/\/yoast.com\/product\/yoast-seo-wordpress\/ -->\n<title>W371A SAM\u2122 - FR Audio-Technica Distribution<\/title>\n<meta name=\"description\" content=\"La W371A est une enceinte de grave \u00e0 deux haut-parleurs (avant et arri\u00e8re) qui compl\u00e8te et optimise les mod\u00e8les 8341, 8351 et 8361 afin de cr\u00e9er des solutions de monitoring haut de gamme.\" \/>\n<meta name=\"robots\" content=\"index, follow, max-snippet:-1, max-image-preview:large, max-video-preview:-1\" \/>\n<link rel=\"canonical\" href=\"https:\/\/distribution.audio-technica.eu\/fr-fr\/produits\/w371a-sam\/\" \/>\n<meta property=\"og:locale\" content=\"fr_FR\" \/>\n<meta property=\"og:type\" content=\"article\" \/>\n<meta property=\"og:title\" content=\"W371A SAM\u2122 - FR Audio-Technica Distribution\" \/>\n<meta property=\"og:description\" content=\"La W371A est une enceinte de grave \u00e0 deux haut-parleurs (avant et arri\u00e8re) qui compl\u00e8te et optimise les mod\u00e8les 8341, 8351 et 8361 afin de cr\u00e9er des solutions de monitoring haut de gamme.\" \/>\n<meta property=\"og:url\" content=\"https:\/\/distribution.audio-technica.eu\/fr-fr\/produits\/w371a-sam\/\" \/>\n<meta property=\"og:site_name\" content=\"FR Audio-Technica Distribution\" \/>\n<meta property=\"article:modified_time\" content=\"2024-06-28T14:34:19+00:00\" \/>\n<meta property=\"og:image\" content=\"https:\/\/distribution.audio-technica.eu\/app\/uploads\/sites\/3\/W-Front.jpg\" \/>\n\t<meta property=\"og:image:width\" content=\"711\" \/>\n\t<meta property=\"og:image:height\" content=\"830\" \/>\n\t<meta property=\"og:image:type\" content=\"image\/jpeg\" \/>\n<meta name=\"twitter:card\" content=\"summary_large_image\" \/>\n<meta name=\"twitter:label1\" content=\"Dur\u00e9e de lecture estim\u00e9e\" \/>\n\t<meta name=\"twitter:data1\" content=\"1 minute\" \/>\n<script type=\"application\/ld+json\" class=\"yoast-schema-graph\">{\"@context\":\"https:\/\/schema.org\",\"@graph\":[{\"@type\":\"WebPage\",\"@id\":\"https:\/\/distribution.audio-technica.eu\/fr-fr\/produits\/w371a-sam\/\",\"url\":\"https:\/\/distribution.audio-technica.eu\/fr-fr\/produits\/w371a-sam\/\",\"name\":\"W371A SAM\u2122 - FR Audio-Technica Distribution\",\"isPartOf\":{\"@id\":\"https:\/\/distribution.audio-technica.eu\/fr-fr\/#website\"},\"primaryImageOfPage\":{\"@id\":\"https:\/\/distribution.audio-technica.eu\/fr-fr\/produits\/w371a-sam\/#primaryimage\"},\"image\":{\"@id\":\"https:\/\/distribution.audio-technica.eu\/fr-fr\/produits\/w371a-sam\/#primaryimage\"},\"thumbnailUrl\":\"\/app\/uploads\/sites\/3\/W-Front.jpg\",\"datePublished\":\"2024-06-28T14:18:10+00:00\",\"dateModified\":\"2024-06-28T14:34:19+00:00\",\"description\":\"La W371A est une enceinte de grave \u00e0 deux haut-parleurs (avant et arri\u00e8re) qui compl\u00e8te et optimise les mod\u00e8les 8341, 8351 et 8361 afin de cr\u00e9er des solutions de monitoring haut de gamme.\",\"breadcrumb\":{\"@id\":\"https:\/\/distribution.audio-technica.eu\/fr-fr\/produits\/w371a-sam\/#breadcrumb\"},\"inLanguage\":\"fr-FR\",\"potentialAction\":[{\"@type\":\"ReadAction\",\"target\":[\"https:\/\/distribution.audio-technica.eu\/fr-fr\/produits\/w371a-sam\/\"]}]},{\"@type\":\"ImageObject\",\"inLanguage\":\"fr-FR\",\"@id\":\"https:\/\/distribution.audio-technica.eu\/fr-fr\/produits\/w371a-sam\/#primaryimage\",\"url\":\"\/app\/uploads\/sites\/3\/W-Front.jpg\",\"contentUrl\":\"\/app\/uploads\/sites\/3\/W-Front.jpg\",\"width\":711,\"height\":830},{\"@type\":\"BreadcrumbList\",\"@id\":\"https:\/\/distribution.audio-technica.eu\/fr-fr\/produits\/w371a-sam\/#breadcrumb\",\"itemListElement\":[{\"@type\":\"ListItem\",\"position\":1,\"name\":\"Products\",\"item\":\"https:\/\/distribution.audio-technica.eu\/fr-fr\/\"},{\"@type\":\"ListItem\",\"position\":2,\"name\":\"Produits\",\"item\":\"https:\/\/distribution.audio-technica.eu\/fr-fr\/produits\/\"},{\"@type\":\"ListItem\",\"position\":3,\"name\":\"W371A SAM\u2122\"}]},{\"@type\":\"WebSite\",\"@id\":\"https:\/\/distribution.audio-technica.eu\/fr-fr\/#website\",\"url\":\"https:\/\/distribution.audio-technica.eu\/fr-fr\/\",\"name\":\"FR Audio-Technica Distribution\",\"description\":\"\",\"potentialAction\":[{\"@type\":\"SearchAction\",\"target\":{\"@type\":\"EntryPoint\",\"urlTemplate\":\"https:\/\/distribution.audio-technica.eu\/fr-fr\/?s={search_term_string}\"},\"query-input\":{\"@type\":\"PropertyValueSpecification\",\"valueRequired\":true,\"valueName\":\"search_term_string\"}}],\"inLanguage\":\"fr-FR\"}]}<\/script>\n<!-- \/ Yoast SEO plugin. -->","yoast_head_json":{"title":"W371A SAM\u2122 - FR Audio-Technica Distribution","description":"La W371A est une enceinte de grave \u00e0 deux haut-parleurs (avant et arri\u00e8re) qui compl\u00e8te et optimise les mod\u00e8les 8341, 8351 et 8361 afin de cr\u00e9er des solutions de monitoring haut de gamme.","robots":{"index":"index","follow":"follow","max-snippet":"max-snippet:-1","max-image-preview":"max-image-preview:large","max-video-preview":"max-video-preview:-1"},"canonical":"https:\/\/distribution.audio-technica.eu\/fr-fr\/produits\/w371a-sam\/","og_locale":"fr_FR","og_type":"article","og_title":"W371A SAM\u2122 - FR Audio-Technica Distribution","og_description":"La W371A est une enceinte de grave \u00e0 deux haut-parleurs (avant et arri\u00e8re) qui compl\u00e8te et optimise les mod\u00e8les 8341, 8351 et 8361 afin de cr\u00e9er des solutions de monitoring haut de gamme.","og_url":"https:\/\/distribution.audio-technica.eu\/fr-fr\/produits\/w371a-sam\/","og_site_name":"FR Audio-Technica Distribution","article_modified_time":"2024-06-28T14:34:19+00:00","og_image":[{"width":711,"height":830,"url":"https:\/\/distribution.audio-technica.eu\/app\/uploads\/sites\/3\/W-Front.jpg","type":"image\/jpeg"}],"twitter_card":"summary_large_image","twitter_misc":{"Dur\u00e9e de lecture estim\u00e9e":"1 minute"},"schema":{"@context":"https:\/\/schema.org","@graph":[{"@type":"WebPage","@id":"https:\/\/distribution.audio-technica.eu\/fr-fr\/produits\/w371a-sam\/","url":"https:\/\/distribution.audio-technica.eu\/fr-fr\/produits\/w371a-sam\/","name":"W371A SAM\u2122 - FR Audio-Technica Distribution","isPartOf":{"@id":"https:\/\/distribution.audio-technica.eu\/fr-fr\/#website"},"primaryImageOfPage":{"@id":"https:\/\/distribution.audio-technica.eu\/fr-fr\/produits\/w371a-sam\/#primaryimage"},"image":{"@id":"https:\/\/distribution.audio-technica.eu\/fr-fr\/produits\/w371a-sam\/#primaryimage"},"thumbnailUrl":"\/app\/uploads\/sites\/3\/W-Front.jpg","datePublished":"2024-06-28T14:18:10+00:00","dateModified":"2024-06-28T14:34:19+00:00","description":"La W371A est une enceinte de grave \u00e0 deux haut-parleurs (avant et arri\u00e8re) qui compl\u00e8te et optimise les mod\u00e8les 8341, 8351 et 8361 afin de cr\u00e9er des solutions de monitoring haut de gamme.","breadcrumb":{"@id":"https:\/\/distribution.audio-technica.eu\/fr-fr\/produits\/w371a-sam\/#breadcrumb"},"inLanguage":"fr-FR","potentialAction":[{"@type":"ReadAction","target":["https:\/\/distribution.audio-technica.eu\/fr-fr\/produits\/w371a-sam\/"]}]},{"@type":"ImageObject","inLanguage":"fr-FR","@id":"https:\/\/distribution.audio-technica.eu\/fr-fr\/produits\/w371a-sam\/#primaryimage","url":"\/app\/uploads\/sites\/3\/W-Front.jpg","contentUrl":"\/app\/uploads\/sites\/3\/W-Front.jpg","width":711,"height":830},{"@type":"BreadcrumbList","@id":"https:\/\/distribution.audio-technica.eu\/fr-fr\/produits\/w371a-sam\/#breadcrumb","itemListElement":[{"@type":"ListItem","position":1,"name":"Products","item":"https:\/\/distribution.audio-technica.eu\/fr-fr\/"},{"@type":"ListItem","position":2,"name":"Produits","item":"https:\/\/distribution.audio-technica.eu\/fr-fr\/produits\/"},{"@type":"ListItem","position":3,"name":"W371A SAM\u2122"}]},{"@type":"WebSite","@id":"https:\/\/distribution.audio-technica.eu\/fr-fr\/#website","url":"https:\/\/distribution.audio-technica.eu\/fr-fr\/","name":"FR Audio-Technica Distribution","description":"","potentialAction":[{"@type":"SearchAction","target":{"@type":"EntryPoint","urlTemplate":"https:\/\/distribution.audio-technica.eu\/fr-fr\/?s={search_term_string}"},"query-input":{"@type":"PropertyValueSpecification","valueRequired":true,"valueName":"search_term_string"}}],"inLanguage":"fr-FR"}]}},"_links":{"self":[{"href":"https:\/\/distribution.audio-technica.eu\/fr-fr\/wp-json\/wp\/v2\/product\/11827","targetHints":{"allow":["GET"]}}],"collection":[{"href":"https:\/\/distribution.audio-technica.eu\/fr-fr\/wp-json\/wp\/v2\/product"}],"about":[{"href":"https:\/\/distribution.audio-technica.eu\/fr-fr\/wp-json\/wp\/v2\/types\/product"}],"wp:featuredmedia":[{"embeddable":true,"href":"https:\/\/distribution.audio-technica.eu\/fr-fr\/wp-json\/wp\/v2\/media\/11828"}],"wp:attachment":[{"href":"https:\/\/distribution.audio-technica.eu\/fr-fr\/wp-json\/wp\/v2\/media?parent=11827"}],"wp:term":[{"taxonomy":"product_brand","embeddable":true,"href":"https:\/\/distribution.audio-technica.eu\/fr-fr\/wp-json\/wp\/v2\/product_brand?post=11827"},{"taxonomy":"product_cat","embeddable":true,"href":"https:\/\/distribution.audio-technica.eu\/fr-fr\/wp-json\/wp\/v2\/product_cat?post=11827"},{"taxonomy":"product_tag","embeddable":true,"href":"https:\/\/distribution.audio-technica.eu\/fr-fr\/wp-json\/wp\/v2\/product_tag?post=11827"}],"curies":[{"name":"wp","href":"https:\/\/api.w.org\/{rel}","templated":true}]}}