{"id":11831,"date":"2024-06-28T15:08:51","date_gmt":"2024-06-28T14:08:51","guid":{"rendered":"https:\/\/distribution.audio-technica.eu\/fr-fr\/?post_type=product&#038;p=11831"},"modified":"2024-06-28T15:09:50","modified_gmt":"2024-06-28T14:09:50","slug":"8320a-sam","status":"publish","type":"product","link":"https:\/\/distribution.audio-technica.eu\/fr-fr\/produits\/8320a-sam\/","title":{"rendered":"8320A SAM\u2122"},"content":{"rendered":"<p>L\u2019enceinte la plus compacte de sa s\u00e9rie !<\/p>\n<p>Compacte et puissante, la <strong>8320A<\/strong> s\u2019int\u00e8gre parfaitement dans tous les environnements o\u00f9 l\u2019espace est compt\u00e9.<\/p>\n<p><strong>Applications:<\/strong><\/p>\n<p>Post-production, home studio, cars r\u00e9gis, \u00e9diting<\/p>\n","protected":false},"excerpt":{"rendered":"<p>Enceinte de monitoring process\u00e9e 2 voies amplifi\u00e9es 4\u201d.<\/p>\n<p>\u2013 Taille compacte.<br \/>\n\u2013 Compatible avec GLM et AutoCal.<br \/>\n\u2013 Blindage magn\u00e9tique.<br \/>\n\u2013 C\u00e2ble d\u2019alimentation d\u20191,8 m et c\u00e2ble RJ45 de 5 m fournis.<br \/>\n\u2013 Disponible en gris fonc\u00e9, blanc et aluminium raw.<\/p>\n","protected":false},"featured_media":11832,"template":"","meta":{"_acf_changed":false},"product_brand":[],"product_cat":[2144,2162],"product_tag":[],"class_list":{"0":"post-11831","1":"product","2":"type-product","3":"status-publish","4":"has-post-thumbnail","6":"product_cat-enceintes","7":"product_cat-smart-active-monitor","8":"product_series-studio-monitor","10":"first","11":"instock","12":"shipping-taxable","13":"product-type-simple"},"acf":[],"yoast_head":"<!-- This site is optimized with the Yoast SEO plugin v27.1.1 - https:\/\/yoast.com\/product\/yoast-seo-wordpress\/ -->\n<title>8320A SAM\u2122 - FR Audio-Technica Distribution<\/title>\n<meta name=\"description\" content=\"Compacte et puissante, la 8320A s\u2019int\u00e8gre parfaitement dans tous les environnements o\u00f9 l\u2019espace est compt\u00e9. Enceinte de monitoring process\u00e9e 2 voies amplifi\u00e9es 4\u201d\" \/>\n<meta name=\"robots\" content=\"index, follow, max-snippet:-1, max-image-preview:large, max-video-preview:-1\" \/>\n<link rel=\"canonical\" href=\"https:\/\/distribution.audio-technica.eu\/fr-fr\/produits\/8320a-sam\/\" \/>\n<meta property=\"og:locale\" content=\"fr_FR\" \/>\n<meta property=\"og:type\" content=\"article\" \/>\n<meta property=\"og:title\" content=\"8320A SAM\u2122 - FR Audio-Technica Distribution\" \/>\n<meta property=\"og:description\" content=\"Compacte et puissante, la 8320A s\u2019int\u00e8gre parfaitement dans tous les environnements o\u00f9 l\u2019espace est compt\u00e9. Enceinte de monitoring process\u00e9e 2 voies amplifi\u00e9es 4\u201d\" \/>\n<meta property=\"og:url\" content=\"https:\/\/distribution.audio-technica.eu\/fr-fr\/produits\/8320a-sam\/\" \/>\n<meta property=\"og:site_name\" content=\"FR Audio-Technica Distribution\" \/>\n<meta property=\"article:modified_time\" content=\"2024-06-28T14:09:50+00:00\" \/>\n<meta property=\"og:image\" content=\"https:\/\/distribution.audio-technica.eu\/app\/uploads\/sites\/3\/8320-front.jpg\" \/>\n\t<meta property=\"og:image:width\" content=\"779\" \/>\n\t<meta property=\"og:image:height\" content=\"817\" \/>\n\t<meta property=\"og:image:type\" content=\"image\/jpeg\" \/>\n<meta name=\"twitter:card\" content=\"summary_large_image\" \/>\n<meta name=\"twitter:label1\" content=\"Dur\u00e9e de lecture estim\u00e9e\" \/>\n\t<meta name=\"twitter:data1\" content=\"1 minute\" \/>\n<script type=\"application\/ld+json\" class=\"yoast-schema-graph\">{\"@context\":\"https:\/\/schema.org\",\"@graph\":[{\"@type\":\"WebPage\",\"@id\":\"https:\/\/distribution.audio-technica.eu\/fr-fr\/produits\/8320a-sam\/\",\"url\":\"https:\/\/distribution.audio-technica.eu\/fr-fr\/produits\/8320a-sam\/\",\"name\":\"8320A SAM\u2122 - FR Audio-Technica Distribution\",\"isPartOf\":{\"@id\":\"https:\/\/distribution.audio-technica.eu\/fr-fr\/#website\"},\"primaryImageOfPage\":{\"@id\":\"https:\/\/distribution.audio-technica.eu\/fr-fr\/produits\/8320a-sam\/#primaryimage\"},\"image\":{\"@id\":\"https:\/\/distribution.audio-technica.eu\/fr-fr\/produits\/8320a-sam\/#primaryimage\"},\"thumbnailUrl\":\"\/app\/uploads\/sites\/3\/8320-front.jpg\",\"datePublished\":\"2024-06-28T14:08:51+00:00\",\"dateModified\":\"2024-06-28T14:09:50+00:00\",\"description\":\"Compacte et puissante, la 8320A s\u2019int\u00e8gre parfaitement dans tous les environnements o\u00f9 l\u2019espace est compt\u00e9. Enceinte de monitoring process\u00e9e 2 voies amplifi\u00e9es 4\u201d\",\"breadcrumb\":{\"@id\":\"https:\/\/distribution.audio-technica.eu\/fr-fr\/produits\/8320a-sam\/#breadcrumb\"},\"inLanguage\":\"fr-FR\",\"potentialAction\":[{\"@type\":\"ReadAction\",\"target\":[\"https:\/\/distribution.audio-technica.eu\/fr-fr\/produits\/8320a-sam\/\"]}]},{\"@type\":\"ImageObject\",\"inLanguage\":\"fr-FR\",\"@id\":\"https:\/\/distribution.audio-technica.eu\/fr-fr\/produits\/8320a-sam\/#primaryimage\",\"url\":\"\/app\/uploads\/sites\/3\/8320-front.jpg\",\"contentUrl\":\"\/app\/uploads\/sites\/3\/8320-front.jpg\",\"width\":779,\"height\":817},{\"@type\":\"BreadcrumbList\",\"@id\":\"https:\/\/distribution.audio-technica.eu\/fr-fr\/produits\/8320a-sam\/#breadcrumb\",\"itemListElement\":[{\"@type\":\"ListItem\",\"position\":1,\"name\":\"Products\",\"item\":\"https:\/\/distribution.audio-technica.eu\/fr-fr\/\"},{\"@type\":\"ListItem\",\"position\":2,\"name\":\"Produits\",\"item\":\"https:\/\/distribution.audio-technica.eu\/fr-fr\/produits\/\"},{\"@type\":\"ListItem\",\"position\":3,\"name\":\"8320A SAM\u2122\"}]},{\"@type\":\"WebSite\",\"@id\":\"https:\/\/distribution.audio-technica.eu\/fr-fr\/#website\",\"url\":\"https:\/\/distribution.audio-technica.eu\/fr-fr\/\",\"name\":\"FR Audio-Technica Distribution\",\"description\":\"\",\"potentialAction\":[{\"@type\":\"SearchAction\",\"target\":{\"@type\":\"EntryPoint\",\"urlTemplate\":\"https:\/\/distribution.audio-technica.eu\/fr-fr\/?s={search_term_string}\"},\"query-input\":{\"@type\":\"PropertyValueSpecification\",\"valueRequired\":true,\"valueName\":\"search_term_string\"}}],\"inLanguage\":\"fr-FR\"}]}<\/script>\n<!-- \/ Yoast SEO plugin. -->","yoast_head_json":{"title":"8320A SAM\u2122 - FR Audio-Technica Distribution","description":"Compacte et puissante, la 8320A s\u2019int\u00e8gre parfaitement dans tous les environnements o\u00f9 l\u2019espace est compt\u00e9. Enceinte de monitoring process\u00e9e 2 voies amplifi\u00e9es 4\u201d","robots":{"index":"index","follow":"follow","max-snippet":"max-snippet:-1","max-image-preview":"max-image-preview:large","max-video-preview":"max-video-preview:-1"},"canonical":"https:\/\/distribution.audio-technica.eu\/fr-fr\/produits\/8320a-sam\/","og_locale":"fr_FR","og_type":"article","og_title":"8320A SAM\u2122 - FR Audio-Technica Distribution","og_description":"Compacte et puissante, la 8320A s\u2019int\u00e8gre parfaitement dans tous les environnements o\u00f9 l\u2019espace est compt\u00e9. Enceinte de monitoring process\u00e9e 2 voies amplifi\u00e9es 4\u201d","og_url":"https:\/\/distribution.audio-technica.eu\/fr-fr\/produits\/8320a-sam\/","og_site_name":"FR Audio-Technica Distribution","article_modified_time":"2024-06-28T14:09:50+00:00","og_image":[{"width":779,"height":817,"url":"https:\/\/distribution.audio-technica.eu\/app\/uploads\/sites\/3\/8320-front.jpg","type":"image\/jpeg"}],"twitter_card":"summary_large_image","twitter_misc":{"Dur\u00e9e de lecture estim\u00e9e":"1 minute"},"schema":{"@context":"https:\/\/schema.org","@graph":[{"@type":"WebPage","@id":"https:\/\/distribution.audio-technica.eu\/fr-fr\/produits\/8320a-sam\/","url":"https:\/\/distribution.audio-technica.eu\/fr-fr\/produits\/8320a-sam\/","name":"8320A SAM\u2122 - FR Audio-Technica Distribution","isPartOf":{"@id":"https:\/\/distribution.audio-technica.eu\/fr-fr\/#website"},"primaryImageOfPage":{"@id":"https:\/\/distribution.audio-technica.eu\/fr-fr\/produits\/8320a-sam\/#primaryimage"},"image":{"@id":"https:\/\/distribution.audio-technica.eu\/fr-fr\/produits\/8320a-sam\/#primaryimage"},"thumbnailUrl":"\/app\/uploads\/sites\/3\/8320-front.jpg","datePublished":"2024-06-28T14:08:51+00:00","dateModified":"2024-06-28T14:09:50+00:00","description":"Compacte et puissante, la 8320A s\u2019int\u00e8gre parfaitement dans tous les environnements o\u00f9 l\u2019espace est compt\u00e9. Enceinte de monitoring process\u00e9e 2 voies amplifi\u00e9es 4\u201d","breadcrumb":{"@id":"https:\/\/distribution.audio-technica.eu\/fr-fr\/produits\/8320a-sam\/#breadcrumb"},"inLanguage":"fr-FR","potentialAction":[{"@type":"ReadAction","target":["https:\/\/distribution.audio-technica.eu\/fr-fr\/produits\/8320a-sam\/"]}]},{"@type":"ImageObject","inLanguage":"fr-FR","@id":"https:\/\/distribution.audio-technica.eu\/fr-fr\/produits\/8320a-sam\/#primaryimage","url":"\/app\/uploads\/sites\/3\/8320-front.jpg","contentUrl":"\/app\/uploads\/sites\/3\/8320-front.jpg","width":779,"height":817},{"@type":"BreadcrumbList","@id":"https:\/\/distribution.audio-technica.eu\/fr-fr\/produits\/8320a-sam\/#breadcrumb","itemListElement":[{"@type":"ListItem","position":1,"name":"Products","item":"https:\/\/distribution.audio-technica.eu\/fr-fr\/"},{"@type":"ListItem","position":2,"name":"Produits","item":"https:\/\/distribution.audio-technica.eu\/fr-fr\/produits\/"},{"@type":"ListItem","position":3,"name":"8320A SAM\u2122"}]},{"@type":"WebSite","@id":"https:\/\/distribution.audio-technica.eu\/fr-fr\/#website","url":"https:\/\/distribution.audio-technica.eu\/fr-fr\/","name":"FR Audio-Technica Distribution","description":"","potentialAction":[{"@type":"SearchAction","target":{"@type":"EntryPoint","urlTemplate":"https:\/\/distribution.audio-technica.eu\/fr-fr\/?s={search_term_string}"},"query-input":{"@type":"PropertyValueSpecification","valueRequired":true,"valueName":"search_term_string"}}],"inLanguage":"fr-FR"}]}},"_links":{"self":[{"href":"https:\/\/distribution.audio-technica.eu\/fr-fr\/wp-json\/wp\/v2\/product\/11831","targetHints":{"allow":["GET"]}}],"collection":[{"href":"https:\/\/distribution.audio-technica.eu\/fr-fr\/wp-json\/wp\/v2\/product"}],"about":[{"href":"https:\/\/distribution.audio-technica.eu\/fr-fr\/wp-json\/wp\/v2\/types\/product"}],"wp:featuredmedia":[{"embeddable":true,"href":"https:\/\/distribution.audio-technica.eu\/fr-fr\/wp-json\/wp\/v2\/media\/11832"}],"wp:attachment":[{"href":"https:\/\/distribution.audio-technica.eu\/fr-fr\/wp-json\/wp\/v2\/media?parent=11831"}],"wp:term":[{"taxonomy":"product_brand","embeddable":true,"href":"https:\/\/distribution.audio-technica.eu\/fr-fr\/wp-json\/wp\/v2\/product_brand?post=11831"},{"taxonomy":"product_cat","embeddable":true,"href":"https:\/\/distribution.audio-technica.eu\/fr-fr\/wp-json\/wp\/v2\/product_cat?post=11831"},{"taxonomy":"product_tag","embeddable":true,"href":"https:\/\/distribution.audio-technica.eu\/fr-fr\/wp-json\/wp\/v2\/product_tag?post=11831"}],"curies":[{"name":"wp","href":"https:\/\/api.w.org\/{rel}","templated":true}]}}