{"id":11843,"date":"2024-06-28T15:03:02","date_gmt":"2024-06-28T14:03:02","guid":{"rendered":"https:\/\/distribution.audio-technica.eu\/fr-fr\/?post_type=product&#038;p=11843"},"modified":"2024-06-28T15:12:57","modified_gmt":"2024-06-28T14:12:57","slug":"8350a-sam","status":"publish","type":"product","link":"https:\/\/distribution.audio-technica.eu\/fr-fr\/produits\/8350a-sam\/","title":{"rendered":"8350A SAM\u2122"},"content":{"rendered":"<p>La <strong>8350A<\/strong> est l\u2019enceinte la plus puissante de cette gamme.<\/p>\n<p>Dot\u00e9e d\u2019un niveau de pression acoustique \u00e9lev\u00e9 et d\u2019une r\u00e9ponse en fr\u00e9quence \u00e9tendue, la <strong>8350A<\/strong> est con\u00e7ue pour offrir la transparence et la neutralit\u00e9 que vous attendez. Elle s\u2019int\u00e8gre parfaitement \u00e0 tout environnement de studio ou de diffusion. Gr\u00e2ce \u00e0 sa large bande passante, elle permet un mixage pr\u00e9cis et fiable.<\/p>\n<p>La <strong>8350A<\/strong> est contr\u00f4lable via le GLM4 afin de s\u2019adapter \u00e0 tout environnement d\u2019\u00e9coute.<\/p>\n<p>&nbsp;<\/p>\n<p><strong>Applications :<\/strong><\/p>\n<p>Studios d&rsquo;enregistrement, mixages immersifs, post-production, radio, t\u00e9l\u00e9vision et cars r\u00e9gie.<\/p>\n","protected":false},"excerpt":{"rendered":"<p>Enceinte de monitoring process\u00e9e 2 voies amplifi\u00e9e 8\u201d.<\/p>\n<p>\u2013 Compatible avec GLM et AutoCal.<br \/>\n\u2013 Blindage magn\u00e9tique.<br \/>\n\u2013 C\u00e2ble d\u2019alimentation d\u20191,8 m et c\u00e2ble RJ45 de 5 m fournis.<br \/>\n\u2013 Disponible en gris fonc\u00e9.<\/p>\n","protected":false},"featured_media":11844,"template":"","meta":{"_acf_changed":false},"product_brand":[],"product_cat":[2144,2162],"product_tag":[],"class_list":{"0":"post-11843","1":"product","2":"type-product","3":"status-publish","4":"has-post-thumbnail","6":"product_cat-enceintes","7":"product_cat-smart-active-monitor","8":"product_series-studio-monitor","10":"first","11":"instock","12":"shipping-taxable","13":"product-type-simple"},"acf":[],"yoast_head":"<!-- This site is optimized with the Yoast SEO plugin v27.1.1 - https:\/\/yoast.com\/product\/yoast-seo-wordpress\/ -->\n<title>8350A SAM\u2122 - FR Audio-Technica Distribution<\/title>\n<meta name=\"description\" content=\"L&#039;enceinte 8350A est con\u00e7ue pour offrir la transparence et la neutralit\u00e9 que vous attendez. Elle s\u2019int\u00e8gre parfaitement \u00e0 tout environnement de studio ou de diffusion.\" \/>\n<meta name=\"robots\" content=\"index, follow, max-snippet:-1, max-image-preview:large, max-video-preview:-1\" \/>\n<link rel=\"canonical\" href=\"https:\/\/distribution.audio-technica.eu\/fr-fr\/produits\/8350a-sam\/\" \/>\n<meta property=\"og:locale\" content=\"fr_FR\" \/>\n<meta property=\"og:type\" content=\"article\" \/>\n<meta property=\"og:title\" content=\"8350A SAM\u2122 - FR Audio-Technica Distribution\" \/>\n<meta property=\"og:description\" content=\"L&#039;enceinte 8350A est con\u00e7ue pour offrir la transparence et la neutralit\u00e9 que vous attendez. Elle s\u2019int\u00e8gre parfaitement \u00e0 tout environnement de studio ou de diffusion.\" \/>\n<meta property=\"og:url\" content=\"https:\/\/distribution.audio-technica.eu\/fr-fr\/produits\/8350a-sam\/\" \/>\n<meta property=\"og:site_name\" content=\"FR Audio-Technica Distribution\" \/>\n<meta property=\"article:modified_time\" content=\"2024-06-28T14:12:57+00:00\" \/>\n<meta property=\"og:image\" content=\"https:\/\/distribution.audio-technica.eu\/app\/uploads\/sites\/3\/8350A-front.jpg\" \/>\n\t<meta property=\"og:image:width\" content=\"758\" \/>\n\t<meta property=\"og:image:height\" content=\"793\" \/>\n\t<meta property=\"og:image:type\" content=\"image\/jpeg\" \/>\n<meta name=\"twitter:card\" content=\"summary_large_image\" \/>\n<meta name=\"twitter:label1\" content=\"Dur\u00e9e de lecture estim\u00e9e\" \/>\n\t<meta name=\"twitter:data1\" content=\"1 minute\" \/>\n<script type=\"application\/ld+json\" class=\"yoast-schema-graph\">{\"@context\":\"https:\/\/schema.org\",\"@graph\":[{\"@type\":\"WebPage\",\"@id\":\"https:\/\/distribution.audio-technica.eu\/fr-fr\/produits\/8350a-sam\/\",\"url\":\"https:\/\/distribution.audio-technica.eu\/fr-fr\/produits\/8350a-sam\/\",\"name\":\"8350A SAM\u2122 - FR Audio-Technica Distribution\",\"isPartOf\":{\"@id\":\"https:\/\/distribution.audio-technica.eu\/fr-fr\/#website\"},\"primaryImageOfPage\":{\"@id\":\"https:\/\/distribution.audio-technica.eu\/fr-fr\/produits\/8350a-sam\/#primaryimage\"},\"image\":{\"@id\":\"https:\/\/distribution.audio-technica.eu\/fr-fr\/produits\/8350a-sam\/#primaryimage\"},\"thumbnailUrl\":\"\/app\/uploads\/sites\/3\/8350A-front.jpg\",\"datePublished\":\"2024-06-28T14:03:02+00:00\",\"dateModified\":\"2024-06-28T14:12:57+00:00\",\"description\":\"L'enceinte 8350A est con\u00e7ue pour offrir la transparence et la neutralit\u00e9 que vous attendez. Elle s\u2019int\u00e8gre parfaitement \u00e0 tout environnement de studio ou de diffusion.\",\"breadcrumb\":{\"@id\":\"https:\/\/distribution.audio-technica.eu\/fr-fr\/produits\/8350a-sam\/#breadcrumb\"},\"inLanguage\":\"fr-FR\",\"potentialAction\":[{\"@type\":\"ReadAction\",\"target\":[\"https:\/\/distribution.audio-technica.eu\/fr-fr\/produits\/8350a-sam\/\"]}]},{\"@type\":\"ImageObject\",\"inLanguage\":\"fr-FR\",\"@id\":\"https:\/\/distribution.audio-technica.eu\/fr-fr\/produits\/8350a-sam\/#primaryimage\",\"url\":\"\/app\/uploads\/sites\/3\/8350A-front.jpg\",\"contentUrl\":\"\/app\/uploads\/sites\/3\/8350A-front.jpg\",\"width\":758,\"height\":793},{\"@type\":\"BreadcrumbList\",\"@id\":\"https:\/\/distribution.audio-technica.eu\/fr-fr\/produits\/8350a-sam\/#breadcrumb\",\"itemListElement\":[{\"@type\":\"ListItem\",\"position\":1,\"name\":\"Products\",\"item\":\"https:\/\/distribution.audio-technica.eu\/fr-fr\/\"},{\"@type\":\"ListItem\",\"position\":2,\"name\":\"Produits\",\"item\":\"https:\/\/distribution.audio-technica.eu\/fr-fr\/produits\/\"},{\"@type\":\"ListItem\",\"position\":3,\"name\":\"8350A SAM\u2122\"}]},{\"@type\":\"WebSite\",\"@id\":\"https:\/\/distribution.audio-technica.eu\/fr-fr\/#website\",\"url\":\"https:\/\/distribution.audio-technica.eu\/fr-fr\/\",\"name\":\"FR Audio-Technica Distribution\",\"description\":\"\",\"potentialAction\":[{\"@type\":\"SearchAction\",\"target\":{\"@type\":\"EntryPoint\",\"urlTemplate\":\"https:\/\/distribution.audio-technica.eu\/fr-fr\/?s={search_term_string}\"},\"query-input\":{\"@type\":\"PropertyValueSpecification\",\"valueRequired\":true,\"valueName\":\"search_term_string\"}}],\"inLanguage\":\"fr-FR\"}]}<\/script>\n<!-- \/ Yoast SEO plugin. -->","yoast_head_json":{"title":"8350A SAM\u2122 - FR Audio-Technica Distribution","description":"L'enceinte 8350A est con\u00e7ue pour offrir la transparence et la neutralit\u00e9 que vous attendez. Elle s\u2019int\u00e8gre parfaitement \u00e0 tout environnement de studio ou de diffusion.","robots":{"index":"index","follow":"follow","max-snippet":"max-snippet:-1","max-image-preview":"max-image-preview:large","max-video-preview":"max-video-preview:-1"},"canonical":"https:\/\/distribution.audio-technica.eu\/fr-fr\/produits\/8350a-sam\/","og_locale":"fr_FR","og_type":"article","og_title":"8350A SAM\u2122 - FR Audio-Technica Distribution","og_description":"L'enceinte 8350A est con\u00e7ue pour offrir la transparence et la neutralit\u00e9 que vous attendez. Elle s\u2019int\u00e8gre parfaitement \u00e0 tout environnement de studio ou de diffusion.","og_url":"https:\/\/distribution.audio-technica.eu\/fr-fr\/produits\/8350a-sam\/","og_site_name":"FR Audio-Technica Distribution","article_modified_time":"2024-06-28T14:12:57+00:00","og_image":[{"width":758,"height":793,"url":"https:\/\/distribution.audio-technica.eu\/app\/uploads\/sites\/3\/8350A-front.jpg","type":"image\/jpeg"}],"twitter_card":"summary_large_image","twitter_misc":{"Dur\u00e9e de lecture estim\u00e9e":"1 minute"},"schema":{"@context":"https:\/\/schema.org","@graph":[{"@type":"WebPage","@id":"https:\/\/distribution.audio-technica.eu\/fr-fr\/produits\/8350a-sam\/","url":"https:\/\/distribution.audio-technica.eu\/fr-fr\/produits\/8350a-sam\/","name":"8350A SAM\u2122 - FR Audio-Technica Distribution","isPartOf":{"@id":"https:\/\/distribution.audio-technica.eu\/fr-fr\/#website"},"primaryImageOfPage":{"@id":"https:\/\/distribution.audio-technica.eu\/fr-fr\/produits\/8350a-sam\/#primaryimage"},"image":{"@id":"https:\/\/distribution.audio-technica.eu\/fr-fr\/produits\/8350a-sam\/#primaryimage"},"thumbnailUrl":"\/app\/uploads\/sites\/3\/8350A-front.jpg","datePublished":"2024-06-28T14:03:02+00:00","dateModified":"2024-06-28T14:12:57+00:00","description":"L'enceinte 8350A est con\u00e7ue pour offrir la transparence et la neutralit\u00e9 que vous attendez. Elle s\u2019int\u00e8gre parfaitement \u00e0 tout environnement de studio ou de diffusion.","breadcrumb":{"@id":"https:\/\/distribution.audio-technica.eu\/fr-fr\/produits\/8350a-sam\/#breadcrumb"},"inLanguage":"fr-FR","potentialAction":[{"@type":"ReadAction","target":["https:\/\/distribution.audio-technica.eu\/fr-fr\/produits\/8350a-sam\/"]}]},{"@type":"ImageObject","inLanguage":"fr-FR","@id":"https:\/\/distribution.audio-technica.eu\/fr-fr\/produits\/8350a-sam\/#primaryimage","url":"\/app\/uploads\/sites\/3\/8350A-front.jpg","contentUrl":"\/app\/uploads\/sites\/3\/8350A-front.jpg","width":758,"height":793},{"@type":"BreadcrumbList","@id":"https:\/\/distribution.audio-technica.eu\/fr-fr\/produits\/8350a-sam\/#breadcrumb","itemListElement":[{"@type":"ListItem","position":1,"name":"Products","item":"https:\/\/distribution.audio-technica.eu\/fr-fr\/"},{"@type":"ListItem","position":2,"name":"Produits","item":"https:\/\/distribution.audio-technica.eu\/fr-fr\/produits\/"},{"@type":"ListItem","position":3,"name":"8350A SAM\u2122"}]},{"@type":"WebSite","@id":"https:\/\/distribution.audio-technica.eu\/fr-fr\/#website","url":"https:\/\/distribution.audio-technica.eu\/fr-fr\/","name":"FR Audio-Technica Distribution","description":"","potentialAction":[{"@type":"SearchAction","target":{"@type":"EntryPoint","urlTemplate":"https:\/\/distribution.audio-technica.eu\/fr-fr\/?s={search_term_string}"},"query-input":{"@type":"PropertyValueSpecification","valueRequired":true,"valueName":"search_term_string"}}],"inLanguage":"fr-FR"}]}},"_links":{"self":[{"href":"https:\/\/distribution.audio-technica.eu\/fr-fr\/wp-json\/wp\/v2\/product\/11843","targetHints":{"allow":["GET"]}}],"collection":[{"href":"https:\/\/distribution.audio-technica.eu\/fr-fr\/wp-json\/wp\/v2\/product"}],"about":[{"href":"https:\/\/distribution.audio-technica.eu\/fr-fr\/wp-json\/wp\/v2\/types\/product"}],"wp:featuredmedia":[{"embeddable":true,"href":"https:\/\/distribution.audio-technica.eu\/fr-fr\/wp-json\/wp\/v2\/media\/11844"}],"wp:attachment":[{"href":"https:\/\/distribution.audio-technica.eu\/fr-fr\/wp-json\/wp\/v2\/media?parent=11843"}],"wp:term":[{"taxonomy":"product_brand","embeddable":true,"href":"https:\/\/distribution.audio-technica.eu\/fr-fr\/wp-json\/wp\/v2\/product_brand?post=11843"},{"taxonomy":"product_cat","embeddable":true,"href":"https:\/\/distribution.audio-technica.eu\/fr-fr\/wp-json\/wp\/v2\/product_cat?post=11843"},{"taxonomy":"product_tag","embeddable":true,"href":"https:\/\/distribution.audio-technica.eu\/fr-fr\/wp-json\/wp\/v2\/product_tag?post=11843"}],"curies":[{"name":"wp","href":"https:\/\/api.w.org\/{rel}","templated":true}]}}