{"id":11847,"date":"2024-06-28T15:01:04","date_gmt":"2024-06-28T14:01:04","guid":{"rendered":"https:\/\/distribution.audio-technica.eu\/fr-fr\/?post_type=product&#038;p=11847"},"modified":"2024-06-28T15:14:06","modified_gmt":"2024-06-28T14:14:06","slug":"8430a-sam","status":"publish","type":"product","link":"https:\/\/distribution.audio-technica.eu\/fr-fr\/produits\/8430a-sam\/","title":{"rendered":"8430A SAM\u2122"},"content":{"rendered":"<p>C\u2019est la premi\u00e8re enceinte de ce type apparue sur le march\u00e9.<\/p>\n<p>Pour r\u00e9pondre \u00e0 la demande croissante de solutions en r\u00e9seau en studio, la 8430A est la premi\u00e8re enceinte AoIP \u00e0 \u00eatre apparue sur le march\u00e9. Compatible Ravenna et AES67, elle s\u2019int\u00e8gre parfaitement dans votre r\u00e9seau Ravenna et AES67. Elle est param\u00e9trable via le GLM4.<\/p>\n<p><strong>Applications :<\/strong><\/p>\n<p>Studios broadcast \u00e9quip\u00e9s en AES67<\/p>\n","protected":false},"excerpt":{"rendered":"<p>\u2013 C\u00e2ble d\u2019alimentation d\u20191,8 m et c\u00e2ble RJ45 de 5 m fournis.<\/p>\n","protected":false},"featured_media":11848,"template":"","meta":{"_acf_changed":false},"product_brand":[],"product_cat":[2144,2162],"product_tag":[],"class_list":{"0":"post-11847","1":"product","2":"type-product","3":"status-publish","4":"has-post-thumbnail","6":"product_cat-enceintes","7":"product_cat-smart-active-monitor","8":"product_series-studio-monitor","10":"first","11":"instock","12":"shipping-taxable","13":"product-type-simple"},"acf":[],"yoast_head":"<!-- This site is optimized with the Yoast SEO plugin v27.1.1 - https:\/\/yoast.com\/product\/yoast-seo-wordpress\/ -->\n<title>8430A SAM\u2122 - FR Audio-Technica Distribution<\/title>\n<meta name=\"description\" content=\"La 8430A est la premi\u00e8re enceinte AoIP \u00e0 \u00eatre apparue sur le march\u00e9. Compatible Ravenna et AES67, elle s\u2019int\u00e8gre parfaitement dans votre r\u00e9seau Ravenna et AES67.\" \/>\n<meta name=\"robots\" content=\"index, follow, max-snippet:-1, max-image-preview:large, max-video-preview:-1\" \/>\n<link rel=\"canonical\" href=\"https:\/\/distribution.audio-technica.eu\/fr-fr\/produits\/8430a-sam\/\" \/>\n<meta property=\"og:locale\" content=\"fr_FR\" \/>\n<meta property=\"og:type\" content=\"article\" \/>\n<meta property=\"og:title\" content=\"8430A SAM\u2122 - FR Audio-Technica Distribution\" \/>\n<meta property=\"og:description\" content=\"La 8430A est la premi\u00e8re enceinte AoIP \u00e0 \u00eatre apparue sur le march\u00e9. Compatible Ravenna et AES67, elle s\u2019int\u00e8gre parfaitement dans votre r\u00e9seau Ravenna et AES67.\" \/>\n<meta property=\"og:url\" content=\"https:\/\/distribution.audio-technica.eu\/fr-fr\/produits\/8430a-sam\/\" \/>\n<meta property=\"og:site_name\" content=\"FR Audio-Technica Distribution\" \/>\n<meta property=\"article:modified_time\" content=\"2024-06-28T14:14:06+00:00\" \/>\n<meta property=\"og:image\" content=\"https:\/\/distribution.audio-technica.eu\/app\/uploads\/sites\/3\/8430A-front.jpg\" \/>\n\t<meta property=\"og:image:width\" content=\"804\" \/>\n\t<meta property=\"og:image:height\" content=\"819\" \/>\n\t<meta property=\"og:image:type\" content=\"image\/jpeg\" \/>\n<meta name=\"twitter:card\" content=\"summary_large_image\" \/>\n<meta name=\"twitter:label1\" content=\"Dur\u00e9e de lecture estim\u00e9e\" \/>\n\t<meta name=\"twitter:data1\" content=\"1 minute\" \/>\n<script type=\"application\/ld+json\" class=\"yoast-schema-graph\">{\"@context\":\"https:\/\/schema.org\",\"@graph\":[{\"@type\":\"WebPage\",\"@id\":\"https:\/\/distribution.audio-technica.eu\/fr-fr\/produits\/8430a-sam\/\",\"url\":\"https:\/\/distribution.audio-technica.eu\/fr-fr\/produits\/8430a-sam\/\",\"name\":\"8430A SAM\u2122 - FR Audio-Technica Distribution\",\"isPartOf\":{\"@id\":\"https:\/\/distribution.audio-technica.eu\/fr-fr\/#website\"},\"primaryImageOfPage\":{\"@id\":\"https:\/\/distribution.audio-technica.eu\/fr-fr\/produits\/8430a-sam\/#primaryimage\"},\"image\":{\"@id\":\"https:\/\/distribution.audio-technica.eu\/fr-fr\/produits\/8430a-sam\/#primaryimage\"},\"thumbnailUrl\":\"\/app\/uploads\/sites\/3\/8430A-front.jpg\",\"datePublished\":\"2024-06-28T14:01:04+00:00\",\"dateModified\":\"2024-06-28T14:14:06+00:00\",\"description\":\"La 8430A est la premi\u00e8re enceinte AoIP \u00e0 \u00eatre apparue sur le march\u00e9. Compatible Ravenna et AES67, elle s\u2019int\u00e8gre parfaitement dans votre r\u00e9seau Ravenna et AES67.\",\"breadcrumb\":{\"@id\":\"https:\/\/distribution.audio-technica.eu\/fr-fr\/produits\/8430a-sam\/#breadcrumb\"},\"inLanguage\":\"fr-FR\",\"potentialAction\":[{\"@type\":\"ReadAction\",\"target\":[\"https:\/\/distribution.audio-technica.eu\/fr-fr\/produits\/8430a-sam\/\"]}]},{\"@type\":\"ImageObject\",\"inLanguage\":\"fr-FR\",\"@id\":\"https:\/\/distribution.audio-technica.eu\/fr-fr\/produits\/8430a-sam\/#primaryimage\",\"url\":\"\/app\/uploads\/sites\/3\/8430A-front.jpg\",\"contentUrl\":\"\/app\/uploads\/sites\/3\/8430A-front.jpg\",\"width\":804,\"height\":819},{\"@type\":\"BreadcrumbList\",\"@id\":\"https:\/\/distribution.audio-technica.eu\/fr-fr\/produits\/8430a-sam\/#breadcrumb\",\"itemListElement\":[{\"@type\":\"ListItem\",\"position\":1,\"name\":\"Products\",\"item\":\"https:\/\/distribution.audio-technica.eu\/fr-fr\/\"},{\"@type\":\"ListItem\",\"position\":2,\"name\":\"Produits\",\"item\":\"https:\/\/distribution.audio-technica.eu\/fr-fr\/produits\/\"},{\"@type\":\"ListItem\",\"position\":3,\"name\":\"8430A SAM\u2122\"}]},{\"@type\":\"WebSite\",\"@id\":\"https:\/\/distribution.audio-technica.eu\/fr-fr\/#website\",\"url\":\"https:\/\/distribution.audio-technica.eu\/fr-fr\/\",\"name\":\"FR Audio-Technica Distribution\",\"description\":\"\",\"potentialAction\":[{\"@type\":\"SearchAction\",\"target\":{\"@type\":\"EntryPoint\",\"urlTemplate\":\"https:\/\/distribution.audio-technica.eu\/fr-fr\/?s={search_term_string}\"},\"query-input\":{\"@type\":\"PropertyValueSpecification\",\"valueRequired\":true,\"valueName\":\"search_term_string\"}}],\"inLanguage\":\"fr-FR\"}]}<\/script>\n<!-- \/ Yoast SEO plugin. -->","yoast_head_json":{"title":"8430A SAM\u2122 - FR Audio-Technica Distribution","description":"La 8430A est la premi\u00e8re enceinte AoIP \u00e0 \u00eatre apparue sur le march\u00e9. Compatible Ravenna et AES67, elle s\u2019int\u00e8gre parfaitement dans votre r\u00e9seau Ravenna et AES67.","robots":{"index":"index","follow":"follow","max-snippet":"max-snippet:-1","max-image-preview":"max-image-preview:large","max-video-preview":"max-video-preview:-1"},"canonical":"https:\/\/distribution.audio-technica.eu\/fr-fr\/produits\/8430a-sam\/","og_locale":"fr_FR","og_type":"article","og_title":"8430A SAM\u2122 - FR Audio-Technica Distribution","og_description":"La 8430A est la premi\u00e8re enceinte AoIP \u00e0 \u00eatre apparue sur le march\u00e9. Compatible Ravenna et AES67, elle s\u2019int\u00e8gre parfaitement dans votre r\u00e9seau Ravenna et AES67.","og_url":"https:\/\/distribution.audio-technica.eu\/fr-fr\/produits\/8430a-sam\/","og_site_name":"FR Audio-Technica Distribution","article_modified_time":"2024-06-28T14:14:06+00:00","og_image":[{"width":804,"height":819,"url":"https:\/\/distribution.audio-technica.eu\/app\/uploads\/sites\/3\/8430A-front.jpg","type":"image\/jpeg"}],"twitter_card":"summary_large_image","twitter_misc":{"Dur\u00e9e de lecture estim\u00e9e":"1 minute"},"schema":{"@context":"https:\/\/schema.org","@graph":[{"@type":"WebPage","@id":"https:\/\/distribution.audio-technica.eu\/fr-fr\/produits\/8430a-sam\/","url":"https:\/\/distribution.audio-technica.eu\/fr-fr\/produits\/8430a-sam\/","name":"8430A SAM\u2122 - FR Audio-Technica Distribution","isPartOf":{"@id":"https:\/\/distribution.audio-technica.eu\/fr-fr\/#website"},"primaryImageOfPage":{"@id":"https:\/\/distribution.audio-technica.eu\/fr-fr\/produits\/8430a-sam\/#primaryimage"},"image":{"@id":"https:\/\/distribution.audio-technica.eu\/fr-fr\/produits\/8430a-sam\/#primaryimage"},"thumbnailUrl":"\/app\/uploads\/sites\/3\/8430A-front.jpg","datePublished":"2024-06-28T14:01:04+00:00","dateModified":"2024-06-28T14:14:06+00:00","description":"La 8430A est la premi\u00e8re enceinte AoIP \u00e0 \u00eatre apparue sur le march\u00e9. Compatible Ravenna et AES67, elle s\u2019int\u00e8gre parfaitement dans votre r\u00e9seau Ravenna et AES67.","breadcrumb":{"@id":"https:\/\/distribution.audio-technica.eu\/fr-fr\/produits\/8430a-sam\/#breadcrumb"},"inLanguage":"fr-FR","potentialAction":[{"@type":"ReadAction","target":["https:\/\/distribution.audio-technica.eu\/fr-fr\/produits\/8430a-sam\/"]}]},{"@type":"ImageObject","inLanguage":"fr-FR","@id":"https:\/\/distribution.audio-technica.eu\/fr-fr\/produits\/8430a-sam\/#primaryimage","url":"\/app\/uploads\/sites\/3\/8430A-front.jpg","contentUrl":"\/app\/uploads\/sites\/3\/8430A-front.jpg","width":804,"height":819},{"@type":"BreadcrumbList","@id":"https:\/\/distribution.audio-technica.eu\/fr-fr\/produits\/8430a-sam\/#breadcrumb","itemListElement":[{"@type":"ListItem","position":1,"name":"Products","item":"https:\/\/distribution.audio-technica.eu\/fr-fr\/"},{"@type":"ListItem","position":2,"name":"Produits","item":"https:\/\/distribution.audio-technica.eu\/fr-fr\/produits\/"},{"@type":"ListItem","position":3,"name":"8430A SAM\u2122"}]},{"@type":"WebSite","@id":"https:\/\/distribution.audio-technica.eu\/fr-fr\/#website","url":"https:\/\/distribution.audio-technica.eu\/fr-fr\/","name":"FR Audio-Technica Distribution","description":"","potentialAction":[{"@type":"SearchAction","target":{"@type":"EntryPoint","urlTemplate":"https:\/\/distribution.audio-technica.eu\/fr-fr\/?s={search_term_string}"},"query-input":{"@type":"PropertyValueSpecification","valueRequired":true,"valueName":"search_term_string"}}],"inLanguage":"fr-FR"}]}},"_links":{"self":[{"href":"https:\/\/distribution.audio-technica.eu\/fr-fr\/wp-json\/wp\/v2\/product\/11847","targetHints":{"allow":["GET"]}}],"collection":[{"href":"https:\/\/distribution.audio-technica.eu\/fr-fr\/wp-json\/wp\/v2\/product"}],"about":[{"href":"https:\/\/distribution.audio-technica.eu\/fr-fr\/wp-json\/wp\/v2\/types\/product"}],"wp:featuredmedia":[{"embeddable":true,"href":"https:\/\/distribution.audio-technica.eu\/fr-fr\/wp-json\/wp\/v2\/media\/11848"}],"wp:attachment":[{"href":"https:\/\/distribution.audio-technica.eu\/fr-fr\/wp-json\/wp\/v2\/media?parent=11847"}],"wp:term":[{"taxonomy":"product_brand","embeddable":true,"href":"https:\/\/distribution.audio-technica.eu\/fr-fr\/wp-json\/wp\/v2\/product_brand?post=11847"},{"taxonomy":"product_cat","embeddable":true,"href":"https:\/\/distribution.audio-technica.eu\/fr-fr\/wp-json\/wp\/v2\/product_cat?post=11847"},{"taxonomy":"product_tag","embeddable":true,"href":"https:\/\/distribution.audio-technica.eu\/fr-fr\/wp-json\/wp\/v2\/product_tag?post=11847"}],"curies":[{"name":"wp","href":"https:\/\/api.w.org\/{rel}","templated":true}]}}