{"id":12032,"date":"2024-09-16T14:13:06","date_gmt":"2024-09-16T13:13:06","guid":{"rendered":"https:\/\/distribution.audio-technica.eu\/fr-fr\/?post_type=product&#038;p=12032"},"modified":"2024-09-16T14:33:47","modified_gmt":"2024-09-16T13:33:47","slug":"4435a","status":"publish","type":"product","link":"https:\/\/distribution.audio-technica.eu\/fr-fr\/produits\/4435a\/","title":{"rendered":"4435A"},"content":{"rendered":"<p>La 4435A est une enceinte de plafond d\u2019une grande qualit\u00e9 audio, pour application premium. L\u2019ensemble des contr\u00f4les, commandes, audio, alimentation, sont g\u00e9r\u00e9s par logiciel et transmises via un simple c\u00e2ble CAT5\/6.<\/p>\n<p>Afin de faciliter son int\u00e9gration, la 4435A propose un choix de grilles magn\u00e9tiques rondes ou carr\u00e9es en finition noire ou blanche, rempla\u00e7ant d\u00e9finitivement sa cons\u0153ur analogique pr\u00e9c\u00e9dente AIC25.<\/p>\n<p>Alliant une qualit\u00e9 sonore exceptionnelle, \u00e0 la commodit\u00e9 d\u2019un c\u00e2ble unique, la 4435A utilise le PoE \/ PoE+ afin de stocker une r\u00e9serve de puissance pouvant atteindre 104dB en cr\u00eate SPL. Elle est enti\u00e8rement compatible avec les normes Dante et AES67.<\/p>\n<p><strong>Applications<\/strong>:<br \/>\nClubs, bars, restaurants, salles de conf\u00e9rence, mus\u00e9es et th\u00e9\u00e2tres<\/p>\n","protected":false},"excerpt":{"rendered":"<p>Enceinte syst\u00e8me de haut-parleurs intelligents IP bi-amplifi\u00e9s deux voies,<br \/>\nboomer 5\u201d, pour installation AV.<br \/>\n\u2013 Enceinte active de plafond.<br \/>\n\u2013 Compatible aux formats Dante et AES67.<br \/>\n\u2013 Un seul c\u00e2ble CAT5\/6 g\u00e8re l\u2019ensemble des commandes et d\u2019alimentation<br \/>\nvia un switch POE\/POE+.<br \/>\n\u2013 Connecteur Euroblock entr\u00e9e analogique. C\u00e2ble RJ45 non fourni.<br \/>\n\u2013 SPL: 104 dB.<br \/>\n\u2013 R\u00e9ponse en fr\u00e9quence : 58 Hz \u2013 39 kHz (\u20136 dB).<br \/>\n\u2013 Disponible en noir et blanc.<\/p>\n","protected":false},"featured_media":12033,"template":"","meta":{"_acf_changed":false},"product_brand":[],"product_cat":[2144,2157],"product_tag":[],"class_list":{"0":"post-12032","1":"product","2":"type-product","3":"status-publish","4":"has-post-thumbnail","6":"product_cat-enceintes","7":"product_cat-smart-ip","8":"product_series-smart-ip","10":"first","11":"instock","12":"shipping-taxable","13":"product-type-simple"},"acf":[],"yoast_head":"<!-- This site is optimized with the Yoast SEO plugin v27.1.1 - https:\/\/yoast.com\/product\/yoast-seo-wordpress\/ -->\n<title>4435A - FR Audio-Technica Distribution<\/title>\n<meta name=\"description\" content=\"Alliant une qualit\u00e9 sonore exceptionnelle, \u00e0 la commodit\u00e9 d\u2019un c\u00e2ble unique, la 4435A utilise le PoE \/ PoE+ afin de stocker une r\u00e9serve de puissance pouvant atteindre 104dB en cr\u00eate SPL.\" \/>\n<meta name=\"robots\" content=\"index, follow, max-snippet:-1, max-image-preview:large, max-video-preview:-1\" \/>\n<link rel=\"canonical\" href=\"https:\/\/distribution.audio-technica.eu\/fr-fr\/produits\/4435a\/\" \/>\n<meta property=\"og:locale\" content=\"fr_FR\" \/>\n<meta property=\"og:type\" content=\"article\" \/>\n<meta property=\"og:title\" content=\"4435A - FR Audio-Technica Distribution\" \/>\n<meta property=\"og:description\" content=\"Alliant une qualit\u00e9 sonore exceptionnelle, \u00e0 la commodit\u00e9 d\u2019un c\u00e2ble unique, la 4435A utilise le PoE \/ PoE+ afin de stocker une r\u00e9serve de puissance pouvant atteindre 104dB en cr\u00eate SPL.\" \/>\n<meta property=\"og:url\" content=\"https:\/\/distribution.audio-technica.eu\/fr-fr\/produits\/4435a\/\" \/>\n<meta property=\"og:site_name\" content=\"FR Audio-Technica Distribution\" \/>\n<meta property=\"article:modified_time\" content=\"2024-09-16T13:33:47+00:00\" \/>\n<meta property=\"og:image\" content=\"https:\/\/distribution.audio-technica.eu\/app\/uploads\/sites\/3\/4435A-noir.jpg\" \/>\n\t<meta property=\"og:image:width\" content=\"835\" \/>\n\t<meta property=\"og:image:height\" content=\"838\" \/>\n\t<meta property=\"og:image:type\" content=\"image\/jpeg\" \/>\n<meta name=\"twitter:card\" content=\"summary_large_image\" \/>\n<meta name=\"twitter:label1\" content=\"Dur\u00e9e de lecture estim\u00e9e\" \/>\n\t<meta name=\"twitter:data1\" content=\"1 minute\" \/>\n<script type=\"application\/ld+json\" class=\"yoast-schema-graph\">{\"@context\":\"https:\/\/schema.org\",\"@graph\":[{\"@type\":\"WebPage\",\"@id\":\"https:\/\/distribution.audio-technica.eu\/fr-fr\/produits\/4435a\/\",\"url\":\"https:\/\/distribution.audio-technica.eu\/fr-fr\/produits\/4435a\/\",\"name\":\"4435A - FR Audio-Technica Distribution\",\"isPartOf\":{\"@id\":\"https:\/\/distribution.audio-technica.eu\/fr-fr\/#website\"},\"primaryImageOfPage\":{\"@id\":\"https:\/\/distribution.audio-technica.eu\/fr-fr\/produits\/4435a\/#primaryimage\"},\"image\":{\"@id\":\"https:\/\/distribution.audio-technica.eu\/fr-fr\/produits\/4435a\/#primaryimage\"},\"thumbnailUrl\":\"\/app\/uploads\/sites\/3\/4435A-noir.jpg\",\"datePublished\":\"2024-09-16T13:13:06+00:00\",\"dateModified\":\"2024-09-16T13:33:47+00:00\",\"description\":\"Alliant une qualit\u00e9 sonore exceptionnelle, \u00e0 la commodit\u00e9 d\u2019un c\u00e2ble unique, la 4435A utilise le PoE \/ PoE+ afin de stocker une r\u00e9serve de puissance pouvant atteindre 104dB en cr\u00eate SPL.\",\"breadcrumb\":{\"@id\":\"https:\/\/distribution.audio-technica.eu\/fr-fr\/produits\/4435a\/#breadcrumb\"},\"inLanguage\":\"fr-FR\",\"potentialAction\":[{\"@type\":\"ReadAction\",\"target\":[\"https:\/\/distribution.audio-technica.eu\/fr-fr\/produits\/4435a\/\"]}]},{\"@type\":\"ImageObject\",\"inLanguage\":\"fr-FR\",\"@id\":\"https:\/\/distribution.audio-technica.eu\/fr-fr\/produits\/4435a\/#primaryimage\",\"url\":\"\/app\/uploads\/sites\/3\/4435A-noir.jpg\",\"contentUrl\":\"\/app\/uploads\/sites\/3\/4435A-noir.jpg\",\"width\":835,\"height\":838},{\"@type\":\"BreadcrumbList\",\"@id\":\"https:\/\/distribution.audio-technica.eu\/fr-fr\/produits\/4435a\/#breadcrumb\",\"itemListElement\":[{\"@type\":\"ListItem\",\"position\":1,\"name\":\"Products\",\"item\":\"https:\/\/distribution.audio-technica.eu\/fr-fr\/\"},{\"@type\":\"ListItem\",\"position\":2,\"name\":\"Produits\",\"item\":\"https:\/\/distribution.audio-technica.eu\/fr-fr\/produits\/\"},{\"@type\":\"ListItem\",\"position\":3,\"name\":\"4435A\"}]},{\"@type\":\"WebSite\",\"@id\":\"https:\/\/distribution.audio-technica.eu\/fr-fr\/#website\",\"url\":\"https:\/\/distribution.audio-technica.eu\/fr-fr\/\",\"name\":\"FR Audio-Technica Distribution\",\"description\":\"\",\"potentialAction\":[{\"@type\":\"SearchAction\",\"target\":{\"@type\":\"EntryPoint\",\"urlTemplate\":\"https:\/\/distribution.audio-technica.eu\/fr-fr\/?s={search_term_string}\"},\"query-input\":{\"@type\":\"PropertyValueSpecification\",\"valueRequired\":true,\"valueName\":\"search_term_string\"}}],\"inLanguage\":\"fr-FR\"}]}<\/script>\n<!-- \/ Yoast SEO plugin. -->","yoast_head_json":{"title":"4435A - FR Audio-Technica Distribution","description":"Alliant une qualit\u00e9 sonore exceptionnelle, \u00e0 la commodit\u00e9 d\u2019un c\u00e2ble unique, la 4435A utilise le PoE \/ PoE+ afin de stocker une r\u00e9serve de puissance pouvant atteindre 104dB en cr\u00eate SPL.","robots":{"index":"index","follow":"follow","max-snippet":"max-snippet:-1","max-image-preview":"max-image-preview:large","max-video-preview":"max-video-preview:-1"},"canonical":"https:\/\/distribution.audio-technica.eu\/fr-fr\/produits\/4435a\/","og_locale":"fr_FR","og_type":"article","og_title":"4435A - FR Audio-Technica Distribution","og_description":"Alliant une qualit\u00e9 sonore exceptionnelle, \u00e0 la commodit\u00e9 d\u2019un c\u00e2ble unique, la 4435A utilise le PoE \/ PoE+ afin de stocker une r\u00e9serve de puissance pouvant atteindre 104dB en cr\u00eate SPL.","og_url":"https:\/\/distribution.audio-technica.eu\/fr-fr\/produits\/4435a\/","og_site_name":"FR Audio-Technica Distribution","article_modified_time":"2024-09-16T13:33:47+00:00","og_image":[{"width":835,"height":838,"url":"https:\/\/distribution.audio-technica.eu\/app\/uploads\/sites\/3\/4435A-noir.jpg","type":"image\/jpeg"}],"twitter_card":"summary_large_image","twitter_misc":{"Dur\u00e9e de lecture estim\u00e9e":"1 minute"},"schema":{"@context":"https:\/\/schema.org","@graph":[{"@type":"WebPage","@id":"https:\/\/distribution.audio-technica.eu\/fr-fr\/produits\/4435a\/","url":"https:\/\/distribution.audio-technica.eu\/fr-fr\/produits\/4435a\/","name":"4435A - FR Audio-Technica Distribution","isPartOf":{"@id":"https:\/\/distribution.audio-technica.eu\/fr-fr\/#website"},"primaryImageOfPage":{"@id":"https:\/\/distribution.audio-technica.eu\/fr-fr\/produits\/4435a\/#primaryimage"},"image":{"@id":"https:\/\/distribution.audio-technica.eu\/fr-fr\/produits\/4435a\/#primaryimage"},"thumbnailUrl":"\/app\/uploads\/sites\/3\/4435A-noir.jpg","datePublished":"2024-09-16T13:13:06+00:00","dateModified":"2024-09-16T13:33:47+00:00","description":"Alliant une qualit\u00e9 sonore exceptionnelle, \u00e0 la commodit\u00e9 d\u2019un c\u00e2ble unique, la 4435A utilise le PoE \/ PoE+ afin de stocker une r\u00e9serve de puissance pouvant atteindre 104dB en cr\u00eate SPL.","breadcrumb":{"@id":"https:\/\/distribution.audio-technica.eu\/fr-fr\/produits\/4435a\/#breadcrumb"},"inLanguage":"fr-FR","potentialAction":[{"@type":"ReadAction","target":["https:\/\/distribution.audio-technica.eu\/fr-fr\/produits\/4435a\/"]}]},{"@type":"ImageObject","inLanguage":"fr-FR","@id":"https:\/\/distribution.audio-technica.eu\/fr-fr\/produits\/4435a\/#primaryimage","url":"\/app\/uploads\/sites\/3\/4435A-noir.jpg","contentUrl":"\/app\/uploads\/sites\/3\/4435A-noir.jpg","width":835,"height":838},{"@type":"BreadcrumbList","@id":"https:\/\/distribution.audio-technica.eu\/fr-fr\/produits\/4435a\/#breadcrumb","itemListElement":[{"@type":"ListItem","position":1,"name":"Products","item":"https:\/\/distribution.audio-technica.eu\/fr-fr\/"},{"@type":"ListItem","position":2,"name":"Produits","item":"https:\/\/distribution.audio-technica.eu\/fr-fr\/produits\/"},{"@type":"ListItem","position":3,"name":"4435A"}]},{"@type":"WebSite","@id":"https:\/\/distribution.audio-technica.eu\/fr-fr\/#website","url":"https:\/\/distribution.audio-technica.eu\/fr-fr\/","name":"FR Audio-Technica Distribution","description":"","potentialAction":[{"@type":"SearchAction","target":{"@type":"EntryPoint","urlTemplate":"https:\/\/distribution.audio-technica.eu\/fr-fr\/?s={search_term_string}"},"query-input":{"@type":"PropertyValueSpecification","valueRequired":true,"valueName":"search_term_string"}}],"inLanguage":"fr-FR"}]}},"_links":{"self":[{"href":"https:\/\/distribution.audio-technica.eu\/fr-fr\/wp-json\/wp\/v2\/product\/12032","targetHints":{"allow":["GET"]}}],"collection":[{"href":"https:\/\/distribution.audio-technica.eu\/fr-fr\/wp-json\/wp\/v2\/product"}],"about":[{"href":"https:\/\/distribution.audio-technica.eu\/fr-fr\/wp-json\/wp\/v2\/types\/product"}],"wp:featuredmedia":[{"embeddable":true,"href":"https:\/\/distribution.audio-technica.eu\/fr-fr\/wp-json\/wp\/v2\/media\/12033"}],"wp:attachment":[{"href":"https:\/\/distribution.audio-technica.eu\/fr-fr\/wp-json\/wp\/v2\/media?parent=12032"}],"wp:term":[{"taxonomy":"product_brand","embeddable":true,"href":"https:\/\/distribution.audio-technica.eu\/fr-fr\/wp-json\/wp\/v2\/product_brand?post=12032"},{"taxonomy":"product_cat","embeddable":true,"href":"https:\/\/distribution.audio-technica.eu\/fr-fr\/wp-json\/wp\/v2\/product_cat?post=12032"},{"taxonomy":"product_tag","embeddable":true,"href":"https:\/\/distribution.audio-technica.eu\/fr-fr\/wp-json\/wp\/v2\/product_tag?post=12032"}],"curies":[{"name":"wp","href":"https:\/\/api.w.org\/{rel}","templated":true}]}}