{"id":12047,"date":"2024-09-16T14:31:54","date_gmt":"2024-09-16T13:31:54","guid":{"rendered":"https:\/\/distribution.audio-technica.eu\/fr-fr\/?post_type=product&#038;p=12047"},"modified":"2024-09-16T15:00:54","modified_gmt":"2024-09-16T14:00:54","slug":"4436a","status":"publish","type":"product","link":"https:\/\/distribution.audio-technica.eu\/fr-fr\/produits\/4436a\/","title":{"rendered":"4436A"},"content":{"rendered":"<p>La 4436A compl\u00e8te la famille de produits d\u2019installation Genelec Smart IP. Il s\u2019agit d\u2019une enceinte suspendue pour plafond d\u2019une grande qualit\u00e9 audio, pour application premium. Elle est sp\u00e9cialement \u00e9tudi\u00e9e pour toute installation AV dans des espaces ouverts tr\u00e8s haut de plafond. Son design sobre et \u00e9l\u00e9gant en acier de haute qualit\u00e9, lui permet de s\u2019int\u00e9grer \u00e0 tout environnement high-tech, h\u00f4tellerie, restauration, open space\u2026<\/p>\n<p>A l\u2019instar des autres SMART IP, (4410\/4420\/4430\/4435), l\u2019ensemble des contr\u00f4les, commandes, audio, alimentation, sont g\u00e9r\u00e9s par logiciel et transmises via un simple c\u00e2ble CAT5\/6. Fabriqu\u00e9e en Finlande, l\u2019enceinte suspendue 4436A r\u00e9sulte d\u2019une collaboration avec le designer Harri Koskinen, offrant une fusion unique de design esth\u00e9tique et de performance audio haut de gamme. Avec deux voies actives, elle offre une exp\u00e9rience sonore exceptionnelle, allant de 62 Hz \u00e0 39 kHz. Sa conception facilite une installation simple, et respecte des normes environnementales strictes.<\/p>\n<p><strong>Applications<\/strong> : caf\u00e9, hotel, restaurant, salle de conf\u00e9rence, magasin retail et mus\u00e9e<\/p>\n","protected":false},"excerpt":{"rendered":"<p>Enceinte suspendue active pour plafond.<br \/>\n\u2013 Enceinte installation.<br \/>\n\u2013 Compatible aux formats Dante et AES67.<br \/>\n\u2013 Un seul c\u00e2ble CAT5\/6 permet de g\u00e9rer l\u2019ensemble des commandes et<br \/>\nl\u2019alimentation via un switch POE\/POE+.<br \/>\n\u2013 Connecteur Euroblock entr\u00e9e analogique. C\u00e2ble RJ45 non fourni.<br \/>\n\u2013 SPL: 104 dB.<br \/>\n\u2013 R\u00e9ponse en fr\u00e9quence : 62 Hz \u2013 39 kHz (\u20136 dB).<br \/>\n\u2013 Disponible en noir et blanc<\/p>\n","protected":false},"featured_media":12051,"template":"","meta":{"_acf_changed":false},"product_brand":[],"product_cat":[2144,2157],"product_tag":[],"class_list":{"0":"post-12047","1":"product","2":"type-product","3":"status-publish","4":"has-post-thumbnail","6":"product_cat-enceintes","7":"product_cat-smart-ip","8":"product_series-smart-ip","10":"first","11":"instock","12":"shipping-taxable","13":"product-type-simple"},"acf":[],"yoast_head":"<!-- This site is optimized with the Yoast SEO plugin v27.1.1 - https:\/\/yoast.com\/product\/yoast-seo-wordpress\/ -->\n<title>4436A - FR Audio-Technica Distribution<\/title>\n<meta name=\"description\" content=\"La 4436A compl\u00e8te la famille de produits d\u2019installation Genelec Smart IP. Il s\u2019agit d\u2019une enceinte suspendue pour plafond d\u2019une grande qualit\u00e9 audio, pour application premium.\" \/>\n<meta name=\"robots\" content=\"index, follow, max-snippet:-1, max-image-preview:large, max-video-preview:-1\" \/>\n<link rel=\"canonical\" href=\"https:\/\/distribution.audio-technica.eu\/fr-fr\/produits\/4436a\/\" \/>\n<meta property=\"og:locale\" content=\"fr_FR\" \/>\n<meta property=\"og:type\" content=\"article\" \/>\n<meta property=\"og:title\" content=\"4436A - FR Audio-Technica Distribution\" \/>\n<meta property=\"og:description\" content=\"La 4436A compl\u00e8te la famille de produits d\u2019installation Genelec Smart IP. Il s\u2019agit d\u2019une enceinte suspendue pour plafond d\u2019une grande qualit\u00e9 audio, pour application premium.\" \/>\n<meta property=\"og:url\" content=\"https:\/\/distribution.audio-technica.eu\/fr-fr\/produits\/4436a\/\" \/>\n<meta property=\"og:site_name\" content=\"FR Audio-Technica Distribution\" \/>\n<meta property=\"article:modified_time\" content=\"2024-09-16T14:00:54+00:00\" \/>\n<meta property=\"og:image\" content=\"https:\/\/distribution.audio-technica.eu\/app\/uploads\/sites\/3\/4436A-n1.jpg\" \/>\n\t<meta property=\"og:image:width\" content=\"817\" \/>\n\t<meta property=\"og:image:height\" content=\"812\" \/>\n\t<meta property=\"og:image:type\" content=\"image\/jpeg\" \/>\n<meta name=\"twitter:card\" content=\"summary_large_image\" \/>\n<meta name=\"twitter:label1\" content=\"Dur\u00e9e de lecture estim\u00e9e\" \/>\n\t<meta name=\"twitter:data1\" content=\"1 minute\" \/>\n<script type=\"application\/ld+json\" class=\"yoast-schema-graph\">{\"@context\":\"https:\/\/schema.org\",\"@graph\":[{\"@type\":\"WebPage\",\"@id\":\"https:\/\/distribution.audio-technica.eu\/fr-fr\/produits\/4436a\/\",\"url\":\"https:\/\/distribution.audio-technica.eu\/fr-fr\/produits\/4436a\/\",\"name\":\"4436A - FR Audio-Technica Distribution\",\"isPartOf\":{\"@id\":\"https:\/\/distribution.audio-technica.eu\/fr-fr\/#website\"},\"primaryImageOfPage\":{\"@id\":\"https:\/\/distribution.audio-technica.eu\/fr-fr\/produits\/4436a\/#primaryimage\"},\"image\":{\"@id\":\"https:\/\/distribution.audio-technica.eu\/fr-fr\/produits\/4436a\/#primaryimage\"},\"thumbnailUrl\":\"\/app\/uploads\/sites\/3\/4436A-n1.jpg\",\"datePublished\":\"2024-09-16T13:31:54+00:00\",\"dateModified\":\"2024-09-16T14:00:54+00:00\",\"description\":\"La 4436A compl\u00e8te la famille de produits d\u2019installation Genelec Smart IP. Il s\u2019agit d\u2019une enceinte suspendue pour plafond d\u2019une grande qualit\u00e9 audio, pour application premium.\",\"breadcrumb\":{\"@id\":\"https:\/\/distribution.audio-technica.eu\/fr-fr\/produits\/4436a\/#breadcrumb\"},\"inLanguage\":\"fr-FR\",\"potentialAction\":[{\"@type\":\"ReadAction\",\"target\":[\"https:\/\/distribution.audio-technica.eu\/fr-fr\/produits\/4436a\/\"]}]},{\"@type\":\"ImageObject\",\"inLanguage\":\"fr-FR\",\"@id\":\"https:\/\/distribution.audio-technica.eu\/fr-fr\/produits\/4436a\/#primaryimage\",\"url\":\"\/app\/uploads\/sites\/3\/4436A-n1.jpg\",\"contentUrl\":\"\/app\/uploads\/sites\/3\/4436A-n1.jpg\",\"width\":817,\"height\":812},{\"@type\":\"BreadcrumbList\",\"@id\":\"https:\/\/distribution.audio-technica.eu\/fr-fr\/produits\/4436a\/#breadcrumb\",\"itemListElement\":[{\"@type\":\"ListItem\",\"position\":1,\"name\":\"Products\",\"item\":\"https:\/\/distribution.audio-technica.eu\/fr-fr\/\"},{\"@type\":\"ListItem\",\"position\":2,\"name\":\"Produits\",\"item\":\"https:\/\/distribution.audio-technica.eu\/fr-fr\/produits\/\"},{\"@type\":\"ListItem\",\"position\":3,\"name\":\"4436A\"}]},{\"@type\":\"WebSite\",\"@id\":\"https:\/\/distribution.audio-technica.eu\/fr-fr\/#website\",\"url\":\"https:\/\/distribution.audio-technica.eu\/fr-fr\/\",\"name\":\"FR Audio-Technica Distribution\",\"description\":\"\",\"potentialAction\":[{\"@type\":\"SearchAction\",\"target\":{\"@type\":\"EntryPoint\",\"urlTemplate\":\"https:\/\/distribution.audio-technica.eu\/fr-fr\/?s={search_term_string}\"},\"query-input\":{\"@type\":\"PropertyValueSpecification\",\"valueRequired\":true,\"valueName\":\"search_term_string\"}}],\"inLanguage\":\"fr-FR\"}]}<\/script>\n<!-- \/ Yoast SEO plugin. -->","yoast_head_json":{"title":"4436A - FR Audio-Technica Distribution","description":"La 4436A compl\u00e8te la famille de produits d\u2019installation Genelec Smart IP. Il s\u2019agit d\u2019une enceinte suspendue pour plafond d\u2019une grande qualit\u00e9 audio, pour application premium.","robots":{"index":"index","follow":"follow","max-snippet":"max-snippet:-1","max-image-preview":"max-image-preview:large","max-video-preview":"max-video-preview:-1"},"canonical":"https:\/\/distribution.audio-technica.eu\/fr-fr\/produits\/4436a\/","og_locale":"fr_FR","og_type":"article","og_title":"4436A - FR Audio-Technica Distribution","og_description":"La 4436A compl\u00e8te la famille de produits d\u2019installation Genelec Smart IP. Il s\u2019agit d\u2019une enceinte suspendue pour plafond d\u2019une grande qualit\u00e9 audio, pour application premium.","og_url":"https:\/\/distribution.audio-technica.eu\/fr-fr\/produits\/4436a\/","og_site_name":"FR Audio-Technica Distribution","article_modified_time":"2024-09-16T14:00:54+00:00","og_image":[{"width":817,"height":812,"url":"https:\/\/distribution.audio-technica.eu\/app\/uploads\/sites\/3\/4436A-n1.jpg","type":"image\/jpeg"}],"twitter_card":"summary_large_image","twitter_misc":{"Dur\u00e9e de lecture estim\u00e9e":"1 minute"},"schema":{"@context":"https:\/\/schema.org","@graph":[{"@type":"WebPage","@id":"https:\/\/distribution.audio-technica.eu\/fr-fr\/produits\/4436a\/","url":"https:\/\/distribution.audio-technica.eu\/fr-fr\/produits\/4436a\/","name":"4436A - FR Audio-Technica Distribution","isPartOf":{"@id":"https:\/\/distribution.audio-technica.eu\/fr-fr\/#website"},"primaryImageOfPage":{"@id":"https:\/\/distribution.audio-technica.eu\/fr-fr\/produits\/4436a\/#primaryimage"},"image":{"@id":"https:\/\/distribution.audio-technica.eu\/fr-fr\/produits\/4436a\/#primaryimage"},"thumbnailUrl":"\/app\/uploads\/sites\/3\/4436A-n1.jpg","datePublished":"2024-09-16T13:31:54+00:00","dateModified":"2024-09-16T14:00:54+00:00","description":"La 4436A compl\u00e8te la famille de produits d\u2019installation Genelec Smart IP. Il s\u2019agit d\u2019une enceinte suspendue pour plafond d\u2019une grande qualit\u00e9 audio, pour application premium.","breadcrumb":{"@id":"https:\/\/distribution.audio-technica.eu\/fr-fr\/produits\/4436a\/#breadcrumb"},"inLanguage":"fr-FR","potentialAction":[{"@type":"ReadAction","target":["https:\/\/distribution.audio-technica.eu\/fr-fr\/produits\/4436a\/"]}]},{"@type":"ImageObject","inLanguage":"fr-FR","@id":"https:\/\/distribution.audio-technica.eu\/fr-fr\/produits\/4436a\/#primaryimage","url":"\/app\/uploads\/sites\/3\/4436A-n1.jpg","contentUrl":"\/app\/uploads\/sites\/3\/4436A-n1.jpg","width":817,"height":812},{"@type":"BreadcrumbList","@id":"https:\/\/distribution.audio-technica.eu\/fr-fr\/produits\/4436a\/#breadcrumb","itemListElement":[{"@type":"ListItem","position":1,"name":"Products","item":"https:\/\/distribution.audio-technica.eu\/fr-fr\/"},{"@type":"ListItem","position":2,"name":"Produits","item":"https:\/\/distribution.audio-technica.eu\/fr-fr\/produits\/"},{"@type":"ListItem","position":3,"name":"4436A"}]},{"@type":"WebSite","@id":"https:\/\/distribution.audio-technica.eu\/fr-fr\/#website","url":"https:\/\/distribution.audio-technica.eu\/fr-fr\/","name":"FR Audio-Technica Distribution","description":"","potentialAction":[{"@type":"SearchAction","target":{"@type":"EntryPoint","urlTemplate":"https:\/\/distribution.audio-technica.eu\/fr-fr\/?s={search_term_string}"},"query-input":{"@type":"PropertyValueSpecification","valueRequired":true,"valueName":"search_term_string"}}],"inLanguage":"fr-FR"}]}},"_links":{"self":[{"href":"https:\/\/distribution.audio-technica.eu\/fr-fr\/wp-json\/wp\/v2\/product\/12047","targetHints":{"allow":["GET"]}}],"collection":[{"href":"https:\/\/distribution.audio-technica.eu\/fr-fr\/wp-json\/wp\/v2\/product"}],"about":[{"href":"https:\/\/distribution.audio-technica.eu\/fr-fr\/wp-json\/wp\/v2\/types\/product"}],"wp:featuredmedia":[{"embeddable":true,"href":"https:\/\/distribution.audio-technica.eu\/fr-fr\/wp-json\/wp\/v2\/media\/12051"}],"wp:attachment":[{"href":"https:\/\/distribution.audio-technica.eu\/fr-fr\/wp-json\/wp\/v2\/media?parent=12047"}],"wp:term":[{"taxonomy":"product_brand","embeddable":true,"href":"https:\/\/distribution.audio-technica.eu\/fr-fr\/wp-json\/wp\/v2\/product_brand?post=12047"},{"taxonomy":"product_cat","embeddable":true,"href":"https:\/\/distribution.audio-technica.eu\/fr-fr\/wp-json\/wp\/v2\/product_cat?post=12047"},{"taxonomy":"product_tag","embeddable":true,"href":"https:\/\/distribution.audio-technica.eu\/fr-fr\/wp-json\/wp\/v2\/product_tag?post=12047"}],"curies":[{"name":"wp","href":"https:\/\/api.w.org\/{rel}","templated":true}]}}