{"id":12066,"date":"2024-09-16T15:03:54","date_gmt":"2024-09-16T14:03:54","guid":{"rendered":"https:\/\/distribution.audio-technica.eu\/fr-fr\/?post_type=product&#038;p=12066"},"modified":"2024-09-25T13:41:09","modified_gmt":"2024-09-25T12:41:09","slug":"8010a","status":"publish","type":"product","link":"https:\/\/distribution.audio-technica.eu\/fr-fr\/produits\/8010a\/","title":{"rendered":"8010A"},"content":{"rendered":"<p>La 8010A est un standard des enceintes compactes. Elle offre des performances \u00e9tonnantes pour sa taille. La s\u00e9rie Genelec 8000 est largement utilis\u00e9e dans les studios de radiodiffusion, de musique et de post-production dans le monde entier. La 8010A est une enceinte polyvalente pour le contr\u00f4le et la v\u00e9rification des mixages.<\/p>\n<p>Sa qualit\u00e9 sonore lui permet de s\u2019int\u00e9grer \u00e0 tous les environnements et sa taille autorise un transport facile dans un simple sac.<\/p>\n<p>&nbsp;<\/p>\n<p><b>Applications <\/b>: studios d\u2019enregistrement, de diffusion et de post-production, cars r\u00e9gie vid\u00e9o.<\/p>\n","protected":false},"excerpt":{"rendered":"<p>Enceinte de monitoring 2 voies amplifi\u00e9e 3\u201d<br \/>\n\u2013 Conception ultra-compacte avec une qualit\u00e9 sonore \u00e9lev\u00e9e<br \/>\n\u2013 Puissance de l\u2019ampli : Basses 25 W Aigus 25 W.<br \/>\n\u2013 Blindage magn\u00e9tique<br \/>\n\u2013 C\u00e2ble d\u2019alimentation d\u20191,8 m fourni<br \/>\n\u2013 Disponible en gris fonc\u00e9, blanc et RAW<\/p>\n","protected":false},"featured_media":12067,"template":"","meta":{"_acf_changed":false},"product_brand":[],"product_cat":[2144,2163],"product_tag":[],"class_list":{"0":"post-12066","1":"product","2":"type-product","3":"status-publish","4":"has-post-thumbnail","6":"product_cat-enceintes","7":"product_cat-serie-8000","8":"product_series-serie-8000","10":"first","11":"instock","12":"shipping-taxable","13":"product-type-simple"},"acf":[],"yoast_head":"<!-- This site is optimized with the Yoast SEO plugin v27.1.1 - https:\/\/yoast.com\/product\/yoast-seo-wordpress\/ -->\n<title>8010A - FR Audio-Technica Distribution<\/title>\n<meta name=\"description\" content=\"La s\u00e9rie Genelec 8000 est largement utilis\u00e9e dans les studios de radiodiffusion, de musique et de post-production dans le monde entier.\" \/>\n<meta name=\"robots\" content=\"index, follow, max-snippet:-1, max-image-preview:large, max-video-preview:-1\" \/>\n<link rel=\"canonical\" href=\"https:\/\/distribution.audio-technica.eu\/fr-fr\/produits\/8010a\/\" \/>\n<meta property=\"og:locale\" content=\"fr_FR\" \/>\n<meta property=\"og:type\" content=\"article\" \/>\n<meta property=\"og:title\" content=\"8010A - FR Audio-Technica Distribution\" \/>\n<meta property=\"og:description\" content=\"La s\u00e9rie Genelec 8000 est largement utilis\u00e9e dans les studios de radiodiffusion, de musique et de post-production dans le monde entier.\" \/>\n<meta property=\"og:url\" content=\"https:\/\/distribution.audio-technica.eu\/fr-fr\/produits\/8010a\/\" \/>\n<meta property=\"og:site_name\" content=\"FR Audio-Technica Distribution\" \/>\n<meta property=\"article:modified_time\" content=\"2024-09-25T12:41:09+00:00\" \/>\n<meta property=\"og:image\" content=\"https:\/\/distribution.audio-technica.eu\/app\/uploads\/sites\/3\/8010A-2.jpg\" \/>\n\t<meta property=\"og:image:width\" content=\"836\" \/>\n\t<meta property=\"og:image:height\" content=\"827\" \/>\n\t<meta property=\"og:image:type\" content=\"image\/jpeg\" \/>\n<meta name=\"twitter:card\" content=\"summary_large_image\" \/>\n<meta name=\"twitter:label1\" content=\"Dur\u00e9e de lecture estim\u00e9e\" \/>\n\t<meta name=\"twitter:data1\" content=\"1 minute\" \/>\n<script type=\"application\/ld+json\" class=\"yoast-schema-graph\">{\"@context\":\"https:\/\/schema.org\",\"@graph\":[{\"@type\":\"WebPage\",\"@id\":\"https:\/\/distribution.audio-technica.eu\/fr-fr\/produits\/8010a\/\",\"url\":\"https:\/\/distribution.audio-technica.eu\/fr-fr\/produits\/8010a\/\",\"name\":\"8010A - FR Audio-Technica Distribution\",\"isPartOf\":{\"@id\":\"https:\/\/distribution.audio-technica.eu\/fr-fr\/#website\"},\"primaryImageOfPage\":{\"@id\":\"https:\/\/distribution.audio-technica.eu\/fr-fr\/produits\/8010a\/#primaryimage\"},\"image\":{\"@id\":\"https:\/\/distribution.audio-technica.eu\/fr-fr\/produits\/8010a\/#primaryimage\"},\"thumbnailUrl\":\"\/app\/uploads\/sites\/3\/8010A-2.jpg\",\"datePublished\":\"2024-09-16T14:03:54+00:00\",\"dateModified\":\"2024-09-25T12:41:09+00:00\",\"description\":\"La s\u00e9rie Genelec 8000 est largement utilis\u00e9e dans les studios de radiodiffusion, de musique et de post-production dans le monde entier.\",\"breadcrumb\":{\"@id\":\"https:\/\/distribution.audio-technica.eu\/fr-fr\/produits\/8010a\/#breadcrumb\"},\"inLanguage\":\"fr-FR\",\"potentialAction\":[{\"@type\":\"ReadAction\",\"target\":[\"https:\/\/distribution.audio-technica.eu\/fr-fr\/produits\/8010a\/\"]}]},{\"@type\":\"ImageObject\",\"inLanguage\":\"fr-FR\",\"@id\":\"https:\/\/distribution.audio-technica.eu\/fr-fr\/produits\/8010a\/#primaryimage\",\"url\":\"\/app\/uploads\/sites\/3\/8010A-2.jpg\",\"contentUrl\":\"\/app\/uploads\/sites\/3\/8010A-2.jpg\",\"width\":836,\"height\":827},{\"@type\":\"BreadcrumbList\",\"@id\":\"https:\/\/distribution.audio-technica.eu\/fr-fr\/produits\/8010a\/#breadcrumb\",\"itemListElement\":[{\"@type\":\"ListItem\",\"position\":1,\"name\":\"Products\",\"item\":\"https:\/\/distribution.audio-technica.eu\/fr-fr\/\"},{\"@type\":\"ListItem\",\"position\":2,\"name\":\"Produits\",\"item\":\"https:\/\/distribution.audio-technica.eu\/fr-fr\/produits\/\"},{\"@type\":\"ListItem\",\"position\":3,\"name\":\"8010A\"}]},{\"@type\":\"WebSite\",\"@id\":\"https:\/\/distribution.audio-technica.eu\/fr-fr\/#website\",\"url\":\"https:\/\/distribution.audio-technica.eu\/fr-fr\/\",\"name\":\"FR Audio-Technica Distribution\",\"description\":\"\",\"potentialAction\":[{\"@type\":\"SearchAction\",\"target\":{\"@type\":\"EntryPoint\",\"urlTemplate\":\"https:\/\/distribution.audio-technica.eu\/fr-fr\/?s={search_term_string}\"},\"query-input\":{\"@type\":\"PropertyValueSpecification\",\"valueRequired\":true,\"valueName\":\"search_term_string\"}}],\"inLanguage\":\"fr-FR\"}]}<\/script>\n<!-- \/ Yoast SEO plugin. -->","yoast_head_json":{"title":"8010A - FR Audio-Technica Distribution","description":"La s\u00e9rie Genelec 8000 est largement utilis\u00e9e dans les studios de radiodiffusion, de musique et de post-production dans le monde entier.","robots":{"index":"index","follow":"follow","max-snippet":"max-snippet:-1","max-image-preview":"max-image-preview:large","max-video-preview":"max-video-preview:-1"},"canonical":"https:\/\/distribution.audio-technica.eu\/fr-fr\/produits\/8010a\/","og_locale":"fr_FR","og_type":"article","og_title":"8010A - FR Audio-Technica Distribution","og_description":"La s\u00e9rie Genelec 8000 est largement utilis\u00e9e dans les studios de radiodiffusion, de musique et de post-production dans le monde entier.","og_url":"https:\/\/distribution.audio-technica.eu\/fr-fr\/produits\/8010a\/","og_site_name":"FR Audio-Technica Distribution","article_modified_time":"2024-09-25T12:41:09+00:00","og_image":[{"width":836,"height":827,"url":"https:\/\/distribution.audio-technica.eu\/app\/uploads\/sites\/3\/8010A-2.jpg","type":"image\/jpeg"}],"twitter_card":"summary_large_image","twitter_misc":{"Dur\u00e9e de lecture estim\u00e9e":"1 minute"},"schema":{"@context":"https:\/\/schema.org","@graph":[{"@type":"WebPage","@id":"https:\/\/distribution.audio-technica.eu\/fr-fr\/produits\/8010a\/","url":"https:\/\/distribution.audio-technica.eu\/fr-fr\/produits\/8010a\/","name":"8010A - FR Audio-Technica Distribution","isPartOf":{"@id":"https:\/\/distribution.audio-technica.eu\/fr-fr\/#website"},"primaryImageOfPage":{"@id":"https:\/\/distribution.audio-technica.eu\/fr-fr\/produits\/8010a\/#primaryimage"},"image":{"@id":"https:\/\/distribution.audio-technica.eu\/fr-fr\/produits\/8010a\/#primaryimage"},"thumbnailUrl":"\/app\/uploads\/sites\/3\/8010A-2.jpg","datePublished":"2024-09-16T14:03:54+00:00","dateModified":"2024-09-25T12:41:09+00:00","description":"La s\u00e9rie Genelec 8000 est largement utilis\u00e9e dans les studios de radiodiffusion, de musique et de post-production dans le monde entier.","breadcrumb":{"@id":"https:\/\/distribution.audio-technica.eu\/fr-fr\/produits\/8010a\/#breadcrumb"},"inLanguage":"fr-FR","potentialAction":[{"@type":"ReadAction","target":["https:\/\/distribution.audio-technica.eu\/fr-fr\/produits\/8010a\/"]}]},{"@type":"ImageObject","inLanguage":"fr-FR","@id":"https:\/\/distribution.audio-technica.eu\/fr-fr\/produits\/8010a\/#primaryimage","url":"\/app\/uploads\/sites\/3\/8010A-2.jpg","contentUrl":"\/app\/uploads\/sites\/3\/8010A-2.jpg","width":836,"height":827},{"@type":"BreadcrumbList","@id":"https:\/\/distribution.audio-technica.eu\/fr-fr\/produits\/8010a\/#breadcrumb","itemListElement":[{"@type":"ListItem","position":1,"name":"Products","item":"https:\/\/distribution.audio-technica.eu\/fr-fr\/"},{"@type":"ListItem","position":2,"name":"Produits","item":"https:\/\/distribution.audio-technica.eu\/fr-fr\/produits\/"},{"@type":"ListItem","position":3,"name":"8010A"}]},{"@type":"WebSite","@id":"https:\/\/distribution.audio-technica.eu\/fr-fr\/#website","url":"https:\/\/distribution.audio-technica.eu\/fr-fr\/","name":"FR Audio-Technica Distribution","description":"","potentialAction":[{"@type":"SearchAction","target":{"@type":"EntryPoint","urlTemplate":"https:\/\/distribution.audio-technica.eu\/fr-fr\/?s={search_term_string}"},"query-input":{"@type":"PropertyValueSpecification","valueRequired":true,"valueName":"search_term_string"}}],"inLanguage":"fr-FR"}]}},"_links":{"self":[{"href":"https:\/\/distribution.audio-technica.eu\/fr-fr\/wp-json\/wp\/v2\/product\/12066","targetHints":{"allow":["GET"]}}],"collection":[{"href":"https:\/\/distribution.audio-technica.eu\/fr-fr\/wp-json\/wp\/v2\/product"}],"about":[{"href":"https:\/\/distribution.audio-technica.eu\/fr-fr\/wp-json\/wp\/v2\/types\/product"}],"wp:featuredmedia":[{"embeddable":true,"href":"https:\/\/distribution.audio-technica.eu\/fr-fr\/wp-json\/wp\/v2\/media\/12067"}],"wp:attachment":[{"href":"https:\/\/distribution.audio-technica.eu\/fr-fr\/wp-json\/wp\/v2\/media?parent=12066"}],"wp:term":[{"taxonomy":"product_brand","embeddable":true,"href":"https:\/\/distribution.audio-technica.eu\/fr-fr\/wp-json\/wp\/v2\/product_brand?post=12066"},{"taxonomy":"product_cat","embeddable":true,"href":"https:\/\/distribution.audio-technica.eu\/fr-fr\/wp-json\/wp\/v2\/product_cat?post=12066"},{"taxonomy":"product_tag","embeddable":true,"href":"https:\/\/distribution.audio-technica.eu\/fr-fr\/wp-json\/wp\/v2\/product_tag?post=12066"}],"curies":[{"name":"wp","href":"https:\/\/api.w.org\/{rel}","templated":true}]}}