{"id":12087,"date":"2024-09-16T15:18:35","date_gmt":"2024-09-16T14:18:35","guid":{"rendered":"https:\/\/distribution.audio-technica.eu\/fr-fr\/?post_type=product&#038;p=12087"},"modified":"2024-09-25T13:44:06","modified_gmt":"2024-09-25T12:44:06","slug":"8020d","status":"publish","type":"product","link":"https:\/\/distribution.audio-technica.eu\/fr-fr\/produits\/8020d\/","title":{"rendered":"8020D"},"content":{"rendered":"<p>La 8020D est le fer de lance de la s\u00e9rie 8000. Elle a \u00e9tablit une v\u00e9ritable r\u00e9f\u00e9rence sur le march\u00e9 depuis plus de 15 ans. Les ing\u00e9nieurs adorent la reproduction transparente et fid\u00e8le de la 8020D et son sweet spot adapt\u00e9. Elle est dot\u00e9e du circuit de d\u00e9tection des signaux (ISS \u2122) permettant une mise en veille automatique de l\u2019enceinte lorsqu\u2019aucun signal audio n\u2019est pr\u00e9sent.<\/p>\n<p>Applications : studios d\u2019enregistrement, de diffusion et de post-production, cars r\u00e9gie vid\u00e9o.<\/p>\n","protected":false},"excerpt":{"rendered":"<p>Enceinte de monitoring 2 voies amplifi\u00e9e 4\u201d.<br \/>\n\u2013 Id\u00e9al pour les studios de diffusion, d\u2019enregistrement et de post-production.<br \/>\n\u2013 Conception ultra-compacte avec une qualit\u00e9 sonore \u00e9lev\u00e9e.<br \/>\n\u2013 Blindage magn\u00e9tique.<br \/>\n\u2013 Puissance de l\u2019ampli : Basses 50 W Aigus 50 W.<br \/>\n\u2013 C\u00e2ble d\u2019alimentation d\u20191,8 m fourni.<br \/>\n\u2013 Disponible en gris fonc\u00e9, blanc et aluminium RAW.<\/p>\n","protected":false},"featured_media":12088,"template":"","meta":{"_acf_changed":false},"product_brand":[],"product_cat":[2144,2163],"product_tag":[],"class_list":{"0":"post-12087","1":"product","2":"type-product","3":"status-publish","4":"has-post-thumbnail","6":"product_cat-enceintes","7":"product_cat-serie-8000","8":"product_series-serie-8000","10":"first","11":"instock","12":"shipping-taxable","13":"product-type-simple"},"acf":[],"yoast_head":"<!-- This site is optimized with the Yoast SEO plugin v27.1.1 - https:\/\/yoast.com\/product\/yoast-seo-wordpress\/ -->\n<title>8020D - FR Audio-Technica Distribution<\/title>\n<meta name=\"description\" content=\"La 8020D est le fer de lance de la s\u00e9rie 8000. Elle a \u00e9tabli une v\u00e9ritable r\u00e9f\u00e9rence sur le march\u00e9 depuis plus de 15 ans.\" \/>\n<meta name=\"robots\" content=\"index, follow, max-snippet:-1, max-image-preview:large, max-video-preview:-1\" \/>\n<link rel=\"canonical\" href=\"https:\/\/distribution.audio-technica.eu\/fr-fr\/produits\/8020d\/\" \/>\n<meta property=\"og:locale\" content=\"fr_FR\" \/>\n<meta property=\"og:type\" content=\"article\" \/>\n<meta property=\"og:title\" content=\"8020D - FR Audio-Technica Distribution\" \/>\n<meta property=\"og:description\" content=\"La 8020D est le fer de lance de la s\u00e9rie 8000. Elle a \u00e9tabli une v\u00e9ritable r\u00e9f\u00e9rence sur le march\u00e9 depuis plus de 15 ans.\" \/>\n<meta property=\"og:url\" content=\"https:\/\/distribution.audio-technica.eu\/fr-fr\/produits\/8020d\/\" \/>\n<meta property=\"og:site_name\" content=\"FR Audio-Technica Distribution\" \/>\n<meta property=\"article:modified_time\" content=\"2024-09-25T12:44:06+00:00\" \/>\n<meta property=\"og:image\" content=\"https:\/\/distribution.audio-technica.eu\/app\/uploads\/sites\/3\/8020D-1-gr.jpg\" \/>\n\t<meta property=\"og:image:width\" content=\"786\" \/>\n\t<meta property=\"og:image:height\" content=\"811\" \/>\n\t<meta property=\"og:image:type\" content=\"image\/jpeg\" \/>\n<meta name=\"twitter:card\" content=\"summary_large_image\" \/>\n<meta name=\"twitter:label1\" content=\"Dur\u00e9e de lecture estim\u00e9e\" \/>\n\t<meta name=\"twitter:data1\" content=\"1 minute\" \/>\n<script type=\"application\/ld+json\" class=\"yoast-schema-graph\">{\"@context\":\"https:\/\/schema.org\",\"@graph\":[{\"@type\":\"WebPage\",\"@id\":\"https:\/\/distribution.audio-technica.eu\/fr-fr\/produits\/8020d\/\",\"url\":\"https:\/\/distribution.audio-technica.eu\/fr-fr\/produits\/8020d\/\",\"name\":\"8020D - FR Audio-Technica Distribution\",\"isPartOf\":{\"@id\":\"https:\/\/distribution.audio-technica.eu\/fr-fr\/#website\"},\"primaryImageOfPage\":{\"@id\":\"https:\/\/distribution.audio-technica.eu\/fr-fr\/produits\/8020d\/#primaryimage\"},\"image\":{\"@id\":\"https:\/\/distribution.audio-technica.eu\/fr-fr\/produits\/8020d\/#primaryimage\"},\"thumbnailUrl\":\"\/app\/uploads\/sites\/3\/8020D-1-gr.jpg\",\"datePublished\":\"2024-09-16T14:18:35+00:00\",\"dateModified\":\"2024-09-25T12:44:06+00:00\",\"description\":\"La 8020D est le fer de lance de la s\u00e9rie 8000. Elle a \u00e9tabli une v\u00e9ritable r\u00e9f\u00e9rence sur le march\u00e9 depuis plus de 15 ans.\",\"breadcrumb\":{\"@id\":\"https:\/\/distribution.audio-technica.eu\/fr-fr\/produits\/8020d\/#breadcrumb\"},\"inLanguage\":\"fr-FR\",\"potentialAction\":[{\"@type\":\"ReadAction\",\"target\":[\"https:\/\/distribution.audio-technica.eu\/fr-fr\/produits\/8020d\/\"]}]},{\"@type\":\"ImageObject\",\"inLanguage\":\"fr-FR\",\"@id\":\"https:\/\/distribution.audio-technica.eu\/fr-fr\/produits\/8020d\/#primaryimage\",\"url\":\"\/app\/uploads\/sites\/3\/8020D-1-gr.jpg\",\"contentUrl\":\"\/app\/uploads\/sites\/3\/8020D-1-gr.jpg\",\"width\":786,\"height\":811},{\"@type\":\"BreadcrumbList\",\"@id\":\"https:\/\/distribution.audio-technica.eu\/fr-fr\/produits\/8020d\/#breadcrumb\",\"itemListElement\":[{\"@type\":\"ListItem\",\"position\":1,\"name\":\"Products\",\"item\":\"https:\/\/distribution.audio-technica.eu\/fr-fr\/\"},{\"@type\":\"ListItem\",\"position\":2,\"name\":\"Produits\",\"item\":\"https:\/\/distribution.audio-technica.eu\/fr-fr\/produits\/\"},{\"@type\":\"ListItem\",\"position\":3,\"name\":\"8020D\"}]},{\"@type\":\"WebSite\",\"@id\":\"https:\/\/distribution.audio-technica.eu\/fr-fr\/#website\",\"url\":\"https:\/\/distribution.audio-technica.eu\/fr-fr\/\",\"name\":\"FR Audio-Technica Distribution\",\"description\":\"\",\"potentialAction\":[{\"@type\":\"SearchAction\",\"target\":{\"@type\":\"EntryPoint\",\"urlTemplate\":\"https:\/\/distribution.audio-technica.eu\/fr-fr\/?s={search_term_string}\"},\"query-input\":{\"@type\":\"PropertyValueSpecification\",\"valueRequired\":true,\"valueName\":\"search_term_string\"}}],\"inLanguage\":\"fr-FR\"}]}<\/script>\n<!-- \/ Yoast SEO plugin. -->","yoast_head_json":{"title":"8020D - FR Audio-Technica Distribution","description":"La 8020D est le fer de lance de la s\u00e9rie 8000. Elle a \u00e9tabli une v\u00e9ritable r\u00e9f\u00e9rence sur le march\u00e9 depuis plus de 15 ans.","robots":{"index":"index","follow":"follow","max-snippet":"max-snippet:-1","max-image-preview":"max-image-preview:large","max-video-preview":"max-video-preview:-1"},"canonical":"https:\/\/distribution.audio-technica.eu\/fr-fr\/produits\/8020d\/","og_locale":"fr_FR","og_type":"article","og_title":"8020D - FR Audio-Technica Distribution","og_description":"La 8020D est le fer de lance de la s\u00e9rie 8000. Elle a \u00e9tabli une v\u00e9ritable r\u00e9f\u00e9rence sur le march\u00e9 depuis plus de 15 ans.","og_url":"https:\/\/distribution.audio-technica.eu\/fr-fr\/produits\/8020d\/","og_site_name":"FR Audio-Technica Distribution","article_modified_time":"2024-09-25T12:44:06+00:00","og_image":[{"width":786,"height":811,"url":"https:\/\/distribution.audio-technica.eu\/app\/uploads\/sites\/3\/8020D-1-gr.jpg","type":"image\/jpeg"}],"twitter_card":"summary_large_image","twitter_misc":{"Dur\u00e9e de lecture estim\u00e9e":"1 minute"},"schema":{"@context":"https:\/\/schema.org","@graph":[{"@type":"WebPage","@id":"https:\/\/distribution.audio-technica.eu\/fr-fr\/produits\/8020d\/","url":"https:\/\/distribution.audio-technica.eu\/fr-fr\/produits\/8020d\/","name":"8020D - FR Audio-Technica Distribution","isPartOf":{"@id":"https:\/\/distribution.audio-technica.eu\/fr-fr\/#website"},"primaryImageOfPage":{"@id":"https:\/\/distribution.audio-technica.eu\/fr-fr\/produits\/8020d\/#primaryimage"},"image":{"@id":"https:\/\/distribution.audio-technica.eu\/fr-fr\/produits\/8020d\/#primaryimage"},"thumbnailUrl":"\/app\/uploads\/sites\/3\/8020D-1-gr.jpg","datePublished":"2024-09-16T14:18:35+00:00","dateModified":"2024-09-25T12:44:06+00:00","description":"La 8020D est le fer de lance de la s\u00e9rie 8000. Elle a \u00e9tabli une v\u00e9ritable r\u00e9f\u00e9rence sur le march\u00e9 depuis plus de 15 ans.","breadcrumb":{"@id":"https:\/\/distribution.audio-technica.eu\/fr-fr\/produits\/8020d\/#breadcrumb"},"inLanguage":"fr-FR","potentialAction":[{"@type":"ReadAction","target":["https:\/\/distribution.audio-technica.eu\/fr-fr\/produits\/8020d\/"]}]},{"@type":"ImageObject","inLanguage":"fr-FR","@id":"https:\/\/distribution.audio-technica.eu\/fr-fr\/produits\/8020d\/#primaryimage","url":"\/app\/uploads\/sites\/3\/8020D-1-gr.jpg","contentUrl":"\/app\/uploads\/sites\/3\/8020D-1-gr.jpg","width":786,"height":811},{"@type":"BreadcrumbList","@id":"https:\/\/distribution.audio-technica.eu\/fr-fr\/produits\/8020d\/#breadcrumb","itemListElement":[{"@type":"ListItem","position":1,"name":"Products","item":"https:\/\/distribution.audio-technica.eu\/fr-fr\/"},{"@type":"ListItem","position":2,"name":"Produits","item":"https:\/\/distribution.audio-technica.eu\/fr-fr\/produits\/"},{"@type":"ListItem","position":3,"name":"8020D"}]},{"@type":"WebSite","@id":"https:\/\/distribution.audio-technica.eu\/fr-fr\/#website","url":"https:\/\/distribution.audio-technica.eu\/fr-fr\/","name":"FR Audio-Technica Distribution","description":"","potentialAction":[{"@type":"SearchAction","target":{"@type":"EntryPoint","urlTemplate":"https:\/\/distribution.audio-technica.eu\/fr-fr\/?s={search_term_string}"},"query-input":{"@type":"PropertyValueSpecification","valueRequired":true,"valueName":"search_term_string"}}],"inLanguage":"fr-FR"}]}},"_links":{"self":[{"href":"https:\/\/distribution.audio-technica.eu\/fr-fr\/wp-json\/wp\/v2\/product\/12087","targetHints":{"allow":["GET"]}}],"collection":[{"href":"https:\/\/distribution.audio-technica.eu\/fr-fr\/wp-json\/wp\/v2\/product"}],"about":[{"href":"https:\/\/distribution.audio-technica.eu\/fr-fr\/wp-json\/wp\/v2\/types\/product"}],"wp:featuredmedia":[{"embeddable":true,"href":"https:\/\/distribution.audio-technica.eu\/fr-fr\/wp-json\/wp\/v2\/media\/12088"}],"wp:attachment":[{"href":"https:\/\/distribution.audio-technica.eu\/fr-fr\/wp-json\/wp\/v2\/media?parent=12087"}],"wp:term":[{"taxonomy":"product_brand","embeddable":true,"href":"https:\/\/distribution.audio-technica.eu\/fr-fr\/wp-json\/wp\/v2\/product_brand?post=12087"},{"taxonomy":"product_cat","embeddable":true,"href":"https:\/\/distribution.audio-technica.eu\/fr-fr\/wp-json\/wp\/v2\/product_cat?post=12087"},{"taxonomy":"product_tag","embeddable":true,"href":"https:\/\/distribution.audio-technica.eu\/fr-fr\/wp-json\/wp\/v2\/product_tag?post=12087"}],"curies":[{"name":"wp","href":"https:\/\/api.w.org\/{rel}","templated":true}]}}