{"id":12101,"date":"2024-09-16T16:12:50","date_gmt":"2024-09-16T15:12:50","guid":{"rendered":"https:\/\/distribution.audio-technica.eu\/fr-fr\/?post_type=product&#038;p=12101"},"modified":"2024-09-25T13:45:22","modified_gmt":"2024-09-25T12:45:22","slug":"8030c","status":"publish","type":"product","link":"https:\/\/distribution.audio-technica.eu\/fr-fr\/produits\/8030c\/","title":{"rendered":"8030C"},"content":{"rendered":"<p>Si vous aimez le format compact des mod\u00e8les 8010 et 8020 mais que vous exigez un niveau de pression acoustique plus \u00e9lev\u00e9 et une extension des basses plus importante, choisissez le mod\u00e8le 8030C. La 8030C est id\u00e9ale pour les lieux de mixage et de diffusion de taille moyenne en audio et en vid\u00e9o. Elle offre une reproduction claire et pr\u00e9cise.<\/p>\n<p>&nbsp;<\/p>\n<p><strong>Applications<\/strong> : monitoring en champ proche, monitoring multicanal, post-production en studio, edit suites, studios de diffusion radio et TV, mastering control room et cars r\u00e9gie.<\/p>\n","protected":false},"excerpt":{"rendered":"<p>Enceinte de monitoring amplifi\u00e9e \u00e0 deux voies, 5\u201d.<br \/>\n\u2013 Design arrondi r\u00e9duisant les diffractions.<br \/>\n\u2013 Blindage magn\u00e9tique.<br \/>\n\u2013 Puissance de l\u2019ampli : Basses 50 W Aigus 50 W.<br \/>\n\u2013 C\u00e2ble d\u2019alimentation d\u20191,8 m fourni.<br \/>\n\u2013 Disponible en gris fonc\u00e9, blanc et aluminium RAW.<\/p>\n","protected":false},"featured_media":12102,"template":"","meta":{"_acf_changed":false},"product_brand":[],"product_cat":[2144,2163],"product_tag":[],"class_list":{"0":"post-12101","1":"product","2":"type-product","3":"status-publish","4":"has-post-thumbnail","6":"product_cat-enceintes","7":"product_cat-serie-8000","8":"product_series-serie-8000","10":"first","11":"instock","12":"shipping-taxable","13":"product-type-simple"},"acf":[],"yoast_head":"<!-- This site is optimized with the Yoast SEO plugin v27.1.1 - https:\/\/yoast.com\/product\/yoast-seo-wordpress\/ -->\n<title>8030C - FR Audio-Technica Distribution<\/title>\n<meta name=\"description\" content=\"La 8030C est id\u00e9ale pour les lieux de mixage et de diffusion de taille moyenne en audio et en vid\u00e9o. Elle offre une reproduction claire et pr\u00e9cise.\" \/>\n<meta name=\"robots\" content=\"index, follow, max-snippet:-1, max-image-preview:large, max-video-preview:-1\" \/>\n<link rel=\"canonical\" href=\"https:\/\/distribution.audio-technica.eu\/fr-fr\/produits\/8030c\/\" \/>\n<meta property=\"og:locale\" content=\"fr_FR\" \/>\n<meta property=\"og:type\" content=\"article\" \/>\n<meta property=\"og:title\" content=\"8030C - FR Audio-Technica Distribution\" \/>\n<meta property=\"og:description\" content=\"La 8030C est id\u00e9ale pour les lieux de mixage et de diffusion de taille moyenne en audio et en vid\u00e9o. Elle offre une reproduction claire et pr\u00e9cise.\" \/>\n<meta property=\"og:url\" content=\"https:\/\/distribution.audio-technica.eu\/fr-fr\/produits\/8030c\/\" \/>\n<meta property=\"og:site_name\" content=\"FR Audio-Technica Distribution\" \/>\n<meta property=\"article:modified_time\" content=\"2024-09-25T12:45:22+00:00\" \/>\n<meta property=\"og:image\" content=\"https:\/\/distribution.audio-technica.eu\/app\/uploads\/sites\/3\/8030C-GR-1.jpg\" \/>\n\t<meta property=\"og:image:width\" content=\"792\" \/>\n\t<meta property=\"og:image:height\" content=\"825\" \/>\n\t<meta property=\"og:image:type\" content=\"image\/jpeg\" \/>\n<meta name=\"twitter:card\" content=\"summary_large_image\" \/>\n<meta name=\"twitter:label1\" content=\"Dur\u00e9e de lecture estim\u00e9e\" \/>\n\t<meta name=\"twitter:data1\" content=\"1 minute\" \/>\n<script type=\"application\/ld+json\" class=\"yoast-schema-graph\">{\"@context\":\"https:\/\/schema.org\",\"@graph\":[{\"@type\":\"WebPage\",\"@id\":\"https:\/\/distribution.audio-technica.eu\/fr-fr\/produits\/8030c\/\",\"url\":\"https:\/\/distribution.audio-technica.eu\/fr-fr\/produits\/8030c\/\",\"name\":\"8030C - FR Audio-Technica Distribution\",\"isPartOf\":{\"@id\":\"https:\/\/distribution.audio-technica.eu\/fr-fr\/#website\"},\"primaryImageOfPage\":{\"@id\":\"https:\/\/distribution.audio-technica.eu\/fr-fr\/produits\/8030c\/#primaryimage\"},\"image\":{\"@id\":\"https:\/\/distribution.audio-technica.eu\/fr-fr\/produits\/8030c\/#primaryimage\"},\"thumbnailUrl\":\"\/app\/uploads\/sites\/3\/8030C-GR-1.jpg\",\"datePublished\":\"2024-09-16T15:12:50+00:00\",\"dateModified\":\"2024-09-25T12:45:22+00:00\",\"description\":\"La 8030C est id\u00e9ale pour les lieux de mixage et de diffusion de taille moyenne en audio et en vid\u00e9o. Elle offre une reproduction claire et pr\u00e9cise.\",\"breadcrumb\":{\"@id\":\"https:\/\/distribution.audio-technica.eu\/fr-fr\/produits\/8030c\/#breadcrumb\"},\"inLanguage\":\"fr-FR\",\"potentialAction\":[{\"@type\":\"ReadAction\",\"target\":[\"https:\/\/distribution.audio-technica.eu\/fr-fr\/produits\/8030c\/\"]}]},{\"@type\":\"ImageObject\",\"inLanguage\":\"fr-FR\",\"@id\":\"https:\/\/distribution.audio-technica.eu\/fr-fr\/produits\/8030c\/#primaryimage\",\"url\":\"\/app\/uploads\/sites\/3\/8030C-GR-1.jpg\",\"contentUrl\":\"\/app\/uploads\/sites\/3\/8030C-GR-1.jpg\",\"width\":792,\"height\":825},{\"@type\":\"BreadcrumbList\",\"@id\":\"https:\/\/distribution.audio-technica.eu\/fr-fr\/produits\/8030c\/#breadcrumb\",\"itemListElement\":[{\"@type\":\"ListItem\",\"position\":1,\"name\":\"Products\",\"item\":\"https:\/\/distribution.audio-technica.eu\/fr-fr\/\"},{\"@type\":\"ListItem\",\"position\":2,\"name\":\"Produits\",\"item\":\"https:\/\/distribution.audio-technica.eu\/fr-fr\/produits\/\"},{\"@type\":\"ListItem\",\"position\":3,\"name\":\"8030C\"}]},{\"@type\":\"WebSite\",\"@id\":\"https:\/\/distribution.audio-technica.eu\/fr-fr\/#website\",\"url\":\"https:\/\/distribution.audio-technica.eu\/fr-fr\/\",\"name\":\"FR Audio-Technica Distribution\",\"description\":\"\",\"potentialAction\":[{\"@type\":\"SearchAction\",\"target\":{\"@type\":\"EntryPoint\",\"urlTemplate\":\"https:\/\/distribution.audio-technica.eu\/fr-fr\/?s={search_term_string}\"},\"query-input\":{\"@type\":\"PropertyValueSpecification\",\"valueRequired\":true,\"valueName\":\"search_term_string\"}}],\"inLanguage\":\"fr-FR\"}]}<\/script>\n<!-- \/ Yoast SEO plugin. -->","yoast_head_json":{"title":"8030C - FR Audio-Technica Distribution","description":"La 8030C est id\u00e9ale pour les lieux de mixage et de diffusion de taille moyenne en audio et en vid\u00e9o. Elle offre une reproduction claire et pr\u00e9cise.","robots":{"index":"index","follow":"follow","max-snippet":"max-snippet:-1","max-image-preview":"max-image-preview:large","max-video-preview":"max-video-preview:-1"},"canonical":"https:\/\/distribution.audio-technica.eu\/fr-fr\/produits\/8030c\/","og_locale":"fr_FR","og_type":"article","og_title":"8030C - FR Audio-Technica Distribution","og_description":"La 8030C est id\u00e9ale pour les lieux de mixage et de diffusion de taille moyenne en audio et en vid\u00e9o. Elle offre une reproduction claire et pr\u00e9cise.","og_url":"https:\/\/distribution.audio-technica.eu\/fr-fr\/produits\/8030c\/","og_site_name":"FR Audio-Technica Distribution","article_modified_time":"2024-09-25T12:45:22+00:00","og_image":[{"width":792,"height":825,"url":"https:\/\/distribution.audio-technica.eu\/app\/uploads\/sites\/3\/8030C-GR-1.jpg","type":"image\/jpeg"}],"twitter_card":"summary_large_image","twitter_misc":{"Dur\u00e9e de lecture estim\u00e9e":"1 minute"},"schema":{"@context":"https:\/\/schema.org","@graph":[{"@type":"WebPage","@id":"https:\/\/distribution.audio-technica.eu\/fr-fr\/produits\/8030c\/","url":"https:\/\/distribution.audio-technica.eu\/fr-fr\/produits\/8030c\/","name":"8030C - FR Audio-Technica Distribution","isPartOf":{"@id":"https:\/\/distribution.audio-technica.eu\/fr-fr\/#website"},"primaryImageOfPage":{"@id":"https:\/\/distribution.audio-technica.eu\/fr-fr\/produits\/8030c\/#primaryimage"},"image":{"@id":"https:\/\/distribution.audio-technica.eu\/fr-fr\/produits\/8030c\/#primaryimage"},"thumbnailUrl":"\/app\/uploads\/sites\/3\/8030C-GR-1.jpg","datePublished":"2024-09-16T15:12:50+00:00","dateModified":"2024-09-25T12:45:22+00:00","description":"La 8030C est id\u00e9ale pour les lieux de mixage et de diffusion de taille moyenne en audio et en vid\u00e9o. Elle offre une reproduction claire et pr\u00e9cise.","breadcrumb":{"@id":"https:\/\/distribution.audio-technica.eu\/fr-fr\/produits\/8030c\/#breadcrumb"},"inLanguage":"fr-FR","potentialAction":[{"@type":"ReadAction","target":["https:\/\/distribution.audio-technica.eu\/fr-fr\/produits\/8030c\/"]}]},{"@type":"ImageObject","inLanguage":"fr-FR","@id":"https:\/\/distribution.audio-technica.eu\/fr-fr\/produits\/8030c\/#primaryimage","url":"\/app\/uploads\/sites\/3\/8030C-GR-1.jpg","contentUrl":"\/app\/uploads\/sites\/3\/8030C-GR-1.jpg","width":792,"height":825},{"@type":"BreadcrumbList","@id":"https:\/\/distribution.audio-technica.eu\/fr-fr\/produits\/8030c\/#breadcrumb","itemListElement":[{"@type":"ListItem","position":1,"name":"Products","item":"https:\/\/distribution.audio-technica.eu\/fr-fr\/"},{"@type":"ListItem","position":2,"name":"Produits","item":"https:\/\/distribution.audio-technica.eu\/fr-fr\/produits\/"},{"@type":"ListItem","position":3,"name":"8030C"}]},{"@type":"WebSite","@id":"https:\/\/distribution.audio-technica.eu\/fr-fr\/#website","url":"https:\/\/distribution.audio-technica.eu\/fr-fr\/","name":"FR Audio-Technica Distribution","description":"","potentialAction":[{"@type":"SearchAction","target":{"@type":"EntryPoint","urlTemplate":"https:\/\/distribution.audio-technica.eu\/fr-fr\/?s={search_term_string}"},"query-input":{"@type":"PropertyValueSpecification","valueRequired":true,"valueName":"search_term_string"}}],"inLanguage":"fr-FR"}]}},"_links":{"self":[{"href":"https:\/\/distribution.audio-technica.eu\/fr-fr\/wp-json\/wp\/v2\/product\/12101","targetHints":{"allow":["GET"]}}],"collection":[{"href":"https:\/\/distribution.audio-technica.eu\/fr-fr\/wp-json\/wp\/v2\/product"}],"about":[{"href":"https:\/\/distribution.audio-technica.eu\/fr-fr\/wp-json\/wp\/v2\/types\/product"}],"wp:featuredmedia":[{"embeddable":true,"href":"https:\/\/distribution.audio-technica.eu\/fr-fr\/wp-json\/wp\/v2\/media\/12102"}],"wp:attachment":[{"href":"https:\/\/distribution.audio-technica.eu\/fr-fr\/wp-json\/wp\/v2\/media?parent=12101"}],"wp:term":[{"taxonomy":"product_brand","embeddable":true,"href":"https:\/\/distribution.audio-technica.eu\/fr-fr\/wp-json\/wp\/v2\/product_brand?post=12101"},{"taxonomy":"product_cat","embeddable":true,"href":"https:\/\/distribution.audio-technica.eu\/fr-fr\/wp-json\/wp\/v2\/product_cat?post=12101"},{"taxonomy":"product_tag","embeddable":true,"href":"https:\/\/distribution.audio-technica.eu\/fr-fr\/wp-json\/wp\/v2\/product_tag?post=12101"}],"curies":[{"name":"wp","href":"https:\/\/api.w.org\/{rel}","templated":true}]}}