{"id":12127,"date":"2024-09-25T13:39:33","date_gmt":"2024-09-25T12:39:33","guid":{"rendered":"https:\/\/distribution.audio-technica.eu\/fr-fr\/?post_type=product&#038;p=12127"},"modified":"2024-09-25T13:39:33","modified_gmt":"2024-09-25T12:39:33","slug":"8050b","status":"publish","type":"product","link":"https:\/\/distribution.audio-technica.eu\/fr-fr\/produits\/8050b\/","title":{"rendered":"8050B"},"content":{"rendered":"<p>La <strong>8050B<\/strong> est la plus puissante de la s\u00e9rie 8000. Elle b\u00e9n\u00e9ficie d\u2019une bande-passante \u00e9tendue (32 Hz \u00e0 25 kHz) et d\u2019un niveau SPL de 110dB. Sa large directivit\u00e9 permet un sweet spot plus confortable. Comme toute la s\u00e9rie 8000, gr\u00e2ce \u00e0 ses att\u00e9nuateurs commutables \u00e0 l\u2019arri\u00e8re, il est facile d\u2019effectuer des corrections acoustiques.<\/p>\n<p><strong>Applications<\/strong> : monitoring en champ proche, monitoring multicanal, post-production en studio, edit suites, studios de diffusion radio et TV, mastering control room et cars r\u00e9gie.<\/p>\n","protected":false},"excerpt":{"rendered":"<p>Enceinte de monitoring 2 voies amplifi\u00e9e 8\u201d.<br \/>\n\u2013 Basse profonde avec un niveau de pression acoustique \u00e9lev\u00e9.<br \/>\n\u2013 Blindage magn\u00e9tique.<br \/>\n\u2013 Puissance de l\u2019ampli : Basses 150 W Aigus 120 W.<br \/>\n\u2013 C\u00e2ble d\u2019alimentation d\u20191,8 m fourni.<br \/>\n\u2013 Disponible en gris fonc\u00e9 et blanc.<\/p>\n","protected":false},"featured_media":12128,"template":"","meta":{"_acf_changed":false},"product_brand":[],"product_cat":[2144,2163],"product_tag":[],"class_list":{"0":"post-12127","1":"product","2":"type-product","3":"status-publish","4":"has-post-thumbnail","6":"product_cat-enceintes","7":"product_cat-serie-8000","8":"product_series-serie-8000","10":"first","11":"instock","12":"shipping-taxable","13":"product-type-simple"},"acf":[],"yoast_head":"<!-- This site is optimized with the Yoast SEO plugin v27.1.1 - https:\/\/yoast.com\/product\/yoast-seo-wordpress\/ -->\n<title>8050B - FR Audio-Technica Distribution<\/title>\n<meta name=\"description\" content=\"La 8050B est la plus puissante de la s\u00e9rie 8000. Elle b\u00e9n\u00e9ficie d\u2019une bande-passante \u00e9tendue (32 Hz \u00e0 25 kHz) et d\u2019un niveau SPL de 110dB.\" \/>\n<meta name=\"robots\" content=\"index, follow, max-snippet:-1, max-image-preview:large, max-video-preview:-1\" \/>\n<link rel=\"canonical\" href=\"https:\/\/distribution.audio-technica.eu\/fr-fr\/produits\/8050b\/\" \/>\n<meta property=\"og:locale\" content=\"fr_FR\" \/>\n<meta property=\"og:type\" content=\"article\" \/>\n<meta property=\"og:title\" content=\"8050B - FR Audio-Technica Distribution\" \/>\n<meta property=\"og:description\" content=\"La 8050B est la plus puissante de la s\u00e9rie 8000. Elle b\u00e9n\u00e9ficie d\u2019une bande-passante \u00e9tendue (32 Hz \u00e0 25 kHz) et d\u2019un niveau SPL de 110dB.\" \/>\n<meta property=\"og:url\" content=\"https:\/\/distribution.audio-technica.eu\/fr-fr\/produits\/8050b\/\" \/>\n<meta property=\"og:site_name\" content=\"FR Audio-Technica Distribution\" \/>\n<meta property=\"og:image\" content=\"https:\/\/distribution.audio-technica.eu\/app\/uploads\/sites\/3\/8050B-1.jpg\" \/>\n\t<meta property=\"og:image:width\" content=\"842\" \/>\n\t<meta property=\"og:image:height\" content=\"838\" \/>\n\t<meta property=\"og:image:type\" content=\"image\/jpeg\" \/>\n<meta name=\"twitter:card\" content=\"summary_large_image\" \/>\n<meta name=\"twitter:label1\" content=\"Dur\u00e9e de lecture estim\u00e9e\" \/>\n\t<meta name=\"twitter:data1\" content=\"1 minute\" \/>\n<script type=\"application\/ld+json\" class=\"yoast-schema-graph\">{\"@context\":\"https:\/\/schema.org\",\"@graph\":[{\"@type\":\"WebPage\",\"@id\":\"https:\/\/distribution.audio-technica.eu\/fr-fr\/produits\/8050b\/\",\"url\":\"https:\/\/distribution.audio-technica.eu\/fr-fr\/produits\/8050b\/\",\"name\":\"8050B - FR Audio-Technica Distribution\",\"isPartOf\":{\"@id\":\"https:\/\/distribution.audio-technica.eu\/fr-fr\/#website\"},\"primaryImageOfPage\":{\"@id\":\"https:\/\/distribution.audio-technica.eu\/fr-fr\/produits\/8050b\/#primaryimage\"},\"image\":{\"@id\":\"https:\/\/distribution.audio-technica.eu\/fr-fr\/produits\/8050b\/#primaryimage\"},\"thumbnailUrl\":\"\/app\/uploads\/sites\/3\/8050B-1.jpg\",\"datePublished\":\"2024-09-25T12:39:33+00:00\",\"description\":\"La 8050B est la plus puissante de la s\u00e9rie 8000. Elle b\u00e9n\u00e9ficie d\u2019une bande-passante \u00e9tendue (32 Hz \u00e0 25 kHz) et d\u2019un niveau SPL de 110dB.\",\"breadcrumb\":{\"@id\":\"https:\/\/distribution.audio-technica.eu\/fr-fr\/produits\/8050b\/#breadcrumb\"},\"inLanguage\":\"fr-FR\",\"potentialAction\":[{\"@type\":\"ReadAction\",\"target\":[\"https:\/\/distribution.audio-technica.eu\/fr-fr\/produits\/8050b\/\"]}]},{\"@type\":\"ImageObject\",\"inLanguage\":\"fr-FR\",\"@id\":\"https:\/\/distribution.audio-technica.eu\/fr-fr\/produits\/8050b\/#primaryimage\",\"url\":\"\/app\/uploads\/sites\/3\/8050B-1.jpg\",\"contentUrl\":\"\/app\/uploads\/sites\/3\/8050B-1.jpg\",\"width\":842,\"height\":838},{\"@type\":\"BreadcrumbList\",\"@id\":\"https:\/\/distribution.audio-technica.eu\/fr-fr\/produits\/8050b\/#breadcrumb\",\"itemListElement\":[{\"@type\":\"ListItem\",\"position\":1,\"name\":\"Products\",\"item\":\"https:\/\/distribution.audio-technica.eu\/fr-fr\/\"},{\"@type\":\"ListItem\",\"position\":2,\"name\":\"Produits\",\"item\":\"https:\/\/distribution.audio-technica.eu\/fr-fr\/produits\/\"},{\"@type\":\"ListItem\",\"position\":3,\"name\":\"8050B\"}]},{\"@type\":\"WebSite\",\"@id\":\"https:\/\/distribution.audio-technica.eu\/fr-fr\/#website\",\"url\":\"https:\/\/distribution.audio-technica.eu\/fr-fr\/\",\"name\":\"FR Audio-Technica Distribution\",\"description\":\"\",\"potentialAction\":[{\"@type\":\"SearchAction\",\"target\":{\"@type\":\"EntryPoint\",\"urlTemplate\":\"https:\/\/distribution.audio-technica.eu\/fr-fr\/?s={search_term_string}\"},\"query-input\":{\"@type\":\"PropertyValueSpecification\",\"valueRequired\":true,\"valueName\":\"search_term_string\"}}],\"inLanguage\":\"fr-FR\"}]}<\/script>\n<!-- \/ Yoast SEO plugin. -->","yoast_head_json":{"title":"8050B - FR Audio-Technica Distribution","description":"La 8050B est la plus puissante de la s\u00e9rie 8000. Elle b\u00e9n\u00e9ficie d\u2019une bande-passante \u00e9tendue (32 Hz \u00e0 25 kHz) et d\u2019un niveau SPL de 110dB.","robots":{"index":"index","follow":"follow","max-snippet":"max-snippet:-1","max-image-preview":"max-image-preview:large","max-video-preview":"max-video-preview:-1"},"canonical":"https:\/\/distribution.audio-technica.eu\/fr-fr\/produits\/8050b\/","og_locale":"fr_FR","og_type":"article","og_title":"8050B - FR Audio-Technica Distribution","og_description":"La 8050B est la plus puissante de la s\u00e9rie 8000. Elle b\u00e9n\u00e9ficie d\u2019une bande-passante \u00e9tendue (32 Hz \u00e0 25 kHz) et d\u2019un niveau SPL de 110dB.","og_url":"https:\/\/distribution.audio-technica.eu\/fr-fr\/produits\/8050b\/","og_site_name":"FR Audio-Technica Distribution","og_image":[{"width":842,"height":838,"url":"https:\/\/distribution.audio-technica.eu\/app\/uploads\/sites\/3\/8050B-1.jpg","type":"image\/jpeg"}],"twitter_card":"summary_large_image","twitter_misc":{"Dur\u00e9e de lecture estim\u00e9e":"1 minute"},"schema":{"@context":"https:\/\/schema.org","@graph":[{"@type":"WebPage","@id":"https:\/\/distribution.audio-technica.eu\/fr-fr\/produits\/8050b\/","url":"https:\/\/distribution.audio-technica.eu\/fr-fr\/produits\/8050b\/","name":"8050B - FR Audio-Technica Distribution","isPartOf":{"@id":"https:\/\/distribution.audio-technica.eu\/fr-fr\/#website"},"primaryImageOfPage":{"@id":"https:\/\/distribution.audio-technica.eu\/fr-fr\/produits\/8050b\/#primaryimage"},"image":{"@id":"https:\/\/distribution.audio-technica.eu\/fr-fr\/produits\/8050b\/#primaryimage"},"thumbnailUrl":"\/app\/uploads\/sites\/3\/8050B-1.jpg","datePublished":"2024-09-25T12:39:33+00:00","description":"La 8050B est la plus puissante de la s\u00e9rie 8000. Elle b\u00e9n\u00e9ficie d\u2019une bande-passante \u00e9tendue (32 Hz \u00e0 25 kHz) et d\u2019un niveau SPL de 110dB.","breadcrumb":{"@id":"https:\/\/distribution.audio-technica.eu\/fr-fr\/produits\/8050b\/#breadcrumb"},"inLanguage":"fr-FR","potentialAction":[{"@type":"ReadAction","target":["https:\/\/distribution.audio-technica.eu\/fr-fr\/produits\/8050b\/"]}]},{"@type":"ImageObject","inLanguage":"fr-FR","@id":"https:\/\/distribution.audio-technica.eu\/fr-fr\/produits\/8050b\/#primaryimage","url":"\/app\/uploads\/sites\/3\/8050B-1.jpg","contentUrl":"\/app\/uploads\/sites\/3\/8050B-1.jpg","width":842,"height":838},{"@type":"BreadcrumbList","@id":"https:\/\/distribution.audio-technica.eu\/fr-fr\/produits\/8050b\/#breadcrumb","itemListElement":[{"@type":"ListItem","position":1,"name":"Products","item":"https:\/\/distribution.audio-technica.eu\/fr-fr\/"},{"@type":"ListItem","position":2,"name":"Produits","item":"https:\/\/distribution.audio-technica.eu\/fr-fr\/produits\/"},{"@type":"ListItem","position":3,"name":"8050B"}]},{"@type":"WebSite","@id":"https:\/\/distribution.audio-technica.eu\/fr-fr\/#website","url":"https:\/\/distribution.audio-technica.eu\/fr-fr\/","name":"FR Audio-Technica Distribution","description":"","potentialAction":[{"@type":"SearchAction","target":{"@type":"EntryPoint","urlTemplate":"https:\/\/distribution.audio-technica.eu\/fr-fr\/?s={search_term_string}"},"query-input":{"@type":"PropertyValueSpecification","valueRequired":true,"valueName":"search_term_string"}}],"inLanguage":"fr-FR"}]}},"_links":{"self":[{"href":"https:\/\/distribution.audio-technica.eu\/fr-fr\/wp-json\/wp\/v2\/product\/12127","targetHints":{"allow":["GET"]}}],"collection":[{"href":"https:\/\/distribution.audio-technica.eu\/fr-fr\/wp-json\/wp\/v2\/product"}],"about":[{"href":"https:\/\/distribution.audio-technica.eu\/fr-fr\/wp-json\/wp\/v2\/types\/product"}],"wp:featuredmedia":[{"embeddable":true,"href":"https:\/\/distribution.audio-technica.eu\/fr-fr\/wp-json\/wp\/v2\/media\/12128"}],"wp:attachment":[{"href":"https:\/\/distribution.audio-technica.eu\/fr-fr\/wp-json\/wp\/v2\/media?parent=12127"}],"wp:term":[{"taxonomy":"product_brand","embeddable":true,"href":"https:\/\/distribution.audio-technica.eu\/fr-fr\/wp-json\/wp\/v2\/product_brand?post=12127"},{"taxonomy":"product_cat","embeddable":true,"href":"https:\/\/distribution.audio-technica.eu\/fr-fr\/wp-json\/wp\/v2\/product_cat?post=12127"},{"taxonomy":"product_tag","embeddable":true,"href":"https:\/\/distribution.audio-technica.eu\/fr-fr\/wp-json\/wp\/v2\/product_tag?post=12127"}],"curies":[{"name":"wp","href":"https:\/\/api.w.org\/{rel}","templated":true}]}}