{"id":12161,"date":"2024-09-25T14:17:27","date_gmt":"2024-09-25T13:17:27","guid":{"rendered":"https:\/\/distribution.audio-technica.eu\/fr-fr\/?post_type=product&#038;p=12161"},"modified":"2024-09-25T15:46:57","modified_gmt":"2024-09-25T14:46:57","slug":"1234ac-sam","status":"publish","type":"product","link":"https:\/\/distribution.audio-technica.eu\/fr-fr\/produits\/1234ac-sam\/","title":{"rendered":"1234AC SAM\u2122"},"content":{"rendered":"<p>La 1234AC est une enceinte quadri-amplifi\u00e9e en classe D, con\u00e7ue pour \u00eatre utilis\u00e9e comme voix centrale ou en LCR pour les applications de mixage et post-production film. Ses hautes performances lui permettent d\u2019\u00eatre utilis\u00e9e derri\u00e8re tout \u00e9cran micro-perfor\u00e9 en free standing ou encastr\u00e9e. Elle est contr\u00f4lable via DSP et le r\u00e9seau de param\u00e9trage Genelec SAM, en analogique ou en digital AES-EBU.<\/p>\n<p><strong>Applications<\/strong> : studio, auditorium, cin\u00e9ma<\/p>\n","protected":false},"excerpt":{"rendered":"<p>La 1234AC est une enceinte quadri-amplifi\u00e9e en classe D, con\u00e7ue pour \u00eatre utilis\u00e9e comme voix centrale ou en LCR pour les applications de mixage et post-production film. Ses hautes performances lui permettent d\u2019\u00eatre utilis\u00e9e derri\u00e8re tout \u00e9cran micro-perfor\u00e9 en free standing ou encastr\u00e9e. Elle est contr\u00f4lable via DSP et le r\u00e9seau de param\u00e9trage Genelec SAM, [&hellip;]<\/p>\n","protected":false},"featured_media":12162,"template":"","meta":{"_acf_changed":false},"product_brand":[],"product_cat":[2165],"product_tag":[],"class_list":{"0":"post-12161","1":"product","2":"type-product","3":"status-publish","4":"has-post-thumbnail","6":"product_cat-sam-master-studio-monitor","7":"product_series-studio-monitor","9":"first","10":"instock","11":"shipping-taxable","12":"product-type-simple"},"acf":[],"yoast_head":"<!-- This site is optimized with the Yoast SEO plugin v27.1.1 - https:\/\/yoast.com\/product\/yoast-seo-wordpress\/ -->\n<title>1234AC SAM\u2122 - FR Audio-Technica Distribution<\/title>\n<meta name=\"robots\" content=\"index, follow, max-snippet:-1, max-image-preview:large, max-video-preview:-1\" \/>\n<link rel=\"canonical\" href=\"https:\/\/distribution.audio-technica.eu\/fr-fr\/produits\/1234ac-sam\/\" \/>\n<meta property=\"og:locale\" content=\"fr_FR\" \/>\n<meta property=\"og:type\" content=\"article\" \/>\n<meta property=\"og:title\" content=\"1234AC SAM\u2122 - FR Audio-Technica Distribution\" \/>\n<meta property=\"og:description\" content=\"La 1234AC est une enceinte quadri-amplifi\u00e9e en classe D, con\u00e7ue pour \u00eatre utilis\u00e9e comme voix centrale ou en LCR pour les applications de mixage et post-production film. Ses hautes performances lui permettent d\u2019\u00eatre utilis\u00e9e derri\u00e8re tout \u00e9cran micro-perfor\u00e9 en free standing ou encastr\u00e9e. Elle est contr\u00f4lable via DSP et le r\u00e9seau de param\u00e9trage Genelec SAM, [&hellip;]\" \/>\n<meta property=\"og:url\" content=\"https:\/\/distribution.audio-technica.eu\/fr-fr\/produits\/1234ac-sam\/\" \/>\n<meta property=\"og:site_name\" content=\"FR Audio-Technica Distribution\" \/>\n<meta property=\"article:modified_time\" content=\"2024-09-25T14:46:57+00:00\" \/>\n<meta property=\"og:image\" content=\"https:\/\/distribution.audio-technica.eu\/app\/uploads\/sites\/3\/1234AC-1.jpg\" \/>\n\t<meta property=\"og:image:width\" content=\"836\" \/>\n\t<meta property=\"og:image:height\" content=\"836\" \/>\n\t<meta property=\"og:image:type\" content=\"image\/jpeg\" \/>\n<meta name=\"twitter:card\" content=\"summary_large_image\" \/>\n<meta name=\"twitter:label1\" content=\"Dur\u00e9e de lecture estim\u00e9e\" \/>\n\t<meta name=\"twitter:data1\" content=\"1 minute\" \/>\n<script type=\"application\/ld+json\" class=\"yoast-schema-graph\">{\"@context\":\"https:\/\/schema.org\",\"@graph\":[{\"@type\":\"WebPage\",\"@id\":\"https:\/\/distribution.audio-technica.eu\/fr-fr\/produits\/1234ac-sam\/\",\"url\":\"https:\/\/distribution.audio-technica.eu\/fr-fr\/produits\/1234ac-sam\/\",\"name\":\"1234AC SAM\u2122 - FR Audio-Technica Distribution\",\"isPartOf\":{\"@id\":\"https:\/\/distribution.audio-technica.eu\/fr-fr\/#website\"},\"primaryImageOfPage\":{\"@id\":\"https:\/\/distribution.audio-technica.eu\/fr-fr\/produits\/1234ac-sam\/#primaryimage\"},\"image\":{\"@id\":\"https:\/\/distribution.audio-technica.eu\/fr-fr\/produits\/1234ac-sam\/#primaryimage\"},\"thumbnailUrl\":\"\/app\/uploads\/sites\/3\/1234AC-1.jpg\",\"datePublished\":\"2024-09-25T13:17:27+00:00\",\"dateModified\":\"2024-09-25T14:46:57+00:00\",\"breadcrumb\":{\"@id\":\"https:\/\/distribution.audio-technica.eu\/fr-fr\/produits\/1234ac-sam\/#breadcrumb\"},\"inLanguage\":\"fr-FR\",\"potentialAction\":[{\"@type\":\"ReadAction\",\"target\":[\"https:\/\/distribution.audio-technica.eu\/fr-fr\/produits\/1234ac-sam\/\"]}]},{\"@type\":\"ImageObject\",\"inLanguage\":\"fr-FR\",\"@id\":\"https:\/\/distribution.audio-technica.eu\/fr-fr\/produits\/1234ac-sam\/#primaryimage\",\"url\":\"\/app\/uploads\/sites\/3\/1234AC-1.jpg\",\"contentUrl\":\"\/app\/uploads\/sites\/3\/1234AC-1.jpg\",\"width\":836,\"height\":836},{\"@type\":\"BreadcrumbList\",\"@id\":\"https:\/\/distribution.audio-technica.eu\/fr-fr\/produits\/1234ac-sam\/#breadcrumb\",\"itemListElement\":[{\"@type\":\"ListItem\",\"position\":1,\"name\":\"Products\",\"item\":\"https:\/\/distribution.audio-technica.eu\/fr-fr\/\"},{\"@type\":\"ListItem\",\"position\":2,\"name\":\"Produits\",\"item\":\"https:\/\/distribution.audio-technica.eu\/fr-fr\/produits\/\"},{\"@type\":\"ListItem\",\"position\":3,\"name\":\"1234AC SAM\u2122\"}]},{\"@type\":\"WebSite\",\"@id\":\"https:\/\/distribution.audio-technica.eu\/fr-fr\/#website\",\"url\":\"https:\/\/distribution.audio-technica.eu\/fr-fr\/\",\"name\":\"FR Audio-Technica Distribution\",\"description\":\"\",\"potentialAction\":[{\"@type\":\"SearchAction\",\"target\":{\"@type\":\"EntryPoint\",\"urlTemplate\":\"https:\/\/distribution.audio-technica.eu\/fr-fr\/?s={search_term_string}\"},\"query-input\":{\"@type\":\"PropertyValueSpecification\",\"valueRequired\":true,\"valueName\":\"search_term_string\"}}],\"inLanguage\":\"fr-FR\"}]}<\/script>\n<!-- \/ Yoast SEO plugin. -->","yoast_head_json":{"title":"1234AC SAM\u2122 - FR Audio-Technica Distribution","robots":{"index":"index","follow":"follow","max-snippet":"max-snippet:-1","max-image-preview":"max-image-preview:large","max-video-preview":"max-video-preview:-1"},"canonical":"https:\/\/distribution.audio-technica.eu\/fr-fr\/produits\/1234ac-sam\/","og_locale":"fr_FR","og_type":"article","og_title":"1234AC SAM\u2122 - FR Audio-Technica Distribution","og_description":"La 1234AC est une enceinte quadri-amplifi\u00e9e en classe D, con\u00e7ue pour \u00eatre utilis\u00e9e comme voix centrale ou en LCR pour les applications de mixage et post-production film. Ses hautes performances lui permettent d\u2019\u00eatre utilis\u00e9e derri\u00e8re tout \u00e9cran micro-perfor\u00e9 en free standing ou encastr\u00e9e. Elle est contr\u00f4lable via DSP et le r\u00e9seau de param\u00e9trage Genelec SAM, [&hellip;]","og_url":"https:\/\/distribution.audio-technica.eu\/fr-fr\/produits\/1234ac-sam\/","og_site_name":"FR Audio-Technica Distribution","article_modified_time":"2024-09-25T14:46:57+00:00","og_image":[{"width":836,"height":836,"url":"https:\/\/distribution.audio-technica.eu\/app\/uploads\/sites\/3\/1234AC-1.jpg","type":"image\/jpeg"}],"twitter_card":"summary_large_image","twitter_misc":{"Dur\u00e9e de lecture estim\u00e9e":"1 minute"},"schema":{"@context":"https:\/\/schema.org","@graph":[{"@type":"WebPage","@id":"https:\/\/distribution.audio-technica.eu\/fr-fr\/produits\/1234ac-sam\/","url":"https:\/\/distribution.audio-technica.eu\/fr-fr\/produits\/1234ac-sam\/","name":"1234AC SAM\u2122 - FR Audio-Technica Distribution","isPartOf":{"@id":"https:\/\/distribution.audio-technica.eu\/fr-fr\/#website"},"primaryImageOfPage":{"@id":"https:\/\/distribution.audio-technica.eu\/fr-fr\/produits\/1234ac-sam\/#primaryimage"},"image":{"@id":"https:\/\/distribution.audio-technica.eu\/fr-fr\/produits\/1234ac-sam\/#primaryimage"},"thumbnailUrl":"\/app\/uploads\/sites\/3\/1234AC-1.jpg","datePublished":"2024-09-25T13:17:27+00:00","dateModified":"2024-09-25T14:46:57+00:00","breadcrumb":{"@id":"https:\/\/distribution.audio-technica.eu\/fr-fr\/produits\/1234ac-sam\/#breadcrumb"},"inLanguage":"fr-FR","potentialAction":[{"@type":"ReadAction","target":["https:\/\/distribution.audio-technica.eu\/fr-fr\/produits\/1234ac-sam\/"]}]},{"@type":"ImageObject","inLanguage":"fr-FR","@id":"https:\/\/distribution.audio-technica.eu\/fr-fr\/produits\/1234ac-sam\/#primaryimage","url":"\/app\/uploads\/sites\/3\/1234AC-1.jpg","contentUrl":"\/app\/uploads\/sites\/3\/1234AC-1.jpg","width":836,"height":836},{"@type":"BreadcrumbList","@id":"https:\/\/distribution.audio-technica.eu\/fr-fr\/produits\/1234ac-sam\/#breadcrumb","itemListElement":[{"@type":"ListItem","position":1,"name":"Products","item":"https:\/\/distribution.audio-technica.eu\/fr-fr\/"},{"@type":"ListItem","position":2,"name":"Produits","item":"https:\/\/distribution.audio-technica.eu\/fr-fr\/produits\/"},{"@type":"ListItem","position":3,"name":"1234AC SAM\u2122"}]},{"@type":"WebSite","@id":"https:\/\/distribution.audio-technica.eu\/fr-fr\/#website","url":"https:\/\/distribution.audio-technica.eu\/fr-fr\/","name":"FR Audio-Technica Distribution","description":"","potentialAction":[{"@type":"SearchAction","target":{"@type":"EntryPoint","urlTemplate":"https:\/\/distribution.audio-technica.eu\/fr-fr\/?s={search_term_string}"},"query-input":{"@type":"PropertyValueSpecification","valueRequired":true,"valueName":"search_term_string"}}],"inLanguage":"fr-FR"}]}},"_links":{"self":[{"href":"https:\/\/distribution.audio-technica.eu\/fr-fr\/wp-json\/wp\/v2\/product\/12161","targetHints":{"allow":["GET"]}}],"collection":[{"href":"https:\/\/distribution.audio-technica.eu\/fr-fr\/wp-json\/wp\/v2\/product"}],"about":[{"href":"https:\/\/distribution.audio-technica.eu\/fr-fr\/wp-json\/wp\/v2\/types\/product"}],"wp:featuredmedia":[{"embeddable":true,"href":"https:\/\/distribution.audio-technica.eu\/fr-fr\/wp-json\/wp\/v2\/media\/12162"}],"wp:attachment":[{"href":"https:\/\/distribution.audio-technica.eu\/fr-fr\/wp-json\/wp\/v2\/media?parent=12161"}],"wp:term":[{"taxonomy":"product_brand","embeddable":true,"href":"https:\/\/distribution.audio-technica.eu\/fr-fr\/wp-json\/wp\/v2\/product_brand?post=12161"},{"taxonomy":"product_cat","embeddable":true,"href":"https:\/\/distribution.audio-technica.eu\/fr-fr\/wp-json\/wp\/v2\/product_cat?post=12161"},{"taxonomy":"product_tag","embeddable":true,"href":"https:\/\/distribution.audio-technica.eu\/fr-fr\/wp-json\/wp\/v2\/product_tag?post=12161"}],"curies":[{"name":"wp","href":"https:\/\/api.w.org\/{rel}","templated":true}]}}